{"id":2138,"date":"2018-04-03T15:47:21","date_gmt":"2018-04-03T13:47:21","guid":{"rendered":"https:\/\/www.darrera.com\/wp\/product\/3r-uds610-sensor-ultrasonico-de-profundidad-de-nieve\/"},"modified":"2022-01-04T16:05:57","modified_gmt":"2022-01-04T15:05:57","slug":"ush-8-sensor-ultrasonico-profundidad-nieve","status":"publish","type":"product","link":"https:\/\/www.darrera.com\/es\/producto\/ush-8-sensor-ultrasonico-profundidad-nieve\/","title":{"rendered":"Sensor Ultras\u00f3nico de Profundidad de Nieve"},"content":{"rendered":"<h3>Tecnolog\u00eda de altas prestaciones<\/h3>\n<p>El sensor se utiliza para medir la profundidad de la nieve con gran precisi\u00f3n y fiabilidad gracias a su tecnolog\u00eda ultras\u00f3nica con un ancho de haz de tan solo 12\u00ba y al filtrado y promediado digital de las mediciones. El sensor externo de temperatura permite compensar los efectos de la temperatura sobre las mediciones.<\/p>\n<p>Para determinar la profundidad, el sensor emite un pulso ultras\u00f3nico y despu\u00e9s mide el tiempo transcurrido entre la emisi\u00f3n y el retorno de dicho pulso despu\u00e9s de reflejarse en la nieve.<\/p>\n<p>Se puede conectar a cualquier datalogger convencional para llevar a cabo el almacenamiento de los datos y su posterior descarga y visualizaci\u00f3n en un ordenador.<\/p>\n<p>Sus altas prestaciones lo hacen id\u00f3neo para todo tipo de aplicaciones de seguridad y control en pistas de esqu\u00ed, carreteras, r\u00edos, lagos, embalses, presas, etc. Su reducido consumo permite utilizarlo en instalaciones alimentadas mediante paneles solares.<\/p>\n<h3>Dise\u00f1o robusto y resistente a la intemperie<\/h3>\n<p>El sensor presenta un dise\u00f1o muy robusto y est\u00e1 fabricado en aluminio anodizado para garantizar una alta resistencia a la intemperie. El circuito interno est\u00e1 protegido contra sobretensiones e inversi\u00f3n de polaridad.<\/p>\n<h3>Especificaciones t\u00e9cnicas<\/h3>\n<h4>Especificaciones del sensor<\/h4>\n<ul>\n<li>Rango: 0 a 10 m<\/li>\n<li>Resoluci\u00f3n: 1 mm<\/li>\n<li>Precisi\u00f3n: \u00b10,1%<\/li>\n<\/ul>\n<h4>Especificaciones el\u00e9ctricas<\/h4>\n<ul>\n<li>Voltaje de alimentaci\u00f3n: 10,5 a 15 VDC<\/li>\n<li>Consumo: 200 mA (m\u00e1x.)<\/li>\n<li>Se\u00f1al de salida: 4 a 20 mA y RS-232<\/li>\n<\/ul>\n<h4>Especificaciones mec\u00e1nicas<\/h4>\n<ul>\n<li>Temperatura de funcionamiento: -40\u00baC a 60\u00baC<\/li>\n<li>Material: aluminio anodizado<\/li>\n<li>Dimensiones: \u2205 110 x 350 mm<\/li>\n<li>Peso: 1,6 Kg<\/li>\n<\/ul>\n","protected":false},"excerpt":{"rendered":"<p>Se utiliza para medir la profundidad de la nieve con gran precisi\u00f3n y fiabilidad. El sensor externo de temperatura permite compensar los efectos de la temperatura sobre las mediciones.<\/p>\n","protected":false},"featured_media":2423,"template":"","meta":[],"product_brand":[],"product_cat":[263],"product_tag":[],"class_list":{"0":"post-2138","1":"product","2":"type-product","3":"status-publish","4":"has-post-thumbnail","6":"product_cat-sensores-profundidad-nieve","8":"first","9":"outofstock","10":"taxable","11":"shipping-taxable","12":"product-type-simple"},"yoast_head":"<!-- This site is optimized with the Yoast SEO plugin v27.4 - https:\/\/yoast.com\/product\/yoast-seo-wordpress\/ -->\n<title>Sensor Ultras\u00f3nico de Profundidad de Nieve | Darrera<\/title>\n<meta name=\"robots\" content=\"index, follow, max-snippet:-1, max-image-preview:large, max-video-preview:-1\" \/>\n<link rel=\"canonical\" href=\"https:\/\/www.darrera.com\/en\/producto\/ush-8-ultrasonic-snow-depth-sensor\/\" \/>\n<meta property=\"og:locale\" content=\"es_ES\" \/>\n<meta property=\"og:type\" content=\"article\" \/>\n<meta property=\"og:title\" content=\"Sensor Ultras\u00f3nico de Profundidad de Nieve | Darrera\" \/>\n<meta property=\"og:description\" content=\"Se utiliza para medir la profundidad de la nieve con gran precisi\u00f3n y fiabilidad. El sensor externo de temperatura permite compensar los efectos de la temperatura sobre las mediciones.\" \/>\n<meta property=\"og:url\" content=\"https:\/\/www.darrera.com\/en\/producto\/ush-8-ultrasonic-snow-depth-sensor\/\" \/>\n<meta property=\"og:site_name\" content=\"Darrera\" \/>\n<meta property=\"article:publisher\" content=\"http:\/\/facebook.com\/darrerameteo\" \/>\n<meta property=\"article:modified_time\" content=\"2022-01-04T15:05:57+00:00\" \/>\n<meta property=\"og:image\" content=\"https:\/\/www.darrera.com\/wp-content\/uploads\/2018\/04\/ush-8-sensor-ultrasonico-profundidad-nieve.jpg\" \/>\n\t<meta property=\"og:image:width\" content=\"950\" \/>\n\t<meta property=\"og:image:height\" content=\"950\" \/>\n\t<meta property=\"og:image:type\" content=\"image\/jpeg\" \/>\n<meta name=\"twitter:card\" content=\"summary_large_image\" \/>\n<meta name=\"twitter:site\" content=\"@darrera_meteo\" \/>\n<meta name=\"twitter:label1\" content=\"Tiempo de lectura\" \/>\n\t<meta name=\"twitter:data1\" content=\"1 minuto\" \/>\n<script type=\"application\/ld+json\" class=\"yoast-schema-graph\">{\"@context\":\"https:\\\/\\\/schema.org\",\"@graph\":[{\"@type\":\"WebPage\",\"@id\":\"https:\\\/\\\/www.darrera.com\\\/en\\\/producto\\\/ush-8-ultrasonic-snow-depth-sensor\\\/\",\"url\":\"https:\\\/\\\/www.darrera.com\\\/en\\\/producto\\\/ush-8-ultrasonic-snow-depth-sensor\\\/\",\"name\":\"Sensor Ultras\u00f3nico de Profundidad de Nieve | Darrera\",\"isPartOf\":{\"@id\":\"https:\\\/\\\/www.darrera.com\\\/es\\\/#website\"},\"primaryImageOfPage\":{\"@id\":\"https:\\\/\\\/www.darrera.com\\\/en\\\/producto\\\/ush-8-ultrasonic-snow-depth-sensor\\\/#primaryimage\"},\"image\":{\"@id\":\"https:\\\/\\\/www.darrera.com\\\/en\\\/producto\\\/ush-8-ultrasonic-snow-depth-sensor\\\/#primaryimage\"},\"thumbnailUrl\":\"https:\\\/\\\/www.darrera.com\\\/wp-content\\\/uploads\\\/2018\\\/04\\\/ush-8-sensor-ultrasonico-profundidad-nieve.jpg\",\"datePublished\":\"2018-04-03T13:47:21+00:00\",\"dateModified\":\"2022-01-04T15:05:57+00:00\",\"breadcrumb\":{\"@id\":\"https:\\\/\\\/www.darrera.com\\\/en\\\/producto\\\/ush-8-ultrasonic-snow-depth-sensor\\\/#breadcrumb\"},\"inLanguage\":\"es\",\"potentialAction\":[{\"@type\":\"ReadAction\",\"target\":[\"https:\\\/\\\/www.darrera.com\\\/en\\\/producto\\\/ush-8-ultrasonic-snow-depth-sensor\\\/\"]}]},{\"@type\":\"ImageObject\",\"inLanguage\":\"es\",\"@id\":\"https:\\\/\\\/www.darrera.com\\\/en\\\/producto\\\/ush-8-ultrasonic-snow-depth-sensor\\\/#primaryimage\",\"url\":\"https:\\\/\\\/www.darrera.com\\\/wp-content\\\/uploads\\\/2018\\\/04\\\/ush-8-sensor-ultrasonico-profundidad-nieve.jpg\",\"contentUrl\":\"https:\\\/\\\/www.darrera.com\\\/wp-content\\\/uploads\\\/2018\\\/04\\\/ush-8-sensor-ultrasonico-profundidad-nieve.jpg\",\"width\":950,\"height\":950,\"caption\":\"USH-8 - Sensor Ultras\u00f3nico de Profundidad de Nieve\"},{\"@type\":\"BreadcrumbList\",\"@id\":\"https:\\\/\\\/www.darrera.com\\\/en\\\/producto\\\/ush-8-ultrasonic-snow-depth-sensor\\\/#breadcrumb\",\"itemListElement\":[{\"@type\":\"ListItem\",\"position\":1,\"name\":\"Home\",\"item\":\"https:\\\/\\\/www.darrera.com\\\/es\\\/\"},{\"@type\":\"ListItem\",\"position\":2,\"name\":\"Productos\",\"item\":\"https:\\\/\\\/www.darrera.com\\\/es\\\/productos\\\/\"},{\"@type\":\"ListItem\",\"position\":3,\"name\":\"Sensor Ultras\u00f3nico de Profundidad de Nieve\"}]},{\"@type\":\"WebSite\",\"@id\":\"https:\\\/\\\/www.darrera.com\\\/es\\\/#website\",\"url\":\"https:\\\/\\\/www.darrera.com\\\/es\\\/\",\"name\":\"Darrera\",\"description\":\"Instrumentos, soluciones y servicios meteorol\u00f3gicos\",\"publisher\":{\"@id\":\"https:\\\/\\\/www.darrera.com\\\/es\\\/#organization\"},\"potentialAction\":[{\"@type\":\"SearchAction\",\"target\":{\"@type\":\"EntryPoint\",\"urlTemplate\":\"https:\\\/\\\/www.darrera.com\\\/es\\\/?s={search_term_string}\"},\"query-input\":{\"@type\":\"PropertyValueSpecification\",\"valueRequired\":true,\"valueName\":\"search_term_string\"}}],\"inLanguage\":\"es\"},{\"@type\":\"Organization\",\"@id\":\"https:\\\/\\\/www.darrera.com\\\/es\\\/#organization\",\"name\":\"Darrera\",\"url\":\"https:\\\/\\\/www.darrera.com\\\/es\\\/\",\"logo\":{\"@type\":\"ImageObject\",\"inLanguage\":\"es\",\"@id\":\"https:\\\/\\\/www.darrera.com\\\/es\\\/#\\\/schema\\\/logo\\\/image\\\/\",\"url\":\"https:\\\/\\\/www.darrera.com\\\/wp\\\/wp-content\\\/uploads\\\/logo-darrera.png\",\"contentUrl\":\"https:\\\/\\\/www.darrera.com\\\/wp\\\/wp-content\\\/uploads\\\/logo-darrera.png\",\"width\":500,\"height\":85,\"caption\":\"Darrera\"},\"image\":{\"@id\":\"https:\\\/\\\/www.darrera.com\\\/es\\\/#\\\/schema\\\/logo\\\/image\\\/\"},\"sameAs\":[\"http:\\\/\\\/facebook.com\\\/darrerameteo\",\"https:\\\/\\\/x.com\\\/darrera_meteo\",\"https:\\\/\\\/www.linkedin.com\\\/company\\\/darrera-s-a-\",\"http:\\\/\\\/youtube.com\\\/darreratv\"]}]}<\/script>\n<!-- \/ Yoast SEO plugin. -->","yoast_head_json":{"title":"Sensor Ultras\u00f3nico de Profundidad de Nieve | Darrera","robots":{"index":"index","follow":"follow","max-snippet":"max-snippet:-1","max-image-preview":"max-image-preview:large","max-video-preview":"max-video-preview:-1"},"canonical":"https:\/\/www.darrera.com\/en\/producto\/ush-8-ultrasonic-snow-depth-sensor\/","og_locale":"es_ES","og_type":"article","og_title":"Sensor Ultras\u00f3nico de Profundidad de Nieve | Darrera","og_description":"Se utiliza para medir la profundidad de la nieve con gran precisi\u00f3n y fiabilidad. El sensor externo de temperatura permite compensar los efectos de la temperatura sobre las mediciones.","og_url":"https:\/\/www.darrera.com\/en\/producto\/ush-8-ultrasonic-snow-depth-sensor\/","og_site_name":"Darrera","article_publisher":"http:\/\/facebook.com\/darrerameteo","article_modified_time":"2022-01-04T15:05:57+00:00","og_image":[{"width":950,"height":950,"url":"https:\/\/www.darrera.com\/wp-content\/uploads\/2018\/04\/ush-8-sensor-ultrasonico-profundidad-nieve.jpg","type":"image\/jpeg"}],"twitter_card":"summary_large_image","twitter_site":"@darrera_meteo","twitter_misc":{"Tiempo de lectura":"1 minuto"},"schema":{"@context":"https:\/\/schema.org","@graph":[{"@type":"WebPage","@id":"https:\/\/www.darrera.com\/en\/producto\/ush-8-ultrasonic-snow-depth-sensor\/","url":"https:\/\/www.darrera.com\/en\/producto\/ush-8-ultrasonic-snow-depth-sensor\/","name":"Sensor Ultras\u00f3nico de Profundidad de Nieve | Darrera","isPartOf":{"@id":"https:\/\/www.darrera.com\/es\/#website"},"primaryImageOfPage":{"@id":"https:\/\/www.darrera.com\/en\/producto\/ush-8-ultrasonic-snow-depth-sensor\/#primaryimage"},"image":{"@id":"https:\/\/www.darrera.com\/en\/producto\/ush-8-ultrasonic-snow-depth-sensor\/#primaryimage"},"thumbnailUrl":"https:\/\/www.darrera.com\/wp-content\/uploads\/2018\/04\/ush-8-sensor-ultrasonico-profundidad-nieve.jpg","datePublished":"2018-04-03T13:47:21+00:00","dateModified":"2022-01-04T15:05:57+00:00","breadcrumb":{"@id":"https:\/\/www.darrera.com\/en\/producto\/ush-8-ultrasonic-snow-depth-sensor\/#breadcrumb"},"inLanguage":"es","potentialAction":[{"@type":"ReadAction","target":["https:\/\/www.darrera.com\/en\/producto\/ush-8-ultrasonic-snow-depth-sensor\/"]}]},{"@type":"ImageObject","inLanguage":"es","@id":"https:\/\/www.darrera.com\/en\/producto\/ush-8-ultrasonic-snow-depth-sensor\/#primaryimage","url":"https:\/\/www.darrera.com\/wp-content\/uploads\/2018\/04\/ush-8-sensor-ultrasonico-profundidad-nieve.jpg","contentUrl":"https:\/\/www.darrera.com\/wp-content\/uploads\/2018\/04\/ush-8-sensor-ultrasonico-profundidad-nieve.jpg","width":950,"height":950,"caption":"USH-8 - Sensor Ultras\u00f3nico de Profundidad de Nieve"},{"@type":"BreadcrumbList","@id":"https:\/\/www.darrera.com\/en\/producto\/ush-8-ultrasonic-snow-depth-sensor\/#breadcrumb","itemListElement":[{"@type":"ListItem","position":1,"name":"Home","item":"https:\/\/www.darrera.com\/es\/"},{"@type":"ListItem","position":2,"name":"Productos","item":"https:\/\/www.darrera.com\/es\/productos\/"},{"@type":"ListItem","position":3,"name":"Sensor Ultras\u00f3nico de Profundidad de Nieve"}]},{"@type":"WebSite","@id":"https:\/\/www.darrera.com\/es\/#website","url":"https:\/\/www.darrera.com\/es\/","name":"Darrera","description":"Instrumentos, soluciones y servicios meteorol\u00f3gicos","publisher":{"@id":"https:\/\/www.darrera.com\/es\/#organization"},"potentialAction":[{"@type":"SearchAction","target":{"@type":"EntryPoint","urlTemplate":"https:\/\/www.darrera.com\/es\/?s={search_term_string}"},"query-input":{"@type":"PropertyValueSpecification","valueRequired":true,"valueName":"search_term_string"}}],"inLanguage":"es"},{"@type":"Organization","@id":"https:\/\/www.darrera.com\/es\/#organization","name":"Darrera","url":"https:\/\/www.darrera.com\/es\/","logo":{"@type":"ImageObject","inLanguage":"es","@id":"https:\/\/www.darrera.com\/es\/#\/schema\/logo\/image\/","url":"https:\/\/www.darrera.com\/wp\/wp-content\/uploads\/logo-darrera.png","contentUrl":"https:\/\/www.darrera.com\/wp\/wp-content\/uploads\/logo-darrera.png","width":500,"height":85,"caption":"Darrera"},"image":{"@id":"https:\/\/www.darrera.com\/es\/#\/schema\/logo\/image\/"},"sameAs":["http:\/\/facebook.com\/darrerameteo","https:\/\/x.com\/darrera_meteo","https:\/\/www.linkedin.com\/company\/darrera-s-a-","http:\/\/youtube.com\/darreratv"]}]}},"_links":{"self":[{"href":"https:\/\/www.darrera.com\/es\/wp-json\/wp\/v2\/product\/2138","targetHints":{"allow":["GET"]}}],"collection":[{"href":"https:\/\/www.darrera.com\/es\/wp-json\/wp\/v2\/product"}],"about":[{"href":"https:\/\/www.darrera.com\/es\/wp-json\/wp\/v2\/types\/product"}],"wp:featuredmedia":[{"embeddable":true,"href":"https:\/\/www.darrera.com\/es\/wp-json\/wp\/v2\/media\/2423"}],"wp:attachment":[{"href":"https:\/\/www.darrera.com\/es\/wp-json\/wp\/v2\/media?parent=2138"}],"wp:term":[{"taxonomy":"product_brand","embeddable":true,"href":"https:\/\/www.darrera.com\/es\/wp-json\/wp\/v2\/product_brand?post=2138"},{"taxonomy":"product_cat","embeddable":true,"href":"https:\/\/www.darrera.com\/es\/wp-json\/wp\/v2\/product_cat?post=2138"},{"taxonomy":"product_tag","embeddable":true,"href":"https:\/\/www.darrera.com\/es\/wp-json\/wp\/v2\/product_tag?post=2138"}],"curies":[{"name":"wp","href":"https:\/\/api.w.org\/{rel}","templated":true}]}}