{"id":2359,"date":"2018-09-04T09:23:01","date_gmt":"2018-09-04T07:23:01","guid":{"rendered":"https:\/\/www.darrera.com\/wp\/product\/hase-synop-sensor-granizo\/"},"modified":"2023-07-21T16:24:31","modified_gmt":"2023-07-21T14:24:31","slug":"hase-synop-sensor-granizo","status":"publish","type":"product","link":"https:\/\/www.darrera.com\/es\/producto\/hase-synop-sensor-granizo\/","title":{"rendered":"Sensor de Granizo"},"content":{"rendered":"<h3>Tecnolog\u00eda de altas prestaciones<\/h3>\n<p>El sensor permite monitorizar eventos de granizo con gran precisi\u00f3n y fiabilidad. Est\u00e1 especialmente dise\u00f1ado para ser utilizado en sistemas de alerta temprana o como parte de una red meteorol\u00f3gica proporcionando informaci\u00f3n en tiempo real a los operadores. El sensor es capaz de clasificar piedras de granizo individuales en funci\u00f3n de su tama\u00f1o y potencial de da\u00f1o.<\/p>\n<p>Para determinar los impactos, el sensor utiliza tecnolog\u00eda de vibraci\u00f3n. La amplia \u00e1rea sensible garantiza que una muestra representativa de piedras de granizo genere impactos sobre la placa de vibraci\u00f3n, incrementando la fiabilidad de las mediciones y previniendo falsas detecciones.<\/p>\n<p>Se puede conectar a cualquier datalogger convencional para llevar a cabo el almacenamiento de los datos y su posterior descarga y visualizaci\u00f3n en un ordenador. Dispone de un puerto serie RS-485.<\/p>\n<h3>Infinidad de aplicaciones<\/h3>\n<p>Su incre\u00edble versatilidad lo hace id\u00f3neo para todo tipo de aplicaciones en multitud de \u00e1mbitos, entre los que destacan:<\/p>\n<ul>\n<li>Meteorolog\u00eda.<\/li>\n<li>Aer\u00f3dromos.<\/li>\n<li>Helipuertos.<\/li>\n<li>Protecci\u00f3n civil.<\/li>\n<\/ul>\n<h3>Especificaciones t\u00e9cnicas<\/h3>\n<h4>Especificaciones del sensor<\/h4>\n<ul>\n<li>Rango: 5 a 50 mm<\/li>\n<li>Precisi\u00f3n: \u00b120%<\/li>\n<\/ul>\n<h4>Especificaciones el\u00e9ctricas<\/h4>\n<ul>\n<li>Voltaje de alimentaci\u00f3n: 10 a 18 VDC<\/li>\n<li>Consumo: 30 mA (m\u00e1x.)<\/li>\n<li>Se\u00f1al de salida: RS-485<\/li>\n<\/ul>\n<h4>Especificaciones mec\u00e1nicas<\/h4>\n<ul>\n<li>Temperatura de funcionamiento: 0\u00baC a 60\u00baC<\/li>\n<li>Material: aluminio<\/li>\n<li>Dimensiones: \u2205 504 x 697 x 514 mm<\/li>\n<li>Peso: 15 Kg<\/li>\n<\/ul>\n","protected":false},"excerpt":{"rendered":"<p>Permite monitorizar eventos de granizo con gran precisi\u00f3n y fiabilidad. El sensor es capaz de clasificar piedras de granizo individuales en funci\u00f3n de su tama\u00f1o y potencial de da\u00f1o.<\/p>\n","protected":false},"featured_media":2358,"template":"","meta":[],"product_brand":[],"product_cat":[192],"product_tag":[],"class_list":{"0":"post-2359","1":"product","2":"type-product","3":"status-publish","4":"has-post-thumbnail","6":"product_cat-sensores-precipitacion","8":"first","9":"instock","10":"taxable","11":"shipping-taxable","12":"product-type-simple"},"yoast_head":"<!-- This site is optimized with the Yoast SEO plugin v27.4 - https:\/\/yoast.com\/product\/yoast-seo-wordpress\/ -->\n<title>Sensor de Granizo | Darrera<\/title>\n<meta name=\"robots\" content=\"index, follow, max-snippet:-1, max-image-preview:large, max-video-preview:-1\" \/>\n<link rel=\"canonical\" href=\"https:\/\/www.darrera.com\/es\/producto\/hase-synop-sensor-granizo\/\" \/>\n<meta property=\"og:locale\" content=\"es_ES\" \/>\n<meta property=\"og:type\" content=\"article\" \/>\n<meta property=\"og:title\" content=\"Sensor de Granizo | Darrera\" \/>\n<meta property=\"og:description\" content=\"Permite monitorizar eventos de granizo con gran precisi\u00f3n y fiabilidad. El sensor es capaz de clasificar piedras de granizo individuales en funci\u00f3n de su tama\u00f1o y potencial de da\u00f1o.\" \/>\n<meta property=\"og:url\" content=\"https:\/\/www.darrera.com\/es\/producto\/hase-synop-sensor-granizo\/\" \/>\n<meta property=\"og:site_name\" content=\"Darrera\" \/>\n<meta property=\"article:publisher\" content=\"http:\/\/facebook.com\/darrerameteo\" \/>\n<meta property=\"article:modified_time\" content=\"2023-07-21T14:24:31+00:00\" \/>\n<meta property=\"og:image\" content=\"https:\/\/www.darrera.com\/wp-content\/uploads\/2018\/09\/hase-synop-sensor-granizo.jpg\" \/>\n\t<meta property=\"og:image:width\" content=\"950\" \/>\n\t<meta property=\"og:image:height\" content=\"950\" \/>\n\t<meta property=\"og:image:type\" content=\"image\/jpeg\" \/>\n<meta name=\"twitter:card\" content=\"summary_large_image\" \/>\n<meta name=\"twitter:site\" content=\"@darrera_meteo\" \/>\n<meta name=\"twitter:label1\" content=\"Tiempo de lectura\" \/>\n\t<meta name=\"twitter:data1\" content=\"1 minuto\" \/>\n<script type=\"application\/ld+json\" class=\"yoast-schema-graph\">{\"@context\":\"https:\\\/\\\/schema.org\",\"@graph\":[{\"@type\":\"WebPage\",\"@id\":\"https:\\\/\\\/www.darrera.com\\\/es\\\/producto\\\/hase-synop-sensor-granizo\\\/\",\"url\":\"https:\\\/\\\/www.darrera.com\\\/es\\\/producto\\\/hase-synop-sensor-granizo\\\/\",\"name\":\"Sensor de Granizo | Darrera\",\"isPartOf\":{\"@id\":\"https:\\\/\\\/www.darrera.com\\\/es\\\/#website\"},\"primaryImageOfPage\":{\"@id\":\"https:\\\/\\\/www.darrera.com\\\/es\\\/producto\\\/hase-synop-sensor-granizo\\\/#primaryimage\"},\"image\":{\"@id\":\"https:\\\/\\\/www.darrera.com\\\/es\\\/producto\\\/hase-synop-sensor-granizo\\\/#primaryimage\"},\"thumbnailUrl\":\"https:\\\/\\\/www.darrera.com\\\/wp-content\\\/uploads\\\/2018\\\/09\\\/hase-synop-sensor-granizo.jpg\",\"datePublished\":\"2018-09-04T07:23:01+00:00\",\"dateModified\":\"2023-07-21T14:24:31+00:00\",\"breadcrumb\":{\"@id\":\"https:\\\/\\\/www.darrera.com\\\/es\\\/producto\\\/hase-synop-sensor-granizo\\\/#breadcrumb\"},\"inLanguage\":\"es\",\"potentialAction\":[{\"@type\":\"ReadAction\",\"target\":[\"https:\\\/\\\/www.darrera.com\\\/es\\\/producto\\\/hase-synop-sensor-granizo\\\/\"]}]},{\"@type\":\"ImageObject\",\"inLanguage\":\"es\",\"@id\":\"https:\\\/\\\/www.darrera.com\\\/es\\\/producto\\\/hase-synop-sensor-granizo\\\/#primaryimage\",\"url\":\"https:\\\/\\\/www.darrera.com\\\/wp-content\\\/uploads\\\/2018\\\/09\\\/hase-synop-sensor-granizo.jpg\",\"contentUrl\":\"https:\\\/\\\/www.darrera.com\\\/wp-content\\\/uploads\\\/2018\\\/09\\\/hase-synop-sensor-granizo.jpg\",\"width\":950,\"height\":950,\"caption\":\"HASE-SYNOP - Sensor de Granizo\"},{\"@type\":\"BreadcrumbList\",\"@id\":\"https:\\\/\\\/www.darrera.com\\\/es\\\/producto\\\/hase-synop-sensor-granizo\\\/#breadcrumb\",\"itemListElement\":[{\"@type\":\"ListItem\",\"position\":1,\"name\":\"Home\",\"item\":\"https:\\\/\\\/www.darrera.com\\\/es\\\/\"},{\"@type\":\"ListItem\",\"position\":2,\"name\":\"Productos\",\"item\":\"https:\\\/\\\/www.darrera.com\\\/es\\\/productos\\\/\"},{\"@type\":\"ListItem\",\"position\":3,\"name\":\"Sensor de Granizo\"}]},{\"@type\":\"WebSite\",\"@id\":\"https:\\\/\\\/www.darrera.com\\\/es\\\/#website\",\"url\":\"https:\\\/\\\/www.darrera.com\\\/es\\\/\",\"name\":\"Darrera\",\"description\":\"Instrumentos, soluciones y servicios meteorol\u00f3gicos\",\"publisher\":{\"@id\":\"https:\\\/\\\/www.darrera.com\\\/es\\\/#organization\"},\"potentialAction\":[{\"@type\":\"SearchAction\",\"target\":{\"@type\":\"EntryPoint\",\"urlTemplate\":\"https:\\\/\\\/www.darrera.com\\\/es\\\/?s={search_term_string}\"},\"query-input\":{\"@type\":\"PropertyValueSpecification\",\"valueRequired\":true,\"valueName\":\"search_term_string\"}}],\"inLanguage\":\"es\"},{\"@type\":\"Organization\",\"@id\":\"https:\\\/\\\/www.darrera.com\\\/es\\\/#organization\",\"name\":\"Darrera\",\"url\":\"https:\\\/\\\/www.darrera.com\\\/es\\\/\",\"logo\":{\"@type\":\"ImageObject\",\"inLanguage\":\"es\",\"@id\":\"https:\\\/\\\/www.darrera.com\\\/es\\\/#\\\/schema\\\/logo\\\/image\\\/\",\"url\":\"https:\\\/\\\/www.darrera.com\\\/wp\\\/wp-content\\\/uploads\\\/logo-darrera.png\",\"contentUrl\":\"https:\\\/\\\/www.darrera.com\\\/wp\\\/wp-content\\\/uploads\\\/logo-darrera.png\",\"width\":500,\"height\":85,\"caption\":\"Darrera\"},\"image\":{\"@id\":\"https:\\\/\\\/www.darrera.com\\\/es\\\/#\\\/schema\\\/logo\\\/image\\\/\"},\"sameAs\":[\"http:\\\/\\\/facebook.com\\\/darrerameteo\",\"https:\\\/\\\/x.com\\\/darrera_meteo\",\"https:\\\/\\\/www.linkedin.com\\\/company\\\/darrera-s-a-\",\"http:\\\/\\\/youtube.com\\\/darreratv\"]}]}<\/script>\n<!-- \/ Yoast SEO plugin. -->","yoast_head_json":{"title":"Sensor de Granizo | Darrera","robots":{"index":"index","follow":"follow","max-snippet":"max-snippet:-1","max-image-preview":"max-image-preview:large","max-video-preview":"max-video-preview:-1"},"canonical":"https:\/\/www.darrera.com\/es\/producto\/hase-synop-sensor-granizo\/","og_locale":"es_ES","og_type":"article","og_title":"Sensor de Granizo | Darrera","og_description":"Permite monitorizar eventos de granizo con gran precisi\u00f3n y fiabilidad. El sensor es capaz de clasificar piedras de granizo individuales en funci\u00f3n de su tama\u00f1o y potencial de da\u00f1o.","og_url":"https:\/\/www.darrera.com\/es\/producto\/hase-synop-sensor-granizo\/","og_site_name":"Darrera","article_publisher":"http:\/\/facebook.com\/darrerameteo","article_modified_time":"2023-07-21T14:24:31+00:00","og_image":[{"width":950,"height":950,"url":"https:\/\/www.darrera.com\/wp-content\/uploads\/2018\/09\/hase-synop-sensor-granizo.jpg","type":"image\/jpeg"}],"twitter_card":"summary_large_image","twitter_site":"@darrera_meteo","twitter_misc":{"Tiempo de lectura":"1 minuto"},"schema":{"@context":"https:\/\/schema.org","@graph":[{"@type":"WebPage","@id":"https:\/\/www.darrera.com\/es\/producto\/hase-synop-sensor-granizo\/","url":"https:\/\/www.darrera.com\/es\/producto\/hase-synop-sensor-granizo\/","name":"Sensor de Granizo | Darrera","isPartOf":{"@id":"https:\/\/www.darrera.com\/es\/#website"},"primaryImageOfPage":{"@id":"https:\/\/www.darrera.com\/es\/producto\/hase-synop-sensor-granizo\/#primaryimage"},"image":{"@id":"https:\/\/www.darrera.com\/es\/producto\/hase-synop-sensor-granizo\/#primaryimage"},"thumbnailUrl":"https:\/\/www.darrera.com\/wp-content\/uploads\/2018\/09\/hase-synop-sensor-granizo.jpg","datePublished":"2018-09-04T07:23:01+00:00","dateModified":"2023-07-21T14:24:31+00:00","breadcrumb":{"@id":"https:\/\/www.darrera.com\/es\/producto\/hase-synop-sensor-granizo\/#breadcrumb"},"inLanguage":"es","potentialAction":[{"@type":"ReadAction","target":["https:\/\/www.darrera.com\/es\/producto\/hase-synop-sensor-granizo\/"]}]},{"@type":"ImageObject","inLanguage":"es","@id":"https:\/\/www.darrera.com\/es\/producto\/hase-synop-sensor-granizo\/#primaryimage","url":"https:\/\/www.darrera.com\/wp-content\/uploads\/2018\/09\/hase-synop-sensor-granizo.jpg","contentUrl":"https:\/\/www.darrera.com\/wp-content\/uploads\/2018\/09\/hase-synop-sensor-granizo.jpg","width":950,"height":950,"caption":"HASE-SYNOP - Sensor de Granizo"},{"@type":"BreadcrumbList","@id":"https:\/\/www.darrera.com\/es\/producto\/hase-synop-sensor-granizo\/#breadcrumb","itemListElement":[{"@type":"ListItem","position":1,"name":"Home","item":"https:\/\/www.darrera.com\/es\/"},{"@type":"ListItem","position":2,"name":"Productos","item":"https:\/\/www.darrera.com\/es\/productos\/"},{"@type":"ListItem","position":3,"name":"Sensor de Granizo"}]},{"@type":"WebSite","@id":"https:\/\/www.darrera.com\/es\/#website","url":"https:\/\/www.darrera.com\/es\/","name":"Darrera","description":"Instrumentos, soluciones y servicios meteorol\u00f3gicos","publisher":{"@id":"https:\/\/www.darrera.com\/es\/#organization"},"potentialAction":[{"@type":"SearchAction","target":{"@type":"EntryPoint","urlTemplate":"https:\/\/www.darrera.com\/es\/?s={search_term_string}"},"query-input":{"@type":"PropertyValueSpecification","valueRequired":true,"valueName":"search_term_string"}}],"inLanguage":"es"},{"@type":"Organization","@id":"https:\/\/www.darrera.com\/es\/#organization","name":"Darrera","url":"https:\/\/www.darrera.com\/es\/","logo":{"@type":"ImageObject","inLanguage":"es","@id":"https:\/\/www.darrera.com\/es\/#\/schema\/logo\/image\/","url":"https:\/\/www.darrera.com\/wp\/wp-content\/uploads\/logo-darrera.png","contentUrl":"https:\/\/www.darrera.com\/wp\/wp-content\/uploads\/logo-darrera.png","width":500,"height":85,"caption":"Darrera"},"image":{"@id":"https:\/\/www.darrera.com\/es\/#\/schema\/logo\/image\/"},"sameAs":["http:\/\/facebook.com\/darrerameteo","https:\/\/x.com\/darrera_meteo","https:\/\/www.linkedin.com\/company\/darrera-s-a-","http:\/\/youtube.com\/darreratv"]}]}},"_links":{"self":[{"href":"https:\/\/www.darrera.com\/es\/wp-json\/wp\/v2\/product\/2359","targetHints":{"allow":["GET"]}}],"collection":[{"href":"https:\/\/www.darrera.com\/es\/wp-json\/wp\/v2\/product"}],"about":[{"href":"https:\/\/www.darrera.com\/es\/wp-json\/wp\/v2\/types\/product"}],"wp:featuredmedia":[{"embeddable":true,"href":"https:\/\/www.darrera.com\/es\/wp-json\/wp\/v2\/media\/2358"}],"wp:attachment":[{"href":"https:\/\/www.darrera.com\/es\/wp-json\/wp\/v2\/media?parent=2359"}],"wp:term":[{"taxonomy":"product_brand","embeddable":true,"href":"https:\/\/www.darrera.com\/es\/wp-json\/wp\/v2\/product_brand?post=2359"},{"taxonomy":"product_cat","embeddable":true,"href":"https:\/\/www.darrera.com\/es\/wp-json\/wp\/v2\/product_cat?post=2359"},{"taxonomy":"product_tag","embeddable":true,"href":"https:\/\/www.darrera.com\/es\/wp-json\/wp\/v2\/product_tag?post=2359"}],"curies":[{"name":"wp","href":"https:\/\/api.w.org\/{rel}","templated":true}]}}