{"id":2410,"date":"2018-09-12T18:30:45","date_gmt":"2018-09-12T16:30:45","guid":{"rendered":"https:\/\/www.darrera.com\/wp\/product\/btd-300-detector-tormentas\/"},"modified":"2023-06-02T19:01:37","modified_gmt":"2023-06-02T17:01:37","slug":"btd-300-detector-tormentas","status":"publish","type":"product","link":"https:\/\/www.darrera.com\/es\/producto\/btd-300-detector-tormentas\/","title":{"rendered":"Detector de Tormentas"},"content":{"rendered":"<h3>Detecci\u00f3n de alta precisi\u00f3n<\/h3>\n<p>El BTD-300 detecta con gran precisi\u00f3n y fiabilidad todo tipo de rayos en un radio de hasta 83 Km de distancia, incluyendo los nube-a-tierra, nube-a-nube e intranube. El principio de funcionamiento electroest\u00e1tico brinda al detector una tasa extremadamente baja de falsas alarmas y la capacidad de alertar del riesgo de rayos en las proximidades incluso antes de la primera descarga el\u00e9ctrica.<\/p>\n<h3>F\u00e1cil de utilizar e integrar<\/h3>\n<p>El BTD-300 puede ser utilizado como un detector aut\u00f3nomo o como parte de un sistema completo de monitorizaci\u00f3n meteorol\u00f3gica. Para uso aut\u00f3nomo, se suministra un completo software que proporciona todas las funciones necesarias tales como la configuraci\u00f3n del sensor, visualizaci\u00f3n de datos en tiempo real y almacenamiento de datos. Para su integraci\u00f3n en un sistema de monitorizaci\u00f3n meteorol\u00f3gica, el detector puede suministrarse ya sea con un puerto serie RS-422 o con un puerto Ethernet, ambos proporcionando una cadena ASCII de salida para un procesado sencillo de los datos.<\/p>\n<h3>M\u00f3dulo de alarmas (opcional)<\/h3>\n<p>El m\u00f3dulo de alarmas permite activar dispositivos externos en funci\u00f3n de las alarmas programadas en el BTD-300. Se proporcionan 3 rel\u00e9s para cubrir los estados de precauci\u00f3n, advertencia y alerta del detector.<\/p>\n<h3>Especificaciones t\u00e9cnicas<\/h3>\n<h4>Especificaciones del sensor<\/h4>\n<ul>\n<li>Rango: 0 a 83 Km<\/li>\n<li>Resoluci\u00f3n: 10 m<\/li>\n<li>Precisi\u00f3n: \u00b15 Km<\/li>\n<\/ul>\n<h4>Especificaciones el\u00e9ctricas<\/h4>\n<ul>\n<li>Voltaje de alimentaci\u00f3n: 100 a 240 VAC<\/li>\n<li>Consumo: 10 W<\/li>\n<li>Se\u00f1al de salida: 3 x alarmas y RS-422 o Ethernet<\/li>\n<\/ul>\n<h4>Especificaciones mec\u00e1nicas<\/h4>\n<ul>\n<li>Temperatura de funcionamiento: -40\u00baC a 60\u00baC<\/li>\n<li>Material: acero inoxidable y aluminio<\/li>\n<li>Dimensiones: \u2205 68 x 246 cm<\/li>\n<li>Peso: 25 Kg<\/li>\n<\/ul>\n","protected":false},"excerpt":{"rendered":"<p>Detecta con gran precisi\u00f3n y fiabilidad todo tipo de rayos en un radio de hasta 83 Km de distancia, incluyendo los nube-a-tierra, nube-a-nube e intranube. Tambi\u00e9n alerta del riesgo de rayos en las proximidades.<\/p>\n","protected":false},"featured_media":2409,"template":"","meta":[],"product_brand":[],"product_cat":[253],"product_tag":[],"class_list":{"0":"post-2410","1":"product","2":"type-product","3":"status-publish","4":"has-post-thumbnail","6":"product_cat-detectores-rayos","8":"first","9":"instock","10":"taxable","11":"shipping-taxable","12":"product-type-simple"},"yoast_head":"<!-- This site is optimized with the Yoast SEO plugin v27.6 - https:\/\/yoast.com\/product\/yoast-seo-wordpress\/ -->\n<title>Detector de Tormentas | Darrera<\/title>\n<meta name=\"robots\" content=\"index, follow, max-snippet:-1, max-image-preview:large, max-video-preview:-1\" \/>\n<link rel=\"canonical\" href=\"https:\/\/www.darrera.com\/en\/producto\/btd-300-thunderstorm-detector\/\" \/>\n<meta property=\"og:locale\" content=\"es_ES\" \/>\n<meta property=\"og:type\" content=\"article\" \/>\n<meta property=\"og:title\" content=\"Detector de Tormentas | Darrera\" \/>\n<meta property=\"og:description\" content=\"Detecta con gran precisi\u00f3n y fiabilidad todo tipo de rayos en un radio de hasta 83 Km de distancia, incluyendo los nube-a-tierra, nube-a-nube e intranube. Tambi\u00e9n alerta del riesgo de rayos en las proximidades.\" \/>\n<meta property=\"og:url\" content=\"https:\/\/www.darrera.com\/en\/producto\/btd-300-thunderstorm-detector\/\" \/>\n<meta property=\"og:site_name\" content=\"Darrera\" \/>\n<meta property=\"article:publisher\" content=\"http:\/\/facebook.com\/darrerameteo\" \/>\n<meta property=\"article:modified_time\" content=\"2023-06-02T17:01:37+00:00\" \/>\n<meta property=\"og:image\" content=\"https:\/\/www.darrera.com\/wp-content\/uploads\/2018\/09\/btd-300-detector-tormentas.jpg\" \/>\n\t<meta property=\"og:image:width\" content=\"950\" \/>\n\t<meta property=\"og:image:height\" content=\"950\" \/>\n\t<meta property=\"og:image:type\" content=\"image\/jpeg\" \/>\n<meta name=\"twitter:card\" content=\"summary_large_image\" \/>\n<meta name=\"twitter:site\" content=\"@darrera_meteo\" \/>\n<meta name=\"twitter:label1\" content=\"Tiempo de lectura\" \/>\n\t<meta name=\"twitter:data1\" content=\"1 minuto\" \/>\n<script type=\"application\/ld+json\" class=\"yoast-schema-graph\">{\"@context\":\"https:\\\/\\\/schema.org\",\"@graph\":[{\"@type\":\"WebPage\",\"@id\":\"https:\\\/\\\/www.darrera.com\\\/en\\\/producto\\\/btd-300-thunderstorm-detector\\\/\",\"url\":\"https:\\\/\\\/www.darrera.com\\\/en\\\/producto\\\/btd-300-thunderstorm-detector\\\/\",\"name\":\"Detector de Tormentas | Darrera\",\"isPartOf\":{\"@id\":\"https:\\\/\\\/www.darrera.com\\\/es\\\/#website\"},\"primaryImageOfPage\":{\"@id\":\"https:\\\/\\\/www.darrera.com\\\/en\\\/producto\\\/btd-300-thunderstorm-detector\\\/#primaryimage\"},\"image\":{\"@id\":\"https:\\\/\\\/www.darrera.com\\\/en\\\/producto\\\/btd-300-thunderstorm-detector\\\/#primaryimage\"},\"thumbnailUrl\":\"https:\\\/\\\/www.darrera.com\\\/wp-content\\\/uploads\\\/2018\\\/09\\\/btd-300-detector-tormentas.jpg\",\"datePublished\":\"2018-09-12T16:30:45+00:00\",\"dateModified\":\"2023-06-02T17:01:37+00:00\",\"breadcrumb\":{\"@id\":\"https:\\\/\\\/www.darrera.com\\\/en\\\/producto\\\/btd-300-thunderstorm-detector\\\/#breadcrumb\"},\"inLanguage\":\"es\",\"potentialAction\":[{\"@type\":\"ReadAction\",\"target\":[\"https:\\\/\\\/www.darrera.com\\\/en\\\/producto\\\/btd-300-thunderstorm-detector\\\/\"]}]},{\"@type\":\"ImageObject\",\"inLanguage\":\"es\",\"@id\":\"https:\\\/\\\/www.darrera.com\\\/en\\\/producto\\\/btd-300-thunderstorm-detector\\\/#primaryimage\",\"url\":\"https:\\\/\\\/www.darrera.com\\\/wp-content\\\/uploads\\\/2018\\\/09\\\/btd-300-detector-tormentas.jpg\",\"contentUrl\":\"https:\\\/\\\/www.darrera.com\\\/wp-content\\\/uploads\\\/2018\\\/09\\\/btd-300-detector-tormentas.jpg\",\"width\":950,\"height\":950,\"caption\":\"BTD-300 - Detector de Tormentas\"},{\"@type\":\"BreadcrumbList\",\"@id\":\"https:\\\/\\\/www.darrera.com\\\/en\\\/producto\\\/btd-300-thunderstorm-detector\\\/#breadcrumb\",\"itemListElement\":[{\"@type\":\"ListItem\",\"position\":1,\"name\":\"Home\",\"item\":\"https:\\\/\\\/www.darrera.com\\\/es\\\/\"},{\"@type\":\"ListItem\",\"position\":2,\"name\":\"Productos\",\"item\":\"https:\\\/\\\/www.darrera.com\\\/es\\\/productos\\\/\"},{\"@type\":\"ListItem\",\"position\":3,\"name\":\"Detector de Tormentas\"}]},{\"@type\":\"WebSite\",\"@id\":\"https:\\\/\\\/www.darrera.com\\\/es\\\/#website\",\"url\":\"https:\\\/\\\/www.darrera.com\\\/es\\\/\",\"name\":\"Darrera\",\"description\":\"Instrumentos, soluciones y servicios meteorol\u00f3gicos\",\"publisher\":{\"@id\":\"https:\\\/\\\/www.darrera.com\\\/es\\\/#organization\"},\"potentialAction\":[{\"@type\":\"SearchAction\",\"target\":{\"@type\":\"EntryPoint\",\"urlTemplate\":\"https:\\\/\\\/www.darrera.com\\\/es\\\/?s={search_term_string}\"},\"query-input\":{\"@type\":\"PropertyValueSpecification\",\"valueRequired\":true,\"valueName\":\"search_term_string\"}}],\"inLanguage\":\"es\"},{\"@type\":\"Organization\",\"@id\":\"https:\\\/\\\/www.darrera.com\\\/es\\\/#organization\",\"name\":\"Darrera\",\"url\":\"https:\\\/\\\/www.darrera.com\\\/es\\\/\",\"logo\":{\"@type\":\"ImageObject\",\"inLanguage\":\"es\",\"@id\":\"https:\\\/\\\/www.darrera.com\\\/es\\\/#\\\/schema\\\/logo\\\/image\\\/\",\"url\":\"https:\\\/\\\/www.darrera.com\\\/wp\\\/wp-content\\\/uploads\\\/logo-darrera.png\",\"contentUrl\":\"https:\\\/\\\/www.darrera.com\\\/wp\\\/wp-content\\\/uploads\\\/logo-darrera.png\",\"width\":500,\"height\":85,\"caption\":\"Darrera\"},\"image\":{\"@id\":\"https:\\\/\\\/www.darrera.com\\\/es\\\/#\\\/schema\\\/logo\\\/image\\\/\"},\"sameAs\":[\"http:\\\/\\\/facebook.com\\\/darrerameteo\",\"https:\\\/\\\/x.com\\\/darrera_meteo\",\"https:\\\/\\\/www.linkedin.com\\\/company\\\/darrera-s-a-\",\"http:\\\/\\\/youtube.com\\\/darreratv\"]}]}<\/script>\n<!-- \/ Yoast SEO plugin. -->","yoast_head_json":{"title":"Detector de Tormentas | Darrera","robots":{"index":"index","follow":"follow","max-snippet":"max-snippet:-1","max-image-preview":"max-image-preview:large","max-video-preview":"max-video-preview:-1"},"canonical":"https:\/\/www.darrera.com\/en\/producto\/btd-300-thunderstorm-detector\/","og_locale":"es_ES","og_type":"article","og_title":"Detector de Tormentas | Darrera","og_description":"Detecta con gran precisi\u00f3n y fiabilidad todo tipo de rayos en un radio de hasta 83 Km de distancia, incluyendo los nube-a-tierra, nube-a-nube e intranube. Tambi\u00e9n alerta del riesgo de rayos en las proximidades.","og_url":"https:\/\/www.darrera.com\/en\/producto\/btd-300-thunderstorm-detector\/","og_site_name":"Darrera","article_publisher":"http:\/\/facebook.com\/darrerameteo","article_modified_time":"2023-06-02T17:01:37+00:00","og_image":[{"width":950,"height":950,"url":"https:\/\/www.darrera.com\/wp-content\/uploads\/2018\/09\/btd-300-detector-tormentas.jpg","type":"image\/jpeg"}],"twitter_card":"summary_large_image","twitter_site":"@darrera_meteo","twitter_misc":{"Tiempo de lectura":"1 minuto"},"schema":{"@context":"https:\/\/schema.org","@graph":[{"@type":"WebPage","@id":"https:\/\/www.darrera.com\/en\/producto\/btd-300-thunderstorm-detector\/","url":"https:\/\/www.darrera.com\/en\/producto\/btd-300-thunderstorm-detector\/","name":"Detector de Tormentas | Darrera","isPartOf":{"@id":"https:\/\/www.darrera.com\/es\/#website"},"primaryImageOfPage":{"@id":"https:\/\/www.darrera.com\/en\/producto\/btd-300-thunderstorm-detector\/#primaryimage"},"image":{"@id":"https:\/\/www.darrera.com\/en\/producto\/btd-300-thunderstorm-detector\/#primaryimage"},"thumbnailUrl":"https:\/\/www.darrera.com\/wp-content\/uploads\/2018\/09\/btd-300-detector-tormentas.jpg","datePublished":"2018-09-12T16:30:45+00:00","dateModified":"2023-06-02T17:01:37+00:00","breadcrumb":{"@id":"https:\/\/www.darrera.com\/en\/producto\/btd-300-thunderstorm-detector\/#breadcrumb"},"inLanguage":"es","potentialAction":[{"@type":"ReadAction","target":["https:\/\/www.darrera.com\/en\/producto\/btd-300-thunderstorm-detector\/"]}]},{"@type":"ImageObject","inLanguage":"es","@id":"https:\/\/www.darrera.com\/en\/producto\/btd-300-thunderstorm-detector\/#primaryimage","url":"https:\/\/www.darrera.com\/wp-content\/uploads\/2018\/09\/btd-300-detector-tormentas.jpg","contentUrl":"https:\/\/www.darrera.com\/wp-content\/uploads\/2018\/09\/btd-300-detector-tormentas.jpg","width":950,"height":950,"caption":"BTD-300 - Detector de Tormentas"},{"@type":"BreadcrumbList","@id":"https:\/\/www.darrera.com\/en\/producto\/btd-300-thunderstorm-detector\/#breadcrumb","itemListElement":[{"@type":"ListItem","position":1,"name":"Home","item":"https:\/\/www.darrera.com\/es\/"},{"@type":"ListItem","position":2,"name":"Productos","item":"https:\/\/www.darrera.com\/es\/productos\/"},{"@type":"ListItem","position":3,"name":"Detector de Tormentas"}]},{"@type":"WebSite","@id":"https:\/\/www.darrera.com\/es\/#website","url":"https:\/\/www.darrera.com\/es\/","name":"Darrera","description":"Instrumentos, soluciones y servicios meteorol\u00f3gicos","publisher":{"@id":"https:\/\/www.darrera.com\/es\/#organization"},"potentialAction":[{"@type":"SearchAction","target":{"@type":"EntryPoint","urlTemplate":"https:\/\/www.darrera.com\/es\/?s={search_term_string}"},"query-input":{"@type":"PropertyValueSpecification","valueRequired":true,"valueName":"search_term_string"}}],"inLanguage":"es"},{"@type":"Organization","@id":"https:\/\/www.darrera.com\/es\/#organization","name":"Darrera","url":"https:\/\/www.darrera.com\/es\/","logo":{"@type":"ImageObject","inLanguage":"es","@id":"https:\/\/www.darrera.com\/es\/#\/schema\/logo\/image\/","url":"https:\/\/www.darrera.com\/wp\/wp-content\/uploads\/logo-darrera.png","contentUrl":"https:\/\/www.darrera.com\/wp\/wp-content\/uploads\/logo-darrera.png","width":500,"height":85,"caption":"Darrera"},"image":{"@id":"https:\/\/www.darrera.com\/es\/#\/schema\/logo\/image\/"},"sameAs":["http:\/\/facebook.com\/darrerameteo","https:\/\/x.com\/darrera_meteo","https:\/\/www.linkedin.com\/company\/darrera-s-a-","http:\/\/youtube.com\/darreratv"]}]}},"_links":{"self":[{"href":"https:\/\/www.darrera.com\/es\/wp-json\/wp\/v2\/product\/2410","targetHints":{"allow":["GET"]}}],"collection":[{"href":"https:\/\/www.darrera.com\/es\/wp-json\/wp\/v2\/product"}],"about":[{"href":"https:\/\/www.darrera.com\/es\/wp-json\/wp\/v2\/types\/product"}],"wp:featuredmedia":[{"embeddable":true,"href":"https:\/\/www.darrera.com\/es\/wp-json\/wp\/v2\/media\/2409"}],"wp:attachment":[{"href":"https:\/\/www.darrera.com\/es\/wp-json\/wp\/v2\/media?parent=2410"}],"wp:term":[{"taxonomy":"product_brand","embeddable":true,"href":"https:\/\/www.darrera.com\/es\/wp-json\/wp\/v2\/product_brand?post=2410"},{"taxonomy":"product_cat","embeddable":true,"href":"https:\/\/www.darrera.com\/es\/wp-json\/wp\/v2\/product_cat?post=2410"},{"taxonomy":"product_tag","embeddable":true,"href":"https:\/\/www.darrera.com\/es\/wp-json\/wp\/v2\/product_tag?post=2410"}],"curies":[{"name":"wp","href":"https:\/\/api.w.org\/{rel}","templated":true}]}}