{"id":2412,"date":"2018-09-12T18:41:15","date_gmt":"2018-09-12T16:41:15","guid":{"rendered":"https:\/\/www.darrera.com\/wp\/product\/sensor-de-oleaje-y-marea\/"},"modified":"2024-06-30T01:13:05","modified_gmt":"2024-06-29T23:13:05","slug":"sm-140-sensor-oleaje-marea","status":"publish","type":"product","link":"https:\/\/www.darrera.com\/es\/producto\/sm-140-sensor-oleaje-marea\/","title":{"rendered":"Sensor de Oleaje y Marea"},"content":{"rendered":"<h3>Mediciones de alta precisi\u00f3n<\/h3>\n<p>El sensor de oleaje y marea utiliza tecnolog\u00eda radar de microondas para proporcionar mediciones precisas y fiables del estado del mar bajo cualquier condici\u00f3n meteorol\u00f3gica. Esta tecnolog\u00eda no se ve afectada por cambios de temperatura, viento o lluvia, as\u00ed como tampoco por condiciones de niebla o roc\u00edo, a diferencia de los sensores que emplean tecnolog\u00eda ultras\u00f3nica.<\/p>\n<p>El sensor puede configurarse para llevar a cabo un filtrado y promediado digital de las mediciones seg\u00fan las necesidades espec\u00edficas del usuario. Los datos del estado del mar son accesibles en tiempo real de forma tanto local como remota, ya que pueden enviarse a Internet para su monitorizaci\u00f3n desde cualquier ubicaci\u00f3n y dispositivo.<\/p>\n<h3>Dise\u00f1o compacto y resistente a la intemperie<\/h3>\n<p>El instrumento presenta un dise\u00f1o compacto y sin partes m\u00f3viles, y est\u00e1 fabricado \u00edntegramente con materiales resistentes a la corrosi\u00f3n para garantizar una alta resistencia en entornos marinos. Asimismo, no requiere pr\u00e1cticamente mantenimiento al no estar directamente expuesto al agua del mar como ocurre con los sensores sumergidos.<\/p>\n<p>Sus altas prestaciones lo hacen id\u00f3neo para todo tipo de aplicaciones de seguridad y control en puertos, plataformas marinas, helipuertos sobre estructuras flotantes, etc.<\/p>\n<h3>Especificaciones t\u00e9cnicas<\/h3>\n<h4>Especificaciones del sensor<\/h4>\n<ul>\n<li>Rango: 1 a 23 m<\/li>\n<li>Resoluci\u00f3n: 1 mm<\/li>\n<li>Precisi\u00f3n: \u00b15 mm<\/li>\n<\/ul>\n<h4>Especificaciones el\u00e9ctricas<\/h4>\n<ul>\n<li>Voltaje de alimentaci\u00f3n: 12 a 36 VDC<\/li>\n<li>Consumo: 585 mA (m\u00e1x.)<\/li>\n<li>Se\u00f1al de salida: RS-232, RS-422 y Ethernet<\/li>\n<\/ul>\n<h4>Especificaciones mec\u00e1nicas<\/h4>\n<ul>\n<li>Temperatura de funcionamiento: -30\u00baC a 50\u00baC<\/li>\n<li>Material: aluminio anodizado<\/li>\n<li>Dimensiones: \u2205 340 x 122 mm<\/li>\n<li>Peso: 8 Kg<\/li>\n<\/ul>\n","protected":false},"excerpt":{"rendered":"<p>Utiliza tecnolog\u00eda radar de microondas para proporcionar mediciones precisas y fiables del estado del mar bajo cualquier condici\u00f3n meteorol\u00f3gica. Puede configurarse para llevar a cabo un filtrado y promediado digital de las mediciones seg\u00fan las necesidades espec\u00edficas del usuario.<\/p>\n","protected":false},"featured_media":2414,"template":"","meta":[],"product_brand":[],"product_cat":[195],"product_tag":[],"class_list":{"0":"post-2412","1":"product","2":"type-product","3":"status-publish","4":"has-post-thumbnail","6":"product_cat-sensores-nivel-agua","8":"first","9":"instock","10":"taxable","11":"shipping-taxable","12":"product-type-simple"},"yoast_head":"<!-- This site is optimized with the Yoast SEO plugin v27.6 - https:\/\/yoast.com\/product\/yoast-seo-wordpress\/ -->\n<title>Sensor de Oleaje y Marea | Darrera<\/title>\n<meta name=\"robots\" content=\"index, follow, max-snippet:-1, max-image-preview:large, max-video-preview:-1\" \/>\n<link rel=\"canonical\" href=\"https:\/\/www.darrera.com\/es\/producto\/sm-140-sensor-oleaje-marea\/\" \/>\n<meta property=\"og:locale\" content=\"es_ES\" \/>\n<meta property=\"og:type\" content=\"article\" \/>\n<meta property=\"og:title\" content=\"Sensor de Oleaje y Marea | Darrera\" \/>\n<meta property=\"og:description\" content=\"Utiliza tecnolog\u00eda radar de microondas para proporcionar mediciones precisas y fiables del estado del mar bajo cualquier condici\u00f3n meteorol\u00f3gica. Puede configurarse para llevar a cabo un filtrado y promediado digital de las mediciones seg\u00fan las necesidades espec\u00edficas del usuario.\" \/>\n<meta property=\"og:url\" content=\"https:\/\/www.darrera.com\/es\/producto\/sm-140-sensor-oleaje-marea\/\" \/>\n<meta property=\"og:site_name\" content=\"Darrera\" \/>\n<meta property=\"article:publisher\" content=\"http:\/\/facebook.com\/darrerameteo\" \/>\n<meta property=\"article:modified_time\" content=\"2024-06-29T23:13:05+00:00\" \/>\n<meta property=\"og:image\" content=\"https:\/\/www.darrera.com\/wp-content\/uploads\/2018\/09\/sm-140-sensor-oleaje-marea.jpg\" \/>\n\t<meta property=\"og:image:width\" content=\"950\" \/>\n\t<meta property=\"og:image:height\" content=\"950\" \/>\n\t<meta property=\"og:image:type\" content=\"image\/jpeg\" \/>\n<meta name=\"twitter:card\" content=\"summary_large_image\" \/>\n<meta name=\"twitter:site\" content=\"@darrera_meteo\" \/>\n<meta name=\"twitter:label1\" content=\"Tiempo de lectura\" \/>\n\t<meta name=\"twitter:data1\" content=\"1 minuto\" \/>\n<script type=\"application\/ld+json\" class=\"yoast-schema-graph\">{\"@context\":\"https:\\\/\\\/schema.org\",\"@graph\":[{\"@type\":\"WebPage\",\"@id\":\"https:\\\/\\\/www.darrera.com\\\/es\\\/producto\\\/sm-140-sensor-oleaje-marea\\\/\",\"url\":\"https:\\\/\\\/www.darrera.com\\\/es\\\/producto\\\/sm-140-sensor-oleaje-marea\\\/\",\"name\":\"Sensor de Oleaje y Marea | Darrera\",\"isPartOf\":{\"@id\":\"https:\\\/\\\/www.darrera.com\\\/es\\\/#website\"},\"primaryImageOfPage\":{\"@id\":\"https:\\\/\\\/www.darrera.com\\\/es\\\/producto\\\/sm-140-sensor-oleaje-marea\\\/#primaryimage\"},\"image\":{\"@id\":\"https:\\\/\\\/www.darrera.com\\\/es\\\/producto\\\/sm-140-sensor-oleaje-marea\\\/#primaryimage\"},\"thumbnailUrl\":\"https:\\\/\\\/www.darrera.com\\\/wp-content\\\/uploads\\\/2018\\\/09\\\/sm-140-sensor-oleaje-marea.jpg\",\"datePublished\":\"2018-09-12T16:41:15+00:00\",\"dateModified\":\"2024-06-29T23:13:05+00:00\",\"breadcrumb\":{\"@id\":\"https:\\\/\\\/www.darrera.com\\\/es\\\/producto\\\/sm-140-sensor-oleaje-marea\\\/#breadcrumb\"},\"inLanguage\":\"es\",\"potentialAction\":[{\"@type\":\"ReadAction\",\"target\":[\"https:\\\/\\\/www.darrera.com\\\/es\\\/producto\\\/sm-140-sensor-oleaje-marea\\\/\"]}]},{\"@type\":\"ImageObject\",\"inLanguage\":\"es\",\"@id\":\"https:\\\/\\\/www.darrera.com\\\/es\\\/producto\\\/sm-140-sensor-oleaje-marea\\\/#primaryimage\",\"url\":\"https:\\\/\\\/www.darrera.com\\\/wp-content\\\/uploads\\\/2018\\\/09\\\/sm-140-sensor-oleaje-marea.jpg\",\"contentUrl\":\"https:\\\/\\\/www.darrera.com\\\/wp-content\\\/uploads\\\/2018\\\/09\\\/sm-140-sensor-oleaje-marea.jpg\",\"width\":950,\"height\":950,\"caption\":\"SM-140 - Sensor de Oleaje y Marea\"},{\"@type\":\"BreadcrumbList\",\"@id\":\"https:\\\/\\\/www.darrera.com\\\/es\\\/producto\\\/sm-140-sensor-oleaje-marea\\\/#breadcrumb\",\"itemListElement\":[{\"@type\":\"ListItem\",\"position\":1,\"name\":\"Home\",\"item\":\"https:\\\/\\\/www.darrera.com\\\/es\\\/\"},{\"@type\":\"ListItem\",\"position\":2,\"name\":\"Productos\",\"item\":\"https:\\\/\\\/www.darrera.com\\\/es\\\/productos\\\/\"},{\"@type\":\"ListItem\",\"position\":3,\"name\":\"Sensor de Oleaje y Marea\"}]},{\"@type\":\"WebSite\",\"@id\":\"https:\\\/\\\/www.darrera.com\\\/es\\\/#website\",\"url\":\"https:\\\/\\\/www.darrera.com\\\/es\\\/\",\"name\":\"Darrera\",\"description\":\"Instrumentos, soluciones y servicios meteorol\u00f3gicos\",\"publisher\":{\"@id\":\"https:\\\/\\\/www.darrera.com\\\/es\\\/#organization\"},\"potentialAction\":[{\"@type\":\"SearchAction\",\"target\":{\"@type\":\"EntryPoint\",\"urlTemplate\":\"https:\\\/\\\/www.darrera.com\\\/es\\\/?s={search_term_string}\"},\"query-input\":{\"@type\":\"PropertyValueSpecification\",\"valueRequired\":true,\"valueName\":\"search_term_string\"}}],\"inLanguage\":\"es\"},{\"@type\":\"Organization\",\"@id\":\"https:\\\/\\\/www.darrera.com\\\/es\\\/#organization\",\"name\":\"Darrera\",\"url\":\"https:\\\/\\\/www.darrera.com\\\/es\\\/\",\"logo\":{\"@type\":\"ImageObject\",\"inLanguage\":\"es\",\"@id\":\"https:\\\/\\\/www.darrera.com\\\/es\\\/#\\\/schema\\\/logo\\\/image\\\/\",\"url\":\"https:\\\/\\\/www.darrera.com\\\/wp\\\/wp-content\\\/uploads\\\/logo-darrera.png\",\"contentUrl\":\"https:\\\/\\\/www.darrera.com\\\/wp\\\/wp-content\\\/uploads\\\/logo-darrera.png\",\"width\":500,\"height\":85,\"caption\":\"Darrera\"},\"image\":{\"@id\":\"https:\\\/\\\/www.darrera.com\\\/es\\\/#\\\/schema\\\/logo\\\/image\\\/\"},\"sameAs\":[\"http:\\\/\\\/facebook.com\\\/darrerameteo\",\"https:\\\/\\\/x.com\\\/darrera_meteo\",\"https:\\\/\\\/www.linkedin.com\\\/company\\\/darrera-s-a-\",\"http:\\\/\\\/youtube.com\\\/darreratv\"]}]}<\/script>\n<!-- \/ Yoast SEO plugin. -->","yoast_head_json":{"title":"Sensor de Oleaje y Marea | Darrera","robots":{"index":"index","follow":"follow","max-snippet":"max-snippet:-1","max-image-preview":"max-image-preview:large","max-video-preview":"max-video-preview:-1"},"canonical":"https:\/\/www.darrera.com\/es\/producto\/sm-140-sensor-oleaje-marea\/","og_locale":"es_ES","og_type":"article","og_title":"Sensor de Oleaje y Marea | Darrera","og_description":"Utiliza tecnolog\u00eda radar de microondas para proporcionar mediciones precisas y fiables del estado del mar bajo cualquier condici\u00f3n meteorol\u00f3gica. Puede configurarse para llevar a cabo un filtrado y promediado digital de las mediciones seg\u00fan las necesidades espec\u00edficas del usuario.","og_url":"https:\/\/www.darrera.com\/es\/producto\/sm-140-sensor-oleaje-marea\/","og_site_name":"Darrera","article_publisher":"http:\/\/facebook.com\/darrerameteo","article_modified_time":"2024-06-29T23:13:05+00:00","og_image":[{"width":950,"height":950,"url":"https:\/\/www.darrera.com\/wp-content\/uploads\/2018\/09\/sm-140-sensor-oleaje-marea.jpg","type":"image\/jpeg"}],"twitter_card":"summary_large_image","twitter_site":"@darrera_meteo","twitter_misc":{"Tiempo de lectura":"1 minuto"},"schema":{"@context":"https:\/\/schema.org","@graph":[{"@type":"WebPage","@id":"https:\/\/www.darrera.com\/es\/producto\/sm-140-sensor-oleaje-marea\/","url":"https:\/\/www.darrera.com\/es\/producto\/sm-140-sensor-oleaje-marea\/","name":"Sensor de Oleaje y Marea | Darrera","isPartOf":{"@id":"https:\/\/www.darrera.com\/es\/#website"},"primaryImageOfPage":{"@id":"https:\/\/www.darrera.com\/es\/producto\/sm-140-sensor-oleaje-marea\/#primaryimage"},"image":{"@id":"https:\/\/www.darrera.com\/es\/producto\/sm-140-sensor-oleaje-marea\/#primaryimage"},"thumbnailUrl":"https:\/\/www.darrera.com\/wp-content\/uploads\/2018\/09\/sm-140-sensor-oleaje-marea.jpg","datePublished":"2018-09-12T16:41:15+00:00","dateModified":"2024-06-29T23:13:05+00:00","breadcrumb":{"@id":"https:\/\/www.darrera.com\/es\/producto\/sm-140-sensor-oleaje-marea\/#breadcrumb"},"inLanguage":"es","potentialAction":[{"@type":"ReadAction","target":["https:\/\/www.darrera.com\/es\/producto\/sm-140-sensor-oleaje-marea\/"]}]},{"@type":"ImageObject","inLanguage":"es","@id":"https:\/\/www.darrera.com\/es\/producto\/sm-140-sensor-oleaje-marea\/#primaryimage","url":"https:\/\/www.darrera.com\/wp-content\/uploads\/2018\/09\/sm-140-sensor-oleaje-marea.jpg","contentUrl":"https:\/\/www.darrera.com\/wp-content\/uploads\/2018\/09\/sm-140-sensor-oleaje-marea.jpg","width":950,"height":950,"caption":"SM-140 - Sensor de Oleaje y Marea"},{"@type":"BreadcrumbList","@id":"https:\/\/www.darrera.com\/es\/producto\/sm-140-sensor-oleaje-marea\/#breadcrumb","itemListElement":[{"@type":"ListItem","position":1,"name":"Home","item":"https:\/\/www.darrera.com\/es\/"},{"@type":"ListItem","position":2,"name":"Productos","item":"https:\/\/www.darrera.com\/es\/productos\/"},{"@type":"ListItem","position":3,"name":"Sensor de Oleaje y Marea"}]},{"@type":"WebSite","@id":"https:\/\/www.darrera.com\/es\/#website","url":"https:\/\/www.darrera.com\/es\/","name":"Darrera","description":"Instrumentos, soluciones y servicios meteorol\u00f3gicos","publisher":{"@id":"https:\/\/www.darrera.com\/es\/#organization"},"potentialAction":[{"@type":"SearchAction","target":{"@type":"EntryPoint","urlTemplate":"https:\/\/www.darrera.com\/es\/?s={search_term_string}"},"query-input":{"@type":"PropertyValueSpecification","valueRequired":true,"valueName":"search_term_string"}}],"inLanguage":"es"},{"@type":"Organization","@id":"https:\/\/www.darrera.com\/es\/#organization","name":"Darrera","url":"https:\/\/www.darrera.com\/es\/","logo":{"@type":"ImageObject","inLanguage":"es","@id":"https:\/\/www.darrera.com\/es\/#\/schema\/logo\/image\/","url":"https:\/\/www.darrera.com\/wp\/wp-content\/uploads\/logo-darrera.png","contentUrl":"https:\/\/www.darrera.com\/wp\/wp-content\/uploads\/logo-darrera.png","width":500,"height":85,"caption":"Darrera"},"image":{"@id":"https:\/\/www.darrera.com\/es\/#\/schema\/logo\/image\/"},"sameAs":["http:\/\/facebook.com\/darrerameteo","https:\/\/x.com\/darrera_meteo","https:\/\/www.linkedin.com\/company\/darrera-s-a-","http:\/\/youtube.com\/darreratv"]}]}},"_links":{"self":[{"href":"https:\/\/www.darrera.com\/es\/wp-json\/wp\/v2\/product\/2412","targetHints":{"allow":["GET"]}}],"collection":[{"href":"https:\/\/www.darrera.com\/es\/wp-json\/wp\/v2\/product"}],"about":[{"href":"https:\/\/www.darrera.com\/es\/wp-json\/wp\/v2\/types\/product"}],"wp:featuredmedia":[{"embeddable":true,"href":"https:\/\/www.darrera.com\/es\/wp-json\/wp\/v2\/media\/2414"}],"wp:attachment":[{"href":"https:\/\/www.darrera.com\/es\/wp-json\/wp\/v2\/media?parent=2412"}],"wp:term":[{"taxonomy":"product_brand","embeddable":true,"href":"https:\/\/www.darrera.com\/es\/wp-json\/wp\/v2\/product_brand?post=2412"},{"taxonomy":"product_cat","embeddable":true,"href":"https:\/\/www.darrera.com\/es\/wp-json\/wp\/v2\/product_cat?post=2412"},{"taxonomy":"product_tag","embeddable":true,"href":"https:\/\/www.darrera.com\/es\/wp-json\/wp\/v2\/product_tag?post=2412"}],"curies":[{"name":"wp","href":"https:\/\/api.w.org\/{rel}","templated":true}]}}