{"id":2564,"date":"2018-09-23T19:43:45","date_gmt":"2018-09-23T17:43:45","guid":{"rendered":"https:\/\/www.darrera.com\/wp\/?post_type=product&#038;p=2564"},"modified":"2025-04-21T20:31:52","modified_gmt":"2025-04-21T18:31:52","slug":"mx2001-hobo-mx-water-level","status":"publish","type":"product","link":"https:\/\/www.darrera.com\/es\/producto\/mx2001-hobo-mx-water-level\/","title":{"rendered":"HOBO\u00ae MX Water Level"},"content":{"rendered":"<h3>Para dispositivos m\u00f3viles<\/h3>\n<p>HOBO\u00ae MX Water Level registra el nivel y la temperatura del agua con gran precisi\u00f3n y fiabilidad, y env\u00eda los datos por Bluetooth\u00ae y en tiempo real a la app gratuita HOBOconnect\u00ae para dispositivos iOS y Android.<\/p>\n<h3>Dise\u00f1o compacto y resistente en el agua<\/h3>\n<p>El datalogger presenta un dise\u00f1o compacto y est\u00e1 fabricado \u00edntegramente con materiales resistentes a la corrosi\u00f3n para garantizar una alta resistencia en el agua. Las 2 pilas AA incluidas garantizan una larga duraci\u00f3n antes de tener que ser reemplazada.<\/p>\n<h3>Especificaciones t\u00e9cnicas<\/h3>\n<h4>Especificaciones del datalogger<\/h4>\n<ul>\n<li>Capacidad: 30.000 registros<\/li>\n<\/ul>\n<h4>Especificaciones del sensor<\/h4>\n<p>Nivel de agua<\/p>\n<ul>\n<li>Rango: 0 a 4\/9\/30\/76 m<\/li>\n<li>Resoluci\u00f3n: 0,01 cm<\/li>\n<li>Precisi\u00f3n: \u00b10,05%<\/li>\n<\/ul>\n<p>Temperatura<\/p>\n<ul>\n<li>Rango: -20\u00baC a 50\u00baC<\/li>\n<li>Resoluci\u00f3n: 0,1\u00baC<\/li>\n<li>Precisi\u00f3n: \u00b10,4\u00baC<\/li>\n<\/ul>\n<h4>Especificaciones el\u00e9ctricas<\/h4>\n<ul>\n<li>Voltaje de alimentaci\u00f3n: 3 VDC<\/li>\n<li>Tipo de pila: 2 x AA<\/li>\n<li>Duraci\u00f3n de la pila: 1 a\u00f1o (aprox.)<\/li>\n<li>Se\u00f1al de salida: Bluetooth\u00ae<\/li>\n<\/ul>\n<h4>Especificaciones mec\u00e1nicas<\/h4>\n<ul>\n<li>Temperatura de funcionamiento: -20\u00baC a 50\u00baC<\/li>\n<li>Material: acero inoxidable y pl\u00e1stico de alta resistencia<\/li>\n<li>Dimensiones: \u2205 25,4 x 99,1 mm<\/li>\n<li>Peso: 106 g<\/li>\n<\/ul>\n","protected":false},"excerpt":{"rendered":"<p>Registra el nivel y la temperatura del agua con gran precisi\u00f3n y fiabilidad, y env\u00eda los datos por Bluetooth\u00ae y en tiempo real a la app gratuita HOBOconnect\u00ae para dispositivos iOS y Android.<\/p>\n","protected":false},"featured_media":2571,"template":"","meta":[],"product_brand":[],"product_cat":[309],"product_tag":[],"class_list":{"0":"post-2564","1":"product","2":"type-product","3":"status-publish","4":"has-post-thumbnail","6":"product_cat-registradores-nivel-agua-onset-computer","8":"first","9":"instock","10":"taxable","11":"shipping-taxable","12":"purchasable","13":"product-type-simple"},"yoast_head":"<!-- This site is optimized with the Yoast SEO plugin v26.9 - https:\/\/yoast.com\/product\/yoast-seo-wordpress\/ -->\n<title>HOBO\u00ae MX Water Level | Darrera<\/title>\n<meta name=\"robots\" content=\"index, follow, max-snippet:-1, max-image-preview:large, max-video-preview:-1\" \/>\n<link rel=\"canonical\" href=\"https:\/\/www.darrera.com\/en\/producto\/mx2001-hobo-mx-water-level\/\" \/>\n<meta property=\"og:locale\" content=\"es_ES\" \/>\n<meta property=\"og:type\" content=\"article\" \/>\n<meta property=\"og:title\" content=\"HOBO\u00ae MX Water Level | Darrera\" \/>\n<meta property=\"og:description\" content=\"Registra el nivel y la temperatura del agua con gran precisi\u00f3n y fiabilidad, y env\u00eda los datos por Bluetooth\u00ae y en tiempo real a la app gratuita HOBOconnect\u00ae para dispositivos iOS y Android.\" \/>\n<meta property=\"og:url\" content=\"https:\/\/www.darrera.com\/en\/producto\/mx2001-hobo-mx-water-level\/\" \/>\n<meta property=\"og:site_name\" content=\"Darrera\" \/>\n<meta property=\"article:publisher\" content=\"http:\/\/facebook.com\/darrerameteo\" \/>\n<meta property=\"article:modified_time\" content=\"2025-04-21T18:31:52+00:00\" \/>\n<meta property=\"og:image\" content=\"https:\/\/www.darrera.com\/wp-content\/uploads\/2018\/09\/mx2001-hobo-mx-water-level.jpg\" \/>\n\t<meta property=\"og:image:width\" content=\"950\" \/>\n\t<meta property=\"og:image:height\" content=\"950\" \/>\n\t<meta property=\"og:image:type\" content=\"image\/jpeg\" \/>\n<meta name=\"twitter:card\" content=\"summary_large_image\" \/>\n<meta name=\"twitter:site\" content=\"@darrera_meteo\" \/>\n<meta name=\"twitter:label1\" content=\"Tiempo de lectura\" \/>\n\t<meta name=\"twitter:data1\" content=\"1 minuto\" \/>\n<script type=\"application\/ld+json\" class=\"yoast-schema-graph\">{\"@context\":\"https:\/\/schema.org\",\"@graph\":[{\"@type\":\"WebPage\",\"@id\":\"https:\/\/www.darrera.com\/en\/producto\/mx2001-hobo-mx-water-level\/\",\"url\":\"https:\/\/www.darrera.com\/en\/producto\/mx2001-hobo-mx-water-level\/\",\"name\":\"HOBO\u00ae MX Water Level | Darrera\",\"isPartOf\":{\"@id\":\"https:\/\/www.darrera.com\/es\/#website\"},\"primaryImageOfPage\":{\"@id\":\"https:\/\/www.darrera.com\/en\/producto\/mx2001-hobo-mx-water-level\/#primaryimage\"},\"image\":{\"@id\":\"https:\/\/www.darrera.com\/en\/producto\/mx2001-hobo-mx-water-level\/#primaryimage\"},\"thumbnailUrl\":\"https:\/\/www.darrera.com\/wp-content\/uploads\/2018\/09\/mx2001-hobo-mx-water-level.jpg\",\"datePublished\":\"2018-09-23T17:43:45+00:00\",\"dateModified\":\"2025-04-21T18:31:52+00:00\",\"breadcrumb\":{\"@id\":\"https:\/\/www.darrera.com\/en\/producto\/mx2001-hobo-mx-water-level\/#breadcrumb\"},\"inLanguage\":\"es\",\"potentialAction\":[{\"@type\":\"ReadAction\",\"target\":[\"https:\/\/www.darrera.com\/en\/producto\/mx2001-hobo-mx-water-level\/\"]}]},{\"@type\":\"ImageObject\",\"inLanguage\":\"es\",\"@id\":\"https:\/\/www.darrera.com\/en\/producto\/mx2001-hobo-mx-water-level\/#primaryimage\",\"url\":\"https:\/\/www.darrera.com\/wp-content\/uploads\/2018\/09\/mx2001-hobo-mx-water-level.jpg\",\"contentUrl\":\"https:\/\/www.darrera.com\/wp-content\/uploads\/2018\/09\/mx2001-hobo-mx-water-level.jpg\",\"width\":950,\"height\":950,\"caption\":\"MX2001 - HOBO\u00ae MX Water Level\"},{\"@type\":\"BreadcrumbList\",\"@id\":\"https:\/\/www.darrera.com\/en\/producto\/mx2001-hobo-mx-water-level\/#breadcrumb\",\"itemListElement\":[{\"@type\":\"ListItem\",\"position\":1,\"name\":\"Home\",\"item\":\"https:\/\/www.darrera.com\/es\/\"},{\"@type\":\"ListItem\",\"position\":2,\"name\":\"Productos\",\"item\":\"https:\/\/www.darrera.com\/es\/productos\/\"},{\"@type\":\"ListItem\",\"position\":3,\"name\":\"HOBO\u00ae MX Water Level\"}]},{\"@type\":\"WebSite\",\"@id\":\"https:\/\/www.darrera.com\/es\/#website\",\"url\":\"https:\/\/www.darrera.com\/es\/\",\"name\":\"Darrera\",\"description\":\"Instrumentos, soluciones y servicios meteorol\u00f3gicos\",\"publisher\":{\"@id\":\"https:\/\/www.darrera.com\/es\/#organization\"},\"potentialAction\":[{\"@type\":\"SearchAction\",\"target\":{\"@type\":\"EntryPoint\",\"urlTemplate\":\"https:\/\/www.darrera.com\/es\/?s={search_term_string}\"},\"query-input\":{\"@type\":\"PropertyValueSpecification\",\"valueRequired\":true,\"valueName\":\"search_term_string\"}}],\"inLanguage\":\"es\"},{\"@type\":\"Organization\",\"@id\":\"https:\/\/www.darrera.com\/es\/#organization\",\"name\":\"Darrera\",\"url\":\"https:\/\/www.darrera.com\/es\/\",\"logo\":{\"@type\":\"ImageObject\",\"inLanguage\":\"es\",\"@id\":\"https:\/\/www.darrera.com\/es\/#\/schema\/logo\/image\/\",\"url\":\"https:\/\/www.darrera.com\/wp\/wp-content\/uploads\/logo-darrera.png\",\"contentUrl\":\"https:\/\/www.darrera.com\/wp\/wp-content\/uploads\/logo-darrera.png\",\"width\":500,\"height\":85,\"caption\":\"Darrera\"},\"image\":{\"@id\":\"https:\/\/www.darrera.com\/es\/#\/schema\/logo\/image\/\"},\"sameAs\":[\"http:\/\/facebook.com\/darrerameteo\",\"https:\/\/x.com\/darrera_meteo\",\"https:\/\/www.linkedin.com\/company\/darrera-s-a-\",\"http:\/\/youtube.com\/darreratv\"]}]}<\/script>\n<!-- \/ Yoast SEO plugin. -->","yoast_head_json":{"title":"HOBO\u00ae MX Water Level | Darrera","robots":{"index":"index","follow":"follow","max-snippet":"max-snippet:-1","max-image-preview":"max-image-preview:large","max-video-preview":"max-video-preview:-1"},"canonical":"https:\/\/www.darrera.com\/en\/producto\/mx2001-hobo-mx-water-level\/","og_locale":"es_ES","og_type":"article","og_title":"HOBO\u00ae MX Water Level | Darrera","og_description":"Registra el nivel y la temperatura del agua con gran precisi\u00f3n y fiabilidad, y env\u00eda los datos por Bluetooth\u00ae y en tiempo real a la app gratuita HOBOconnect\u00ae para dispositivos iOS y Android.","og_url":"https:\/\/www.darrera.com\/en\/producto\/mx2001-hobo-mx-water-level\/","og_site_name":"Darrera","article_publisher":"http:\/\/facebook.com\/darrerameteo","article_modified_time":"2025-04-21T18:31:52+00:00","og_image":[{"width":950,"height":950,"url":"https:\/\/www.darrera.com\/wp-content\/uploads\/2018\/09\/mx2001-hobo-mx-water-level.jpg","type":"image\/jpeg"}],"twitter_card":"summary_large_image","twitter_site":"@darrera_meteo","twitter_misc":{"Tiempo de lectura":"1 minuto"},"schema":{"@context":"https:\/\/schema.org","@graph":[{"@type":"WebPage","@id":"https:\/\/www.darrera.com\/en\/producto\/mx2001-hobo-mx-water-level\/","url":"https:\/\/www.darrera.com\/en\/producto\/mx2001-hobo-mx-water-level\/","name":"HOBO\u00ae MX Water Level | Darrera","isPartOf":{"@id":"https:\/\/www.darrera.com\/es\/#website"},"primaryImageOfPage":{"@id":"https:\/\/www.darrera.com\/en\/producto\/mx2001-hobo-mx-water-level\/#primaryimage"},"image":{"@id":"https:\/\/www.darrera.com\/en\/producto\/mx2001-hobo-mx-water-level\/#primaryimage"},"thumbnailUrl":"https:\/\/www.darrera.com\/wp-content\/uploads\/2018\/09\/mx2001-hobo-mx-water-level.jpg","datePublished":"2018-09-23T17:43:45+00:00","dateModified":"2025-04-21T18:31:52+00:00","breadcrumb":{"@id":"https:\/\/www.darrera.com\/en\/producto\/mx2001-hobo-mx-water-level\/#breadcrumb"},"inLanguage":"es","potentialAction":[{"@type":"ReadAction","target":["https:\/\/www.darrera.com\/en\/producto\/mx2001-hobo-mx-water-level\/"]}]},{"@type":"ImageObject","inLanguage":"es","@id":"https:\/\/www.darrera.com\/en\/producto\/mx2001-hobo-mx-water-level\/#primaryimage","url":"https:\/\/www.darrera.com\/wp-content\/uploads\/2018\/09\/mx2001-hobo-mx-water-level.jpg","contentUrl":"https:\/\/www.darrera.com\/wp-content\/uploads\/2018\/09\/mx2001-hobo-mx-water-level.jpg","width":950,"height":950,"caption":"MX2001 - HOBO\u00ae MX Water Level"},{"@type":"BreadcrumbList","@id":"https:\/\/www.darrera.com\/en\/producto\/mx2001-hobo-mx-water-level\/#breadcrumb","itemListElement":[{"@type":"ListItem","position":1,"name":"Home","item":"https:\/\/www.darrera.com\/es\/"},{"@type":"ListItem","position":2,"name":"Productos","item":"https:\/\/www.darrera.com\/es\/productos\/"},{"@type":"ListItem","position":3,"name":"HOBO\u00ae MX Water Level"}]},{"@type":"WebSite","@id":"https:\/\/www.darrera.com\/es\/#website","url":"https:\/\/www.darrera.com\/es\/","name":"Darrera","description":"Instrumentos, soluciones y servicios meteorol\u00f3gicos","publisher":{"@id":"https:\/\/www.darrera.com\/es\/#organization"},"potentialAction":[{"@type":"SearchAction","target":{"@type":"EntryPoint","urlTemplate":"https:\/\/www.darrera.com\/es\/?s={search_term_string}"},"query-input":{"@type":"PropertyValueSpecification","valueRequired":true,"valueName":"search_term_string"}}],"inLanguage":"es"},{"@type":"Organization","@id":"https:\/\/www.darrera.com\/es\/#organization","name":"Darrera","url":"https:\/\/www.darrera.com\/es\/","logo":{"@type":"ImageObject","inLanguage":"es","@id":"https:\/\/www.darrera.com\/es\/#\/schema\/logo\/image\/","url":"https:\/\/www.darrera.com\/wp\/wp-content\/uploads\/logo-darrera.png","contentUrl":"https:\/\/www.darrera.com\/wp\/wp-content\/uploads\/logo-darrera.png","width":500,"height":85,"caption":"Darrera"},"image":{"@id":"https:\/\/www.darrera.com\/es\/#\/schema\/logo\/image\/"},"sameAs":["http:\/\/facebook.com\/darrerameteo","https:\/\/x.com\/darrera_meteo","https:\/\/www.linkedin.com\/company\/darrera-s-a-","http:\/\/youtube.com\/darreratv"]}]}},"_links":{"self":[{"href":"https:\/\/www.darrera.com\/es\/wp-json\/wp\/v2\/product\/2564","targetHints":{"allow":["GET"]}}],"collection":[{"href":"https:\/\/www.darrera.com\/es\/wp-json\/wp\/v2\/product"}],"about":[{"href":"https:\/\/www.darrera.com\/es\/wp-json\/wp\/v2\/types\/product"}],"wp:featuredmedia":[{"embeddable":true,"href":"https:\/\/www.darrera.com\/es\/wp-json\/wp\/v2\/media\/2571"}],"wp:attachment":[{"href":"https:\/\/www.darrera.com\/es\/wp-json\/wp\/v2\/media?parent=2564"}],"wp:term":[{"taxonomy":"product_brand","embeddable":true,"href":"https:\/\/www.darrera.com\/es\/wp-json\/wp\/v2\/product_brand?post=2564"},{"taxonomy":"product_cat","embeddable":true,"href":"https:\/\/www.darrera.com\/es\/wp-json\/wp\/v2\/product_cat?post=2564"},{"taxonomy":"product_tag","embeddable":true,"href":"https:\/\/www.darrera.com\/es\/wp-json\/wp\/v2\/product_tag?post=2564"}],"curies":[{"name":"wp","href":"https:\/\/api.w.org\/{rel}","templated":true}]}}