{"id":2580,"date":"2018-09-24T12:43:43","date_gmt":"2018-09-24T10:43:43","guid":{"rendered":"https:\/\/www.darrera.com\/wp\/?post_type=product&#038;p=2580"},"modified":"2026-03-04T09:37:59","modified_gmt":"2026-03-04T08:37:59","slug":"u20-001-ti-hobo-u20-ti-water-level","status":"publish","type":"product","link":"https:\/\/www.darrera.com\/es\/producto\/u20-001-ti-hobo-u20-ti-water-level\/","title":{"rendered":"HOBO\u00ae U20-Ti Water Level"},"content":{"rendered":"<h3>M\u00e1xima precisi\u00f3n<\/h3>\n<p>HOBO\u00ae U20-Ti Water Level registra el nivel y la temperatura del agua con gran precisi\u00f3n y fiabilidad. El datalogger utiliza un sensor cer\u00e1mico de presi\u00f3n para medir el nivel, lo que garantiza su durabilidad y evita derivas en la precisi\u00f3n con el paso del tiempo.<\/p>\n<p>El software gratuito HOBOware\u00ae, disponible para Windows y Mac, permite descargar y visualizar los datos registrados, adem\u00e1s de configurar todos los par\u00e1metros del instrumento, como la fecha y la hora. La comunicaci\u00f3n con el ordenador se realiza ya sea a trav\u00e9s de la estaci\u00f3n base USB \u00f3ptica universal BASE-U-4 o utilizando el shuttle U-DTW-1 (no incluidos).<\/p>\n<h3>Dise\u00f1o compacto y resistente en el agua<\/h3>\n<p>El datalogger presenta un dise\u00f1o compacto y est\u00e1 fabricado \u00edntegramente con materiales resistentes a la corrosi\u00f3n para garantizar una alta resistencia en el agua. La pila de litio incluida garantiza una larga duraci\u00f3n antes de tener que ser reemplazada.<\/p>\n<h3>Especificaciones t\u00e9cnicas<\/h3>\n<h4>Especificaciones del datalogger<\/h4>\n<ul>\n<li>Capacidad: 21.700 registros<\/li>\n<\/ul>\n<h4>Especificaciones del sensor<\/h4>\n<p>Nivel de agua<\/p>\n<ul>\n<li>Rango: 0 a 4\/9\/30\/76 m<\/li>\n<li>Resoluci\u00f3n: 0,01 cm<\/li>\n<li>Precisi\u00f3n: \u00b10,05%<\/li>\n<\/ul>\n<p>Temperatura<\/p>\n<ul>\n<li>Rango: -20\u00baC a 50\u00baC<\/li>\n<li>Resoluci\u00f3n: 0,1\u00baC<\/li>\n<li>Precisi\u00f3n: \u00b10,4\u00baC<\/li>\n<\/ul>\n<h4>Especificaciones el\u00e9ctricas<\/h4>\n<ul>\n<li>Voltaje de alimentaci\u00f3n: 3,6 VDC<\/li>\n<li>Tipo de pila: 1 x 2\/3 AA (litio)<\/li>\n<li>Duraci\u00f3n de la pila: 5 a\u00f1os (aprox.)<\/li>\n<li>Se\u00f1al de salida: \u00f3ptica<\/li>\n<\/ul>\n<h4>Especificaciones mec\u00e1nicas<\/h4>\n<ul>\n<li>Temperatura de funcionamiento: -20\u00baC a 50\u00baC<\/li>\n<li>Material: titanio<\/li>\n<li>Dimensiones: \u2205 24,6 x 150 mm<\/li>\n<li>Peso: 140 g<\/li>\n<\/ul>\n","protected":false},"excerpt":{"rendered":"<p>Registra el nivel y la temperatura del agua con gran precisi\u00f3n y fiabilidad. Utiliza un sensor cer\u00e1mico de presi\u00f3n, lo que garantiza su durabilidad y evita derivas en la precisi\u00f3n.<\/p>\n","protected":false},"featured_media":2582,"template":"","meta":[],"product_brand":[],"product_cat":[309],"product_tag":[],"class_list":{"0":"post-2580","1":"product","2":"type-product","3":"status-publish","4":"has-post-thumbnail","6":"product_cat-registradores-nivel-agua-onset-computer","8":"first","9":"instock","10":"taxable","11":"shipping-taxable","12":"purchasable","13":"product-type-simple"},"yoast_head":"<!-- This site is optimized with the Yoast SEO plugin v27.3 - https:\/\/yoast.com\/product\/yoast-seo-wordpress\/ -->\n<title>HOBO\u00ae U20-Ti Water Level | Darrera<\/title>\n<meta name=\"robots\" content=\"index, follow, max-snippet:-1, max-image-preview:large, max-video-preview:-1\" \/>\n<link rel=\"canonical\" href=\"https:\/\/www.darrera.com\/es\/producto\/u20-001-ti-hobo-u20-ti-water-level\/\" \/>\n<meta property=\"og:locale\" content=\"es_ES\" \/>\n<meta property=\"og:type\" content=\"article\" \/>\n<meta property=\"og:title\" content=\"HOBO\u00ae U20-Ti Water Level | Darrera\" \/>\n<meta property=\"og:description\" content=\"Registra el nivel y la temperatura del agua con gran precisi\u00f3n y fiabilidad. Utiliza un sensor cer\u00e1mico de presi\u00f3n, lo que garantiza su durabilidad y evita derivas en la precisi\u00f3n.\" \/>\n<meta property=\"og:url\" content=\"https:\/\/www.darrera.com\/es\/producto\/u20-001-ti-hobo-u20-ti-water-level\/\" \/>\n<meta property=\"og:site_name\" content=\"Darrera\" \/>\n<meta property=\"article:publisher\" content=\"http:\/\/facebook.com\/darrerameteo\" \/>\n<meta property=\"article:modified_time\" content=\"2026-03-04T08:37:59+00:00\" \/>\n<meta property=\"og:image\" content=\"https:\/\/www.darrera.com\/wp-content\/uploads\/2018\/09\/u20-001-ti-hobo-u20-ti-water-level.jpg\" \/>\n\t<meta property=\"og:image:width\" content=\"950\" \/>\n\t<meta property=\"og:image:height\" content=\"950\" \/>\n\t<meta property=\"og:image:type\" content=\"image\/jpeg\" \/>\n<meta name=\"twitter:card\" content=\"summary_large_image\" \/>\n<meta name=\"twitter:site\" content=\"@darrera_meteo\" \/>\n<meta name=\"twitter:label1\" content=\"Tiempo de lectura\" \/>\n\t<meta name=\"twitter:data1\" content=\"1 minuto\" \/>\n<script type=\"application\/ld+json\" class=\"yoast-schema-graph\">{\"@context\":\"https:\\\/\\\/schema.org\",\"@graph\":[{\"@type\":\"WebPage\",\"@id\":\"https:\\\/\\\/www.darrera.com\\\/es\\\/producto\\\/u20-001-ti-hobo-u20-ti-water-level\\\/\",\"url\":\"https:\\\/\\\/www.darrera.com\\\/es\\\/producto\\\/u20-001-ti-hobo-u20-ti-water-level\\\/\",\"name\":\"HOBO\u00ae U20-Ti Water Level | Darrera\",\"isPartOf\":{\"@id\":\"https:\\\/\\\/www.darrera.com\\\/es\\\/#website\"},\"primaryImageOfPage\":{\"@id\":\"https:\\\/\\\/www.darrera.com\\\/es\\\/producto\\\/u20-001-ti-hobo-u20-ti-water-level\\\/#primaryimage\"},\"image\":{\"@id\":\"https:\\\/\\\/www.darrera.com\\\/es\\\/producto\\\/u20-001-ti-hobo-u20-ti-water-level\\\/#primaryimage\"},\"thumbnailUrl\":\"https:\\\/\\\/www.darrera.com\\\/wp-content\\\/uploads\\\/2018\\\/09\\\/u20-001-ti-hobo-u20-ti-water-level.jpg\",\"datePublished\":\"2018-09-24T10:43:43+00:00\",\"dateModified\":\"2026-03-04T08:37:59+00:00\",\"breadcrumb\":{\"@id\":\"https:\\\/\\\/www.darrera.com\\\/es\\\/producto\\\/u20-001-ti-hobo-u20-ti-water-level\\\/#breadcrumb\"},\"inLanguage\":\"es\",\"potentialAction\":[{\"@type\":\"ReadAction\",\"target\":[\"https:\\\/\\\/www.darrera.com\\\/es\\\/producto\\\/u20-001-ti-hobo-u20-ti-water-level\\\/\"]}]},{\"@type\":\"ImageObject\",\"inLanguage\":\"es\",\"@id\":\"https:\\\/\\\/www.darrera.com\\\/es\\\/producto\\\/u20-001-ti-hobo-u20-ti-water-level\\\/#primaryimage\",\"url\":\"https:\\\/\\\/www.darrera.com\\\/wp-content\\\/uploads\\\/2018\\\/09\\\/u20-001-ti-hobo-u20-ti-water-level.jpg\",\"contentUrl\":\"https:\\\/\\\/www.darrera.com\\\/wp-content\\\/uploads\\\/2018\\\/09\\\/u20-001-ti-hobo-u20-ti-water-level.jpg\",\"width\":950,\"height\":950,\"caption\":\"U20-001-TI - HOBO\u00ae U20-Ti Water Level\"},{\"@type\":\"BreadcrumbList\",\"@id\":\"https:\\\/\\\/www.darrera.com\\\/es\\\/producto\\\/u20-001-ti-hobo-u20-ti-water-level\\\/#breadcrumb\",\"itemListElement\":[{\"@type\":\"ListItem\",\"position\":1,\"name\":\"Home\",\"item\":\"https:\\\/\\\/www.darrera.com\\\/es\\\/\"},{\"@type\":\"ListItem\",\"position\":2,\"name\":\"Productos\",\"item\":\"https:\\\/\\\/www.darrera.com\\\/es\\\/productos\\\/\"},{\"@type\":\"ListItem\",\"position\":3,\"name\":\"HOBO\u00ae U20-Ti Water Level\"}]},{\"@type\":\"WebSite\",\"@id\":\"https:\\\/\\\/www.darrera.com\\\/es\\\/#website\",\"url\":\"https:\\\/\\\/www.darrera.com\\\/es\\\/\",\"name\":\"Darrera\",\"description\":\"Instrumentos, soluciones y servicios meteorol\u00f3gicos\",\"publisher\":{\"@id\":\"https:\\\/\\\/www.darrera.com\\\/es\\\/#organization\"},\"potentialAction\":[{\"@type\":\"SearchAction\",\"target\":{\"@type\":\"EntryPoint\",\"urlTemplate\":\"https:\\\/\\\/www.darrera.com\\\/es\\\/?s={search_term_string}\"},\"query-input\":{\"@type\":\"PropertyValueSpecification\",\"valueRequired\":true,\"valueName\":\"search_term_string\"}}],\"inLanguage\":\"es\"},{\"@type\":\"Organization\",\"@id\":\"https:\\\/\\\/www.darrera.com\\\/es\\\/#organization\",\"name\":\"Darrera\",\"url\":\"https:\\\/\\\/www.darrera.com\\\/es\\\/\",\"logo\":{\"@type\":\"ImageObject\",\"inLanguage\":\"es\",\"@id\":\"https:\\\/\\\/www.darrera.com\\\/es\\\/#\\\/schema\\\/logo\\\/image\\\/\",\"url\":\"https:\\\/\\\/www.darrera.com\\\/wp\\\/wp-content\\\/uploads\\\/logo-darrera.png\",\"contentUrl\":\"https:\\\/\\\/www.darrera.com\\\/wp\\\/wp-content\\\/uploads\\\/logo-darrera.png\",\"width\":500,\"height\":85,\"caption\":\"Darrera\"},\"image\":{\"@id\":\"https:\\\/\\\/www.darrera.com\\\/es\\\/#\\\/schema\\\/logo\\\/image\\\/\"},\"sameAs\":[\"http:\\\/\\\/facebook.com\\\/darrerameteo\",\"https:\\\/\\\/x.com\\\/darrera_meteo\",\"https:\\\/\\\/www.linkedin.com\\\/company\\\/darrera-s-a-\",\"http:\\\/\\\/youtube.com\\\/darreratv\"]}]}<\/script>\n<!-- \/ Yoast SEO plugin. -->","yoast_head_json":{"title":"HOBO\u00ae U20-Ti Water Level | Darrera","robots":{"index":"index","follow":"follow","max-snippet":"max-snippet:-1","max-image-preview":"max-image-preview:large","max-video-preview":"max-video-preview:-1"},"canonical":"https:\/\/www.darrera.com\/es\/producto\/u20-001-ti-hobo-u20-ti-water-level\/","og_locale":"es_ES","og_type":"article","og_title":"HOBO\u00ae U20-Ti Water Level | Darrera","og_description":"Registra el nivel y la temperatura del agua con gran precisi\u00f3n y fiabilidad. Utiliza un sensor cer\u00e1mico de presi\u00f3n, lo que garantiza su durabilidad y evita derivas en la precisi\u00f3n.","og_url":"https:\/\/www.darrera.com\/es\/producto\/u20-001-ti-hobo-u20-ti-water-level\/","og_site_name":"Darrera","article_publisher":"http:\/\/facebook.com\/darrerameteo","article_modified_time":"2026-03-04T08:37:59+00:00","og_image":[{"width":950,"height":950,"url":"https:\/\/www.darrera.com\/wp-content\/uploads\/2018\/09\/u20-001-ti-hobo-u20-ti-water-level.jpg","type":"image\/jpeg"}],"twitter_card":"summary_large_image","twitter_site":"@darrera_meteo","twitter_misc":{"Tiempo de lectura":"1 minuto"},"schema":{"@context":"https:\/\/schema.org","@graph":[{"@type":"WebPage","@id":"https:\/\/www.darrera.com\/es\/producto\/u20-001-ti-hobo-u20-ti-water-level\/","url":"https:\/\/www.darrera.com\/es\/producto\/u20-001-ti-hobo-u20-ti-water-level\/","name":"HOBO\u00ae U20-Ti Water Level | Darrera","isPartOf":{"@id":"https:\/\/www.darrera.com\/es\/#website"},"primaryImageOfPage":{"@id":"https:\/\/www.darrera.com\/es\/producto\/u20-001-ti-hobo-u20-ti-water-level\/#primaryimage"},"image":{"@id":"https:\/\/www.darrera.com\/es\/producto\/u20-001-ti-hobo-u20-ti-water-level\/#primaryimage"},"thumbnailUrl":"https:\/\/www.darrera.com\/wp-content\/uploads\/2018\/09\/u20-001-ti-hobo-u20-ti-water-level.jpg","datePublished":"2018-09-24T10:43:43+00:00","dateModified":"2026-03-04T08:37:59+00:00","breadcrumb":{"@id":"https:\/\/www.darrera.com\/es\/producto\/u20-001-ti-hobo-u20-ti-water-level\/#breadcrumb"},"inLanguage":"es","potentialAction":[{"@type":"ReadAction","target":["https:\/\/www.darrera.com\/es\/producto\/u20-001-ti-hobo-u20-ti-water-level\/"]}]},{"@type":"ImageObject","inLanguage":"es","@id":"https:\/\/www.darrera.com\/es\/producto\/u20-001-ti-hobo-u20-ti-water-level\/#primaryimage","url":"https:\/\/www.darrera.com\/wp-content\/uploads\/2018\/09\/u20-001-ti-hobo-u20-ti-water-level.jpg","contentUrl":"https:\/\/www.darrera.com\/wp-content\/uploads\/2018\/09\/u20-001-ti-hobo-u20-ti-water-level.jpg","width":950,"height":950,"caption":"U20-001-TI - HOBO\u00ae U20-Ti Water Level"},{"@type":"BreadcrumbList","@id":"https:\/\/www.darrera.com\/es\/producto\/u20-001-ti-hobo-u20-ti-water-level\/#breadcrumb","itemListElement":[{"@type":"ListItem","position":1,"name":"Home","item":"https:\/\/www.darrera.com\/es\/"},{"@type":"ListItem","position":2,"name":"Productos","item":"https:\/\/www.darrera.com\/es\/productos\/"},{"@type":"ListItem","position":3,"name":"HOBO\u00ae U20-Ti Water Level"}]},{"@type":"WebSite","@id":"https:\/\/www.darrera.com\/es\/#website","url":"https:\/\/www.darrera.com\/es\/","name":"Darrera","description":"Instrumentos, soluciones y servicios meteorol\u00f3gicos","publisher":{"@id":"https:\/\/www.darrera.com\/es\/#organization"},"potentialAction":[{"@type":"SearchAction","target":{"@type":"EntryPoint","urlTemplate":"https:\/\/www.darrera.com\/es\/?s={search_term_string}"},"query-input":{"@type":"PropertyValueSpecification","valueRequired":true,"valueName":"search_term_string"}}],"inLanguage":"es"},{"@type":"Organization","@id":"https:\/\/www.darrera.com\/es\/#organization","name":"Darrera","url":"https:\/\/www.darrera.com\/es\/","logo":{"@type":"ImageObject","inLanguage":"es","@id":"https:\/\/www.darrera.com\/es\/#\/schema\/logo\/image\/","url":"https:\/\/www.darrera.com\/wp\/wp-content\/uploads\/logo-darrera.png","contentUrl":"https:\/\/www.darrera.com\/wp\/wp-content\/uploads\/logo-darrera.png","width":500,"height":85,"caption":"Darrera"},"image":{"@id":"https:\/\/www.darrera.com\/es\/#\/schema\/logo\/image\/"},"sameAs":["http:\/\/facebook.com\/darrerameteo","https:\/\/x.com\/darrera_meteo","https:\/\/www.linkedin.com\/company\/darrera-s-a-","http:\/\/youtube.com\/darreratv"]}]}},"_links":{"self":[{"href":"https:\/\/www.darrera.com\/es\/wp-json\/wp\/v2\/product\/2580","targetHints":{"allow":["GET"]}}],"collection":[{"href":"https:\/\/www.darrera.com\/es\/wp-json\/wp\/v2\/product"}],"about":[{"href":"https:\/\/www.darrera.com\/es\/wp-json\/wp\/v2\/types\/product"}],"wp:featuredmedia":[{"embeddable":true,"href":"https:\/\/www.darrera.com\/es\/wp-json\/wp\/v2\/media\/2582"}],"wp:attachment":[{"href":"https:\/\/www.darrera.com\/es\/wp-json\/wp\/v2\/media?parent=2580"}],"wp:term":[{"taxonomy":"product_brand","embeddable":true,"href":"https:\/\/www.darrera.com\/es\/wp-json\/wp\/v2\/product_brand?post=2580"},{"taxonomy":"product_cat","embeddable":true,"href":"https:\/\/www.darrera.com\/es\/wp-json\/wp\/v2\/product_cat?post=2580"},{"taxonomy":"product_tag","embeddable":true,"href":"https:\/\/www.darrera.com\/es\/wp-json\/wp\/v2\/product_tag?post=2580"}],"curies":[{"name":"wp","href":"https:\/\/api.w.org\/{rel}","templated":true}]}}