{"id":2827,"date":"2019-02-01T20:16:02","date_gmt":"2019-02-01T19:16:02","guid":{"rendered":"https:\/\/www.darrera.com\/wp\/?post_type=product&#038;p=2827"},"modified":"2025-05-26T19:34:30","modified_gmt":"2025-05-26T17:34:30","slug":"sr30-piranometro-estandar-secundario-calefactado-ventilado","status":"publish","type":"product","link":"https:\/\/www.darrera.com\/es\/producto\/sr30-piranometro-estandar-secundario-calefactado-ventilado\/","title":{"rendered":"Piran\u00f3metro Est\u00e1ndar Secundario Calefactado y Ventilado"},"content":{"rendered":"<h3>M\u00e1xima precisi\u00f3n<\/h3>\n<p>El piran\u00f3metro mide de forma precisa la radiaci\u00f3n solar global incidente sobre la superficie de la Tierra. Est\u00e1 especialmente dise\u00f1ado para cumplir con la norma ISO 9060 y con las directrices establecidas por la Organizaci\u00f3n Meteorol\u00f3gica Mundial (OMM).<\/p>\n<h3>Dise\u00f1o resistente a la intemperie<\/h3>\n<p>El instrumento est\u00e1 fabricado \u00edntegramente con materiales resistentes a la corrosi\u00f3n para garantizar una alta resistencia a la intemperie. Incluye un calefactor y un ventilador internos para prevenir la formaci\u00f3n de roc\u00edo y escarcha sobre la c\u00fapula de vidrio.<\/p>\n<h3>Salida digital<\/h3>\n<p>Se puede conectar a cualquier datalogger convencional para llevar a cabo el almacenamiento de los datos y su posterior descarga y visualizaci\u00f3n en un ordenador.<\/p>\n<h3>Anillo de sombra opcional<\/h3>\n<p>Suprime la radiaci\u00f3n directa permitiendo medir \u00fanicamente la radiaci\u00f3n difusa.<\/p>\n<h3>Infinidad de aplicaciones<\/h3>\n<p>Su incre\u00edble versatilidad lo hace id\u00f3neo para todo tipo de aplicaciones en multitud de \u00e1mbitos, entre los que destacan:<\/p>\n<ul>\n<li>Investigaci\u00f3n atmosf\u00e9rica.<\/li>\n<li>Meteorolog\u00eda.<\/li>\n<li>Plantas fotovoltaicas.<\/li>\n<\/ul>\n<h3>Especificaciones t\u00e9cnicas<\/h3>\n<h4>Especificaciones del sensor<\/h4>\n<ul>\n<li>Respuesta espectral: 285 a 3.000 nm<\/li>\n<li>Rango: -400 a 4.000 W\/m2<\/li>\n<li>Sensibilidad: 10 \u03bcV\/(W\/m2)<\/li>\n<li>Tiempo de respuesta: 3 s (m\u00e1x.)<\/li>\n<li>Offset A: 2 W\/m2 (m\u00e1x.)<\/li>\n<li>Offset B: 2 W\/m2 (m\u00e1x.)<\/li>\n<li>Respuesta coseno: 10 W\/m2 (m\u00e1x.)<\/li>\n<li>Dependencia con la temperatura: 0,4% (m\u00e1x.)<\/li>\n<li>Deriva: 0,5% por a\u00f1o (m\u00e1x.)<\/li>\n<\/ul>\n<h4>Especificaciones el\u00e9ctricas<\/h4>\n<ul>\n<li>Voltaje de alimentaci\u00f3n: 5 a 30 VDC<\/li>\n<li>Consumo: 20 mA (m\u00e1x.)<\/li>\n<li>Voltaje del calefactor y el ventilador: 8 a 30 VDC<\/li>\n<li>Consumo del calefactor y el ventilador: 290 mA (m\u00e1x.)<\/li>\n<li>Se\u00f1al de salida: RS-485<\/li>\n<\/ul>\n<h4>Especificaciones mec\u00e1nicas<\/h4>\n<ul>\n<li>Temperatura de funcionamiento: -40\u00baC a 80\u00baC<\/li>\n<li>Material: aluminio y pl\u00e1stico de alta resistencia<\/li>\n<li>Dimensiones: \u2205 92 x 95 mm<\/li>\n<li>Peso: 0,64 Kg<\/li>\n<\/ul>\n","protected":false},"excerpt":{"rendered":"<p>Mide de forma precisa la radiaci\u00f3n solar global incidente sobre la superficie de la Tierra. Cumple con la norma ISO 9060.<\/p>\n","protected":false},"featured_media":2829,"template":"","meta":[],"product_brand":[],"product_cat":[190],"product_tag":[],"class_list":{"0":"post-2827","1":"product","2":"type-product","3":"status-publish","4":"has-post-thumbnail","6":"product_cat-piranometros","8":"first","9":"instock","10":"taxable","11":"shipping-taxable","12":"product-type-simple"},"yoast_head":"<!-- This site is optimized with the Yoast SEO plugin v27.3 - https:\/\/yoast.com\/product\/yoast-seo-wordpress\/ -->\n<title>Piran\u00f3metro Est\u00e1ndar Secundario Calefactado y Ventilado | Darrera<\/title>\n<meta name=\"robots\" content=\"index, follow, max-snippet:-1, max-image-preview:large, max-video-preview:-1\" \/>\n<link rel=\"canonical\" href=\"https:\/\/www.darrera.com\/es\/producto\/sr30-piranometro-estandar-secundario-calefactado-ventilado\/\" \/>\n<meta property=\"og:locale\" content=\"es_ES\" \/>\n<meta property=\"og:type\" content=\"article\" \/>\n<meta property=\"og:title\" content=\"Piran\u00f3metro Est\u00e1ndar Secundario Calefactado y Ventilado | Darrera\" \/>\n<meta property=\"og:description\" content=\"Mide de forma precisa la radiaci\u00f3n solar global incidente sobre la superficie de la Tierra. Cumple con la norma ISO 9060.\" \/>\n<meta property=\"og:url\" content=\"https:\/\/www.darrera.com\/es\/producto\/sr30-piranometro-estandar-secundario-calefactado-ventilado\/\" \/>\n<meta property=\"og:site_name\" content=\"Darrera\" \/>\n<meta property=\"article:publisher\" content=\"http:\/\/facebook.com\/darrerameteo\" \/>\n<meta property=\"article:modified_time\" content=\"2025-05-26T17:34:30+00:00\" \/>\n<meta property=\"og:image\" content=\"https:\/\/www.darrera.com\/wp-content\/uploads\/2019\/02\/sr30-piranometro-estandar-secundario-calefactado-ventilado.jpg\" \/>\n\t<meta property=\"og:image:width\" content=\"950\" \/>\n\t<meta property=\"og:image:height\" content=\"950\" \/>\n\t<meta property=\"og:image:type\" content=\"image\/jpeg\" \/>\n<meta name=\"twitter:card\" content=\"summary_large_image\" \/>\n<meta name=\"twitter:site\" content=\"@darrera_meteo\" \/>\n<meta name=\"twitter:label1\" content=\"Tiempo de lectura\" \/>\n\t<meta name=\"twitter:data1\" content=\"2 minutos\" \/>\n<script type=\"application\/ld+json\" class=\"yoast-schema-graph\">{\"@context\":\"https:\\\/\\\/schema.org\",\"@graph\":[{\"@type\":\"WebPage\",\"@id\":\"https:\\\/\\\/www.darrera.com\\\/es\\\/producto\\\/sr30-piranometro-estandar-secundario-calefactado-ventilado\\\/\",\"url\":\"https:\\\/\\\/www.darrera.com\\\/es\\\/producto\\\/sr30-piranometro-estandar-secundario-calefactado-ventilado\\\/\",\"name\":\"Piran\u00f3metro Est\u00e1ndar Secundario Calefactado y Ventilado | Darrera\",\"isPartOf\":{\"@id\":\"https:\\\/\\\/www.darrera.com\\\/es\\\/#website\"},\"primaryImageOfPage\":{\"@id\":\"https:\\\/\\\/www.darrera.com\\\/es\\\/producto\\\/sr30-piranometro-estandar-secundario-calefactado-ventilado\\\/#primaryimage\"},\"image\":{\"@id\":\"https:\\\/\\\/www.darrera.com\\\/es\\\/producto\\\/sr30-piranometro-estandar-secundario-calefactado-ventilado\\\/#primaryimage\"},\"thumbnailUrl\":\"https:\\\/\\\/www.darrera.com\\\/wp-content\\\/uploads\\\/2019\\\/02\\\/sr30-piranometro-estandar-secundario-calefactado-ventilado.jpg\",\"datePublished\":\"2019-02-01T19:16:02+00:00\",\"dateModified\":\"2025-05-26T17:34:30+00:00\",\"breadcrumb\":{\"@id\":\"https:\\\/\\\/www.darrera.com\\\/es\\\/producto\\\/sr30-piranometro-estandar-secundario-calefactado-ventilado\\\/#breadcrumb\"},\"inLanguage\":\"es\",\"potentialAction\":[{\"@type\":\"ReadAction\",\"target\":[\"https:\\\/\\\/www.darrera.com\\\/es\\\/producto\\\/sr30-piranometro-estandar-secundario-calefactado-ventilado\\\/\"]}]},{\"@type\":\"ImageObject\",\"inLanguage\":\"es\",\"@id\":\"https:\\\/\\\/www.darrera.com\\\/es\\\/producto\\\/sr30-piranometro-estandar-secundario-calefactado-ventilado\\\/#primaryimage\",\"url\":\"https:\\\/\\\/www.darrera.com\\\/wp-content\\\/uploads\\\/2019\\\/02\\\/sr30-piranometro-estandar-secundario-calefactado-ventilado.jpg\",\"contentUrl\":\"https:\\\/\\\/www.darrera.com\\\/wp-content\\\/uploads\\\/2019\\\/02\\\/sr30-piranometro-estandar-secundario-calefactado-ventilado.jpg\",\"width\":950,\"height\":950,\"caption\":\"SR30 - Piran\u00f3metro Est\u00e1ndar Secundario Calefactado y Ventilado\"},{\"@type\":\"BreadcrumbList\",\"@id\":\"https:\\\/\\\/www.darrera.com\\\/es\\\/producto\\\/sr30-piranometro-estandar-secundario-calefactado-ventilado\\\/#breadcrumb\",\"itemListElement\":[{\"@type\":\"ListItem\",\"position\":1,\"name\":\"Home\",\"item\":\"https:\\\/\\\/www.darrera.com\\\/es\\\/\"},{\"@type\":\"ListItem\",\"position\":2,\"name\":\"Productos\",\"item\":\"https:\\\/\\\/www.darrera.com\\\/es\\\/productos\\\/\"},{\"@type\":\"ListItem\",\"position\":3,\"name\":\"Piran\u00f3metro Est\u00e1ndar Secundario Calefactado y Ventilado\"}]},{\"@type\":\"WebSite\",\"@id\":\"https:\\\/\\\/www.darrera.com\\\/es\\\/#website\",\"url\":\"https:\\\/\\\/www.darrera.com\\\/es\\\/\",\"name\":\"Darrera\",\"description\":\"Instrumentos, soluciones y servicios meteorol\u00f3gicos\",\"publisher\":{\"@id\":\"https:\\\/\\\/www.darrera.com\\\/es\\\/#organization\"},\"potentialAction\":[{\"@type\":\"SearchAction\",\"target\":{\"@type\":\"EntryPoint\",\"urlTemplate\":\"https:\\\/\\\/www.darrera.com\\\/es\\\/?s={search_term_string}\"},\"query-input\":{\"@type\":\"PropertyValueSpecification\",\"valueRequired\":true,\"valueName\":\"search_term_string\"}}],\"inLanguage\":\"es\"},{\"@type\":\"Organization\",\"@id\":\"https:\\\/\\\/www.darrera.com\\\/es\\\/#organization\",\"name\":\"Darrera\",\"url\":\"https:\\\/\\\/www.darrera.com\\\/es\\\/\",\"logo\":{\"@type\":\"ImageObject\",\"inLanguage\":\"es\",\"@id\":\"https:\\\/\\\/www.darrera.com\\\/es\\\/#\\\/schema\\\/logo\\\/image\\\/\",\"url\":\"https:\\\/\\\/www.darrera.com\\\/wp\\\/wp-content\\\/uploads\\\/logo-darrera.png\",\"contentUrl\":\"https:\\\/\\\/www.darrera.com\\\/wp\\\/wp-content\\\/uploads\\\/logo-darrera.png\",\"width\":500,\"height\":85,\"caption\":\"Darrera\"},\"image\":{\"@id\":\"https:\\\/\\\/www.darrera.com\\\/es\\\/#\\\/schema\\\/logo\\\/image\\\/\"},\"sameAs\":[\"http:\\\/\\\/facebook.com\\\/darrerameteo\",\"https:\\\/\\\/x.com\\\/darrera_meteo\",\"https:\\\/\\\/www.linkedin.com\\\/company\\\/darrera-s-a-\",\"http:\\\/\\\/youtube.com\\\/darreratv\"]}]}<\/script>\n<!-- \/ Yoast SEO plugin. -->","yoast_head_json":{"title":"Piran\u00f3metro Est\u00e1ndar Secundario Calefactado y Ventilado | Darrera","robots":{"index":"index","follow":"follow","max-snippet":"max-snippet:-1","max-image-preview":"max-image-preview:large","max-video-preview":"max-video-preview:-1"},"canonical":"https:\/\/www.darrera.com\/es\/producto\/sr30-piranometro-estandar-secundario-calefactado-ventilado\/","og_locale":"es_ES","og_type":"article","og_title":"Piran\u00f3metro Est\u00e1ndar Secundario Calefactado y Ventilado | Darrera","og_description":"Mide de forma precisa la radiaci\u00f3n solar global incidente sobre la superficie de la Tierra. Cumple con la norma ISO 9060.","og_url":"https:\/\/www.darrera.com\/es\/producto\/sr30-piranometro-estandar-secundario-calefactado-ventilado\/","og_site_name":"Darrera","article_publisher":"http:\/\/facebook.com\/darrerameteo","article_modified_time":"2025-05-26T17:34:30+00:00","og_image":[{"width":950,"height":950,"url":"https:\/\/www.darrera.com\/wp-content\/uploads\/2019\/02\/sr30-piranometro-estandar-secundario-calefactado-ventilado.jpg","type":"image\/jpeg"}],"twitter_card":"summary_large_image","twitter_site":"@darrera_meteo","twitter_misc":{"Tiempo de lectura":"2 minutos"},"schema":{"@context":"https:\/\/schema.org","@graph":[{"@type":"WebPage","@id":"https:\/\/www.darrera.com\/es\/producto\/sr30-piranometro-estandar-secundario-calefactado-ventilado\/","url":"https:\/\/www.darrera.com\/es\/producto\/sr30-piranometro-estandar-secundario-calefactado-ventilado\/","name":"Piran\u00f3metro Est\u00e1ndar Secundario Calefactado y Ventilado | Darrera","isPartOf":{"@id":"https:\/\/www.darrera.com\/es\/#website"},"primaryImageOfPage":{"@id":"https:\/\/www.darrera.com\/es\/producto\/sr30-piranometro-estandar-secundario-calefactado-ventilado\/#primaryimage"},"image":{"@id":"https:\/\/www.darrera.com\/es\/producto\/sr30-piranometro-estandar-secundario-calefactado-ventilado\/#primaryimage"},"thumbnailUrl":"https:\/\/www.darrera.com\/wp-content\/uploads\/2019\/02\/sr30-piranometro-estandar-secundario-calefactado-ventilado.jpg","datePublished":"2019-02-01T19:16:02+00:00","dateModified":"2025-05-26T17:34:30+00:00","breadcrumb":{"@id":"https:\/\/www.darrera.com\/es\/producto\/sr30-piranometro-estandar-secundario-calefactado-ventilado\/#breadcrumb"},"inLanguage":"es","potentialAction":[{"@type":"ReadAction","target":["https:\/\/www.darrera.com\/es\/producto\/sr30-piranometro-estandar-secundario-calefactado-ventilado\/"]}]},{"@type":"ImageObject","inLanguage":"es","@id":"https:\/\/www.darrera.com\/es\/producto\/sr30-piranometro-estandar-secundario-calefactado-ventilado\/#primaryimage","url":"https:\/\/www.darrera.com\/wp-content\/uploads\/2019\/02\/sr30-piranometro-estandar-secundario-calefactado-ventilado.jpg","contentUrl":"https:\/\/www.darrera.com\/wp-content\/uploads\/2019\/02\/sr30-piranometro-estandar-secundario-calefactado-ventilado.jpg","width":950,"height":950,"caption":"SR30 - Piran\u00f3metro Est\u00e1ndar Secundario Calefactado y Ventilado"},{"@type":"BreadcrumbList","@id":"https:\/\/www.darrera.com\/es\/producto\/sr30-piranometro-estandar-secundario-calefactado-ventilado\/#breadcrumb","itemListElement":[{"@type":"ListItem","position":1,"name":"Home","item":"https:\/\/www.darrera.com\/es\/"},{"@type":"ListItem","position":2,"name":"Productos","item":"https:\/\/www.darrera.com\/es\/productos\/"},{"@type":"ListItem","position":3,"name":"Piran\u00f3metro Est\u00e1ndar Secundario Calefactado y Ventilado"}]},{"@type":"WebSite","@id":"https:\/\/www.darrera.com\/es\/#website","url":"https:\/\/www.darrera.com\/es\/","name":"Darrera","description":"Instrumentos, soluciones y servicios meteorol\u00f3gicos","publisher":{"@id":"https:\/\/www.darrera.com\/es\/#organization"},"potentialAction":[{"@type":"SearchAction","target":{"@type":"EntryPoint","urlTemplate":"https:\/\/www.darrera.com\/es\/?s={search_term_string}"},"query-input":{"@type":"PropertyValueSpecification","valueRequired":true,"valueName":"search_term_string"}}],"inLanguage":"es"},{"@type":"Organization","@id":"https:\/\/www.darrera.com\/es\/#organization","name":"Darrera","url":"https:\/\/www.darrera.com\/es\/","logo":{"@type":"ImageObject","inLanguage":"es","@id":"https:\/\/www.darrera.com\/es\/#\/schema\/logo\/image\/","url":"https:\/\/www.darrera.com\/wp\/wp-content\/uploads\/logo-darrera.png","contentUrl":"https:\/\/www.darrera.com\/wp\/wp-content\/uploads\/logo-darrera.png","width":500,"height":85,"caption":"Darrera"},"image":{"@id":"https:\/\/www.darrera.com\/es\/#\/schema\/logo\/image\/"},"sameAs":["http:\/\/facebook.com\/darrerameteo","https:\/\/x.com\/darrera_meteo","https:\/\/www.linkedin.com\/company\/darrera-s-a-","http:\/\/youtube.com\/darreratv"]}]}},"_links":{"self":[{"href":"https:\/\/www.darrera.com\/es\/wp-json\/wp\/v2\/product\/2827","targetHints":{"allow":["GET"]}}],"collection":[{"href":"https:\/\/www.darrera.com\/es\/wp-json\/wp\/v2\/product"}],"about":[{"href":"https:\/\/www.darrera.com\/es\/wp-json\/wp\/v2\/types\/product"}],"wp:featuredmedia":[{"embeddable":true,"href":"https:\/\/www.darrera.com\/es\/wp-json\/wp\/v2\/media\/2829"}],"wp:attachment":[{"href":"https:\/\/www.darrera.com\/es\/wp-json\/wp\/v2\/media?parent=2827"}],"wp:term":[{"taxonomy":"product_brand","embeddable":true,"href":"https:\/\/www.darrera.com\/es\/wp-json\/wp\/v2\/product_brand?post=2827"},{"taxonomy":"product_cat","embeddable":true,"href":"https:\/\/www.darrera.com\/es\/wp-json\/wp\/v2\/product_cat?post=2827"},{"taxonomy":"product_tag","embeddable":true,"href":"https:\/\/www.darrera.com\/es\/wp-json\/wp\/v2\/product_tag?post=2827"}],"curies":[{"name":"wp","href":"https:\/\/api.w.org\/{rel}","templated":true}]}}