{"id":2857,"date":"2019-02-15T12:45:16","date_gmt":"2019-02-15T11:45:16","guid":{"rendered":"https:\/\/www.darrera.com\/wp\/product\/6100-weatherlink-live\/"},"modified":"2023-01-25T18:06:24","modified_gmt":"2023-01-25T17:06:24","slug":"6100-weatherlink-live","status":"publish","type":"product","link":"https:\/\/www.darrera.com\/es\/producto\/6100-weatherlink-live\/","title":{"rendered":"WeatherLink Live&#x2122;"},"content":{"rendered":"<h3>Transmisi\u00f3n de datos meteorol\u00f3gicos en vivo<\/h3>\n<p>WeatherLink Live&#x2122; es la forma m\u00e1s f\u00e1cil, r\u00e1pida y fiable de transmitir datos meteorol\u00f3gicos a la nube sin necesidad de la consola de la estaci\u00f3n o de un ordenador. El dispositivo obtiene los datos procedentes de una red formada por m\u00faltiples transmisores Davis y env\u00eda la informaci\u00f3n a <a title=\"WeatherLink.com\" href=\"http:\/\/www.weatherlink.com\" target=\"blank\" rel=\"noopener noreferrer\">WeatherLink.com<\/a> de forma autom\u00e1tica a trav\u00e9s de Ethernet o Wi-Fi. Las condiciones meteorol\u00f3gicas actuales pueden monitorizarse en remoto desde cualquier ordenador, tableta y smartphone. El dispositivo tambi\u00e9n puede almacenar hasta 180 d\u00edas de datos meteorol\u00f3gicos en su memoria interna de respaldo.<\/p>\n<h3>M\u00e1xima flexibilidad<\/h3>\n<p>WeatherLink Live&#x2122; puede recibir datos de cualquier combinaci\u00f3n de hasta 8 transmisores Davis situados a una distancia de hasta 300 metros, incluyendo:<\/p>\n<ul>\n<li>Conjuntos integrados de sensores de Vantage Vue.<\/li>\n<li>Conjuntos integrados de sensores de Vantage Pro2 inal\u00e1mbrica.<\/li>\n<li>Transmisores inal\u00e1mbricos para sensores con hasta 5 sensores.<\/li>\n<li>Estaciones inal\u00e1mbricas de agricultura con hasta 10 sensores.<\/li>\n<\/ul>\n<h3>Monitorizaci\u00f3n de datos online<\/h3>\n<p>Publicar los datos meteorol\u00f3gicos en Internet nunca fue tan f\u00e1cil. WeatherLink Live&#x2122; realiza todo el trabajo, envi\u00e1ndolos directamente a <a title=\"WeatherLink.com\" href=\"http:\/\/www.weatherlink.com\" target=\"blank\" rel=\"noopener noreferrer\">WeatherLink.com<\/a>, por lo que no es necesario disponer de un ordenador, tener conocimientos sobre programaci\u00f3n ni invertir dinero en la contrataci\u00f3n de un espacio web. Los datos meteorol\u00f3gicos pueden monitorizarse en tiempo real desde cualquier lugar del mundo a trav\u00e9s de la p\u00e1gina web o aplicaci\u00f3n m\u00f3vil WeatherLink. La informaci\u00f3n publicada en <a title=\"WeatherLink.com\" href=\"http:\/\/www.weatherlink.com\" target=\"blank\" rel=\"noopener noreferrer\">WeatherLink.com<\/a> puede ser compartida con familiares, amigos, aficionados a la meteorolog\u00eda o clientes, as\u00ed como tambi\u00e9n en las redes meteorol\u00f3gicas m\u00e1s populares como <a title=\"Weathercloud\" href=\"http:\/\/app.weathercloud.net\" target=\"blank\" rel=\"noopener noreferrer\">Weathercloud<\/a> y CWOP.<\/p>\n<h3>Planes<\/h3>\n<p>WeatherLink Live&#x2122; requiere la suscripci\u00f3n a uno de los planes anuales disponibles para ver datos hist\u00f3ricos y crear gr\u00e1ficos personalizados de forma online. Adem\u00e1s, el plan Pro ofrece un intervalo de acceso a la API de 5 minutos, mientras que el plan Pro+ ofrece un intervalo de acceso a la API de 1 minuto y caracter\u00edsticas avanzadas como gesti\u00f3n integrada de plagas.<\/p>\n<h3>Ventajas adicionales<\/h3>\n<ul>\n<li>Configuraci\u00f3n sencilla por Bluetooth\u00ae desde la app WeatherLink.<\/li>\n<li>Sensores incorporados de presi\u00f3n atmosf\u00e9rica y de temperatura y humedad interior.<\/li>\n<li>Conexi\u00f3n a sistemas de irrigaci\u00f3n inteligentes y a otros dispositivos IoT.<\/li>\n<li>Compatibilidad con Amazon Alexa.<\/li>\n<\/ul>\n","protected":false},"excerpt":{"rendered":"<p>Es la forma m\u00e1s f\u00e1cil, r\u00e1pida y fiable de transmitir datos meteorol\u00f3gicos a la nube sin necesidad de la consola de la estaci\u00f3n o de un ordenador. Puede recibir datos de cualquier combinaci\u00f3n de hasta 8 transmisores Davis situados a una distancia de hasta 300 metros.<\/p>\n","protected":false},"featured_media":2856,"template":"","meta":[],"product_brand":[],"product_cat":[173],"product_tag":[],"class_list":{"0":"post-2857","1":"product","2":"type-product","3":"status-publish","4":"has-post-thumbnail","6":"product_cat-dataloggers-davis-instruments-es","8":"first","9":"instock","10":"taxable","11":"shipping-taxable","12":"purchasable","13":"product-type-simple"},"yoast_head":"<!-- This site is optimized with the Yoast SEO plugin v27.4 - https:\/\/yoast.com\/product\/yoast-seo-wordpress\/ -->\n<title>WeatherLink Live&#x2122; | Darrera<\/title>\n<meta name=\"robots\" content=\"index, follow, max-snippet:-1, max-image-preview:large, max-video-preview:-1\" \/>\n<link rel=\"canonical\" href=\"https:\/\/www.darrera.com\/es\/producto\/6100-weatherlink-live\/\" \/>\n<meta property=\"og:locale\" content=\"es_ES\" \/>\n<meta property=\"og:type\" content=\"article\" \/>\n<meta property=\"og:title\" content=\"WeatherLink Live&#x2122; | Darrera\" \/>\n<meta property=\"og:description\" content=\"Es la forma m\u00e1s f\u00e1cil, r\u00e1pida y fiable de transmitir datos meteorol\u00f3gicos a la nube sin necesidad de la consola de la estaci\u00f3n o de un ordenador. Puede recibir datos de cualquier combinaci\u00f3n de hasta 8 transmisores Davis situados a una distancia de hasta 300 metros.\" \/>\n<meta property=\"og:url\" content=\"https:\/\/www.darrera.com\/es\/producto\/6100-weatherlink-live\/\" \/>\n<meta property=\"og:site_name\" content=\"Darrera\" \/>\n<meta property=\"article:publisher\" content=\"http:\/\/facebook.com\/darrerameteo\" \/>\n<meta property=\"article:modified_time\" content=\"2023-01-25T17:06:24+00:00\" \/>\n<meta property=\"og:image\" content=\"https:\/\/www.darrera.com\/wp-content\/uploads\/2019\/02\/6100-weatherlink-live.jpg\" \/>\n\t<meta property=\"og:image:width\" content=\"950\" \/>\n\t<meta property=\"og:image:height\" content=\"950\" \/>\n\t<meta property=\"og:image:type\" content=\"image\/jpeg\" \/>\n<meta name=\"twitter:card\" content=\"summary_large_image\" \/>\n<meta name=\"twitter:site\" content=\"@darrera_meteo\" \/>\n<meta name=\"twitter:label1\" content=\"Tiempo de lectura\" \/>\n\t<meta name=\"twitter:data1\" content=\"2 minutos\" \/>\n<script type=\"application\/ld+json\" class=\"yoast-schema-graph\">{\"@context\":\"https:\\\/\\\/schema.org\",\"@graph\":[{\"@type\":\"WebPage\",\"@id\":\"https:\\\/\\\/www.darrera.com\\\/es\\\/producto\\\/6100-weatherlink-live\\\/\",\"url\":\"https:\\\/\\\/www.darrera.com\\\/es\\\/producto\\\/6100-weatherlink-live\\\/\",\"name\":\"WeatherLink Live&#x2122; | Darrera\",\"isPartOf\":{\"@id\":\"https:\\\/\\\/www.darrera.com\\\/es\\\/#website\"},\"primaryImageOfPage\":{\"@id\":\"https:\\\/\\\/www.darrera.com\\\/es\\\/producto\\\/6100-weatherlink-live\\\/#primaryimage\"},\"image\":{\"@id\":\"https:\\\/\\\/www.darrera.com\\\/es\\\/producto\\\/6100-weatherlink-live\\\/#primaryimage\"},\"thumbnailUrl\":\"https:\\\/\\\/www.darrera.com\\\/wp-content\\\/uploads\\\/2019\\\/02\\\/6100-weatherlink-live.jpg\",\"datePublished\":\"2019-02-15T11:45:16+00:00\",\"dateModified\":\"2023-01-25T17:06:24+00:00\",\"breadcrumb\":{\"@id\":\"https:\\\/\\\/www.darrera.com\\\/es\\\/producto\\\/6100-weatherlink-live\\\/#breadcrumb\"},\"inLanguage\":\"es\",\"potentialAction\":[{\"@type\":\"ReadAction\",\"target\":[\"https:\\\/\\\/www.darrera.com\\\/es\\\/producto\\\/6100-weatherlink-live\\\/\"]}]},{\"@type\":\"ImageObject\",\"inLanguage\":\"es\",\"@id\":\"https:\\\/\\\/www.darrera.com\\\/es\\\/producto\\\/6100-weatherlink-live\\\/#primaryimage\",\"url\":\"https:\\\/\\\/www.darrera.com\\\/wp-content\\\/uploads\\\/2019\\\/02\\\/6100-weatherlink-live.jpg\",\"contentUrl\":\"https:\\\/\\\/www.darrera.com\\\/wp-content\\\/uploads\\\/2019\\\/02\\\/6100-weatherlink-live.jpg\",\"width\":950,\"height\":950,\"caption\":\"6100 - WeatherLink Live\u2122\"},{\"@type\":\"BreadcrumbList\",\"@id\":\"https:\\\/\\\/www.darrera.com\\\/es\\\/producto\\\/6100-weatherlink-live\\\/#breadcrumb\",\"itemListElement\":[{\"@type\":\"ListItem\",\"position\":1,\"name\":\"Home\",\"item\":\"https:\\\/\\\/www.darrera.com\\\/es\\\/\"},{\"@type\":\"ListItem\",\"position\":2,\"name\":\"Productos\",\"item\":\"https:\\\/\\\/www.darrera.com\\\/es\\\/productos\\\/\"},{\"@type\":\"ListItem\",\"position\":3,\"name\":\"WeatherLink Live&#x2122;\"}]},{\"@type\":\"WebSite\",\"@id\":\"https:\\\/\\\/www.darrera.com\\\/es\\\/#website\",\"url\":\"https:\\\/\\\/www.darrera.com\\\/es\\\/\",\"name\":\"Darrera\",\"description\":\"Instrumentos, soluciones y servicios meteorol\u00f3gicos\",\"publisher\":{\"@id\":\"https:\\\/\\\/www.darrera.com\\\/es\\\/#organization\"},\"potentialAction\":[{\"@type\":\"SearchAction\",\"target\":{\"@type\":\"EntryPoint\",\"urlTemplate\":\"https:\\\/\\\/www.darrera.com\\\/es\\\/?s={search_term_string}\"},\"query-input\":{\"@type\":\"PropertyValueSpecification\",\"valueRequired\":true,\"valueName\":\"search_term_string\"}}],\"inLanguage\":\"es\"},{\"@type\":\"Organization\",\"@id\":\"https:\\\/\\\/www.darrera.com\\\/es\\\/#organization\",\"name\":\"Darrera\",\"url\":\"https:\\\/\\\/www.darrera.com\\\/es\\\/\",\"logo\":{\"@type\":\"ImageObject\",\"inLanguage\":\"es\",\"@id\":\"https:\\\/\\\/www.darrera.com\\\/es\\\/#\\\/schema\\\/logo\\\/image\\\/\",\"url\":\"https:\\\/\\\/www.darrera.com\\\/wp\\\/wp-content\\\/uploads\\\/logo-darrera.png\",\"contentUrl\":\"https:\\\/\\\/www.darrera.com\\\/wp\\\/wp-content\\\/uploads\\\/logo-darrera.png\",\"width\":500,\"height\":85,\"caption\":\"Darrera\"},\"image\":{\"@id\":\"https:\\\/\\\/www.darrera.com\\\/es\\\/#\\\/schema\\\/logo\\\/image\\\/\"},\"sameAs\":[\"http:\\\/\\\/facebook.com\\\/darrerameteo\",\"https:\\\/\\\/x.com\\\/darrera_meteo\",\"https:\\\/\\\/www.linkedin.com\\\/company\\\/darrera-s-a-\",\"http:\\\/\\\/youtube.com\\\/darreratv\"]}]}<\/script>\n<!-- \/ Yoast SEO plugin. -->","yoast_head_json":{"title":"WeatherLink Live&#x2122; | Darrera","robots":{"index":"index","follow":"follow","max-snippet":"max-snippet:-1","max-image-preview":"max-image-preview:large","max-video-preview":"max-video-preview:-1"},"canonical":"https:\/\/www.darrera.com\/es\/producto\/6100-weatherlink-live\/","og_locale":"es_ES","og_type":"article","og_title":"WeatherLink Live&#x2122; | Darrera","og_description":"Es la forma m\u00e1s f\u00e1cil, r\u00e1pida y fiable de transmitir datos meteorol\u00f3gicos a la nube sin necesidad de la consola de la estaci\u00f3n o de un ordenador. Puede recibir datos de cualquier combinaci\u00f3n de hasta 8 transmisores Davis situados a una distancia de hasta 300 metros.","og_url":"https:\/\/www.darrera.com\/es\/producto\/6100-weatherlink-live\/","og_site_name":"Darrera","article_publisher":"http:\/\/facebook.com\/darrerameteo","article_modified_time":"2023-01-25T17:06:24+00:00","og_image":[{"width":950,"height":950,"url":"https:\/\/www.darrera.com\/wp-content\/uploads\/2019\/02\/6100-weatherlink-live.jpg","type":"image\/jpeg"}],"twitter_card":"summary_large_image","twitter_site":"@darrera_meteo","twitter_misc":{"Tiempo de lectura":"2 minutos"},"schema":{"@context":"https:\/\/schema.org","@graph":[{"@type":"WebPage","@id":"https:\/\/www.darrera.com\/es\/producto\/6100-weatherlink-live\/","url":"https:\/\/www.darrera.com\/es\/producto\/6100-weatherlink-live\/","name":"WeatherLink Live&#x2122; | Darrera","isPartOf":{"@id":"https:\/\/www.darrera.com\/es\/#website"},"primaryImageOfPage":{"@id":"https:\/\/www.darrera.com\/es\/producto\/6100-weatherlink-live\/#primaryimage"},"image":{"@id":"https:\/\/www.darrera.com\/es\/producto\/6100-weatherlink-live\/#primaryimage"},"thumbnailUrl":"https:\/\/www.darrera.com\/wp-content\/uploads\/2019\/02\/6100-weatherlink-live.jpg","datePublished":"2019-02-15T11:45:16+00:00","dateModified":"2023-01-25T17:06:24+00:00","breadcrumb":{"@id":"https:\/\/www.darrera.com\/es\/producto\/6100-weatherlink-live\/#breadcrumb"},"inLanguage":"es","potentialAction":[{"@type":"ReadAction","target":["https:\/\/www.darrera.com\/es\/producto\/6100-weatherlink-live\/"]}]},{"@type":"ImageObject","inLanguage":"es","@id":"https:\/\/www.darrera.com\/es\/producto\/6100-weatherlink-live\/#primaryimage","url":"https:\/\/www.darrera.com\/wp-content\/uploads\/2019\/02\/6100-weatherlink-live.jpg","contentUrl":"https:\/\/www.darrera.com\/wp-content\/uploads\/2019\/02\/6100-weatherlink-live.jpg","width":950,"height":950,"caption":"6100 - WeatherLink Live\u2122"},{"@type":"BreadcrumbList","@id":"https:\/\/www.darrera.com\/es\/producto\/6100-weatherlink-live\/#breadcrumb","itemListElement":[{"@type":"ListItem","position":1,"name":"Home","item":"https:\/\/www.darrera.com\/es\/"},{"@type":"ListItem","position":2,"name":"Productos","item":"https:\/\/www.darrera.com\/es\/productos\/"},{"@type":"ListItem","position":3,"name":"WeatherLink Live&#x2122;"}]},{"@type":"WebSite","@id":"https:\/\/www.darrera.com\/es\/#website","url":"https:\/\/www.darrera.com\/es\/","name":"Darrera","description":"Instrumentos, soluciones y servicios meteorol\u00f3gicos","publisher":{"@id":"https:\/\/www.darrera.com\/es\/#organization"},"potentialAction":[{"@type":"SearchAction","target":{"@type":"EntryPoint","urlTemplate":"https:\/\/www.darrera.com\/es\/?s={search_term_string}"},"query-input":{"@type":"PropertyValueSpecification","valueRequired":true,"valueName":"search_term_string"}}],"inLanguage":"es"},{"@type":"Organization","@id":"https:\/\/www.darrera.com\/es\/#organization","name":"Darrera","url":"https:\/\/www.darrera.com\/es\/","logo":{"@type":"ImageObject","inLanguage":"es","@id":"https:\/\/www.darrera.com\/es\/#\/schema\/logo\/image\/","url":"https:\/\/www.darrera.com\/wp\/wp-content\/uploads\/logo-darrera.png","contentUrl":"https:\/\/www.darrera.com\/wp\/wp-content\/uploads\/logo-darrera.png","width":500,"height":85,"caption":"Darrera"},"image":{"@id":"https:\/\/www.darrera.com\/es\/#\/schema\/logo\/image\/"},"sameAs":["http:\/\/facebook.com\/darrerameteo","https:\/\/x.com\/darrera_meteo","https:\/\/www.linkedin.com\/company\/darrera-s-a-","http:\/\/youtube.com\/darreratv"]}]}},"_links":{"self":[{"href":"https:\/\/www.darrera.com\/es\/wp-json\/wp\/v2\/product\/2857","targetHints":{"allow":["GET"]}}],"collection":[{"href":"https:\/\/www.darrera.com\/es\/wp-json\/wp\/v2\/product"}],"about":[{"href":"https:\/\/www.darrera.com\/es\/wp-json\/wp\/v2\/types\/product"}],"wp:featuredmedia":[{"embeddable":true,"href":"https:\/\/www.darrera.com\/es\/wp-json\/wp\/v2\/media\/2856"}],"wp:attachment":[{"href":"https:\/\/www.darrera.com\/es\/wp-json\/wp\/v2\/media?parent=2857"}],"wp:term":[{"taxonomy":"product_brand","embeddable":true,"href":"https:\/\/www.darrera.com\/es\/wp-json\/wp\/v2\/product_brand?post=2857"},{"taxonomy":"product_cat","embeddable":true,"href":"https:\/\/www.darrera.com\/es\/wp-json\/wp\/v2\/product_cat?post=2857"},{"taxonomy":"product_tag","embeddable":true,"href":"https:\/\/www.darrera.com\/es\/wp-json\/wp\/v2\/product_tag?post=2857"}],"curies":[{"name":"wp","href":"https:\/\/api.w.org\/{rel}","templated":true}]}}