{"id":2868,"date":"2019-02-25T13:24:01","date_gmt":"2019-02-25T12:24:01","guid":{"rendered":"https:\/\/www.darrera.com\/wp\/?post_type=product&#038;p=2868"},"modified":"2025-11-28T08:56:48","modified_gmt":"2025-11-28T07:56:48","slug":"3r-wsb-sensor-oleaje-boya","status":"publish","type":"product","link":"https:\/\/www.darrera.com\/es\/producto\/3r-wsb-sensor-oleaje-boya\/","title":{"rendered":"Sensor de Oleaje para Boya"},"content":{"rendered":"<h3>Mediciones de alta precisi\u00f3n<\/h3>\n<p>El sensor mide altura, periodo y direcci\u00f3n del oleaje con gran precisi\u00f3n y fiabilidad por medio de una unidad de medici\u00f3n inercial (IMU) con 9 grados de libertad y de un comp\u00e1s digital integrado.<\/p>\n<p>El sensor puede configurarse para llevar a cabo un procesado avanzado de las mediciones seg\u00fan las necesidades espec\u00edficas del usuario. Los datos de oleaje pueden obtenerse en tiempo real gracias a las diferentes opciones de comunicaci\u00f3n disponibles. Tambi\u00e9n dispone de una memoria interna que permite almacenar hasta 10 a\u00f1os de datos de oleaje.<\/p>\n<h3>Dise\u00f1o compacto y resistente a la intemperie<\/h3>\n<p>El instrumento ha sido espec\u00edficamente desarrollado para su instalaci\u00f3n en una boya. Presenta un dise\u00f1o compacto y est\u00e1 fabricado \u00edntegramente con materiales resistentes a la corrosi\u00f3n para garantizar una alta resistencia en entornos marinos. Asimismo, no requiere pr\u00e1cticamente mantenimiento al no estar directamente expuesto al agua del mar.<\/p>\n<p>Sus altas prestaciones y bajo consumo lo hacen id\u00f3neo para todo tipo de aplicaciones de seguridad portuaria y estudios mar\u00edtimos.<\/p>\n<h3>Especificaciones t\u00e9cnicas<\/h3>\n<h4>Especificaciones del datalogger<\/h4>\n<ul>\n<li>Capacidad: 10 a\u00f1os<\/li>\n<li>Protocolo: ASCII y NMEA<\/li>\n<\/ul>\n<h4>Especificaciones del sensor<\/h4>\n<p>Altura del oleaje<\/p>\n<ul>\n<li>Rango: 0,1 a 25 m<\/li>\n<li>Resoluci\u00f3n: 1 mm<\/li>\n<li>Precisi\u00f3n: \u00b11%<\/li>\n<\/ul>\n<p>Periodo del oleaje<\/p>\n<ul>\n<li>Rango: 1 a 30 s<\/li>\n<li>Resoluci\u00f3n: 0,001 s<\/li>\n<li>Precisi\u00f3n: \u00b11%<\/li>\n<\/ul>\n<p>Direcci\u00f3n del oleaje<\/p>\n<ul>\n<li>Rango: 0\u00ba a 360\u00ba<\/li>\n<li>Resoluci\u00f3n: 0,001\u00ba<\/li>\n<li>Precisi\u00f3n: \u00b11\u00ba<\/li>\n<\/ul>\n<h4>Especificaciones el\u00e9ctricas<\/h4>\n<ul>\n<li>Voltaje de alimentaci\u00f3n: 5 a 30 VDC<\/li>\n<li>Consumo: 30 mA (m\u00e1x.)<\/li>\n<li>Se\u00f1al de salida: RS-232 y USB<\/li>\n<\/ul>\n<h4>Especificaciones mec\u00e1nicas<\/h4>\n<ul>\n<li>Temperatura de funcionamiento: -40\u00baC a 85\u00baC<\/li>\n<li>Material: aluminio anodizado<\/li>\n<li>Dimensiones: 86 x 44 x 92 mm<\/li>\n<li>Peso: 425 g<\/li>\n<\/ul>\n","protected":false},"excerpt":{"rendered":"<p>Mide altura, periodo y direcci\u00f3n del oleaje con gran precisi\u00f3n y fiabilidad por medio de una unidad de medici\u00f3n inercial (IMU) con 9 grados de libertad y de un comp\u00e1s digital integrado. Ha sido espec\u00edficamente desarrollado para su instalaci\u00f3n en una boya.<\/p>\n","protected":false},"featured_media":6528,"template":"","meta":[],"product_brand":[],"product_cat":[245],"product_tag":[],"class_list":{"0":"post-2868","1":"product","2":"type-product","3":"status-publish","4":"has-post-thumbnail","6":"product_cat-boyas-datos","8":"first","9":"instock","10":"taxable","11":"shipping-taxable","12":"product-type-simple"},"yoast_head":"<!-- This site is optimized with the Yoast SEO plugin v27.3 - https:\/\/yoast.com\/product\/yoast-seo-wordpress\/ -->\n<title>Sensor de Oleaje para Boya | Darrera<\/title>\n<meta name=\"robots\" content=\"index, follow, max-snippet:-1, max-image-preview:large, max-video-preview:-1\" \/>\n<link rel=\"canonical\" href=\"https:\/\/www.darrera.com\/es\/producto\/3r-wsb-sensor-oleaje-boya\/\" \/>\n<meta property=\"og:locale\" content=\"es_ES\" \/>\n<meta property=\"og:type\" content=\"article\" \/>\n<meta property=\"og:title\" content=\"Sensor de Oleaje para Boya | Darrera\" \/>\n<meta property=\"og:description\" content=\"Mide altura, periodo y direcci\u00f3n del oleaje con gran precisi\u00f3n y fiabilidad por medio de una unidad de medici\u00f3n inercial (IMU) con 9 grados de libertad y de un comp\u00e1s digital integrado. Ha sido espec\u00edficamente desarrollado para su instalaci\u00f3n en una boya.\" \/>\n<meta property=\"og:url\" content=\"https:\/\/www.darrera.com\/es\/producto\/3r-wsb-sensor-oleaje-boya\/\" \/>\n<meta property=\"og:site_name\" content=\"Darrera\" \/>\n<meta property=\"article:publisher\" content=\"http:\/\/facebook.com\/darrerameteo\" \/>\n<meta property=\"article:modified_time\" content=\"2025-11-28T07:56:48+00:00\" \/>\n<meta property=\"og:image\" content=\"https:\/\/www.darrera.com\/wp-content\/uploads\/2019\/02\/3r-wsb-sensor-oleaje-boya.jpg\" \/>\n\t<meta property=\"og:image:width\" content=\"950\" \/>\n\t<meta property=\"og:image:height\" content=\"950\" \/>\n\t<meta property=\"og:image:type\" content=\"image\/jpeg\" \/>\n<meta name=\"twitter:card\" content=\"summary_large_image\" \/>\n<meta name=\"twitter:site\" content=\"@darrera_meteo\" \/>\n<meta name=\"twitter:label1\" content=\"Tiempo de lectura\" \/>\n\t<meta name=\"twitter:data1\" content=\"1 minuto\" \/>\n<script type=\"application\/ld+json\" class=\"yoast-schema-graph\">{\"@context\":\"https:\\\/\\\/schema.org\",\"@graph\":[{\"@type\":\"WebPage\",\"@id\":\"https:\\\/\\\/www.darrera.com\\\/es\\\/producto\\\/3r-wsb-sensor-oleaje-boya\\\/\",\"url\":\"https:\\\/\\\/www.darrera.com\\\/es\\\/producto\\\/3r-wsb-sensor-oleaje-boya\\\/\",\"name\":\"Sensor de Oleaje para Boya | Darrera\",\"isPartOf\":{\"@id\":\"https:\\\/\\\/www.darrera.com\\\/es\\\/#website\"},\"primaryImageOfPage\":{\"@id\":\"https:\\\/\\\/www.darrera.com\\\/es\\\/producto\\\/3r-wsb-sensor-oleaje-boya\\\/#primaryimage\"},\"image\":{\"@id\":\"https:\\\/\\\/www.darrera.com\\\/es\\\/producto\\\/3r-wsb-sensor-oleaje-boya\\\/#primaryimage\"},\"thumbnailUrl\":\"https:\\\/\\\/www.darrera.com\\\/wp-content\\\/uploads\\\/2019\\\/02\\\/3r-wsb-sensor-oleaje-boya.jpg\",\"datePublished\":\"2019-02-25T12:24:01+00:00\",\"dateModified\":\"2025-11-28T07:56:48+00:00\",\"breadcrumb\":{\"@id\":\"https:\\\/\\\/www.darrera.com\\\/es\\\/producto\\\/3r-wsb-sensor-oleaje-boya\\\/#breadcrumb\"},\"inLanguage\":\"es\",\"potentialAction\":[{\"@type\":\"ReadAction\",\"target\":[\"https:\\\/\\\/www.darrera.com\\\/es\\\/producto\\\/3r-wsb-sensor-oleaje-boya\\\/\"]}]},{\"@type\":\"ImageObject\",\"inLanguage\":\"es\",\"@id\":\"https:\\\/\\\/www.darrera.com\\\/es\\\/producto\\\/3r-wsb-sensor-oleaje-boya\\\/#primaryimage\",\"url\":\"https:\\\/\\\/www.darrera.com\\\/wp-content\\\/uploads\\\/2019\\\/02\\\/3r-wsb-sensor-oleaje-boya.jpg\",\"contentUrl\":\"https:\\\/\\\/www.darrera.com\\\/wp-content\\\/uploads\\\/2019\\\/02\\\/3r-wsb-sensor-oleaje-boya.jpg\",\"width\":950,\"height\":950,\"caption\":\"3R WSB - Sensor de Oleaje para Boya\"},{\"@type\":\"BreadcrumbList\",\"@id\":\"https:\\\/\\\/www.darrera.com\\\/es\\\/producto\\\/3r-wsb-sensor-oleaje-boya\\\/#breadcrumb\",\"itemListElement\":[{\"@type\":\"ListItem\",\"position\":1,\"name\":\"Home\",\"item\":\"https:\\\/\\\/www.darrera.com\\\/es\\\/\"},{\"@type\":\"ListItem\",\"position\":2,\"name\":\"Productos\",\"item\":\"https:\\\/\\\/www.darrera.com\\\/es\\\/productos\\\/\"},{\"@type\":\"ListItem\",\"position\":3,\"name\":\"Sensor de Oleaje para Boya\"}]},{\"@type\":\"WebSite\",\"@id\":\"https:\\\/\\\/www.darrera.com\\\/es\\\/#website\",\"url\":\"https:\\\/\\\/www.darrera.com\\\/es\\\/\",\"name\":\"Darrera\",\"description\":\"Instrumentos, soluciones y servicios meteorol\u00f3gicos\",\"publisher\":{\"@id\":\"https:\\\/\\\/www.darrera.com\\\/es\\\/#organization\"},\"potentialAction\":[{\"@type\":\"SearchAction\",\"target\":{\"@type\":\"EntryPoint\",\"urlTemplate\":\"https:\\\/\\\/www.darrera.com\\\/es\\\/?s={search_term_string}\"},\"query-input\":{\"@type\":\"PropertyValueSpecification\",\"valueRequired\":true,\"valueName\":\"search_term_string\"}}],\"inLanguage\":\"es\"},{\"@type\":\"Organization\",\"@id\":\"https:\\\/\\\/www.darrera.com\\\/es\\\/#organization\",\"name\":\"Darrera\",\"url\":\"https:\\\/\\\/www.darrera.com\\\/es\\\/\",\"logo\":{\"@type\":\"ImageObject\",\"inLanguage\":\"es\",\"@id\":\"https:\\\/\\\/www.darrera.com\\\/es\\\/#\\\/schema\\\/logo\\\/image\\\/\",\"url\":\"https:\\\/\\\/www.darrera.com\\\/wp\\\/wp-content\\\/uploads\\\/logo-darrera.png\",\"contentUrl\":\"https:\\\/\\\/www.darrera.com\\\/wp\\\/wp-content\\\/uploads\\\/logo-darrera.png\",\"width\":500,\"height\":85,\"caption\":\"Darrera\"},\"image\":{\"@id\":\"https:\\\/\\\/www.darrera.com\\\/es\\\/#\\\/schema\\\/logo\\\/image\\\/\"},\"sameAs\":[\"http:\\\/\\\/facebook.com\\\/darrerameteo\",\"https:\\\/\\\/x.com\\\/darrera_meteo\",\"https:\\\/\\\/www.linkedin.com\\\/company\\\/darrera-s-a-\",\"http:\\\/\\\/youtube.com\\\/darreratv\"]}]}<\/script>\n<!-- \/ Yoast SEO plugin. -->","yoast_head_json":{"title":"Sensor de Oleaje para Boya | Darrera","robots":{"index":"index","follow":"follow","max-snippet":"max-snippet:-1","max-image-preview":"max-image-preview:large","max-video-preview":"max-video-preview:-1"},"canonical":"https:\/\/www.darrera.com\/es\/producto\/3r-wsb-sensor-oleaje-boya\/","og_locale":"es_ES","og_type":"article","og_title":"Sensor de Oleaje para Boya | Darrera","og_description":"Mide altura, periodo y direcci\u00f3n del oleaje con gran precisi\u00f3n y fiabilidad por medio de una unidad de medici\u00f3n inercial (IMU) con 9 grados de libertad y de un comp\u00e1s digital integrado. Ha sido espec\u00edficamente desarrollado para su instalaci\u00f3n en una boya.","og_url":"https:\/\/www.darrera.com\/es\/producto\/3r-wsb-sensor-oleaje-boya\/","og_site_name":"Darrera","article_publisher":"http:\/\/facebook.com\/darrerameteo","article_modified_time":"2025-11-28T07:56:48+00:00","og_image":[{"width":950,"height":950,"url":"https:\/\/www.darrera.com\/wp-content\/uploads\/2019\/02\/3r-wsb-sensor-oleaje-boya.jpg","type":"image\/jpeg"}],"twitter_card":"summary_large_image","twitter_site":"@darrera_meteo","twitter_misc":{"Tiempo de lectura":"1 minuto"},"schema":{"@context":"https:\/\/schema.org","@graph":[{"@type":"WebPage","@id":"https:\/\/www.darrera.com\/es\/producto\/3r-wsb-sensor-oleaje-boya\/","url":"https:\/\/www.darrera.com\/es\/producto\/3r-wsb-sensor-oleaje-boya\/","name":"Sensor de Oleaje para Boya | Darrera","isPartOf":{"@id":"https:\/\/www.darrera.com\/es\/#website"},"primaryImageOfPage":{"@id":"https:\/\/www.darrera.com\/es\/producto\/3r-wsb-sensor-oleaje-boya\/#primaryimage"},"image":{"@id":"https:\/\/www.darrera.com\/es\/producto\/3r-wsb-sensor-oleaje-boya\/#primaryimage"},"thumbnailUrl":"https:\/\/www.darrera.com\/wp-content\/uploads\/2019\/02\/3r-wsb-sensor-oleaje-boya.jpg","datePublished":"2019-02-25T12:24:01+00:00","dateModified":"2025-11-28T07:56:48+00:00","breadcrumb":{"@id":"https:\/\/www.darrera.com\/es\/producto\/3r-wsb-sensor-oleaje-boya\/#breadcrumb"},"inLanguage":"es","potentialAction":[{"@type":"ReadAction","target":["https:\/\/www.darrera.com\/es\/producto\/3r-wsb-sensor-oleaje-boya\/"]}]},{"@type":"ImageObject","inLanguage":"es","@id":"https:\/\/www.darrera.com\/es\/producto\/3r-wsb-sensor-oleaje-boya\/#primaryimage","url":"https:\/\/www.darrera.com\/wp-content\/uploads\/2019\/02\/3r-wsb-sensor-oleaje-boya.jpg","contentUrl":"https:\/\/www.darrera.com\/wp-content\/uploads\/2019\/02\/3r-wsb-sensor-oleaje-boya.jpg","width":950,"height":950,"caption":"3R WSB - Sensor de Oleaje para Boya"},{"@type":"BreadcrumbList","@id":"https:\/\/www.darrera.com\/es\/producto\/3r-wsb-sensor-oleaje-boya\/#breadcrumb","itemListElement":[{"@type":"ListItem","position":1,"name":"Home","item":"https:\/\/www.darrera.com\/es\/"},{"@type":"ListItem","position":2,"name":"Productos","item":"https:\/\/www.darrera.com\/es\/productos\/"},{"@type":"ListItem","position":3,"name":"Sensor de Oleaje para Boya"}]},{"@type":"WebSite","@id":"https:\/\/www.darrera.com\/es\/#website","url":"https:\/\/www.darrera.com\/es\/","name":"Darrera","description":"Instrumentos, soluciones y servicios meteorol\u00f3gicos","publisher":{"@id":"https:\/\/www.darrera.com\/es\/#organization"},"potentialAction":[{"@type":"SearchAction","target":{"@type":"EntryPoint","urlTemplate":"https:\/\/www.darrera.com\/es\/?s={search_term_string}"},"query-input":{"@type":"PropertyValueSpecification","valueRequired":true,"valueName":"search_term_string"}}],"inLanguage":"es"},{"@type":"Organization","@id":"https:\/\/www.darrera.com\/es\/#organization","name":"Darrera","url":"https:\/\/www.darrera.com\/es\/","logo":{"@type":"ImageObject","inLanguage":"es","@id":"https:\/\/www.darrera.com\/es\/#\/schema\/logo\/image\/","url":"https:\/\/www.darrera.com\/wp\/wp-content\/uploads\/logo-darrera.png","contentUrl":"https:\/\/www.darrera.com\/wp\/wp-content\/uploads\/logo-darrera.png","width":500,"height":85,"caption":"Darrera"},"image":{"@id":"https:\/\/www.darrera.com\/es\/#\/schema\/logo\/image\/"},"sameAs":["http:\/\/facebook.com\/darrerameteo","https:\/\/x.com\/darrera_meteo","https:\/\/www.linkedin.com\/company\/darrera-s-a-","http:\/\/youtube.com\/darreratv"]}]}},"_links":{"self":[{"href":"https:\/\/www.darrera.com\/es\/wp-json\/wp\/v2\/product\/2868","targetHints":{"allow":["GET"]}}],"collection":[{"href":"https:\/\/www.darrera.com\/es\/wp-json\/wp\/v2\/product"}],"about":[{"href":"https:\/\/www.darrera.com\/es\/wp-json\/wp\/v2\/types\/product"}],"wp:featuredmedia":[{"embeddable":true,"href":"https:\/\/www.darrera.com\/es\/wp-json\/wp\/v2\/media\/6528"}],"wp:attachment":[{"href":"https:\/\/www.darrera.com\/es\/wp-json\/wp\/v2\/media?parent=2868"}],"wp:term":[{"taxonomy":"product_brand","embeddable":true,"href":"https:\/\/www.darrera.com\/es\/wp-json\/wp\/v2\/product_brand?post=2868"},{"taxonomy":"product_cat","embeddable":true,"href":"https:\/\/www.darrera.com\/es\/wp-json\/wp\/v2\/product_cat?post=2868"},{"taxonomy":"product_tag","embeddable":true,"href":"https:\/\/www.darrera.com\/es\/wp-json\/wp\/v2\/product_tag?post=2868"}],"curies":[{"name":"wp","href":"https:\/\/api.w.org\/{rel}","templated":true}]}}