{"id":2895,"date":"2019-03-15T18:07:23","date_gmt":"2019-03-15T17:07:23","guid":{"rendered":"https:\/\/www.darrera.com\/wp\/?post_type=product&#038;p=2895"},"modified":"2024-02-15T17:44:23","modified_gmt":"2024-02-15T16:44:23","slug":"6331-transmisor-inalambrico-sensores","status":"publish","type":"product","link":"https:\/\/www.darrera.com\/es\/producto\/6331-transmisor-inalambrico-sensores\/","title":{"rendered":"Transmisor Inal\u00e1mbrico para Sensores"},"content":{"rendered":"<h3>Gran flexibilidad para cada tipo de instalaci\u00f3n<\/h3>\n<p>El transmisor inal\u00e1mbrico para sensores permite instalar hasta 5 sensores diferentes en una ubicaci\u00f3n distinta a la del ISS, brindando as\u00ed una gran flexibilidad. Es especialmente \u00fatil para medir la temperatura y humedad en varios puntos, as\u00ed como para aquellos casos en los que la ubicaci\u00f3n del ISS no es la m\u00e1s adecuada para la medici\u00f3n del viento.<\/p>\n<p>El transmisor env\u00eda los datos de forma inal\u00e1mbrica a la consola de Vantage Pro2&#x2122;, WeatherLink&#x2122; Live o Weather Envoy&#x2122; desde una distancia de hasta 300 metros. El alcance de la transmisi\u00f3n inal\u00e1mbrica puede ampliarse mediante el uso de repetidores de corto y largo alcance.<\/p>\n<p>La circuiter\u00eda est\u00e1 protegida por una caja estanca resistente a la intemperie y se alimenta mediante un adaptador de corriente. Incluye la torniller\u00eda de montaje para su fijaci\u00f3n.<\/p>\n","protected":false},"excerpt":{"rendered":"<p>Permite instalar hasta 5 sensores diferentes en una ubicaci\u00f3n distinta a la del ISS, brindando as\u00ed una gran flexibilidad.<\/p>\n","protected":false},"featured_media":2900,"template":"","meta":[],"product_brand":[],"product_cat":[176],"product_tag":[],"class_list":{"0":"post-2895","1":"product","2":"type-product","3":"status-publish","4":"has-post-thumbnail","6":"product_cat-transmisores-davis-instruments","8":"first","9":"instock","10":"taxable","11":"shipping-taxable","12":"purchasable","13":"product-type-simple"},"yoast_head":"<!-- This site is optimized with the Yoast SEO plugin v27.4 - https:\/\/yoast.com\/product\/yoast-seo-wordpress\/ -->\n<title>Transmisor Inal\u00e1mbrico para Sensores | Darrera<\/title>\n<meta name=\"robots\" content=\"index, follow, max-snippet:-1, max-image-preview:large, max-video-preview:-1\" \/>\n<link rel=\"canonical\" href=\"https:\/\/www.darrera.com\/en\/producto\/6331-wireless-sensor-transmitter\/\" \/>\n<meta property=\"og:locale\" content=\"es_ES\" \/>\n<meta property=\"og:type\" content=\"article\" \/>\n<meta property=\"og:title\" content=\"Transmisor Inal\u00e1mbrico para Sensores | Darrera\" \/>\n<meta property=\"og:description\" content=\"Permite instalar hasta 5 sensores diferentes en una ubicaci\u00f3n distinta a la del ISS, brindando as\u00ed una gran flexibilidad.\" \/>\n<meta property=\"og:url\" content=\"https:\/\/www.darrera.com\/en\/producto\/6331-wireless-sensor-transmitter\/\" \/>\n<meta property=\"og:site_name\" content=\"Darrera\" \/>\n<meta property=\"article:publisher\" content=\"http:\/\/facebook.com\/darrerameteo\" \/>\n<meta property=\"article:modified_time\" content=\"2024-02-15T16:44:23+00:00\" \/>\n<meta property=\"og:image\" content=\"https:\/\/www.darrera.com\/wp-content\/uploads\/2019\/03\/6331-transmisor-inalambrico-sensores.jpg\" \/>\n\t<meta property=\"og:image:width\" content=\"950\" \/>\n\t<meta property=\"og:image:height\" content=\"950\" \/>\n\t<meta property=\"og:image:type\" content=\"image\/jpeg\" \/>\n<meta name=\"twitter:card\" content=\"summary_large_image\" \/>\n<meta name=\"twitter:site\" content=\"@darrera_meteo\" \/>\n<meta name=\"twitter:label1\" content=\"Tiempo de lectura\" \/>\n\t<meta name=\"twitter:data1\" content=\"1 minuto\" \/>\n<script type=\"application\/ld+json\" class=\"yoast-schema-graph\">{\"@context\":\"https:\\\/\\\/schema.org\",\"@graph\":[{\"@type\":\"WebPage\",\"@id\":\"https:\\\/\\\/www.darrera.com\\\/en\\\/producto\\\/6331-wireless-sensor-transmitter\\\/\",\"url\":\"https:\\\/\\\/www.darrera.com\\\/en\\\/producto\\\/6331-wireless-sensor-transmitter\\\/\",\"name\":\"Transmisor Inal\u00e1mbrico para Sensores | Darrera\",\"isPartOf\":{\"@id\":\"https:\\\/\\\/www.darrera.com\\\/es\\\/#website\"},\"primaryImageOfPage\":{\"@id\":\"https:\\\/\\\/www.darrera.com\\\/en\\\/producto\\\/6331-wireless-sensor-transmitter\\\/#primaryimage\"},\"image\":{\"@id\":\"https:\\\/\\\/www.darrera.com\\\/en\\\/producto\\\/6331-wireless-sensor-transmitter\\\/#primaryimage\"},\"thumbnailUrl\":\"https:\\\/\\\/www.darrera.com\\\/wp-content\\\/uploads\\\/2019\\\/03\\\/6331-transmisor-inalambrico-sensores.jpg\",\"datePublished\":\"2019-03-15T17:07:23+00:00\",\"dateModified\":\"2024-02-15T16:44:23+00:00\",\"breadcrumb\":{\"@id\":\"https:\\\/\\\/www.darrera.com\\\/en\\\/producto\\\/6331-wireless-sensor-transmitter\\\/#breadcrumb\"},\"inLanguage\":\"es\",\"potentialAction\":[{\"@type\":\"ReadAction\",\"target\":[\"https:\\\/\\\/www.darrera.com\\\/en\\\/producto\\\/6331-wireless-sensor-transmitter\\\/\"]}]},{\"@type\":\"ImageObject\",\"inLanguage\":\"es\",\"@id\":\"https:\\\/\\\/www.darrera.com\\\/en\\\/producto\\\/6331-wireless-sensor-transmitter\\\/#primaryimage\",\"url\":\"https:\\\/\\\/www.darrera.com\\\/wp-content\\\/uploads\\\/2019\\\/03\\\/6331-transmisor-inalambrico-sensores.jpg\",\"contentUrl\":\"https:\\\/\\\/www.darrera.com\\\/wp-content\\\/uploads\\\/2019\\\/03\\\/6331-transmisor-inalambrico-sensores.jpg\",\"width\":950,\"height\":950,\"caption\":\"6331 - Transmisor Inal\u00e1mbrico para Sensores\"},{\"@type\":\"BreadcrumbList\",\"@id\":\"https:\\\/\\\/www.darrera.com\\\/en\\\/producto\\\/6331-wireless-sensor-transmitter\\\/#breadcrumb\",\"itemListElement\":[{\"@type\":\"ListItem\",\"position\":1,\"name\":\"Home\",\"item\":\"https:\\\/\\\/www.darrera.com\\\/es\\\/\"},{\"@type\":\"ListItem\",\"position\":2,\"name\":\"Productos\",\"item\":\"https:\\\/\\\/www.darrera.com\\\/es\\\/productos\\\/\"},{\"@type\":\"ListItem\",\"position\":3,\"name\":\"Transmisor Inal\u00e1mbrico para Sensores\"}]},{\"@type\":\"WebSite\",\"@id\":\"https:\\\/\\\/www.darrera.com\\\/es\\\/#website\",\"url\":\"https:\\\/\\\/www.darrera.com\\\/es\\\/\",\"name\":\"Darrera\",\"description\":\"Instrumentos, soluciones y servicios meteorol\u00f3gicos\",\"publisher\":{\"@id\":\"https:\\\/\\\/www.darrera.com\\\/es\\\/#organization\"},\"potentialAction\":[{\"@type\":\"SearchAction\",\"target\":{\"@type\":\"EntryPoint\",\"urlTemplate\":\"https:\\\/\\\/www.darrera.com\\\/es\\\/?s={search_term_string}\"},\"query-input\":{\"@type\":\"PropertyValueSpecification\",\"valueRequired\":true,\"valueName\":\"search_term_string\"}}],\"inLanguage\":\"es\"},{\"@type\":\"Organization\",\"@id\":\"https:\\\/\\\/www.darrera.com\\\/es\\\/#organization\",\"name\":\"Darrera\",\"url\":\"https:\\\/\\\/www.darrera.com\\\/es\\\/\",\"logo\":{\"@type\":\"ImageObject\",\"inLanguage\":\"es\",\"@id\":\"https:\\\/\\\/www.darrera.com\\\/es\\\/#\\\/schema\\\/logo\\\/image\\\/\",\"url\":\"https:\\\/\\\/www.darrera.com\\\/wp\\\/wp-content\\\/uploads\\\/logo-darrera.png\",\"contentUrl\":\"https:\\\/\\\/www.darrera.com\\\/wp\\\/wp-content\\\/uploads\\\/logo-darrera.png\",\"width\":500,\"height\":85,\"caption\":\"Darrera\"},\"image\":{\"@id\":\"https:\\\/\\\/www.darrera.com\\\/es\\\/#\\\/schema\\\/logo\\\/image\\\/\"},\"sameAs\":[\"http:\\\/\\\/facebook.com\\\/darrerameteo\",\"https:\\\/\\\/x.com\\\/darrera_meteo\",\"https:\\\/\\\/www.linkedin.com\\\/company\\\/darrera-s-a-\",\"http:\\\/\\\/youtube.com\\\/darreratv\"]}]}<\/script>\n<!-- \/ Yoast SEO plugin. -->","yoast_head_json":{"title":"Transmisor Inal\u00e1mbrico para Sensores | Darrera","robots":{"index":"index","follow":"follow","max-snippet":"max-snippet:-1","max-image-preview":"max-image-preview:large","max-video-preview":"max-video-preview:-1"},"canonical":"https:\/\/www.darrera.com\/en\/producto\/6331-wireless-sensor-transmitter\/","og_locale":"es_ES","og_type":"article","og_title":"Transmisor Inal\u00e1mbrico para Sensores | Darrera","og_description":"Permite instalar hasta 5 sensores diferentes en una ubicaci\u00f3n distinta a la del ISS, brindando as\u00ed una gran flexibilidad.","og_url":"https:\/\/www.darrera.com\/en\/producto\/6331-wireless-sensor-transmitter\/","og_site_name":"Darrera","article_publisher":"http:\/\/facebook.com\/darrerameteo","article_modified_time":"2024-02-15T16:44:23+00:00","og_image":[{"width":950,"height":950,"url":"https:\/\/www.darrera.com\/wp-content\/uploads\/2019\/03\/6331-transmisor-inalambrico-sensores.jpg","type":"image\/jpeg"}],"twitter_card":"summary_large_image","twitter_site":"@darrera_meteo","twitter_misc":{"Tiempo de lectura":"1 minuto"},"schema":{"@context":"https:\/\/schema.org","@graph":[{"@type":"WebPage","@id":"https:\/\/www.darrera.com\/en\/producto\/6331-wireless-sensor-transmitter\/","url":"https:\/\/www.darrera.com\/en\/producto\/6331-wireless-sensor-transmitter\/","name":"Transmisor Inal\u00e1mbrico para Sensores | Darrera","isPartOf":{"@id":"https:\/\/www.darrera.com\/es\/#website"},"primaryImageOfPage":{"@id":"https:\/\/www.darrera.com\/en\/producto\/6331-wireless-sensor-transmitter\/#primaryimage"},"image":{"@id":"https:\/\/www.darrera.com\/en\/producto\/6331-wireless-sensor-transmitter\/#primaryimage"},"thumbnailUrl":"https:\/\/www.darrera.com\/wp-content\/uploads\/2019\/03\/6331-transmisor-inalambrico-sensores.jpg","datePublished":"2019-03-15T17:07:23+00:00","dateModified":"2024-02-15T16:44:23+00:00","breadcrumb":{"@id":"https:\/\/www.darrera.com\/en\/producto\/6331-wireless-sensor-transmitter\/#breadcrumb"},"inLanguage":"es","potentialAction":[{"@type":"ReadAction","target":["https:\/\/www.darrera.com\/en\/producto\/6331-wireless-sensor-transmitter\/"]}]},{"@type":"ImageObject","inLanguage":"es","@id":"https:\/\/www.darrera.com\/en\/producto\/6331-wireless-sensor-transmitter\/#primaryimage","url":"https:\/\/www.darrera.com\/wp-content\/uploads\/2019\/03\/6331-transmisor-inalambrico-sensores.jpg","contentUrl":"https:\/\/www.darrera.com\/wp-content\/uploads\/2019\/03\/6331-transmisor-inalambrico-sensores.jpg","width":950,"height":950,"caption":"6331 - Transmisor Inal\u00e1mbrico para Sensores"},{"@type":"BreadcrumbList","@id":"https:\/\/www.darrera.com\/en\/producto\/6331-wireless-sensor-transmitter\/#breadcrumb","itemListElement":[{"@type":"ListItem","position":1,"name":"Home","item":"https:\/\/www.darrera.com\/es\/"},{"@type":"ListItem","position":2,"name":"Productos","item":"https:\/\/www.darrera.com\/es\/productos\/"},{"@type":"ListItem","position":3,"name":"Transmisor Inal\u00e1mbrico para Sensores"}]},{"@type":"WebSite","@id":"https:\/\/www.darrera.com\/es\/#website","url":"https:\/\/www.darrera.com\/es\/","name":"Darrera","description":"Instrumentos, soluciones y servicios meteorol\u00f3gicos","publisher":{"@id":"https:\/\/www.darrera.com\/es\/#organization"},"potentialAction":[{"@type":"SearchAction","target":{"@type":"EntryPoint","urlTemplate":"https:\/\/www.darrera.com\/es\/?s={search_term_string}"},"query-input":{"@type":"PropertyValueSpecification","valueRequired":true,"valueName":"search_term_string"}}],"inLanguage":"es"},{"@type":"Organization","@id":"https:\/\/www.darrera.com\/es\/#organization","name":"Darrera","url":"https:\/\/www.darrera.com\/es\/","logo":{"@type":"ImageObject","inLanguage":"es","@id":"https:\/\/www.darrera.com\/es\/#\/schema\/logo\/image\/","url":"https:\/\/www.darrera.com\/wp\/wp-content\/uploads\/logo-darrera.png","contentUrl":"https:\/\/www.darrera.com\/wp\/wp-content\/uploads\/logo-darrera.png","width":500,"height":85,"caption":"Darrera"},"image":{"@id":"https:\/\/www.darrera.com\/es\/#\/schema\/logo\/image\/"},"sameAs":["http:\/\/facebook.com\/darrerameteo","https:\/\/x.com\/darrera_meteo","https:\/\/www.linkedin.com\/company\/darrera-s-a-","http:\/\/youtube.com\/darreratv"]}]}},"_links":{"self":[{"href":"https:\/\/www.darrera.com\/es\/wp-json\/wp\/v2\/product\/2895","targetHints":{"allow":["GET"]}}],"collection":[{"href":"https:\/\/www.darrera.com\/es\/wp-json\/wp\/v2\/product"}],"about":[{"href":"https:\/\/www.darrera.com\/es\/wp-json\/wp\/v2\/types\/product"}],"wp:featuredmedia":[{"embeddable":true,"href":"https:\/\/www.darrera.com\/es\/wp-json\/wp\/v2\/media\/2900"}],"wp:attachment":[{"href":"https:\/\/www.darrera.com\/es\/wp-json\/wp\/v2\/media?parent=2895"}],"wp:term":[{"taxonomy":"product_brand","embeddable":true,"href":"https:\/\/www.darrera.com\/es\/wp-json\/wp\/v2\/product_brand?post=2895"},{"taxonomy":"product_cat","embeddable":true,"href":"https:\/\/www.darrera.com\/es\/wp-json\/wp\/v2\/product_cat?post=2895"},{"taxonomy":"product_tag","embeddable":true,"href":"https:\/\/www.darrera.com\/es\/wp-json\/wp\/v2\/product_tag?post=2895"}],"curies":[{"name":"wp","href":"https:\/\/api.w.org\/{rel}","templated":true}]}}