{"id":3118,"date":"2019-05-08T20:30:46","date_gmt":"2019-05-08T18:30:46","guid":{"rendered":"https:\/\/www.darrera.com\/wp\/?post_type=product&#038;p=3118"},"modified":"2021-01-27T12:02:16","modified_gmt":"2021-01-27T11:02:16","slug":"3r-wtnl02-tunel-viento","status":"publish","type":"product","link":"https:\/\/www.darrera.com\/es\/producto\/3r-wtnl02-tunel-viento\/","title":{"rendered":"T\u00fanel de Viento"},"content":{"rendered":"<h3>T\u00faneles de viento de altas prestaciones<\/h3>\n<p>Nuestros t\u00faneles de viento de grado de laboratorio est\u00e1n espec\u00edficamente dise\u00f1ados para la calibraci\u00f3n y certificaci\u00f3n de todo tipo de anem\u00f3metros de tubo de pitot, hilo caliente, aspas, cazoletas y ultras\u00f3nicos, y pueden ser adaptados para llevar a cabo diferentes estudios aerodin\u00e1micos. Ofrecemos varias configuraciones de forma y tama\u00f1o con diferentes rangos de velocidad del aire, en funci\u00f3n de las necesidades.<\/p>\n<p>Todos nuestros t\u00faneles de viento pueden equiparse con datalogger, ordenador y software de gesti\u00f3n para facilitar el proceso de monitorizaci\u00f3n y calibraci\u00f3n. Asimismo, tambi\u00e9n pueden suministrarse con un patr\u00f3n oficial incluido.<\/p>\n","protected":false},"excerpt":{"rendered":"<p>Nuestros t\u00faneles de viento de grado de laboratorio est\u00e1n espec\u00edficamente dise\u00f1ados para la calibraci\u00f3n y certificaci\u00f3n de todo tipo de anem\u00f3metros de tubo de pitot, hilo caliente, aspas, cazoletas y ultras\u00f3nicos, y pueden ser adaptados para llevar a cabo diferentes estudios aerodin\u00e1micos.<\/p>\n","protected":false},"featured_media":3120,"template":"","meta":[],"product_brand":[],"product_cat":[307],"product_tag":[],"class_list":{"0":"post-3118","1":"product","2":"type-product","3":"status-publish","4":"has-post-thumbnail","6":"product_cat-tuneles-viento","8":"first","9":"instock","10":"taxable","11":"shipping-taxable","12":"product-type-simple"},"yoast_head":"<!-- This site is optimized with the Yoast SEO plugin v27.5 - https:\/\/yoast.com\/product\/yoast-seo-wordpress\/ -->\n<title>T\u00fanel de Viento | Darrera<\/title>\n<meta name=\"robots\" content=\"index, follow, max-snippet:-1, max-image-preview:large, max-video-preview:-1\" \/>\n<link rel=\"canonical\" href=\"https:\/\/www.darrera.com\/es\/producto\/3r-wtnl02-tunel-viento\/\" \/>\n<meta property=\"og:locale\" content=\"es_ES\" \/>\n<meta property=\"og:type\" content=\"article\" \/>\n<meta property=\"og:title\" content=\"T\u00fanel de Viento | Darrera\" \/>\n<meta property=\"og:description\" content=\"Nuestros t\u00faneles de viento de grado de laboratorio est\u00e1n espec\u00edficamente dise\u00f1ados para la calibraci\u00f3n y certificaci\u00f3n de todo tipo de anem\u00f3metros de tubo de pitot, hilo caliente, aspas, cazoletas y ultras\u00f3nicos, y pueden ser adaptados para llevar a cabo diferentes estudios aerodin\u00e1micos.\" \/>\n<meta property=\"og:url\" content=\"https:\/\/www.darrera.com\/es\/producto\/3r-wtnl02-tunel-viento\/\" \/>\n<meta property=\"og:site_name\" content=\"Darrera\" \/>\n<meta property=\"article:publisher\" content=\"http:\/\/facebook.com\/darrerameteo\" \/>\n<meta property=\"article:modified_time\" content=\"2021-01-27T11:02:16+00:00\" \/>\n<meta property=\"og:image\" content=\"https:\/\/www.darrera.com\/wp-content\/uploads\/2019\/05\/3r-wtnl02-tunel-viento.jpg\" \/>\n\t<meta property=\"og:image:width\" content=\"950\" \/>\n\t<meta property=\"og:image:height\" content=\"950\" \/>\n\t<meta property=\"og:image:type\" content=\"image\/jpeg\" \/>\n<meta name=\"twitter:card\" content=\"summary_large_image\" \/>\n<meta name=\"twitter:site\" content=\"@darrera_meteo\" \/>\n<meta name=\"twitter:label1\" content=\"Tiempo de lectura\" \/>\n\t<meta name=\"twitter:data1\" content=\"1 minuto\" \/>\n<script type=\"application\/ld+json\" class=\"yoast-schema-graph\">{\"@context\":\"https:\\\/\\\/schema.org\",\"@graph\":[{\"@type\":\"WebPage\",\"@id\":\"https:\\\/\\\/www.darrera.com\\\/es\\\/producto\\\/3r-wtnl02-tunel-viento\\\/\",\"url\":\"https:\\\/\\\/www.darrera.com\\\/es\\\/producto\\\/3r-wtnl02-tunel-viento\\\/\",\"name\":\"T\u00fanel de Viento | Darrera\",\"isPartOf\":{\"@id\":\"https:\\\/\\\/www.darrera.com\\\/es\\\/#website\"},\"primaryImageOfPage\":{\"@id\":\"https:\\\/\\\/www.darrera.com\\\/es\\\/producto\\\/3r-wtnl02-tunel-viento\\\/#primaryimage\"},\"image\":{\"@id\":\"https:\\\/\\\/www.darrera.com\\\/es\\\/producto\\\/3r-wtnl02-tunel-viento\\\/#primaryimage\"},\"thumbnailUrl\":\"https:\\\/\\\/www.darrera.com\\\/wp-content\\\/uploads\\\/2019\\\/05\\\/3r-wtnl02-tunel-viento.jpg\",\"datePublished\":\"2019-05-08T18:30:46+00:00\",\"dateModified\":\"2021-01-27T11:02:16+00:00\",\"breadcrumb\":{\"@id\":\"https:\\\/\\\/www.darrera.com\\\/es\\\/producto\\\/3r-wtnl02-tunel-viento\\\/#breadcrumb\"},\"inLanguage\":\"es\",\"potentialAction\":[{\"@type\":\"ReadAction\",\"target\":[\"https:\\\/\\\/www.darrera.com\\\/es\\\/producto\\\/3r-wtnl02-tunel-viento\\\/\"]}]},{\"@type\":\"ImageObject\",\"inLanguage\":\"es\",\"@id\":\"https:\\\/\\\/www.darrera.com\\\/es\\\/producto\\\/3r-wtnl02-tunel-viento\\\/#primaryimage\",\"url\":\"https:\\\/\\\/www.darrera.com\\\/wp-content\\\/uploads\\\/2019\\\/05\\\/3r-wtnl02-tunel-viento.jpg\",\"contentUrl\":\"https:\\\/\\\/www.darrera.com\\\/wp-content\\\/uploads\\\/2019\\\/05\\\/3r-wtnl02-tunel-viento.jpg\",\"width\":950,\"height\":950,\"caption\":\"3R WTNL02 - T\u00fanel de Viento\"},{\"@type\":\"BreadcrumbList\",\"@id\":\"https:\\\/\\\/www.darrera.com\\\/es\\\/producto\\\/3r-wtnl02-tunel-viento\\\/#breadcrumb\",\"itemListElement\":[{\"@type\":\"ListItem\",\"position\":1,\"name\":\"Home\",\"item\":\"https:\\\/\\\/www.darrera.com\\\/es\\\/\"},{\"@type\":\"ListItem\",\"position\":2,\"name\":\"Productos\",\"item\":\"https:\\\/\\\/www.darrera.com\\\/es\\\/productos\\\/\"},{\"@type\":\"ListItem\",\"position\":3,\"name\":\"T\u00fanel de Viento\"}]},{\"@type\":\"WebSite\",\"@id\":\"https:\\\/\\\/www.darrera.com\\\/es\\\/#website\",\"url\":\"https:\\\/\\\/www.darrera.com\\\/es\\\/\",\"name\":\"Darrera\",\"description\":\"Instrumentos, soluciones y servicios meteorol\u00f3gicos\",\"publisher\":{\"@id\":\"https:\\\/\\\/www.darrera.com\\\/es\\\/#organization\"},\"potentialAction\":[{\"@type\":\"SearchAction\",\"target\":{\"@type\":\"EntryPoint\",\"urlTemplate\":\"https:\\\/\\\/www.darrera.com\\\/es\\\/?s={search_term_string}\"},\"query-input\":{\"@type\":\"PropertyValueSpecification\",\"valueRequired\":true,\"valueName\":\"search_term_string\"}}],\"inLanguage\":\"es\"},{\"@type\":\"Organization\",\"@id\":\"https:\\\/\\\/www.darrera.com\\\/es\\\/#organization\",\"name\":\"Darrera\",\"url\":\"https:\\\/\\\/www.darrera.com\\\/es\\\/\",\"logo\":{\"@type\":\"ImageObject\",\"inLanguage\":\"es\",\"@id\":\"https:\\\/\\\/www.darrera.com\\\/es\\\/#\\\/schema\\\/logo\\\/image\\\/\",\"url\":\"https:\\\/\\\/www.darrera.com\\\/wp\\\/wp-content\\\/uploads\\\/logo-darrera.png\",\"contentUrl\":\"https:\\\/\\\/www.darrera.com\\\/wp\\\/wp-content\\\/uploads\\\/logo-darrera.png\",\"width\":500,\"height\":85,\"caption\":\"Darrera\"},\"image\":{\"@id\":\"https:\\\/\\\/www.darrera.com\\\/es\\\/#\\\/schema\\\/logo\\\/image\\\/\"},\"sameAs\":[\"http:\\\/\\\/facebook.com\\\/darrerameteo\",\"https:\\\/\\\/x.com\\\/darrera_meteo\",\"https:\\\/\\\/www.linkedin.com\\\/company\\\/darrera-s-a-\",\"http:\\\/\\\/youtube.com\\\/darreratv\"]}]}<\/script>\n<!-- \/ Yoast SEO plugin. -->","yoast_head_json":{"title":"T\u00fanel de Viento | Darrera","robots":{"index":"index","follow":"follow","max-snippet":"max-snippet:-1","max-image-preview":"max-image-preview:large","max-video-preview":"max-video-preview:-1"},"canonical":"https:\/\/www.darrera.com\/es\/producto\/3r-wtnl02-tunel-viento\/","og_locale":"es_ES","og_type":"article","og_title":"T\u00fanel de Viento | Darrera","og_description":"Nuestros t\u00faneles de viento de grado de laboratorio est\u00e1n espec\u00edficamente dise\u00f1ados para la calibraci\u00f3n y certificaci\u00f3n de todo tipo de anem\u00f3metros de tubo de pitot, hilo caliente, aspas, cazoletas y ultras\u00f3nicos, y pueden ser adaptados para llevar a cabo diferentes estudios aerodin\u00e1micos.","og_url":"https:\/\/www.darrera.com\/es\/producto\/3r-wtnl02-tunel-viento\/","og_site_name":"Darrera","article_publisher":"http:\/\/facebook.com\/darrerameteo","article_modified_time":"2021-01-27T11:02:16+00:00","og_image":[{"width":950,"height":950,"url":"https:\/\/www.darrera.com\/wp-content\/uploads\/2019\/05\/3r-wtnl02-tunel-viento.jpg","type":"image\/jpeg"}],"twitter_card":"summary_large_image","twitter_site":"@darrera_meteo","twitter_misc":{"Tiempo de lectura":"1 minuto"},"schema":{"@context":"https:\/\/schema.org","@graph":[{"@type":"WebPage","@id":"https:\/\/www.darrera.com\/es\/producto\/3r-wtnl02-tunel-viento\/","url":"https:\/\/www.darrera.com\/es\/producto\/3r-wtnl02-tunel-viento\/","name":"T\u00fanel de Viento | Darrera","isPartOf":{"@id":"https:\/\/www.darrera.com\/es\/#website"},"primaryImageOfPage":{"@id":"https:\/\/www.darrera.com\/es\/producto\/3r-wtnl02-tunel-viento\/#primaryimage"},"image":{"@id":"https:\/\/www.darrera.com\/es\/producto\/3r-wtnl02-tunel-viento\/#primaryimage"},"thumbnailUrl":"https:\/\/www.darrera.com\/wp-content\/uploads\/2019\/05\/3r-wtnl02-tunel-viento.jpg","datePublished":"2019-05-08T18:30:46+00:00","dateModified":"2021-01-27T11:02:16+00:00","breadcrumb":{"@id":"https:\/\/www.darrera.com\/es\/producto\/3r-wtnl02-tunel-viento\/#breadcrumb"},"inLanguage":"es","potentialAction":[{"@type":"ReadAction","target":["https:\/\/www.darrera.com\/es\/producto\/3r-wtnl02-tunel-viento\/"]}]},{"@type":"ImageObject","inLanguage":"es","@id":"https:\/\/www.darrera.com\/es\/producto\/3r-wtnl02-tunel-viento\/#primaryimage","url":"https:\/\/www.darrera.com\/wp-content\/uploads\/2019\/05\/3r-wtnl02-tunel-viento.jpg","contentUrl":"https:\/\/www.darrera.com\/wp-content\/uploads\/2019\/05\/3r-wtnl02-tunel-viento.jpg","width":950,"height":950,"caption":"3R WTNL02 - T\u00fanel de Viento"},{"@type":"BreadcrumbList","@id":"https:\/\/www.darrera.com\/es\/producto\/3r-wtnl02-tunel-viento\/#breadcrumb","itemListElement":[{"@type":"ListItem","position":1,"name":"Home","item":"https:\/\/www.darrera.com\/es\/"},{"@type":"ListItem","position":2,"name":"Productos","item":"https:\/\/www.darrera.com\/es\/productos\/"},{"@type":"ListItem","position":3,"name":"T\u00fanel de Viento"}]},{"@type":"WebSite","@id":"https:\/\/www.darrera.com\/es\/#website","url":"https:\/\/www.darrera.com\/es\/","name":"Darrera","description":"Instrumentos, soluciones y servicios meteorol\u00f3gicos","publisher":{"@id":"https:\/\/www.darrera.com\/es\/#organization"},"potentialAction":[{"@type":"SearchAction","target":{"@type":"EntryPoint","urlTemplate":"https:\/\/www.darrera.com\/es\/?s={search_term_string}"},"query-input":{"@type":"PropertyValueSpecification","valueRequired":true,"valueName":"search_term_string"}}],"inLanguage":"es"},{"@type":"Organization","@id":"https:\/\/www.darrera.com\/es\/#organization","name":"Darrera","url":"https:\/\/www.darrera.com\/es\/","logo":{"@type":"ImageObject","inLanguage":"es","@id":"https:\/\/www.darrera.com\/es\/#\/schema\/logo\/image\/","url":"https:\/\/www.darrera.com\/wp\/wp-content\/uploads\/logo-darrera.png","contentUrl":"https:\/\/www.darrera.com\/wp\/wp-content\/uploads\/logo-darrera.png","width":500,"height":85,"caption":"Darrera"},"image":{"@id":"https:\/\/www.darrera.com\/es\/#\/schema\/logo\/image\/"},"sameAs":["http:\/\/facebook.com\/darrerameteo","https:\/\/x.com\/darrera_meteo","https:\/\/www.linkedin.com\/company\/darrera-s-a-","http:\/\/youtube.com\/darreratv"]}]}},"_links":{"self":[{"href":"https:\/\/www.darrera.com\/es\/wp-json\/wp\/v2\/product\/3118","targetHints":{"allow":["GET"]}}],"collection":[{"href":"https:\/\/www.darrera.com\/es\/wp-json\/wp\/v2\/product"}],"about":[{"href":"https:\/\/www.darrera.com\/es\/wp-json\/wp\/v2\/types\/product"}],"wp:featuredmedia":[{"embeddable":true,"href":"https:\/\/www.darrera.com\/es\/wp-json\/wp\/v2\/media\/3120"}],"wp:attachment":[{"href":"https:\/\/www.darrera.com\/es\/wp-json\/wp\/v2\/media?parent=3118"}],"wp:term":[{"taxonomy":"product_brand","embeddable":true,"href":"https:\/\/www.darrera.com\/es\/wp-json\/wp\/v2\/product_brand?post=3118"},{"taxonomy":"product_cat","embeddable":true,"href":"https:\/\/www.darrera.com\/es\/wp-json\/wp\/v2\/product_cat?post=3118"},{"taxonomy":"product_tag","embeddable":true,"href":"https:\/\/www.darrera.com\/es\/wp-json\/wp\/v2\/product_tag?post=3118"}],"curies":[{"name":"wp","href":"https:\/\/api.w.org\/{rel}","templated":true}]}}