{"id":3242,"date":"2019-07-09T16:53:37","date_gmt":"2019-07-09T14:53:37","guid":{"rendered":"https:\/\/www.darrera.com\/wp\/product\/12900-skywatch-bl-1000\/"},"modified":"2023-12-29T13:25:56","modified_gmt":"2023-12-29T12:25:56","slug":"12900-skywatch-bl-1000","status":"publish","type":"product","link":"https:\/\/www.darrera.com\/es\/producto\/12900-skywatch-bl-1000\/","title":{"rendered":"Skywatch\u00ae BL 1000"},"content":{"rendered":"<h3>La mejor estaci\u00f3n meteorol\u00f3gica para smartphones<\/h3>\n<p>Skywatch\u00ae BL 1000 es una estaci\u00f3n meteorol\u00f3gica port\u00e1til para smartphones Android. Mide con gran precisi\u00f3n velocidad y direcci\u00f3n del viento, temperatura, humedad relativa y presi\u00f3n atmosf\u00e9rica. Asimismo, calcula distintos par\u00e1metros derivados, incluyendo temperatura de sensaci\u00f3n, punto de roc\u00edo e \u00edndice de calor, y registra de forma autom\u00e1tica las coordenadas GPS de las mediciones. Los datos se visualizan en tiempo real mediante la app m\u00f3vil gratuita Skywatch Guard espec\u00edfica para Skywatch\u00ae BL 1000 y es posible almacenarlos y enviarlos a la nube.<\/p>\n<p>El dispositivo destaca por su dise\u00f1o original y elegante, fabricado en aluminio anodizado y policarbonato para garantizar una alta resistencia. Se suministra en un malet\u00edn que permite almacenarlo y transportarlo c\u00f3modamente.<\/p>\n<h3>Tecnolog\u00eda suiza de alta precisi\u00f3n<\/h3>\n<p>Skywatch\u00ae BL 1000 incorpora sensores suizos de \u00faltima generaci\u00f3n para garantizar la m\u00e1xima precisi\u00f3n en las mediciones. Su turbina omnidireccional cuenta con rodamientos de zafiro, eje de acero inoxidable y sistema de transmisi\u00f3n magn\u00e9tico, lo que la hace sensible a las brisas m\u00e1s ligeras y, a su vez, resistente a vientos de hasta 150 Km\/h. No requiere pilas, ya que se alimenta mediante una bater\u00eda interna recargada por USB. El dispositivo indica el estado de la conexi\u00f3n Bluetooth\u00ae y la carga de la bater\u00eda, la cual garantiza una duraci\u00f3n superior a una semana antes de tener que ser recargada.<\/p>\n<h3>Dise\u00f1ado para aplicaciones profesionales<\/h3>\n<p>El dispositivo ha sido dise\u00f1ado para profesionales que necesitan efectuar mediciones precisas en campo para documentar las condiciones meteorol\u00f3gicas actuales, y es ampliamente utilizado por brigadas de bomberos, cuerpos de polic\u00eda, operadores de seguridad y empresas de construcci\u00f3n. La app permite configurar 2 umbrales de alarma para la velocidad del viento (alerta y peligro).<\/p>\n<h3>Funciones<\/h3>\n<ul>\n<li>Velocidad del viento actual, media, m\u00e1xima y m\u00ednima.<\/li>\n<li>Temperatura actual, media, m\u00e1xima y m\u00ednima.<\/li>\n<li>Temperatura de sensaci\u00f3n.<\/li>\n<li>\u00edndice de calor.<\/li>\n<li>Humedad relativa actual, media, m\u00e1xima y m\u00ednima.<\/li>\n<li>Punto de roc\u00edo.<\/li>\n<li>Presi\u00f3n atmosf\u00e9rica absoluta y relativa.<\/li>\n<li>Alt\u00edmetro (GPS).<\/li>\n<li>Comp\u00e1s.<\/li>\n<\/ul>\n<h3>Especificaciones t\u00e9cnicas<\/h3>\n<h4>Especificaciones del sensor<\/h4>\n<p>Velocidad del viento<\/p>\n<ul>\n<li>Rango: 0 a 150 Km\/h<\/li>\n<li>Resoluci\u00f3n: 0,1 Km\/h<\/li>\n<li>Precisi\u00f3n: \u00b13%<\/li>\n<\/ul>\n<p>Direcci\u00f3n del viento<\/p>\n<ul>\n<li>Rango: 0\u00ba a 360\u00ba<\/li>\n<li>Resoluci\u00f3n: 1\u00ba<\/li>\n<li>Precisi\u00f3n: \u00b13\u00ba<\/li>\n<\/ul>\n<p>Temperatura<\/p>\n<ul>\n<li>Rango: -25\u00baC a 60\u00baC<\/li>\n<li>Resoluci\u00f3n: 0,1\u00baC<\/li>\n<li>Precisi\u00f3n: \u00b10,3\u00baC<\/li>\n<\/ul>\n<p>Humedad relativa<\/p>\n<ul>\n<li>Rango: 0 a 100% RH<\/li>\n<li>Resoluci\u00f3n: 0,1% RH<\/li>\n<li>Precisi\u00f3n: \u00b13% RH<\/li>\n<\/ul>\n<p>Presi\u00f3n atmosf\u00e9rica<\/p>\n<ul>\n<li>Rango: 300 a 1.200 hPa<\/li>\n<li>Resoluci\u00f3n: 0,1 hPa<\/li>\n<li>Precisi\u00f3n: \u00b10,2 hPa<\/li>\n<\/ul>\n<h4>Especificaciones mec\u00e1nicas<\/h4>\n<ul>\n<li>Temperatura de funcionamiento: -20\u00baC a 50\u00baC<\/li>\n<li>Material: aluminio anodizado y policarbonato<\/li>\n<li>Dimensiones: 115 x 195 x 28 mm<\/li>\n<li>Peso: 155 g<\/li>\n<\/ul>\n","protected":false},"excerpt":{"rendered":"<p>La mejor estaci\u00f3n meteorol\u00f3gica para smartphones Android. Se conecta por Bluetooth\u00ae y mide con gran precisi\u00f3n velocidad y direcci\u00f3n del viento, temperatura, humedad relativa y presi\u00f3n atmosf\u00e9rica.<\/p>\n","protected":false},"featured_media":3538,"template":"","meta":[],"product_brand":[],"product_cat":[269],"product_tag":[],"class_list":{"0":"post-3242","1":"product","2":"type-product","3":"status-publish","4":"has-post-thumbnail","6":"product_cat-estaciones-meteorologicas-portatiles","8":"first","9":"instock","10":"taxable","11":"shipping-taxable","12":"purchasable","13":"product-type-simple"},"yoast_head":"<!-- This site is optimized with the Yoast SEO plugin v27.5 - https:\/\/yoast.com\/product\/yoast-seo-wordpress\/ -->\n<title>Skywatch\u00ae BL 1000 | Darrera<\/title>\n<meta name=\"robots\" content=\"index, follow, max-snippet:-1, max-image-preview:large, max-video-preview:-1\" \/>\n<link rel=\"canonical\" href=\"https:\/\/www.darrera.com\/en\/producto\/12900-skywatch-bl-1000\/\" \/>\n<meta property=\"og:locale\" content=\"es_ES\" \/>\n<meta property=\"og:type\" content=\"article\" \/>\n<meta property=\"og:title\" content=\"Skywatch\u00ae BL 1000 | Darrera\" \/>\n<meta property=\"og:description\" content=\"La mejor estaci\u00f3n meteorol\u00f3gica para smartphones Android. Se conecta por Bluetooth\u00ae y mide con gran precisi\u00f3n velocidad y direcci\u00f3n del viento, temperatura, humedad relativa y presi\u00f3n atmosf\u00e9rica.\" \/>\n<meta property=\"og:url\" content=\"https:\/\/www.darrera.com\/en\/producto\/12900-skywatch-bl-1000\/\" \/>\n<meta property=\"og:site_name\" content=\"Darrera\" \/>\n<meta property=\"article:publisher\" content=\"http:\/\/facebook.com\/darrerameteo\" \/>\n<meta property=\"article:modified_time\" content=\"2023-12-29T12:25:56+00:00\" \/>\n<meta property=\"og:image\" content=\"https:\/\/www.darrera.com\/wp-content\/uploads\/2019\/07\/12900-skywatch-bl-1000.jpg\" \/>\n\t<meta property=\"og:image:width\" content=\"950\" \/>\n\t<meta property=\"og:image:height\" content=\"950\" \/>\n\t<meta property=\"og:image:type\" content=\"image\/jpeg\" \/>\n<meta name=\"twitter:card\" content=\"summary_large_image\" \/>\n<meta name=\"twitter:site\" content=\"@darrera_meteo\" \/>\n<meta name=\"twitter:label1\" content=\"Tiempo de lectura\" \/>\n\t<meta name=\"twitter:data1\" content=\"2 minutos\" \/>\n<script type=\"application\/ld+json\" class=\"yoast-schema-graph\">{\"@context\":\"https:\\\/\\\/schema.org\",\"@graph\":[{\"@type\":\"WebPage\",\"@id\":\"https:\\\/\\\/www.darrera.com\\\/en\\\/producto\\\/12900-skywatch-bl-1000\\\/\",\"url\":\"https:\\\/\\\/www.darrera.com\\\/en\\\/producto\\\/12900-skywatch-bl-1000\\\/\",\"name\":\"Skywatch\u00ae BL 1000 | Darrera\",\"isPartOf\":{\"@id\":\"https:\\\/\\\/www.darrera.com\\\/es\\\/#website\"},\"primaryImageOfPage\":{\"@id\":\"https:\\\/\\\/www.darrera.com\\\/en\\\/producto\\\/12900-skywatch-bl-1000\\\/#primaryimage\"},\"image\":{\"@id\":\"https:\\\/\\\/www.darrera.com\\\/en\\\/producto\\\/12900-skywatch-bl-1000\\\/#primaryimage\"},\"thumbnailUrl\":\"https:\\\/\\\/www.darrera.com\\\/wp-content\\\/uploads\\\/2019\\\/07\\\/12900-skywatch-bl-1000.jpg\",\"datePublished\":\"2019-07-09T14:53:37+00:00\",\"dateModified\":\"2023-12-29T12:25:56+00:00\",\"breadcrumb\":{\"@id\":\"https:\\\/\\\/www.darrera.com\\\/en\\\/producto\\\/12900-skywatch-bl-1000\\\/#breadcrumb\"},\"inLanguage\":\"es\",\"potentialAction\":[{\"@type\":\"ReadAction\",\"target\":[\"https:\\\/\\\/www.darrera.com\\\/en\\\/producto\\\/12900-skywatch-bl-1000\\\/\"]}]},{\"@type\":\"ImageObject\",\"inLanguage\":\"es\",\"@id\":\"https:\\\/\\\/www.darrera.com\\\/en\\\/producto\\\/12900-skywatch-bl-1000\\\/#primaryimage\",\"url\":\"https:\\\/\\\/www.darrera.com\\\/wp-content\\\/uploads\\\/2019\\\/07\\\/12900-skywatch-bl-1000.jpg\",\"contentUrl\":\"https:\\\/\\\/www.darrera.com\\\/wp-content\\\/uploads\\\/2019\\\/07\\\/12900-skywatch-bl-1000.jpg\",\"width\":950,\"height\":950,\"caption\":\"12900 - Skywatch\u00ae BL 1000\"},{\"@type\":\"BreadcrumbList\",\"@id\":\"https:\\\/\\\/www.darrera.com\\\/en\\\/producto\\\/12900-skywatch-bl-1000\\\/#breadcrumb\",\"itemListElement\":[{\"@type\":\"ListItem\",\"position\":1,\"name\":\"Home\",\"item\":\"https:\\\/\\\/www.darrera.com\\\/es\\\/\"},{\"@type\":\"ListItem\",\"position\":2,\"name\":\"Productos\",\"item\":\"https:\\\/\\\/www.darrera.com\\\/es\\\/productos\\\/\"},{\"@type\":\"ListItem\",\"position\":3,\"name\":\"Skywatch\u00ae BL 1000\"}]},{\"@type\":\"WebSite\",\"@id\":\"https:\\\/\\\/www.darrera.com\\\/es\\\/#website\",\"url\":\"https:\\\/\\\/www.darrera.com\\\/es\\\/\",\"name\":\"Darrera\",\"description\":\"Instrumentos, soluciones y servicios meteorol\u00f3gicos\",\"publisher\":{\"@id\":\"https:\\\/\\\/www.darrera.com\\\/es\\\/#organization\"},\"potentialAction\":[{\"@type\":\"SearchAction\",\"target\":{\"@type\":\"EntryPoint\",\"urlTemplate\":\"https:\\\/\\\/www.darrera.com\\\/es\\\/?s={search_term_string}\"},\"query-input\":{\"@type\":\"PropertyValueSpecification\",\"valueRequired\":true,\"valueName\":\"search_term_string\"}}],\"inLanguage\":\"es\"},{\"@type\":\"Organization\",\"@id\":\"https:\\\/\\\/www.darrera.com\\\/es\\\/#organization\",\"name\":\"Darrera\",\"url\":\"https:\\\/\\\/www.darrera.com\\\/es\\\/\",\"logo\":{\"@type\":\"ImageObject\",\"inLanguage\":\"es\",\"@id\":\"https:\\\/\\\/www.darrera.com\\\/es\\\/#\\\/schema\\\/logo\\\/image\\\/\",\"url\":\"https:\\\/\\\/www.darrera.com\\\/wp\\\/wp-content\\\/uploads\\\/logo-darrera.png\",\"contentUrl\":\"https:\\\/\\\/www.darrera.com\\\/wp\\\/wp-content\\\/uploads\\\/logo-darrera.png\",\"width\":500,\"height\":85,\"caption\":\"Darrera\"},\"image\":{\"@id\":\"https:\\\/\\\/www.darrera.com\\\/es\\\/#\\\/schema\\\/logo\\\/image\\\/\"},\"sameAs\":[\"http:\\\/\\\/facebook.com\\\/darrerameteo\",\"https:\\\/\\\/x.com\\\/darrera_meteo\",\"https:\\\/\\\/www.linkedin.com\\\/company\\\/darrera-s-a-\",\"http:\\\/\\\/youtube.com\\\/darreratv\"]}]}<\/script>\n<!-- \/ Yoast SEO plugin. -->","yoast_head_json":{"title":"Skywatch\u00ae BL 1000 | Darrera","robots":{"index":"index","follow":"follow","max-snippet":"max-snippet:-1","max-image-preview":"max-image-preview:large","max-video-preview":"max-video-preview:-1"},"canonical":"https:\/\/www.darrera.com\/en\/producto\/12900-skywatch-bl-1000\/","og_locale":"es_ES","og_type":"article","og_title":"Skywatch\u00ae BL 1000 | Darrera","og_description":"La mejor estaci\u00f3n meteorol\u00f3gica para smartphones Android. Se conecta por Bluetooth\u00ae y mide con gran precisi\u00f3n velocidad y direcci\u00f3n del viento, temperatura, humedad relativa y presi\u00f3n atmosf\u00e9rica.","og_url":"https:\/\/www.darrera.com\/en\/producto\/12900-skywatch-bl-1000\/","og_site_name":"Darrera","article_publisher":"http:\/\/facebook.com\/darrerameteo","article_modified_time":"2023-12-29T12:25:56+00:00","og_image":[{"width":950,"height":950,"url":"https:\/\/www.darrera.com\/wp-content\/uploads\/2019\/07\/12900-skywatch-bl-1000.jpg","type":"image\/jpeg"}],"twitter_card":"summary_large_image","twitter_site":"@darrera_meteo","twitter_misc":{"Tiempo de lectura":"2 minutos"},"schema":{"@context":"https:\/\/schema.org","@graph":[{"@type":"WebPage","@id":"https:\/\/www.darrera.com\/en\/producto\/12900-skywatch-bl-1000\/","url":"https:\/\/www.darrera.com\/en\/producto\/12900-skywatch-bl-1000\/","name":"Skywatch\u00ae BL 1000 | Darrera","isPartOf":{"@id":"https:\/\/www.darrera.com\/es\/#website"},"primaryImageOfPage":{"@id":"https:\/\/www.darrera.com\/en\/producto\/12900-skywatch-bl-1000\/#primaryimage"},"image":{"@id":"https:\/\/www.darrera.com\/en\/producto\/12900-skywatch-bl-1000\/#primaryimage"},"thumbnailUrl":"https:\/\/www.darrera.com\/wp-content\/uploads\/2019\/07\/12900-skywatch-bl-1000.jpg","datePublished":"2019-07-09T14:53:37+00:00","dateModified":"2023-12-29T12:25:56+00:00","breadcrumb":{"@id":"https:\/\/www.darrera.com\/en\/producto\/12900-skywatch-bl-1000\/#breadcrumb"},"inLanguage":"es","potentialAction":[{"@type":"ReadAction","target":["https:\/\/www.darrera.com\/en\/producto\/12900-skywatch-bl-1000\/"]}]},{"@type":"ImageObject","inLanguage":"es","@id":"https:\/\/www.darrera.com\/en\/producto\/12900-skywatch-bl-1000\/#primaryimage","url":"https:\/\/www.darrera.com\/wp-content\/uploads\/2019\/07\/12900-skywatch-bl-1000.jpg","contentUrl":"https:\/\/www.darrera.com\/wp-content\/uploads\/2019\/07\/12900-skywatch-bl-1000.jpg","width":950,"height":950,"caption":"12900 - Skywatch\u00ae BL 1000"},{"@type":"BreadcrumbList","@id":"https:\/\/www.darrera.com\/en\/producto\/12900-skywatch-bl-1000\/#breadcrumb","itemListElement":[{"@type":"ListItem","position":1,"name":"Home","item":"https:\/\/www.darrera.com\/es\/"},{"@type":"ListItem","position":2,"name":"Productos","item":"https:\/\/www.darrera.com\/es\/productos\/"},{"@type":"ListItem","position":3,"name":"Skywatch\u00ae BL 1000"}]},{"@type":"WebSite","@id":"https:\/\/www.darrera.com\/es\/#website","url":"https:\/\/www.darrera.com\/es\/","name":"Darrera","description":"Instrumentos, soluciones y servicios meteorol\u00f3gicos","publisher":{"@id":"https:\/\/www.darrera.com\/es\/#organization"},"potentialAction":[{"@type":"SearchAction","target":{"@type":"EntryPoint","urlTemplate":"https:\/\/www.darrera.com\/es\/?s={search_term_string}"},"query-input":{"@type":"PropertyValueSpecification","valueRequired":true,"valueName":"search_term_string"}}],"inLanguage":"es"},{"@type":"Organization","@id":"https:\/\/www.darrera.com\/es\/#organization","name":"Darrera","url":"https:\/\/www.darrera.com\/es\/","logo":{"@type":"ImageObject","inLanguage":"es","@id":"https:\/\/www.darrera.com\/es\/#\/schema\/logo\/image\/","url":"https:\/\/www.darrera.com\/wp\/wp-content\/uploads\/logo-darrera.png","contentUrl":"https:\/\/www.darrera.com\/wp\/wp-content\/uploads\/logo-darrera.png","width":500,"height":85,"caption":"Darrera"},"image":{"@id":"https:\/\/www.darrera.com\/es\/#\/schema\/logo\/image\/"},"sameAs":["http:\/\/facebook.com\/darrerameteo","https:\/\/x.com\/darrera_meteo","https:\/\/www.linkedin.com\/company\/darrera-s-a-","http:\/\/youtube.com\/darreratv"]}]}},"_links":{"self":[{"href":"https:\/\/www.darrera.com\/es\/wp-json\/wp\/v2\/product\/3242","targetHints":{"allow":["GET"]}}],"collection":[{"href":"https:\/\/www.darrera.com\/es\/wp-json\/wp\/v2\/product"}],"about":[{"href":"https:\/\/www.darrera.com\/es\/wp-json\/wp\/v2\/types\/product"}],"wp:featuredmedia":[{"embeddable":true,"href":"https:\/\/www.darrera.com\/es\/wp-json\/wp\/v2\/media\/3538"}],"wp:attachment":[{"href":"https:\/\/www.darrera.com\/es\/wp-json\/wp\/v2\/media?parent=3242"}],"wp:term":[{"taxonomy":"product_brand","embeddable":true,"href":"https:\/\/www.darrera.com\/es\/wp-json\/wp\/v2\/product_brand?post=3242"},{"taxonomy":"product_cat","embeddable":true,"href":"https:\/\/www.darrera.com\/es\/wp-json\/wp\/v2\/product_cat?post=3242"},{"taxonomy":"product_tag","embeddable":true,"href":"https:\/\/www.darrera.com\/es\/wp-json\/wp\/v2\/product_tag?post=3242"}],"curies":[{"name":"wp","href":"https:\/\/api.w.org\/{rel}","templated":true}]}}