{"id":3244,"date":"2019-07-10T16:03:54","date_gmt":"2019-07-10T14:03:54","guid":{"rendered":"https:\/\/www.darrera.com\/wp\/?post_type=product&#038;p=3244"},"modified":"2020-08-24T11:40:36","modified_gmt":"2020-08-24T09:40:36","slug":"lpsilicon-pyra04-piranometro-silicio","status":"publish","type":"product","link":"https:\/\/www.darrera.com\/es\/producto\/lpsilicon-pyra04-piranometro-silicio\/","title":{"rendered":"Piran\u00f3metro de Silicio"},"content":{"rendered":"<h3>Preciso y fiable<\/h3>\n<p>El piran\u00f3metro de silicio mide la radiaci\u00f3n solar global, esto es, la suma en el punto de medida de las componentes directa, difusa y reflejada.<\/p>\n<p>Est\u00e1 formado por un fotodiodo de silicio de alta precisi\u00f3n ubicado dentro de una carcasa de aluminio anodizado. El anillo de corte proporciona una excelente respuesta coseno. Cada sensor es calibrado contra un est\u00e1ndar secundario bajo luz natural. Incluye un cable de 5 metros de longitud.<\/p>\n<h3>Especificaciones t\u00e9cnicas<\/h3>\n<h4>Especificaciones del sensor<\/h4>\n<ul>\n<li>Respuesta espectral: 350 a 1.100 nm<\/li>\n<li>Rango: 0 a 1.400 W\/m2<\/li>\n<li>Precisi\u00f3n: \u00b12,5%<\/li>\n<li>Deriva: 2% por a\u00f1o (m\u00e1x.)<\/li>\n<\/ul>\n<h4>Especificaciones el\u00e9ctricas<\/h4>\n<ul>\n<li>Se\u00f1al de salida: 10 \u03bcV\/(W\/m2)<\/li>\n<\/ul>\n<h4>Especificaciones mec\u00e1nicas<\/h4>\n<ul>\n<li>Temperatura de funcionamiento: -30\u00baC a 65\u00baC<\/li>\n<li>Material: aluminio anodizado<\/li>\n<li>Dimensiones: \u2205 30 x 30 mm<\/li>\n<li>Peso: 315 g<\/li>\n<\/ul>\n","protected":false},"excerpt":{"rendered":"<p>Mide la radiaci\u00f3n solar global mediante un fotodiodo de silicio de alta precisi\u00f3n ubicado dentro de una carcasa de aluminio anodizado.<\/p>\n","protected":false},"featured_media":3974,"template":"","meta":[],"product_brand":[],"product_cat":[190],"product_tag":[],"class_list":{"0":"post-3244","1":"product","2":"type-product","3":"status-publish","4":"has-post-thumbnail","6":"product_cat-piranometros","8":"first","9":"instock","10":"taxable","11":"shipping-taxable","12":"product-type-simple"},"yoast_head":"<!-- This site is optimized with the Yoast SEO plugin v27.3 - https:\/\/yoast.com\/product\/yoast-seo-wordpress\/ -->\n<title>Piran\u00f3metro de Silicio | Darrera<\/title>\n<meta name=\"robots\" content=\"index, follow, max-snippet:-1, max-image-preview:large, max-video-preview:-1\" \/>\n<link rel=\"canonical\" href=\"https:\/\/www.darrera.com\/en\/producto\/lpsilicon-pyra04-silicon-pyranometer\/\" \/>\n<meta property=\"og:locale\" content=\"es_ES\" \/>\n<meta property=\"og:type\" content=\"article\" \/>\n<meta property=\"og:title\" content=\"Piran\u00f3metro de Silicio | Darrera\" \/>\n<meta property=\"og:description\" content=\"Mide la radiaci\u00f3n solar global mediante un fotodiodo de silicio de alta precisi\u00f3n ubicado dentro de una carcasa de aluminio anodizado.\" \/>\n<meta property=\"og:url\" content=\"https:\/\/www.darrera.com\/en\/producto\/lpsilicon-pyra04-silicon-pyranometer\/\" \/>\n<meta property=\"og:site_name\" content=\"Darrera\" \/>\n<meta property=\"article:publisher\" content=\"http:\/\/facebook.com\/darrerameteo\" \/>\n<meta property=\"article:modified_time\" content=\"2020-08-24T09:40:36+00:00\" \/>\n<meta property=\"og:image\" content=\"https:\/\/www.darrera.com\/wp-content\/uploads\/2019\/07\/lpsilicon-pyra04-piranometro-silicio.jpg\" \/>\n\t<meta property=\"og:image:width\" content=\"950\" \/>\n\t<meta property=\"og:image:height\" content=\"950\" \/>\n\t<meta property=\"og:image:type\" content=\"image\/jpeg\" \/>\n<meta name=\"twitter:card\" content=\"summary_large_image\" \/>\n<meta name=\"twitter:site\" content=\"@darrera_meteo\" \/>\n<meta name=\"twitter:label1\" content=\"Tiempo de lectura\" \/>\n\t<meta name=\"twitter:data1\" content=\"1 minuto\" \/>\n<script type=\"application\/ld+json\" class=\"yoast-schema-graph\">{\"@context\":\"https:\\\/\\\/schema.org\",\"@graph\":[{\"@type\":\"WebPage\",\"@id\":\"https:\\\/\\\/www.darrera.com\\\/en\\\/producto\\\/lpsilicon-pyra04-silicon-pyranometer\\\/\",\"url\":\"https:\\\/\\\/www.darrera.com\\\/en\\\/producto\\\/lpsilicon-pyra04-silicon-pyranometer\\\/\",\"name\":\"Piran\u00f3metro de Silicio | Darrera\",\"isPartOf\":{\"@id\":\"https:\\\/\\\/www.darrera.com\\\/es\\\/#website\"},\"primaryImageOfPage\":{\"@id\":\"https:\\\/\\\/www.darrera.com\\\/en\\\/producto\\\/lpsilicon-pyra04-silicon-pyranometer\\\/#primaryimage\"},\"image\":{\"@id\":\"https:\\\/\\\/www.darrera.com\\\/en\\\/producto\\\/lpsilicon-pyra04-silicon-pyranometer\\\/#primaryimage\"},\"thumbnailUrl\":\"https:\\\/\\\/www.darrera.com\\\/wp-content\\\/uploads\\\/2019\\\/07\\\/lpsilicon-pyra04-piranometro-silicio.jpg\",\"datePublished\":\"2019-07-10T14:03:54+00:00\",\"dateModified\":\"2020-08-24T09:40:36+00:00\",\"breadcrumb\":{\"@id\":\"https:\\\/\\\/www.darrera.com\\\/en\\\/producto\\\/lpsilicon-pyra04-silicon-pyranometer\\\/#breadcrumb\"},\"inLanguage\":\"es\",\"potentialAction\":[{\"@type\":\"ReadAction\",\"target\":[\"https:\\\/\\\/www.darrera.com\\\/en\\\/producto\\\/lpsilicon-pyra04-silicon-pyranometer\\\/\"]}]},{\"@type\":\"ImageObject\",\"inLanguage\":\"es\",\"@id\":\"https:\\\/\\\/www.darrera.com\\\/en\\\/producto\\\/lpsilicon-pyra04-silicon-pyranometer\\\/#primaryimage\",\"url\":\"https:\\\/\\\/www.darrera.com\\\/wp-content\\\/uploads\\\/2019\\\/07\\\/lpsilicon-pyra04-piranometro-silicio.jpg\",\"contentUrl\":\"https:\\\/\\\/www.darrera.com\\\/wp-content\\\/uploads\\\/2019\\\/07\\\/lpsilicon-pyra04-piranometro-silicio.jpg\",\"width\":950,\"height\":950,\"caption\":\"LPSILICON-PYRA04 - Piran\u00f3metro de Silicio\"},{\"@type\":\"BreadcrumbList\",\"@id\":\"https:\\\/\\\/www.darrera.com\\\/en\\\/producto\\\/lpsilicon-pyra04-silicon-pyranometer\\\/#breadcrumb\",\"itemListElement\":[{\"@type\":\"ListItem\",\"position\":1,\"name\":\"Home\",\"item\":\"https:\\\/\\\/www.darrera.com\\\/es\\\/\"},{\"@type\":\"ListItem\",\"position\":2,\"name\":\"Productos\",\"item\":\"https:\\\/\\\/www.darrera.com\\\/es\\\/productos\\\/\"},{\"@type\":\"ListItem\",\"position\":3,\"name\":\"Piran\u00f3metro de Silicio\"}]},{\"@type\":\"WebSite\",\"@id\":\"https:\\\/\\\/www.darrera.com\\\/es\\\/#website\",\"url\":\"https:\\\/\\\/www.darrera.com\\\/es\\\/\",\"name\":\"Darrera\",\"description\":\"Instrumentos, soluciones y servicios meteorol\u00f3gicos\",\"publisher\":{\"@id\":\"https:\\\/\\\/www.darrera.com\\\/es\\\/#organization\"},\"potentialAction\":[{\"@type\":\"SearchAction\",\"target\":{\"@type\":\"EntryPoint\",\"urlTemplate\":\"https:\\\/\\\/www.darrera.com\\\/es\\\/?s={search_term_string}\"},\"query-input\":{\"@type\":\"PropertyValueSpecification\",\"valueRequired\":true,\"valueName\":\"search_term_string\"}}],\"inLanguage\":\"es\"},{\"@type\":\"Organization\",\"@id\":\"https:\\\/\\\/www.darrera.com\\\/es\\\/#organization\",\"name\":\"Darrera\",\"url\":\"https:\\\/\\\/www.darrera.com\\\/es\\\/\",\"logo\":{\"@type\":\"ImageObject\",\"inLanguage\":\"es\",\"@id\":\"https:\\\/\\\/www.darrera.com\\\/es\\\/#\\\/schema\\\/logo\\\/image\\\/\",\"url\":\"https:\\\/\\\/www.darrera.com\\\/wp\\\/wp-content\\\/uploads\\\/logo-darrera.png\",\"contentUrl\":\"https:\\\/\\\/www.darrera.com\\\/wp\\\/wp-content\\\/uploads\\\/logo-darrera.png\",\"width\":500,\"height\":85,\"caption\":\"Darrera\"},\"image\":{\"@id\":\"https:\\\/\\\/www.darrera.com\\\/es\\\/#\\\/schema\\\/logo\\\/image\\\/\"},\"sameAs\":[\"http:\\\/\\\/facebook.com\\\/darrerameteo\",\"https:\\\/\\\/x.com\\\/darrera_meteo\",\"https:\\\/\\\/www.linkedin.com\\\/company\\\/darrera-s-a-\",\"http:\\\/\\\/youtube.com\\\/darreratv\"]}]}<\/script>\n<!-- \/ Yoast SEO plugin. -->","yoast_head_json":{"title":"Piran\u00f3metro de Silicio | Darrera","robots":{"index":"index","follow":"follow","max-snippet":"max-snippet:-1","max-image-preview":"max-image-preview:large","max-video-preview":"max-video-preview:-1"},"canonical":"https:\/\/www.darrera.com\/en\/producto\/lpsilicon-pyra04-silicon-pyranometer\/","og_locale":"es_ES","og_type":"article","og_title":"Piran\u00f3metro de Silicio | Darrera","og_description":"Mide la radiaci\u00f3n solar global mediante un fotodiodo de silicio de alta precisi\u00f3n ubicado dentro de una carcasa de aluminio anodizado.","og_url":"https:\/\/www.darrera.com\/en\/producto\/lpsilicon-pyra04-silicon-pyranometer\/","og_site_name":"Darrera","article_publisher":"http:\/\/facebook.com\/darrerameteo","article_modified_time":"2020-08-24T09:40:36+00:00","og_image":[{"width":950,"height":950,"url":"https:\/\/www.darrera.com\/wp-content\/uploads\/2019\/07\/lpsilicon-pyra04-piranometro-silicio.jpg","type":"image\/jpeg"}],"twitter_card":"summary_large_image","twitter_site":"@darrera_meteo","twitter_misc":{"Tiempo de lectura":"1 minuto"},"schema":{"@context":"https:\/\/schema.org","@graph":[{"@type":"WebPage","@id":"https:\/\/www.darrera.com\/en\/producto\/lpsilicon-pyra04-silicon-pyranometer\/","url":"https:\/\/www.darrera.com\/en\/producto\/lpsilicon-pyra04-silicon-pyranometer\/","name":"Piran\u00f3metro de Silicio | Darrera","isPartOf":{"@id":"https:\/\/www.darrera.com\/es\/#website"},"primaryImageOfPage":{"@id":"https:\/\/www.darrera.com\/en\/producto\/lpsilicon-pyra04-silicon-pyranometer\/#primaryimage"},"image":{"@id":"https:\/\/www.darrera.com\/en\/producto\/lpsilicon-pyra04-silicon-pyranometer\/#primaryimage"},"thumbnailUrl":"https:\/\/www.darrera.com\/wp-content\/uploads\/2019\/07\/lpsilicon-pyra04-piranometro-silicio.jpg","datePublished":"2019-07-10T14:03:54+00:00","dateModified":"2020-08-24T09:40:36+00:00","breadcrumb":{"@id":"https:\/\/www.darrera.com\/en\/producto\/lpsilicon-pyra04-silicon-pyranometer\/#breadcrumb"},"inLanguage":"es","potentialAction":[{"@type":"ReadAction","target":["https:\/\/www.darrera.com\/en\/producto\/lpsilicon-pyra04-silicon-pyranometer\/"]}]},{"@type":"ImageObject","inLanguage":"es","@id":"https:\/\/www.darrera.com\/en\/producto\/lpsilicon-pyra04-silicon-pyranometer\/#primaryimage","url":"https:\/\/www.darrera.com\/wp-content\/uploads\/2019\/07\/lpsilicon-pyra04-piranometro-silicio.jpg","contentUrl":"https:\/\/www.darrera.com\/wp-content\/uploads\/2019\/07\/lpsilicon-pyra04-piranometro-silicio.jpg","width":950,"height":950,"caption":"LPSILICON-PYRA04 - Piran\u00f3metro de Silicio"},{"@type":"BreadcrumbList","@id":"https:\/\/www.darrera.com\/en\/producto\/lpsilicon-pyra04-silicon-pyranometer\/#breadcrumb","itemListElement":[{"@type":"ListItem","position":1,"name":"Home","item":"https:\/\/www.darrera.com\/es\/"},{"@type":"ListItem","position":2,"name":"Productos","item":"https:\/\/www.darrera.com\/es\/productos\/"},{"@type":"ListItem","position":3,"name":"Piran\u00f3metro de Silicio"}]},{"@type":"WebSite","@id":"https:\/\/www.darrera.com\/es\/#website","url":"https:\/\/www.darrera.com\/es\/","name":"Darrera","description":"Instrumentos, soluciones y servicios meteorol\u00f3gicos","publisher":{"@id":"https:\/\/www.darrera.com\/es\/#organization"},"potentialAction":[{"@type":"SearchAction","target":{"@type":"EntryPoint","urlTemplate":"https:\/\/www.darrera.com\/es\/?s={search_term_string}"},"query-input":{"@type":"PropertyValueSpecification","valueRequired":true,"valueName":"search_term_string"}}],"inLanguage":"es"},{"@type":"Organization","@id":"https:\/\/www.darrera.com\/es\/#organization","name":"Darrera","url":"https:\/\/www.darrera.com\/es\/","logo":{"@type":"ImageObject","inLanguage":"es","@id":"https:\/\/www.darrera.com\/es\/#\/schema\/logo\/image\/","url":"https:\/\/www.darrera.com\/wp\/wp-content\/uploads\/logo-darrera.png","contentUrl":"https:\/\/www.darrera.com\/wp\/wp-content\/uploads\/logo-darrera.png","width":500,"height":85,"caption":"Darrera"},"image":{"@id":"https:\/\/www.darrera.com\/es\/#\/schema\/logo\/image\/"},"sameAs":["http:\/\/facebook.com\/darrerameteo","https:\/\/x.com\/darrera_meteo","https:\/\/www.linkedin.com\/company\/darrera-s-a-","http:\/\/youtube.com\/darreratv"]}]}},"_links":{"self":[{"href":"https:\/\/www.darrera.com\/es\/wp-json\/wp\/v2\/product\/3244","targetHints":{"allow":["GET"]}}],"collection":[{"href":"https:\/\/www.darrera.com\/es\/wp-json\/wp\/v2\/product"}],"about":[{"href":"https:\/\/www.darrera.com\/es\/wp-json\/wp\/v2\/types\/product"}],"wp:featuredmedia":[{"embeddable":true,"href":"https:\/\/www.darrera.com\/es\/wp-json\/wp\/v2\/media\/3974"}],"wp:attachment":[{"href":"https:\/\/www.darrera.com\/es\/wp-json\/wp\/v2\/media?parent=3244"}],"wp:term":[{"taxonomy":"product_brand","embeddable":true,"href":"https:\/\/www.darrera.com\/es\/wp-json\/wp\/v2\/product_brand?post=3244"},{"taxonomy":"product_cat","embeddable":true,"href":"https:\/\/www.darrera.com\/es\/wp-json\/wp\/v2\/product_cat?post=3244"},{"taxonomy":"product_tag","embeddable":true,"href":"https:\/\/www.darrera.com\/es\/wp-json\/wp\/v2\/product_tag?post=3244"}],"curies":[{"name":"wp","href":"https:\/\/api.w.org\/{rel}","templated":true}]}}