{"id":3586,"date":"2020-01-03T18:19:09","date_gmt":"2020-01-03T17:19:09","guid":{"rendered":"https:\/\/www.darrera.com\/wp\/?post_type=product&#038;p=3586"},"modified":"2025-04-20T23:32:19","modified_gmt":"2025-04-20T21:32:19","slug":"mx1104-hobo-mx-analog-temp-rh-light","status":"publish","type":"product","link":"https:\/\/www.darrera.com\/es\/producto\/mx1104-hobo-mx-analog-temp-rh-light\/","title":{"rendered":"HOBO\u00ae MX Analog\/Temp\/RH\/Light"},"content":{"rendered":"<h3>Altamente vers\u00e1til<\/h3>\n<p>HOBO\u00ae MX Analog\/Temp\/RH\/Light registra la temperatura, la humedad y la intensidad de luz en ambientes interiores, tales como oficinas, centros comerciales, escuelas u hospitales, y env\u00eda los datos por Bluetooth\u00ae y en tiempo real a la app gratuita HOBOconnect\u00ae para dispositivos iOS y Android. Dispone, adem\u00e1s, de una entrada adicional para sensores anal\u00f3gicos.<\/p>\n<h3>Dise\u00f1o compacto con pantalla LCD<\/h3>\n<p>El datalogger presenta un dise\u00f1o compacto y dispone de una pantalla LCD de f\u00e1cil lectura que muestra los valores actuales, la memoria disponible y la carga de la bater\u00eda, la cual ofrece una duraci\u00f3n aproximada de 1 a\u00f1o con 2 pilas AAA.<\/p>\n<h3>Especificaciones t\u00e9cnicas<\/h3>\n<h4>Especificaciones del datalogger<\/h4>\n<ul>\n<li>Capacidad: 1,9 millones de registros<\/li>\n<\/ul>\n<h4>Especificaciones del sensor<\/h4>\n<p>Temperatura<\/p>\n<ul>\n<li>Rango: -20\u00baC a 70\u00baC<\/li>\n<li>Resoluci\u00f3n: 0,002\u00baC<\/li>\n<li>Precisi\u00f3n: \u00b10,2\u00baC<\/li>\n<\/ul>\n<p>Humedad relativa<\/p>\n<ul>\n<li>Rango: 0 a 100% RH<\/li>\n<li>Resoluci\u00f3n: 0,01% RH<\/li>\n<li>Precisi\u00f3n: \u00b12,5% RH<\/li>\n<\/ul>\n<p>Intensidad de luz<\/p>\n<ul>\n<li>Rango: 0 a 167.731 lux<\/li>\n<\/ul>\n<h4>Especificaciones el\u00e9ctricas<\/h4>\n<ul>\n<li>Voltaje de alimentaci\u00f3n: 3 VDC<\/li>\n<li>Tipo de pila: 2 x AAA<\/li>\n<li>Duraci\u00f3n de la pila: 1 a\u00f1o (aprox.)<\/li>\n<li>Se\u00f1al de entrada: 1 x anal\u00f3gica<\/li>\n<li>Se\u00f1al de salida: Bluetooth\u00ae<\/li>\n<\/ul>\n<h4>Especificaciones mec\u00e1nicas<\/h4>\n<ul>\n<li>Temperatura de funcionamiento: -20\u00baC a 70\u00baC<\/li>\n<li>Material: pl\u00e1stico de alta resistencia<\/li>\n<li>Dimensiones: 11,3 x 5,4 x 2,9 cm<\/li>\n<li>Peso: 123 g<\/li>\n<\/ul>\n","protected":false},"excerpt":{"rendered":"<p>Registra la temperatura, la humedad y la intensidad de luz en ambientes interiores y env\u00eda los datos por Bluetooth\u00ae y en tiempo real a la app gratuita HOBOconnect\u00ae para dispositivos iOS y Android. Dispone, adem\u00e1s, de una entrada adicional para sensores anal\u00f3gicos.<\/p>\n","protected":false},"featured_media":3588,"template":"","meta":[],"product_brand":[],"product_cat":[204],"product_tag":[],"class_list":{"0":"post-3586","1":"product","2":"type-product","3":"status-publish","4":"has-post-thumbnail","6":"product_cat-registradores-temperatura-humedad-onset-computer","8":"first","9":"instock","10":"taxable","11":"shipping-taxable","12":"purchasable","13":"product-type-simple"},"yoast_head":"<!-- This site is optimized with the Yoast SEO plugin v27.3 - https:\/\/yoast.com\/product\/yoast-seo-wordpress\/ -->\n<title>HOBO\u00ae MX Analog\/Temp\/RH\/Light | Darrera<\/title>\n<meta name=\"robots\" content=\"index, follow, max-snippet:-1, max-image-preview:large, max-video-preview:-1\" \/>\n<link rel=\"canonical\" href=\"https:\/\/www.darrera.com\/en\/producto\/mx1104-hobo-mx-analog-temp-rh-light\/\" \/>\n<meta property=\"og:locale\" content=\"es_ES\" \/>\n<meta property=\"og:type\" content=\"article\" \/>\n<meta property=\"og:title\" content=\"HOBO\u00ae MX Analog\/Temp\/RH\/Light | Darrera\" \/>\n<meta property=\"og:description\" content=\"Registra la temperatura, la humedad y la intensidad de luz en ambientes interiores y env\u00eda los datos por Bluetooth\u00ae y en tiempo real a la app gratuita HOBOconnect\u00ae para dispositivos iOS y Android. Dispone, adem\u00e1s, de una entrada adicional para sensores anal\u00f3gicos.\" \/>\n<meta property=\"og:url\" content=\"https:\/\/www.darrera.com\/en\/producto\/mx1104-hobo-mx-analog-temp-rh-light\/\" \/>\n<meta property=\"og:site_name\" content=\"Darrera\" \/>\n<meta property=\"article:publisher\" content=\"http:\/\/facebook.com\/darrerameteo\" \/>\n<meta property=\"article:modified_time\" content=\"2025-04-20T21:32:19+00:00\" \/>\n<meta property=\"og:image\" content=\"https:\/\/www.darrera.com\/wp-content\/uploads\/2020\/01\/mx1104-hobo-mx-analog-temp-rh-light.jpg\" \/>\n\t<meta property=\"og:image:width\" content=\"950\" \/>\n\t<meta property=\"og:image:height\" content=\"950\" \/>\n\t<meta property=\"og:image:type\" content=\"image\/jpeg\" \/>\n<meta name=\"twitter:card\" content=\"summary_large_image\" \/>\n<meta name=\"twitter:site\" content=\"@darrera_meteo\" \/>\n<meta name=\"twitter:label1\" content=\"Tiempo de lectura\" \/>\n\t<meta name=\"twitter:data1\" content=\"1 minuto\" \/>\n<script type=\"application\/ld+json\" class=\"yoast-schema-graph\">{\"@context\":\"https:\\\/\\\/schema.org\",\"@graph\":[{\"@type\":\"WebPage\",\"@id\":\"https:\\\/\\\/www.darrera.com\\\/en\\\/producto\\\/mx1104-hobo-mx-analog-temp-rh-light\\\/\",\"url\":\"https:\\\/\\\/www.darrera.com\\\/en\\\/producto\\\/mx1104-hobo-mx-analog-temp-rh-light\\\/\",\"name\":\"HOBO\u00ae MX Analog\\\/Temp\\\/RH\\\/Light | Darrera\",\"isPartOf\":{\"@id\":\"https:\\\/\\\/www.darrera.com\\\/es\\\/#website\"},\"primaryImageOfPage\":{\"@id\":\"https:\\\/\\\/www.darrera.com\\\/en\\\/producto\\\/mx1104-hobo-mx-analog-temp-rh-light\\\/#primaryimage\"},\"image\":{\"@id\":\"https:\\\/\\\/www.darrera.com\\\/en\\\/producto\\\/mx1104-hobo-mx-analog-temp-rh-light\\\/#primaryimage\"},\"thumbnailUrl\":\"https:\\\/\\\/www.darrera.com\\\/wp-content\\\/uploads\\\/2020\\\/01\\\/mx1104-hobo-mx-analog-temp-rh-light.jpg\",\"datePublished\":\"2020-01-03T17:19:09+00:00\",\"dateModified\":\"2025-04-20T21:32:19+00:00\",\"breadcrumb\":{\"@id\":\"https:\\\/\\\/www.darrera.com\\\/en\\\/producto\\\/mx1104-hobo-mx-analog-temp-rh-light\\\/#breadcrumb\"},\"inLanguage\":\"es\",\"potentialAction\":[{\"@type\":\"ReadAction\",\"target\":[\"https:\\\/\\\/www.darrera.com\\\/en\\\/producto\\\/mx1104-hobo-mx-analog-temp-rh-light\\\/\"]}]},{\"@type\":\"ImageObject\",\"inLanguage\":\"es\",\"@id\":\"https:\\\/\\\/www.darrera.com\\\/en\\\/producto\\\/mx1104-hobo-mx-analog-temp-rh-light\\\/#primaryimage\",\"url\":\"https:\\\/\\\/www.darrera.com\\\/wp-content\\\/uploads\\\/2020\\\/01\\\/mx1104-hobo-mx-analog-temp-rh-light.jpg\",\"contentUrl\":\"https:\\\/\\\/www.darrera.com\\\/wp-content\\\/uploads\\\/2020\\\/01\\\/mx1104-hobo-mx-analog-temp-rh-light.jpg\",\"width\":950,\"height\":950,\"caption\":\"MX1104 - HOBO\u00ae MX Analog\\\/Temp\\\/RH\\\/Light\"},{\"@type\":\"BreadcrumbList\",\"@id\":\"https:\\\/\\\/www.darrera.com\\\/en\\\/producto\\\/mx1104-hobo-mx-analog-temp-rh-light\\\/#breadcrumb\",\"itemListElement\":[{\"@type\":\"ListItem\",\"position\":1,\"name\":\"Home\",\"item\":\"https:\\\/\\\/www.darrera.com\\\/es\\\/\"},{\"@type\":\"ListItem\",\"position\":2,\"name\":\"Productos\",\"item\":\"https:\\\/\\\/www.darrera.com\\\/es\\\/productos\\\/\"},{\"@type\":\"ListItem\",\"position\":3,\"name\":\"HOBO\u00ae MX Analog\\\/Temp\\\/RH\\\/Light\"}]},{\"@type\":\"WebSite\",\"@id\":\"https:\\\/\\\/www.darrera.com\\\/es\\\/#website\",\"url\":\"https:\\\/\\\/www.darrera.com\\\/es\\\/\",\"name\":\"Darrera\",\"description\":\"Instrumentos, soluciones y servicios meteorol\u00f3gicos\",\"publisher\":{\"@id\":\"https:\\\/\\\/www.darrera.com\\\/es\\\/#organization\"},\"potentialAction\":[{\"@type\":\"SearchAction\",\"target\":{\"@type\":\"EntryPoint\",\"urlTemplate\":\"https:\\\/\\\/www.darrera.com\\\/es\\\/?s={search_term_string}\"},\"query-input\":{\"@type\":\"PropertyValueSpecification\",\"valueRequired\":true,\"valueName\":\"search_term_string\"}}],\"inLanguage\":\"es\"},{\"@type\":\"Organization\",\"@id\":\"https:\\\/\\\/www.darrera.com\\\/es\\\/#organization\",\"name\":\"Darrera\",\"url\":\"https:\\\/\\\/www.darrera.com\\\/es\\\/\",\"logo\":{\"@type\":\"ImageObject\",\"inLanguage\":\"es\",\"@id\":\"https:\\\/\\\/www.darrera.com\\\/es\\\/#\\\/schema\\\/logo\\\/image\\\/\",\"url\":\"https:\\\/\\\/www.darrera.com\\\/wp\\\/wp-content\\\/uploads\\\/logo-darrera.png\",\"contentUrl\":\"https:\\\/\\\/www.darrera.com\\\/wp\\\/wp-content\\\/uploads\\\/logo-darrera.png\",\"width\":500,\"height\":85,\"caption\":\"Darrera\"},\"image\":{\"@id\":\"https:\\\/\\\/www.darrera.com\\\/es\\\/#\\\/schema\\\/logo\\\/image\\\/\"},\"sameAs\":[\"http:\\\/\\\/facebook.com\\\/darrerameteo\",\"https:\\\/\\\/x.com\\\/darrera_meteo\",\"https:\\\/\\\/www.linkedin.com\\\/company\\\/darrera-s-a-\",\"http:\\\/\\\/youtube.com\\\/darreratv\"]}]}<\/script>\n<!-- \/ Yoast SEO plugin. -->","yoast_head_json":{"title":"HOBO\u00ae MX Analog\/Temp\/RH\/Light | Darrera","robots":{"index":"index","follow":"follow","max-snippet":"max-snippet:-1","max-image-preview":"max-image-preview:large","max-video-preview":"max-video-preview:-1"},"canonical":"https:\/\/www.darrera.com\/en\/producto\/mx1104-hobo-mx-analog-temp-rh-light\/","og_locale":"es_ES","og_type":"article","og_title":"HOBO\u00ae MX Analog\/Temp\/RH\/Light | Darrera","og_description":"Registra la temperatura, la humedad y la intensidad de luz en ambientes interiores y env\u00eda los datos por Bluetooth\u00ae y en tiempo real a la app gratuita HOBOconnect\u00ae para dispositivos iOS y Android. Dispone, adem\u00e1s, de una entrada adicional para sensores anal\u00f3gicos.","og_url":"https:\/\/www.darrera.com\/en\/producto\/mx1104-hobo-mx-analog-temp-rh-light\/","og_site_name":"Darrera","article_publisher":"http:\/\/facebook.com\/darrerameteo","article_modified_time":"2025-04-20T21:32:19+00:00","og_image":[{"width":950,"height":950,"url":"https:\/\/www.darrera.com\/wp-content\/uploads\/2020\/01\/mx1104-hobo-mx-analog-temp-rh-light.jpg","type":"image\/jpeg"}],"twitter_card":"summary_large_image","twitter_site":"@darrera_meteo","twitter_misc":{"Tiempo de lectura":"1 minuto"},"schema":{"@context":"https:\/\/schema.org","@graph":[{"@type":"WebPage","@id":"https:\/\/www.darrera.com\/en\/producto\/mx1104-hobo-mx-analog-temp-rh-light\/","url":"https:\/\/www.darrera.com\/en\/producto\/mx1104-hobo-mx-analog-temp-rh-light\/","name":"HOBO\u00ae MX Analog\/Temp\/RH\/Light | Darrera","isPartOf":{"@id":"https:\/\/www.darrera.com\/es\/#website"},"primaryImageOfPage":{"@id":"https:\/\/www.darrera.com\/en\/producto\/mx1104-hobo-mx-analog-temp-rh-light\/#primaryimage"},"image":{"@id":"https:\/\/www.darrera.com\/en\/producto\/mx1104-hobo-mx-analog-temp-rh-light\/#primaryimage"},"thumbnailUrl":"https:\/\/www.darrera.com\/wp-content\/uploads\/2020\/01\/mx1104-hobo-mx-analog-temp-rh-light.jpg","datePublished":"2020-01-03T17:19:09+00:00","dateModified":"2025-04-20T21:32:19+00:00","breadcrumb":{"@id":"https:\/\/www.darrera.com\/en\/producto\/mx1104-hobo-mx-analog-temp-rh-light\/#breadcrumb"},"inLanguage":"es","potentialAction":[{"@type":"ReadAction","target":["https:\/\/www.darrera.com\/en\/producto\/mx1104-hobo-mx-analog-temp-rh-light\/"]}]},{"@type":"ImageObject","inLanguage":"es","@id":"https:\/\/www.darrera.com\/en\/producto\/mx1104-hobo-mx-analog-temp-rh-light\/#primaryimage","url":"https:\/\/www.darrera.com\/wp-content\/uploads\/2020\/01\/mx1104-hobo-mx-analog-temp-rh-light.jpg","contentUrl":"https:\/\/www.darrera.com\/wp-content\/uploads\/2020\/01\/mx1104-hobo-mx-analog-temp-rh-light.jpg","width":950,"height":950,"caption":"MX1104 - HOBO\u00ae MX Analog\/Temp\/RH\/Light"},{"@type":"BreadcrumbList","@id":"https:\/\/www.darrera.com\/en\/producto\/mx1104-hobo-mx-analog-temp-rh-light\/#breadcrumb","itemListElement":[{"@type":"ListItem","position":1,"name":"Home","item":"https:\/\/www.darrera.com\/es\/"},{"@type":"ListItem","position":2,"name":"Productos","item":"https:\/\/www.darrera.com\/es\/productos\/"},{"@type":"ListItem","position":3,"name":"HOBO\u00ae MX Analog\/Temp\/RH\/Light"}]},{"@type":"WebSite","@id":"https:\/\/www.darrera.com\/es\/#website","url":"https:\/\/www.darrera.com\/es\/","name":"Darrera","description":"Instrumentos, soluciones y servicios meteorol\u00f3gicos","publisher":{"@id":"https:\/\/www.darrera.com\/es\/#organization"},"potentialAction":[{"@type":"SearchAction","target":{"@type":"EntryPoint","urlTemplate":"https:\/\/www.darrera.com\/es\/?s={search_term_string}"},"query-input":{"@type":"PropertyValueSpecification","valueRequired":true,"valueName":"search_term_string"}}],"inLanguage":"es"},{"@type":"Organization","@id":"https:\/\/www.darrera.com\/es\/#organization","name":"Darrera","url":"https:\/\/www.darrera.com\/es\/","logo":{"@type":"ImageObject","inLanguage":"es","@id":"https:\/\/www.darrera.com\/es\/#\/schema\/logo\/image\/","url":"https:\/\/www.darrera.com\/wp\/wp-content\/uploads\/logo-darrera.png","contentUrl":"https:\/\/www.darrera.com\/wp\/wp-content\/uploads\/logo-darrera.png","width":500,"height":85,"caption":"Darrera"},"image":{"@id":"https:\/\/www.darrera.com\/es\/#\/schema\/logo\/image\/"},"sameAs":["http:\/\/facebook.com\/darrerameteo","https:\/\/x.com\/darrera_meteo","https:\/\/www.linkedin.com\/company\/darrera-s-a-","http:\/\/youtube.com\/darreratv"]}]}},"_links":{"self":[{"href":"https:\/\/www.darrera.com\/es\/wp-json\/wp\/v2\/product\/3586","targetHints":{"allow":["GET"]}}],"collection":[{"href":"https:\/\/www.darrera.com\/es\/wp-json\/wp\/v2\/product"}],"about":[{"href":"https:\/\/www.darrera.com\/es\/wp-json\/wp\/v2\/types\/product"}],"wp:featuredmedia":[{"embeddable":true,"href":"https:\/\/www.darrera.com\/es\/wp-json\/wp\/v2\/media\/3588"}],"wp:attachment":[{"href":"https:\/\/www.darrera.com\/es\/wp-json\/wp\/v2\/media?parent=3586"}],"wp:term":[{"taxonomy":"product_brand","embeddable":true,"href":"https:\/\/www.darrera.com\/es\/wp-json\/wp\/v2\/product_brand?post=3586"},{"taxonomy":"product_cat","embeddable":true,"href":"https:\/\/www.darrera.com\/es\/wp-json\/wp\/v2\/product_cat?post=3586"},{"taxonomy":"product_tag","embeddable":true,"href":"https:\/\/www.darrera.com\/es\/wp-json\/wp\/v2\/product_tag?post=3586"}],"curies":[{"name":"wp","href":"https:\/\/api.w.org\/{rel}","templated":true}]}}