{"id":3629,"date":"2020-01-14T11:34:40","date_gmt":"2020-01-14T10:34:40","guid":{"rendered":"https:\/\/www.darrera.com\/wp\/?post_type=product&#038;p=3629"},"modified":"2025-04-20T23:38:45","modified_gmt":"2025-04-20T21:38:45","slug":"u12-015-hobo-u12-stainless-temp","status":"publish","type":"product","link":"https:\/\/www.darrera.com\/es\/producto\/u12-015-hobo-u12-stainless-temp\/","title":{"rendered":"HOBO\u00ae U12 Stainless Temp"},"content":{"rendered":"<h3>Altamente vers\u00e1til<\/h3>\n<p>HOBO\u00ae U12 Stainless Temp registra la temperatura tanto en ambientes interiores como exteriores gracias a su sensor interno de temperatura. El datalogger est\u00e1 especialmente indicado para aplicaciones alimentarias y farmac\u00e9uticas, as\u00ed como tambi\u00e9n para mediciones en autoclave en las que se requiere una alta precisi\u00f3n.<\/p>\n<p>El software gratuito HOBOware\u00ae, disponible para Windows y Mac, permite descargar y visualizar los datos registrados, adem\u00e1s de configurar todos los par\u00e1metros del instrumento, como la fecha y la hora. La comunicaci\u00f3n se realiza directamente a trav\u00e9s del puerto USB integrado.<\/p>\n<h3>Dise\u00f1o compacto y resistente en el agua<\/h3>\n<p>El datalogger presenta un dise\u00f1o compacto y est\u00e1 fabricado \u00edntegramente en acero inoxidable para garantizar una alta resistencia en el agua. La pila de litio incluida garantiza una larga duraci\u00f3n antes de tener que ser reemplazada.<\/p>\n<h3>Especificaciones t\u00e9cnicas<\/h3>\n<h4>Especificaciones del datalogger<\/h4>\n<ul>\n<li>Capacidad: 43.000 registros<\/li>\n<\/ul>\n<h4>Especificaciones del sensor<\/h4>\n<ul>\n<li>Rango: -40\u00baC a 125\u00baC<\/li>\n<li>Resoluci\u00f3n: 0,03\u00baC<\/li>\n<li>Precisi\u00f3n: \u00b10,25\u00baC<\/li>\n<\/ul>\n<h4>Especificaciones el\u00e9ctricas<\/h4>\n<ul>\n<li>Voltaje de alimentaci\u00f3n: 3,6 VDC<\/li>\n<li>Tipo de pila: 1 x 1\/2 AA (litio)<\/li>\n<li>Duraci\u00f3n de la pila: 3 a\u00f1os (aprox.)<\/li>\n<li>Se\u00f1al de salida: USB<\/li>\n<\/ul>\n<h4>Especificaciones mec\u00e1nicas<\/h4>\n<ul>\n<li>Temperatura de funcionamiento: -40\u00baC a 125\u00baC<\/li>\n<li>Material: acero inoxidable<\/li>\n<li>Dimensiones: \u2205 1,8 x 10,2 cm<\/li>\n<li>Peso: 72 g<\/li>\n<\/ul>\n","protected":false},"excerpt":{"rendered":"<p>Registra la temperatura tanto en ambientes interiores como exteriores gracias a su sensor interno de temperatura. Est\u00e1 especialmente indicado para aplicaciones alimentarias y farmac\u00e9uticas, as\u00ed como tambi\u00e9n para mediciones en autoclave en las que se requiere una alta precisi\u00f3n. La comunicaci\u00f3n se realiza directamente a trav\u00e9s del puerto USB integrado.<\/p>\n","protected":false},"featured_media":3632,"template":"","meta":[],"product_brand":[],"product_cat":[204],"product_tag":[],"class_list":{"0":"post-3629","1":"product","2":"type-product","3":"status-publish","4":"has-post-thumbnail","6":"product_cat-registradores-temperatura-humedad-onset-computer","8":"first","9":"instock","10":"taxable","11":"shipping-taxable","12":"purchasable","13":"product-type-simple"},"yoast_head":"<!-- This site is optimized with the Yoast SEO plugin v26.9 - https:\/\/yoast.com\/product\/yoast-seo-wordpress\/ -->\n<title>HOBO\u00ae U12 Stainless Temp | Darrera<\/title>\n<meta name=\"robots\" content=\"index, follow, max-snippet:-1, max-image-preview:large, max-video-preview:-1\" \/>\n<link rel=\"canonical\" href=\"https:\/\/www.darrera.com\/es\/producto\/u12-015-hobo-u12-stainless-temp\/\" \/>\n<meta property=\"og:locale\" content=\"es_ES\" \/>\n<meta property=\"og:type\" content=\"article\" \/>\n<meta property=\"og:title\" content=\"HOBO\u00ae U12 Stainless Temp | Darrera\" \/>\n<meta property=\"og:description\" content=\"Registra la temperatura tanto en ambientes interiores como exteriores gracias a su sensor interno de temperatura. Est\u00e1 especialmente indicado para aplicaciones alimentarias y farmac\u00e9uticas, as\u00ed como tambi\u00e9n para mediciones en autoclave en las que se requiere una alta precisi\u00f3n. La comunicaci\u00f3n se realiza directamente a trav\u00e9s del puerto USB integrado.\" \/>\n<meta property=\"og:url\" content=\"https:\/\/www.darrera.com\/es\/producto\/u12-015-hobo-u12-stainless-temp\/\" \/>\n<meta property=\"og:site_name\" content=\"Darrera\" \/>\n<meta property=\"article:publisher\" content=\"http:\/\/facebook.com\/darrerameteo\" \/>\n<meta property=\"article:modified_time\" content=\"2025-04-20T21:38:45+00:00\" \/>\n<meta property=\"og:image\" content=\"https:\/\/www.darrera.com\/wp-content\/uploads\/2020\/01\/u12-015-hobo-u12-stainless-temp.jpg\" \/>\n\t<meta property=\"og:image:width\" content=\"950\" \/>\n\t<meta property=\"og:image:height\" content=\"950\" \/>\n\t<meta property=\"og:image:type\" content=\"image\/jpeg\" \/>\n<meta name=\"twitter:card\" content=\"summary_large_image\" \/>\n<meta name=\"twitter:site\" content=\"@darrera_meteo\" \/>\n<meta name=\"twitter:label1\" content=\"Tiempo de lectura\" \/>\n\t<meta name=\"twitter:data1\" content=\"1 minuto\" \/>\n<script type=\"application\/ld+json\" class=\"yoast-schema-graph\">{\"@context\":\"https:\/\/schema.org\",\"@graph\":[{\"@type\":\"WebPage\",\"@id\":\"https:\/\/www.darrera.com\/es\/producto\/u12-015-hobo-u12-stainless-temp\/\",\"url\":\"https:\/\/www.darrera.com\/es\/producto\/u12-015-hobo-u12-stainless-temp\/\",\"name\":\"HOBO\u00ae U12 Stainless Temp | Darrera\",\"isPartOf\":{\"@id\":\"https:\/\/www.darrera.com\/es\/#website\"},\"primaryImageOfPage\":{\"@id\":\"https:\/\/www.darrera.com\/es\/producto\/u12-015-hobo-u12-stainless-temp\/#primaryimage\"},\"image\":{\"@id\":\"https:\/\/www.darrera.com\/es\/producto\/u12-015-hobo-u12-stainless-temp\/#primaryimage\"},\"thumbnailUrl\":\"https:\/\/www.darrera.com\/wp-content\/uploads\/2020\/01\/u12-015-hobo-u12-stainless-temp.jpg\",\"datePublished\":\"2020-01-14T10:34:40+00:00\",\"dateModified\":\"2025-04-20T21:38:45+00:00\",\"breadcrumb\":{\"@id\":\"https:\/\/www.darrera.com\/es\/producto\/u12-015-hobo-u12-stainless-temp\/#breadcrumb\"},\"inLanguage\":\"es\",\"potentialAction\":[{\"@type\":\"ReadAction\",\"target\":[\"https:\/\/www.darrera.com\/es\/producto\/u12-015-hobo-u12-stainless-temp\/\"]}]},{\"@type\":\"ImageObject\",\"inLanguage\":\"es\",\"@id\":\"https:\/\/www.darrera.com\/es\/producto\/u12-015-hobo-u12-stainless-temp\/#primaryimage\",\"url\":\"https:\/\/www.darrera.com\/wp-content\/uploads\/2020\/01\/u12-015-hobo-u12-stainless-temp.jpg\",\"contentUrl\":\"https:\/\/www.darrera.com\/wp-content\/uploads\/2020\/01\/u12-015-hobo-u12-stainless-temp.jpg\",\"width\":950,\"height\":950,\"caption\":\"U12-015 - HOBO\u00ae U12 Stainless Temp\"},{\"@type\":\"BreadcrumbList\",\"@id\":\"https:\/\/www.darrera.com\/es\/producto\/u12-015-hobo-u12-stainless-temp\/#breadcrumb\",\"itemListElement\":[{\"@type\":\"ListItem\",\"position\":1,\"name\":\"Home\",\"item\":\"https:\/\/www.darrera.com\/es\/\"},{\"@type\":\"ListItem\",\"position\":2,\"name\":\"Productos\",\"item\":\"https:\/\/www.darrera.com\/es\/productos\/\"},{\"@type\":\"ListItem\",\"position\":3,\"name\":\"HOBO\u00ae U12 Stainless Temp\"}]},{\"@type\":\"WebSite\",\"@id\":\"https:\/\/www.darrera.com\/es\/#website\",\"url\":\"https:\/\/www.darrera.com\/es\/\",\"name\":\"Darrera\",\"description\":\"Instrumentos, soluciones y servicios meteorol\u00f3gicos\",\"publisher\":{\"@id\":\"https:\/\/www.darrera.com\/es\/#organization\"},\"potentialAction\":[{\"@type\":\"SearchAction\",\"target\":{\"@type\":\"EntryPoint\",\"urlTemplate\":\"https:\/\/www.darrera.com\/es\/?s={search_term_string}\"},\"query-input\":{\"@type\":\"PropertyValueSpecification\",\"valueRequired\":true,\"valueName\":\"search_term_string\"}}],\"inLanguage\":\"es\"},{\"@type\":\"Organization\",\"@id\":\"https:\/\/www.darrera.com\/es\/#organization\",\"name\":\"Darrera\",\"url\":\"https:\/\/www.darrera.com\/es\/\",\"logo\":{\"@type\":\"ImageObject\",\"inLanguage\":\"es\",\"@id\":\"https:\/\/www.darrera.com\/es\/#\/schema\/logo\/image\/\",\"url\":\"https:\/\/www.darrera.com\/wp\/wp-content\/uploads\/logo-darrera.png\",\"contentUrl\":\"https:\/\/www.darrera.com\/wp\/wp-content\/uploads\/logo-darrera.png\",\"width\":500,\"height\":85,\"caption\":\"Darrera\"},\"image\":{\"@id\":\"https:\/\/www.darrera.com\/es\/#\/schema\/logo\/image\/\"},\"sameAs\":[\"http:\/\/facebook.com\/darrerameteo\",\"https:\/\/x.com\/darrera_meteo\",\"https:\/\/www.linkedin.com\/company\/darrera-s-a-\",\"http:\/\/youtube.com\/darreratv\"]}]}<\/script>\n<!-- \/ Yoast SEO plugin. -->","yoast_head_json":{"title":"HOBO\u00ae U12 Stainless Temp | Darrera","robots":{"index":"index","follow":"follow","max-snippet":"max-snippet:-1","max-image-preview":"max-image-preview:large","max-video-preview":"max-video-preview:-1"},"canonical":"https:\/\/www.darrera.com\/es\/producto\/u12-015-hobo-u12-stainless-temp\/","og_locale":"es_ES","og_type":"article","og_title":"HOBO\u00ae U12 Stainless Temp | Darrera","og_description":"Registra la temperatura tanto en ambientes interiores como exteriores gracias a su sensor interno de temperatura. Est\u00e1 especialmente indicado para aplicaciones alimentarias y farmac\u00e9uticas, as\u00ed como tambi\u00e9n para mediciones en autoclave en las que se requiere una alta precisi\u00f3n. La comunicaci\u00f3n se realiza directamente a trav\u00e9s del puerto USB integrado.","og_url":"https:\/\/www.darrera.com\/es\/producto\/u12-015-hobo-u12-stainless-temp\/","og_site_name":"Darrera","article_publisher":"http:\/\/facebook.com\/darrerameteo","article_modified_time":"2025-04-20T21:38:45+00:00","og_image":[{"width":950,"height":950,"url":"https:\/\/www.darrera.com\/wp-content\/uploads\/2020\/01\/u12-015-hobo-u12-stainless-temp.jpg","type":"image\/jpeg"}],"twitter_card":"summary_large_image","twitter_site":"@darrera_meteo","twitter_misc":{"Tiempo de lectura":"1 minuto"},"schema":{"@context":"https:\/\/schema.org","@graph":[{"@type":"WebPage","@id":"https:\/\/www.darrera.com\/es\/producto\/u12-015-hobo-u12-stainless-temp\/","url":"https:\/\/www.darrera.com\/es\/producto\/u12-015-hobo-u12-stainless-temp\/","name":"HOBO\u00ae U12 Stainless Temp | Darrera","isPartOf":{"@id":"https:\/\/www.darrera.com\/es\/#website"},"primaryImageOfPage":{"@id":"https:\/\/www.darrera.com\/es\/producto\/u12-015-hobo-u12-stainless-temp\/#primaryimage"},"image":{"@id":"https:\/\/www.darrera.com\/es\/producto\/u12-015-hobo-u12-stainless-temp\/#primaryimage"},"thumbnailUrl":"https:\/\/www.darrera.com\/wp-content\/uploads\/2020\/01\/u12-015-hobo-u12-stainless-temp.jpg","datePublished":"2020-01-14T10:34:40+00:00","dateModified":"2025-04-20T21:38:45+00:00","breadcrumb":{"@id":"https:\/\/www.darrera.com\/es\/producto\/u12-015-hobo-u12-stainless-temp\/#breadcrumb"},"inLanguage":"es","potentialAction":[{"@type":"ReadAction","target":["https:\/\/www.darrera.com\/es\/producto\/u12-015-hobo-u12-stainless-temp\/"]}]},{"@type":"ImageObject","inLanguage":"es","@id":"https:\/\/www.darrera.com\/es\/producto\/u12-015-hobo-u12-stainless-temp\/#primaryimage","url":"https:\/\/www.darrera.com\/wp-content\/uploads\/2020\/01\/u12-015-hobo-u12-stainless-temp.jpg","contentUrl":"https:\/\/www.darrera.com\/wp-content\/uploads\/2020\/01\/u12-015-hobo-u12-stainless-temp.jpg","width":950,"height":950,"caption":"U12-015 - HOBO\u00ae U12 Stainless Temp"},{"@type":"BreadcrumbList","@id":"https:\/\/www.darrera.com\/es\/producto\/u12-015-hobo-u12-stainless-temp\/#breadcrumb","itemListElement":[{"@type":"ListItem","position":1,"name":"Home","item":"https:\/\/www.darrera.com\/es\/"},{"@type":"ListItem","position":2,"name":"Productos","item":"https:\/\/www.darrera.com\/es\/productos\/"},{"@type":"ListItem","position":3,"name":"HOBO\u00ae U12 Stainless Temp"}]},{"@type":"WebSite","@id":"https:\/\/www.darrera.com\/es\/#website","url":"https:\/\/www.darrera.com\/es\/","name":"Darrera","description":"Instrumentos, soluciones y servicios meteorol\u00f3gicos","publisher":{"@id":"https:\/\/www.darrera.com\/es\/#organization"},"potentialAction":[{"@type":"SearchAction","target":{"@type":"EntryPoint","urlTemplate":"https:\/\/www.darrera.com\/es\/?s={search_term_string}"},"query-input":{"@type":"PropertyValueSpecification","valueRequired":true,"valueName":"search_term_string"}}],"inLanguage":"es"},{"@type":"Organization","@id":"https:\/\/www.darrera.com\/es\/#organization","name":"Darrera","url":"https:\/\/www.darrera.com\/es\/","logo":{"@type":"ImageObject","inLanguage":"es","@id":"https:\/\/www.darrera.com\/es\/#\/schema\/logo\/image\/","url":"https:\/\/www.darrera.com\/wp\/wp-content\/uploads\/logo-darrera.png","contentUrl":"https:\/\/www.darrera.com\/wp\/wp-content\/uploads\/logo-darrera.png","width":500,"height":85,"caption":"Darrera"},"image":{"@id":"https:\/\/www.darrera.com\/es\/#\/schema\/logo\/image\/"},"sameAs":["http:\/\/facebook.com\/darrerameteo","https:\/\/x.com\/darrera_meteo","https:\/\/www.linkedin.com\/company\/darrera-s-a-","http:\/\/youtube.com\/darreratv"]}]}},"_links":{"self":[{"href":"https:\/\/www.darrera.com\/es\/wp-json\/wp\/v2\/product\/3629","targetHints":{"allow":["GET"]}}],"collection":[{"href":"https:\/\/www.darrera.com\/es\/wp-json\/wp\/v2\/product"}],"about":[{"href":"https:\/\/www.darrera.com\/es\/wp-json\/wp\/v2\/types\/product"}],"wp:featuredmedia":[{"embeddable":true,"href":"https:\/\/www.darrera.com\/es\/wp-json\/wp\/v2\/media\/3632"}],"wp:attachment":[{"href":"https:\/\/www.darrera.com\/es\/wp-json\/wp\/v2\/media?parent=3629"}],"wp:term":[{"taxonomy":"product_brand","embeddable":true,"href":"https:\/\/www.darrera.com\/es\/wp-json\/wp\/v2\/product_brand?post=3629"},{"taxonomy":"product_cat","embeddable":true,"href":"https:\/\/www.darrera.com\/es\/wp-json\/wp\/v2\/product_cat?post=3629"},{"taxonomy":"product_tag","embeddable":true,"href":"https:\/\/www.darrera.com\/es\/wp-json\/wp\/v2\/product_tag?post=3629"}],"curies":[{"name":"wp","href":"https:\/\/api.w.org\/{rel}","templated":true}]}}