{"id":3710,"date":"2020-01-30T10:30:36","date_gmt":"2020-01-30T09:30:36","guid":{"rendered":"https:\/\/www.darrera.com\/wp\/?post_type=product&#038;p=3710"},"modified":"2022-12-16T17:10:18","modified_gmt":"2022-12-16T16:10:18","slug":"hd33mt-datalogger-4g-estacion-meteorologica","status":"publish","type":"product","link":"https:\/\/www.darrera.com\/es\/producto\/hd33mt-datalogger-4g-estacion-meteorologica\/","title":{"rendered":"Datalogger 4G para Estaci\u00f3n Meteorol\u00f3gica"},"content":{"rendered":"<h3>Tecnolog\u00eda de altas prestaciones<\/h3>\n<p>Datalogger de gran capacidad especialmente dise\u00f1ado para su uso en cualquier tipo de estaci\u00f3n meteorol\u00f3gica. Alimenta a cada uno de los sensores conectados y captura los datos que \u00e9stos proporcionan para su posterior almacenaje, descarga, tratamiento y visualizaci\u00f3n online. El datalogger permite, adem\u00e1s, realizar c\u00e1lculos estad\u00edsticos a partir de los datos obtenidos por los sensores. La pantalla LCD muestra distintos par\u00e1metros del sistema, como los canales activos, la configuraci\u00f3n de la memoria, la carga de la bater\u00eda, etc.<\/p>\n<h4>Mediciones compatibles<\/h4>\n<ul>\n<li>Velocidad y direcci\u00f3n del viento.<\/li>\n<li>Temperatura y humedad.<\/li>\n<li>Punto de roc\u00edo.<\/li>\n<li>Temperatura y humedad del suelo.<\/li>\n<li>Humectaci\u00f3n de hoja.<\/li>\n<li>Presi\u00f3n atmosf\u00e9rica.<\/li>\n<li>Lluvia e intensidad de lluvia.<\/li>\n<li>Radiaci\u00f3n solar, PAR y UV.<\/li>\n<li>Evaporaci\u00f3n.<\/li>\n<li>Profundidad de nieve o nivel de agua.<\/li>\n<li>Visibilidad y tiempo presente.<\/li>\n<li>Calidad del aire y del agua.<\/li>\n<li>Y m\u00e1s.<\/li>\n<\/ul>\n<h3>Dise\u00f1o compacto y resistente a la intemperie<\/h3>\n<p>El datalogger presenta un dise\u00f1o compacto y est\u00e1 fabricado \u00edntegramente con materiales resistentes a la corrosi\u00f3n para garantizar una alta resistencia a la intemperie. El caj\u00f3n estanco presenta un doble sellado para garantizar la m\u00e1xima protecci\u00f3n de la circuiter\u00eda frente al polvo, la humedad y otros agentes externos.<\/p>\n<h3>M\u00e1xima conectividad<\/h3>\n<p>El datalogger dispone de comunicaci\u00f3n 4G y permite el env\u00edo de datos a Internet desde ubicaciones remotas desprovistas de un sistema de comunicaci\u00f3n propio o de personal in situ. Adem\u00e1s, puede alimentarse mediante un panel solar y una bater\u00eda para una total autonom\u00eda.<\/p>\n<h3>Infinidad de aplicaciones<\/h3>\n<p>Su incre\u00edble versatilidad lo hace id\u00f3neo para todo tipo de aplicaciones en multitud de \u00e1mbitos, entre los que destacan:<\/p>\n<ul>\n<li>Meteorolog\u00eda y climatolog\u00eda.<\/li>\n<li>Hidrolog\u00eda.<\/li>\n<li>Puertos y marinas.<\/li>\n<li>Estadios y centros deportivos.<\/li>\n<li>Universidades y centros de investigaci\u00f3n.<\/li>\n<li>Explotaciones e\u00f3licas, solares y mineras.<\/li>\n<li>Seguridad ferroviaria.<\/li>\n<li>Protecci\u00f3n civil.<\/li>\n<li>Aplicaciones militares.<\/li>\n<\/ul>\n<h3>Especificaciones t\u00e9cnicas<\/h3>\n<h4>Especificaciones del datalogger<\/h4>\n<ul>\n<li>Capacidad: 1 a\u00f1o<\/li>\n<li>Protocolo: MODBUS-RTU, HTTP, FTP y email<\/li>\n<\/ul>\n<h4>Especificaciones el\u00e9ctricas<\/h4>\n<ul>\n<li>Voltaje de alimentaci\u00f3n: 7 a 28 VDC<\/li>\n<li>Consumo: 1 A (m\u00e1x.)<\/li>\n<li>Se\u00f1al de entrada: 4 x anal\u00f3gicas, 2 x digitales, RS-485 y SDI-12<\/li>\n<li>Se\u00f1al de salida: 2 x alarmas, RS-485, USB y 4G<\/li>\n<\/ul>\n<h4>Especificaciones mec\u00e1nicas<\/h4>\n<ul>\n<li>Temperatura de funcionamiento: -40\u00baC a 70\u00baC<\/li>\n<li>Material: pl\u00e1stico de alta resistencia<\/li>\n<li>Dimensiones: 170 x 270 x 110 mm<\/li>\n<li>Peso: 1 Kg<\/li>\n<\/ul>\n","protected":false},"excerpt":{"rendered":"<p>Datalogger de gran capacidad especialmente dise\u00f1ado para su uso en cualquier tipo de estaci\u00f3n meteorol\u00f3gica. El datalogger dispone de comunicaci\u00f3n 4G permitiendo el env\u00edo de datos a Internet desde ubicaciones remotas.<\/p>\n","protected":false},"featured_media":5224,"template":"","meta":[],"product_brand":[],"product_cat":[323],"product_tag":[],"class_list":{"0":"post-3710","1":"product","2":"type-product","3":"status-publish","4":"has-post-thumbnail","6":"product_cat-dataloggers-es","8":"first","9":"instock","10":"taxable","11":"shipping-taxable","12":"product-type-simple"},"yoast_head":"<!-- This site is optimized with the Yoast SEO plugin v27.3 - https:\/\/yoast.com\/product\/yoast-seo-wordpress\/ -->\n<title>Datalogger 4G para Estaci\u00f3n Meteorol\u00f3gica | Darrera<\/title>\n<meta name=\"robots\" content=\"index, follow, max-snippet:-1, max-image-preview:large, max-video-preview:-1\" \/>\n<link rel=\"canonical\" href=\"https:\/\/www.darrera.com\/en\/producto\/hd33mt-4g-datalogger-weather-station\/\" \/>\n<meta property=\"og:locale\" content=\"es_ES\" \/>\n<meta property=\"og:type\" content=\"article\" \/>\n<meta property=\"og:title\" content=\"Datalogger 4G para Estaci\u00f3n Meteorol\u00f3gica | Darrera\" \/>\n<meta property=\"og:description\" content=\"Datalogger de gran capacidad especialmente dise\u00f1ado para su uso en cualquier tipo de estaci\u00f3n meteorol\u00f3gica. El datalogger dispone de comunicaci\u00f3n 4G permitiendo el env\u00edo de datos a Internet desde ubicaciones remotas.\" \/>\n<meta property=\"og:url\" content=\"https:\/\/www.darrera.com\/en\/producto\/hd33mt-4g-datalogger-weather-station\/\" \/>\n<meta property=\"og:site_name\" content=\"Darrera\" \/>\n<meta property=\"article:publisher\" content=\"http:\/\/facebook.com\/darrerameteo\" \/>\n<meta property=\"article:modified_time\" content=\"2022-12-16T16:10:18+00:00\" \/>\n<meta property=\"og:image\" content=\"https:\/\/www.darrera.com\/wp-content\/uploads\/2020\/01\/hd33mt-datalogger-4g-estacion-meteorologica.jpg\" \/>\n\t<meta property=\"og:image:width\" content=\"950\" \/>\n\t<meta property=\"og:image:height\" content=\"950\" \/>\n\t<meta property=\"og:image:type\" content=\"image\/jpeg\" \/>\n<meta name=\"twitter:card\" content=\"summary_large_image\" \/>\n<meta name=\"twitter:site\" content=\"@darrera_meteo\" \/>\n<meta name=\"twitter:label1\" content=\"Tiempo de lectura\" \/>\n\t<meta name=\"twitter:data1\" content=\"2 minutos\" \/>\n<script type=\"application\/ld+json\" class=\"yoast-schema-graph\">{\"@context\":\"https:\\\/\\\/schema.org\",\"@graph\":[{\"@type\":\"WebPage\",\"@id\":\"https:\\\/\\\/www.darrera.com\\\/en\\\/producto\\\/hd33mt-4g-datalogger-weather-station\\\/\",\"url\":\"https:\\\/\\\/www.darrera.com\\\/en\\\/producto\\\/hd33mt-4g-datalogger-weather-station\\\/\",\"name\":\"Datalogger 4G para Estaci\u00f3n Meteorol\u00f3gica | Darrera\",\"isPartOf\":{\"@id\":\"https:\\\/\\\/www.darrera.com\\\/es\\\/#website\"},\"primaryImageOfPage\":{\"@id\":\"https:\\\/\\\/www.darrera.com\\\/en\\\/producto\\\/hd33mt-4g-datalogger-weather-station\\\/#primaryimage\"},\"image\":{\"@id\":\"https:\\\/\\\/www.darrera.com\\\/en\\\/producto\\\/hd33mt-4g-datalogger-weather-station\\\/#primaryimage\"},\"thumbnailUrl\":\"https:\\\/\\\/www.darrera.com\\\/wp-content\\\/uploads\\\/2020\\\/01\\\/hd33mt-datalogger-4g-estacion-meteorologica.jpg\",\"datePublished\":\"2020-01-30T09:30:36+00:00\",\"dateModified\":\"2022-12-16T16:10:18+00:00\",\"breadcrumb\":{\"@id\":\"https:\\\/\\\/www.darrera.com\\\/en\\\/producto\\\/hd33mt-4g-datalogger-weather-station\\\/#breadcrumb\"},\"inLanguage\":\"es\",\"potentialAction\":[{\"@type\":\"ReadAction\",\"target\":[\"https:\\\/\\\/www.darrera.com\\\/en\\\/producto\\\/hd33mt-4g-datalogger-weather-station\\\/\"]}]},{\"@type\":\"ImageObject\",\"inLanguage\":\"es\",\"@id\":\"https:\\\/\\\/www.darrera.com\\\/en\\\/producto\\\/hd33mt-4g-datalogger-weather-station\\\/#primaryimage\",\"url\":\"https:\\\/\\\/www.darrera.com\\\/wp-content\\\/uploads\\\/2020\\\/01\\\/hd33mt-datalogger-4g-estacion-meteorologica.jpg\",\"contentUrl\":\"https:\\\/\\\/www.darrera.com\\\/wp-content\\\/uploads\\\/2020\\\/01\\\/hd33mt-datalogger-4g-estacion-meteorologica.jpg\",\"width\":950,\"height\":950,\"caption\":\"HD33MT - Datalogger 4G para Estaci\u00f3n Meteorol\u00f3gica\"},{\"@type\":\"BreadcrumbList\",\"@id\":\"https:\\\/\\\/www.darrera.com\\\/en\\\/producto\\\/hd33mt-4g-datalogger-weather-station\\\/#breadcrumb\",\"itemListElement\":[{\"@type\":\"ListItem\",\"position\":1,\"name\":\"Home\",\"item\":\"https:\\\/\\\/www.darrera.com\\\/es\\\/\"},{\"@type\":\"ListItem\",\"position\":2,\"name\":\"Productos\",\"item\":\"https:\\\/\\\/www.darrera.com\\\/es\\\/productos\\\/\"},{\"@type\":\"ListItem\",\"position\":3,\"name\":\"Datalogger 4G para Estaci\u00f3n Meteorol\u00f3gica\"}]},{\"@type\":\"WebSite\",\"@id\":\"https:\\\/\\\/www.darrera.com\\\/es\\\/#website\",\"url\":\"https:\\\/\\\/www.darrera.com\\\/es\\\/\",\"name\":\"Darrera\",\"description\":\"Instrumentos, soluciones y servicios meteorol\u00f3gicos\",\"publisher\":{\"@id\":\"https:\\\/\\\/www.darrera.com\\\/es\\\/#organization\"},\"potentialAction\":[{\"@type\":\"SearchAction\",\"target\":{\"@type\":\"EntryPoint\",\"urlTemplate\":\"https:\\\/\\\/www.darrera.com\\\/es\\\/?s={search_term_string}\"},\"query-input\":{\"@type\":\"PropertyValueSpecification\",\"valueRequired\":true,\"valueName\":\"search_term_string\"}}],\"inLanguage\":\"es\"},{\"@type\":\"Organization\",\"@id\":\"https:\\\/\\\/www.darrera.com\\\/es\\\/#organization\",\"name\":\"Darrera\",\"url\":\"https:\\\/\\\/www.darrera.com\\\/es\\\/\",\"logo\":{\"@type\":\"ImageObject\",\"inLanguage\":\"es\",\"@id\":\"https:\\\/\\\/www.darrera.com\\\/es\\\/#\\\/schema\\\/logo\\\/image\\\/\",\"url\":\"https:\\\/\\\/www.darrera.com\\\/wp\\\/wp-content\\\/uploads\\\/logo-darrera.png\",\"contentUrl\":\"https:\\\/\\\/www.darrera.com\\\/wp\\\/wp-content\\\/uploads\\\/logo-darrera.png\",\"width\":500,\"height\":85,\"caption\":\"Darrera\"},\"image\":{\"@id\":\"https:\\\/\\\/www.darrera.com\\\/es\\\/#\\\/schema\\\/logo\\\/image\\\/\"},\"sameAs\":[\"http:\\\/\\\/facebook.com\\\/darrerameteo\",\"https:\\\/\\\/x.com\\\/darrera_meteo\",\"https:\\\/\\\/www.linkedin.com\\\/company\\\/darrera-s-a-\",\"http:\\\/\\\/youtube.com\\\/darreratv\"]}]}<\/script>\n<!-- \/ Yoast SEO plugin. -->","yoast_head_json":{"title":"Datalogger 4G para Estaci\u00f3n Meteorol\u00f3gica | Darrera","robots":{"index":"index","follow":"follow","max-snippet":"max-snippet:-1","max-image-preview":"max-image-preview:large","max-video-preview":"max-video-preview:-1"},"canonical":"https:\/\/www.darrera.com\/en\/producto\/hd33mt-4g-datalogger-weather-station\/","og_locale":"es_ES","og_type":"article","og_title":"Datalogger 4G para Estaci\u00f3n Meteorol\u00f3gica | Darrera","og_description":"Datalogger de gran capacidad especialmente dise\u00f1ado para su uso en cualquier tipo de estaci\u00f3n meteorol\u00f3gica. El datalogger dispone de comunicaci\u00f3n 4G permitiendo el env\u00edo de datos a Internet desde ubicaciones remotas.","og_url":"https:\/\/www.darrera.com\/en\/producto\/hd33mt-4g-datalogger-weather-station\/","og_site_name":"Darrera","article_publisher":"http:\/\/facebook.com\/darrerameteo","article_modified_time":"2022-12-16T16:10:18+00:00","og_image":[{"width":950,"height":950,"url":"https:\/\/www.darrera.com\/wp-content\/uploads\/2020\/01\/hd33mt-datalogger-4g-estacion-meteorologica.jpg","type":"image\/jpeg"}],"twitter_card":"summary_large_image","twitter_site":"@darrera_meteo","twitter_misc":{"Tiempo de lectura":"2 minutos"},"schema":{"@context":"https:\/\/schema.org","@graph":[{"@type":"WebPage","@id":"https:\/\/www.darrera.com\/en\/producto\/hd33mt-4g-datalogger-weather-station\/","url":"https:\/\/www.darrera.com\/en\/producto\/hd33mt-4g-datalogger-weather-station\/","name":"Datalogger 4G para Estaci\u00f3n Meteorol\u00f3gica | Darrera","isPartOf":{"@id":"https:\/\/www.darrera.com\/es\/#website"},"primaryImageOfPage":{"@id":"https:\/\/www.darrera.com\/en\/producto\/hd33mt-4g-datalogger-weather-station\/#primaryimage"},"image":{"@id":"https:\/\/www.darrera.com\/en\/producto\/hd33mt-4g-datalogger-weather-station\/#primaryimage"},"thumbnailUrl":"https:\/\/www.darrera.com\/wp-content\/uploads\/2020\/01\/hd33mt-datalogger-4g-estacion-meteorologica.jpg","datePublished":"2020-01-30T09:30:36+00:00","dateModified":"2022-12-16T16:10:18+00:00","breadcrumb":{"@id":"https:\/\/www.darrera.com\/en\/producto\/hd33mt-4g-datalogger-weather-station\/#breadcrumb"},"inLanguage":"es","potentialAction":[{"@type":"ReadAction","target":["https:\/\/www.darrera.com\/en\/producto\/hd33mt-4g-datalogger-weather-station\/"]}]},{"@type":"ImageObject","inLanguage":"es","@id":"https:\/\/www.darrera.com\/en\/producto\/hd33mt-4g-datalogger-weather-station\/#primaryimage","url":"https:\/\/www.darrera.com\/wp-content\/uploads\/2020\/01\/hd33mt-datalogger-4g-estacion-meteorologica.jpg","contentUrl":"https:\/\/www.darrera.com\/wp-content\/uploads\/2020\/01\/hd33mt-datalogger-4g-estacion-meteorologica.jpg","width":950,"height":950,"caption":"HD33MT - Datalogger 4G para Estaci\u00f3n Meteorol\u00f3gica"},{"@type":"BreadcrumbList","@id":"https:\/\/www.darrera.com\/en\/producto\/hd33mt-4g-datalogger-weather-station\/#breadcrumb","itemListElement":[{"@type":"ListItem","position":1,"name":"Home","item":"https:\/\/www.darrera.com\/es\/"},{"@type":"ListItem","position":2,"name":"Productos","item":"https:\/\/www.darrera.com\/es\/productos\/"},{"@type":"ListItem","position":3,"name":"Datalogger 4G para Estaci\u00f3n Meteorol\u00f3gica"}]},{"@type":"WebSite","@id":"https:\/\/www.darrera.com\/es\/#website","url":"https:\/\/www.darrera.com\/es\/","name":"Darrera","description":"Instrumentos, soluciones y servicios meteorol\u00f3gicos","publisher":{"@id":"https:\/\/www.darrera.com\/es\/#organization"},"potentialAction":[{"@type":"SearchAction","target":{"@type":"EntryPoint","urlTemplate":"https:\/\/www.darrera.com\/es\/?s={search_term_string}"},"query-input":{"@type":"PropertyValueSpecification","valueRequired":true,"valueName":"search_term_string"}}],"inLanguage":"es"},{"@type":"Organization","@id":"https:\/\/www.darrera.com\/es\/#organization","name":"Darrera","url":"https:\/\/www.darrera.com\/es\/","logo":{"@type":"ImageObject","inLanguage":"es","@id":"https:\/\/www.darrera.com\/es\/#\/schema\/logo\/image\/","url":"https:\/\/www.darrera.com\/wp\/wp-content\/uploads\/logo-darrera.png","contentUrl":"https:\/\/www.darrera.com\/wp\/wp-content\/uploads\/logo-darrera.png","width":500,"height":85,"caption":"Darrera"},"image":{"@id":"https:\/\/www.darrera.com\/es\/#\/schema\/logo\/image\/"},"sameAs":["http:\/\/facebook.com\/darrerameteo","https:\/\/x.com\/darrera_meteo","https:\/\/www.linkedin.com\/company\/darrera-s-a-","http:\/\/youtube.com\/darreratv"]}]}},"_links":{"self":[{"href":"https:\/\/www.darrera.com\/es\/wp-json\/wp\/v2\/product\/3710","targetHints":{"allow":["GET"]}}],"collection":[{"href":"https:\/\/www.darrera.com\/es\/wp-json\/wp\/v2\/product"}],"about":[{"href":"https:\/\/www.darrera.com\/es\/wp-json\/wp\/v2\/types\/product"}],"wp:featuredmedia":[{"embeddable":true,"href":"https:\/\/www.darrera.com\/es\/wp-json\/wp\/v2\/media\/5224"}],"wp:attachment":[{"href":"https:\/\/www.darrera.com\/es\/wp-json\/wp\/v2\/media?parent=3710"}],"wp:term":[{"taxonomy":"product_brand","embeddable":true,"href":"https:\/\/www.darrera.com\/es\/wp-json\/wp\/v2\/product_brand?post=3710"},{"taxonomy":"product_cat","embeddable":true,"href":"https:\/\/www.darrera.com\/es\/wp-json\/wp\/v2\/product_cat?post=3710"},{"taxonomy":"product_tag","embeddable":true,"href":"https:\/\/www.darrera.com\/es\/wp-json\/wp\/v2\/product_tag?post=3710"}],"curies":[{"name":"wp","href":"https:\/\/api.w.org\/{rel}","templated":true}]}}