{"id":3785,"date":"2020-04-15T16:36:19","date_gmt":"2020-04-15T14:36:19","guid":{"rendered":"https:\/\/www.darrera.com\/wp\/product\/hd50pm-medidor-particulas-suspendidas-aire-interior\/"},"modified":"2023-04-25T16:17:28","modified_gmt":"2023-04-25T14:17:28","slug":"hd50pm-medidor-particulas-suspendidas-aire-interior","status":"publish","type":"product","link":"https:\/\/www.darrera.com\/es\/producto\/hd50pm-medidor-particulas-suspendidas-aire-interior\/","title":{"rendered":"Medidor de Part\u00edculas Suspendidas en el Aire para Interior"},"content":{"rendered":"<h3>Tecnolog\u00eda de altas prestaciones<\/h3>\n<p>El medidor de part\u00edculas suspendidas en el aire permite monitorizar la concentraci\u00f3n de part\u00edculas PM1, PM2.5, PM4 y PM10 en ambientes interiores. Ofrece gran precisi\u00f3n y fiabilidad gracias a su tecnolog\u00eda de luz l\u00e1ser y al filtrado y promediado digital de las mediciones.<\/p>\n<p>Para determinar el tama\u00f1o y la cantidad de part\u00edculas de cada clase, el medidor emite luz l\u00e1ser desde un transmisor y mide qu\u00e9 porcentaje de \u00e9sta llega a un receptor seg\u00fan el principio de dispersi\u00f3n de la luz debido a las part\u00edculas suspendidas en el aire.<\/p>\n<h3>Dise\u00f1o compacto con pantalla LCD<\/h3>\n<p>Presenta un dise\u00f1o compacto y dispone de una pantalla LCD de f\u00e1cil lectura que muestra los valores actuales, el modo de funcionamiento y el nivel de se\u00f1al de la red. El instrumento tambi\u00e9n permite establecer umbrales de alarma personalizados, los cuales activan un indicador LED y una alarma sonora interna.<\/p>\n<h3>M\u00e1xima conectividad<\/h3>\n<p>El medidor se comunica v\u00eda Ethernet o Wi-Fi y env\u00eda los datos autom\u00e1ticamente a un servidor o por email para su monitorizaci\u00f3n en remoto. Incluye un software para configurar los diferentes par\u00e1metros y descargar los datos obtenidos a un ordenador.<\/p>\n<h3>Infinidad de aplicaciones<\/h3>\n<p>Su incre\u00edble versatilidad lo hace id\u00f3neo para todo tipo de aplicaciones en multitud de \u00e1mbitos, entre los que destacan:<\/p>\n<ul>\n<li>Aeropuertos.<\/li>\n<li>Hospitales.<\/li>\n<li>Escuelas y universidades.<\/li>\n<li>F\u00e1bricas.<\/li>\n<li>Almacenes.<\/li>\n<li>Centros comerciales.<\/li>\n<li>Municipalidades.<\/li>\n<li>Hosteler\u00eda.<\/li>\n<li>Dom\u00f3tica.<\/li>\n<\/ul>\n<h3>Especificaciones t\u00e9cnicas<\/h3>\n<h4>Especificaciones del datalogger<\/h4>\n<ul>\n<li>Capacidad: 469.510 a 906.640 registros<\/li>\n<li>Protocolo: MODBUS-TCP, HTTP, FTP y email<\/li>\n<\/ul>\n<h4>Especificaciones del sensor<\/h4>\n<ul>\n<li>Rango: 0 a 1.000 ug\/m3<\/li>\n<li>Resoluci\u00f3n: 0,1 ug\/m3<\/li>\n<li>Precisi\u00f3n: \u00b110% de la lectura<\/li>\n<\/ul>\n<h4>Especificaciones el\u00e9ctricas<\/h4>\n<ul>\n<li>Voltaje de alimentaci\u00f3n: 7 a 30 VDC<\/li>\n<li>Consumo: 200 mA (m\u00e1x.)<\/li>\n<li>Se\u00f1al de salida: Ethernet y Wi-Fi<\/li>\n<\/ul>\n<h4>Especificaciones mec\u00e1nicas<\/h4>\n<ul>\n<li>Temperatura de funcionamiento: -10\u00baC a 60\u00baC<\/li>\n<li>Material: pl\u00e1stico de alta resistencia<\/li>\n<li>Dimensiones: 130 x 90 x 40 mm<\/li>\n<li>Peso: 300 g<\/li>\n<\/ul>\n","protected":false},"excerpt":{"rendered":"<p>Permite monitorizar la concentraci\u00f3n de part\u00edculas PM1, PM2.5, PM4 y PM10 en ambientes interiores. Ofrece gran precisi\u00f3n y fiabilidad gracias a su tecnolog\u00eda de luz l\u00e1ser y al filtrado y promediado digital de las mediciones.<\/p>\n","protected":false},"featured_media":3784,"template":"","meta":[],"product_brand":[],"product_cat":[255],"product_tag":[],"class_list":{"0":"post-3785","1":"product","2":"type-product","3":"status-publish","4":"has-post-thumbnail","6":"product_cat-estaciones-calidad-aire","8":"first","9":"instock","10":"taxable","11":"shipping-taxable","12":"product-type-simple"},"yoast_head":"<!-- This site is optimized with the Yoast SEO plugin v27.3 - https:\/\/yoast.com\/product\/yoast-seo-wordpress\/ -->\n<title>Medidor de Part\u00edculas Suspendidas en el Aire para Interior | Darrera<\/title>\n<meta name=\"robots\" content=\"index, follow, max-snippet:-1, max-image-preview:large, max-video-preview:-1\" \/>\n<link rel=\"canonical\" href=\"https:\/\/www.darrera.com\/en\/producto\/hd50pm-indoor-airborne-particulate-monitor\/\" \/>\n<meta property=\"og:locale\" content=\"es_ES\" \/>\n<meta property=\"og:type\" content=\"article\" \/>\n<meta property=\"og:title\" content=\"Medidor de Part\u00edculas Suspendidas en el Aire para Interior | Darrera\" \/>\n<meta property=\"og:description\" content=\"Permite monitorizar la concentraci\u00f3n de part\u00edculas PM1, PM2.5, PM4 y PM10 en ambientes interiores. Ofrece gran precisi\u00f3n y fiabilidad gracias a su tecnolog\u00eda de luz l\u00e1ser y al filtrado y promediado digital de las mediciones.\" \/>\n<meta property=\"og:url\" content=\"https:\/\/www.darrera.com\/en\/producto\/hd50pm-indoor-airborne-particulate-monitor\/\" \/>\n<meta property=\"og:site_name\" content=\"Darrera\" \/>\n<meta property=\"article:publisher\" content=\"http:\/\/facebook.com\/darrerameteo\" \/>\n<meta property=\"article:modified_time\" content=\"2023-04-25T14:17:28+00:00\" \/>\n<meta property=\"og:image\" content=\"https:\/\/www.darrera.com\/wp-content\/uploads\/2020\/04\/hd50pm-medidor-particulas-suspendidas-aire-interior.jpg\" \/>\n\t<meta property=\"og:image:width\" content=\"950\" \/>\n\t<meta property=\"og:image:height\" content=\"950\" \/>\n\t<meta property=\"og:image:type\" content=\"image\/jpeg\" \/>\n<meta name=\"twitter:card\" content=\"summary_large_image\" \/>\n<meta name=\"twitter:site\" content=\"@darrera_meteo\" \/>\n<meta name=\"twitter:label1\" content=\"Tiempo de lectura\" \/>\n\t<meta name=\"twitter:data1\" content=\"2 minutos\" \/>\n<script type=\"application\/ld+json\" class=\"yoast-schema-graph\">{\"@context\":\"https:\\\/\\\/schema.org\",\"@graph\":[{\"@type\":\"WebPage\",\"@id\":\"https:\\\/\\\/www.darrera.com\\\/en\\\/producto\\\/hd50pm-indoor-airborne-particulate-monitor\\\/\",\"url\":\"https:\\\/\\\/www.darrera.com\\\/en\\\/producto\\\/hd50pm-indoor-airborne-particulate-monitor\\\/\",\"name\":\"Medidor de Part\u00edculas Suspendidas en el Aire para Interior | Darrera\",\"isPartOf\":{\"@id\":\"https:\\\/\\\/www.darrera.com\\\/es\\\/#website\"},\"primaryImageOfPage\":{\"@id\":\"https:\\\/\\\/www.darrera.com\\\/en\\\/producto\\\/hd50pm-indoor-airborne-particulate-monitor\\\/#primaryimage\"},\"image\":{\"@id\":\"https:\\\/\\\/www.darrera.com\\\/en\\\/producto\\\/hd50pm-indoor-airborne-particulate-monitor\\\/#primaryimage\"},\"thumbnailUrl\":\"https:\\\/\\\/www.darrera.com\\\/wp-content\\\/uploads\\\/2020\\\/04\\\/hd50pm-medidor-particulas-suspendidas-aire-interior.jpg\",\"datePublished\":\"2020-04-15T14:36:19+00:00\",\"dateModified\":\"2023-04-25T14:17:28+00:00\",\"breadcrumb\":{\"@id\":\"https:\\\/\\\/www.darrera.com\\\/en\\\/producto\\\/hd50pm-indoor-airborne-particulate-monitor\\\/#breadcrumb\"},\"inLanguage\":\"es\",\"potentialAction\":[{\"@type\":\"ReadAction\",\"target\":[\"https:\\\/\\\/www.darrera.com\\\/en\\\/producto\\\/hd50pm-indoor-airborne-particulate-monitor\\\/\"]}]},{\"@type\":\"ImageObject\",\"inLanguage\":\"es\",\"@id\":\"https:\\\/\\\/www.darrera.com\\\/en\\\/producto\\\/hd50pm-indoor-airborne-particulate-monitor\\\/#primaryimage\",\"url\":\"https:\\\/\\\/www.darrera.com\\\/wp-content\\\/uploads\\\/2020\\\/04\\\/hd50pm-medidor-particulas-suspendidas-aire-interior.jpg\",\"contentUrl\":\"https:\\\/\\\/www.darrera.com\\\/wp-content\\\/uploads\\\/2020\\\/04\\\/hd50pm-medidor-particulas-suspendidas-aire-interior.jpg\",\"width\":950,\"height\":950,\"caption\":\"HD50PM - Medidor de Part\u00edculas Suspendidas en el Aire para Interior\"},{\"@type\":\"BreadcrumbList\",\"@id\":\"https:\\\/\\\/www.darrera.com\\\/en\\\/producto\\\/hd50pm-indoor-airborne-particulate-monitor\\\/#breadcrumb\",\"itemListElement\":[{\"@type\":\"ListItem\",\"position\":1,\"name\":\"Home\",\"item\":\"https:\\\/\\\/www.darrera.com\\\/es\\\/\"},{\"@type\":\"ListItem\",\"position\":2,\"name\":\"Productos\",\"item\":\"https:\\\/\\\/www.darrera.com\\\/es\\\/productos\\\/\"},{\"@type\":\"ListItem\",\"position\":3,\"name\":\"Medidor de Part\u00edculas Suspendidas en el Aire para Interior\"}]},{\"@type\":\"WebSite\",\"@id\":\"https:\\\/\\\/www.darrera.com\\\/es\\\/#website\",\"url\":\"https:\\\/\\\/www.darrera.com\\\/es\\\/\",\"name\":\"Darrera\",\"description\":\"Instrumentos, soluciones y servicios meteorol\u00f3gicos\",\"publisher\":{\"@id\":\"https:\\\/\\\/www.darrera.com\\\/es\\\/#organization\"},\"potentialAction\":[{\"@type\":\"SearchAction\",\"target\":{\"@type\":\"EntryPoint\",\"urlTemplate\":\"https:\\\/\\\/www.darrera.com\\\/es\\\/?s={search_term_string}\"},\"query-input\":{\"@type\":\"PropertyValueSpecification\",\"valueRequired\":true,\"valueName\":\"search_term_string\"}}],\"inLanguage\":\"es\"},{\"@type\":\"Organization\",\"@id\":\"https:\\\/\\\/www.darrera.com\\\/es\\\/#organization\",\"name\":\"Darrera\",\"url\":\"https:\\\/\\\/www.darrera.com\\\/es\\\/\",\"logo\":{\"@type\":\"ImageObject\",\"inLanguage\":\"es\",\"@id\":\"https:\\\/\\\/www.darrera.com\\\/es\\\/#\\\/schema\\\/logo\\\/image\\\/\",\"url\":\"https:\\\/\\\/www.darrera.com\\\/wp\\\/wp-content\\\/uploads\\\/logo-darrera.png\",\"contentUrl\":\"https:\\\/\\\/www.darrera.com\\\/wp\\\/wp-content\\\/uploads\\\/logo-darrera.png\",\"width\":500,\"height\":85,\"caption\":\"Darrera\"},\"image\":{\"@id\":\"https:\\\/\\\/www.darrera.com\\\/es\\\/#\\\/schema\\\/logo\\\/image\\\/\"},\"sameAs\":[\"http:\\\/\\\/facebook.com\\\/darrerameteo\",\"https:\\\/\\\/x.com\\\/darrera_meteo\",\"https:\\\/\\\/www.linkedin.com\\\/company\\\/darrera-s-a-\",\"http:\\\/\\\/youtube.com\\\/darreratv\"]}]}<\/script>\n<!-- \/ Yoast SEO plugin. -->","yoast_head_json":{"title":"Medidor de Part\u00edculas Suspendidas en el Aire para Interior | Darrera","robots":{"index":"index","follow":"follow","max-snippet":"max-snippet:-1","max-image-preview":"max-image-preview:large","max-video-preview":"max-video-preview:-1"},"canonical":"https:\/\/www.darrera.com\/en\/producto\/hd50pm-indoor-airborne-particulate-monitor\/","og_locale":"es_ES","og_type":"article","og_title":"Medidor de Part\u00edculas Suspendidas en el Aire para Interior | Darrera","og_description":"Permite monitorizar la concentraci\u00f3n de part\u00edculas PM1, PM2.5, PM4 y PM10 en ambientes interiores. Ofrece gran precisi\u00f3n y fiabilidad gracias a su tecnolog\u00eda de luz l\u00e1ser y al filtrado y promediado digital de las mediciones.","og_url":"https:\/\/www.darrera.com\/en\/producto\/hd50pm-indoor-airborne-particulate-monitor\/","og_site_name":"Darrera","article_publisher":"http:\/\/facebook.com\/darrerameteo","article_modified_time":"2023-04-25T14:17:28+00:00","og_image":[{"width":950,"height":950,"url":"https:\/\/www.darrera.com\/wp-content\/uploads\/2020\/04\/hd50pm-medidor-particulas-suspendidas-aire-interior.jpg","type":"image\/jpeg"}],"twitter_card":"summary_large_image","twitter_site":"@darrera_meteo","twitter_misc":{"Tiempo de lectura":"2 minutos"},"schema":{"@context":"https:\/\/schema.org","@graph":[{"@type":"WebPage","@id":"https:\/\/www.darrera.com\/en\/producto\/hd50pm-indoor-airborne-particulate-monitor\/","url":"https:\/\/www.darrera.com\/en\/producto\/hd50pm-indoor-airborne-particulate-monitor\/","name":"Medidor de Part\u00edculas Suspendidas en el Aire para Interior | Darrera","isPartOf":{"@id":"https:\/\/www.darrera.com\/es\/#website"},"primaryImageOfPage":{"@id":"https:\/\/www.darrera.com\/en\/producto\/hd50pm-indoor-airborne-particulate-monitor\/#primaryimage"},"image":{"@id":"https:\/\/www.darrera.com\/en\/producto\/hd50pm-indoor-airborne-particulate-monitor\/#primaryimage"},"thumbnailUrl":"https:\/\/www.darrera.com\/wp-content\/uploads\/2020\/04\/hd50pm-medidor-particulas-suspendidas-aire-interior.jpg","datePublished":"2020-04-15T14:36:19+00:00","dateModified":"2023-04-25T14:17:28+00:00","breadcrumb":{"@id":"https:\/\/www.darrera.com\/en\/producto\/hd50pm-indoor-airborne-particulate-monitor\/#breadcrumb"},"inLanguage":"es","potentialAction":[{"@type":"ReadAction","target":["https:\/\/www.darrera.com\/en\/producto\/hd50pm-indoor-airborne-particulate-monitor\/"]}]},{"@type":"ImageObject","inLanguage":"es","@id":"https:\/\/www.darrera.com\/en\/producto\/hd50pm-indoor-airborne-particulate-monitor\/#primaryimage","url":"https:\/\/www.darrera.com\/wp-content\/uploads\/2020\/04\/hd50pm-medidor-particulas-suspendidas-aire-interior.jpg","contentUrl":"https:\/\/www.darrera.com\/wp-content\/uploads\/2020\/04\/hd50pm-medidor-particulas-suspendidas-aire-interior.jpg","width":950,"height":950,"caption":"HD50PM - Medidor de Part\u00edculas Suspendidas en el Aire para Interior"},{"@type":"BreadcrumbList","@id":"https:\/\/www.darrera.com\/en\/producto\/hd50pm-indoor-airborne-particulate-monitor\/#breadcrumb","itemListElement":[{"@type":"ListItem","position":1,"name":"Home","item":"https:\/\/www.darrera.com\/es\/"},{"@type":"ListItem","position":2,"name":"Productos","item":"https:\/\/www.darrera.com\/es\/productos\/"},{"@type":"ListItem","position":3,"name":"Medidor de Part\u00edculas Suspendidas en el Aire para Interior"}]},{"@type":"WebSite","@id":"https:\/\/www.darrera.com\/es\/#website","url":"https:\/\/www.darrera.com\/es\/","name":"Darrera","description":"Instrumentos, soluciones y servicios meteorol\u00f3gicos","publisher":{"@id":"https:\/\/www.darrera.com\/es\/#organization"},"potentialAction":[{"@type":"SearchAction","target":{"@type":"EntryPoint","urlTemplate":"https:\/\/www.darrera.com\/es\/?s={search_term_string}"},"query-input":{"@type":"PropertyValueSpecification","valueRequired":true,"valueName":"search_term_string"}}],"inLanguage":"es"},{"@type":"Organization","@id":"https:\/\/www.darrera.com\/es\/#organization","name":"Darrera","url":"https:\/\/www.darrera.com\/es\/","logo":{"@type":"ImageObject","inLanguage":"es","@id":"https:\/\/www.darrera.com\/es\/#\/schema\/logo\/image\/","url":"https:\/\/www.darrera.com\/wp\/wp-content\/uploads\/logo-darrera.png","contentUrl":"https:\/\/www.darrera.com\/wp\/wp-content\/uploads\/logo-darrera.png","width":500,"height":85,"caption":"Darrera"},"image":{"@id":"https:\/\/www.darrera.com\/es\/#\/schema\/logo\/image\/"},"sameAs":["http:\/\/facebook.com\/darrerameteo","https:\/\/x.com\/darrera_meteo","https:\/\/www.linkedin.com\/company\/darrera-s-a-","http:\/\/youtube.com\/darreratv"]}]}},"_links":{"self":[{"href":"https:\/\/www.darrera.com\/es\/wp-json\/wp\/v2\/product\/3785","targetHints":{"allow":["GET"]}}],"collection":[{"href":"https:\/\/www.darrera.com\/es\/wp-json\/wp\/v2\/product"}],"about":[{"href":"https:\/\/www.darrera.com\/es\/wp-json\/wp\/v2\/types\/product"}],"wp:featuredmedia":[{"embeddable":true,"href":"https:\/\/www.darrera.com\/es\/wp-json\/wp\/v2\/media\/3784"}],"wp:attachment":[{"href":"https:\/\/www.darrera.com\/es\/wp-json\/wp\/v2\/media?parent=3785"}],"wp:term":[{"taxonomy":"product_brand","embeddable":true,"href":"https:\/\/www.darrera.com\/es\/wp-json\/wp\/v2\/product_brand?post=3785"},{"taxonomy":"product_cat","embeddable":true,"href":"https:\/\/www.darrera.com\/es\/wp-json\/wp\/v2\/product_cat?post=3785"},{"taxonomy":"product_tag","embeddable":true,"href":"https:\/\/www.darrera.com\/es\/wp-json\/wp\/v2\/product_tag?post=3785"}],"curies":[{"name":"wp","href":"https:\/\/api.w.org\/{rel}","templated":true}]}}