{"id":3811,"date":"2020-04-20T18:45:23","date_gmt":"2020-04-20T16:45:23","guid":{"rendered":"https:\/\/www.darrera.com\/wp\/product\/yba-t10-termometro-infrarrojo-mano\/"},"modified":"2020-09-04T12:27:57","modified_gmt":"2020-09-04T10:27:57","slug":"yba-t10-termometro-infrarrojo-mano","status":"publish","type":"product","link":"https:\/\/www.darrera.com\/es\/producto\/yba-t10-termometro-infrarrojo-mano\/","title":{"rendered":"Term\u00f3metro Infrarrojo de Mano"},"content":{"rendered":"<h3>Especialmente dise\u00f1ado para uso m\u00e9dico<\/h3>\n<p>El term\u00f3metro infrarrojo de mano mide de forma instant\u00e1nea la temperatura corporal con alta precisi\u00f3n y fiabilidad. El instrumento funciona desde una distancia de 3 a 5 cm y muestra la temperatura en una pantalla LCD integrada con retroiluminaci\u00f3n verde, naranja y roja para alertar visualmente en caso de fiebre leve o alta. Tambi\u00e9n permite configurar un umbral personalizado para una alerta sonora y dispone de una memoria interna que almacena autom\u00e1ticamente hasta 32 mediciones para su posterior an\u00e1lisis y comparaci\u00f3n.<\/p>\n<p>El instrumento se fabrica bajo los requisitos de la norma ISO 9001, dispone de marcado CE y cumple con la Directiva del Consejo 93\/42\/CEE sobre dispositivos m\u00e9dicos.<\/p>\n<h3>Medici\u00f3n de temperatura superficial para aplicaciones adicionales<\/h3>\n<p>El selector de modo permite cambiar r\u00e1pidamente de medici\u00f3n de temperatura corporal a medici\u00f3n de temperatura superficial para aplicaciones adicionales.<\/p>\n<h3>Especificaciones t\u00e9cnicas<\/h3>\n<h4>Especificaciones del sensor<\/h4>\n<p>Temperatura corporal<\/p>\n<ul>\n<li>Rango: 32\u00baC a 43\u00baC<\/li>\n<li>Resoluci\u00f3n: 0,1\u00baC<\/li>\n<li>Precisi\u00f3n: \u00b10,2\u00baC<\/li>\n<\/ul>\n<p>Temperatura superficial<\/p>\n<ul>\n<li>Rango: 0\u00baC a 60\u00baC<\/li>\n<li>Resoluci\u00f3n: 0,1\u00baC<\/li>\n<li>Precisi\u00f3n: \u00b10,3\u00baC<\/li>\n<\/ul>\n<h4>Especificaciones el\u00e9ctricas<\/h4>\n<ul>\n<li>Voltaje de alimentaci\u00f3n: 3 VDC<\/li>\n<li>Tipo de pila: 2 x AAA<\/li>\n<li>Duraci\u00f3n de la pila: 1 a\u00f1o (aprox.)<\/li>\n<\/ul>\n<h4>Especificaciones mec\u00e1nicas<\/h4>\n<ul>\n<li>Temperatura de funcionamiento: 10\u00baC a 40\u00baC<\/li>\n<li>Material: pl\u00e1stico<\/li>\n<li>Dimensiones: 43,3 x 59,4 x 37,8 mm<\/li>\n<li>Peso: 125 g<\/li>\n<\/ul>\n","protected":false},"excerpt":{"rendered":"<p>Mide de forma instant\u00e1nea la temperatura corporal con alta precisi\u00f3n y fiabilidad. El instrumento funciona desde una distancia de 3 a 5 cm y muestra la temperatura en una pantalla LCD integrada con retroiluminaci\u00f3n verde, naranja y roja para alertar visualmente en caso de fiebre leve o alta.<\/p>\n","protected":false},"featured_media":3866,"template":"","meta":[],"product_brand":[],"product_cat":[239],"product_tag":[],"class_list":{"0":"post-3811","1":"product","2":"type-product","3":"status-publish","4":"has-post-thumbnail","6":"product_cat-medidores-temperatura-humedad","8":"first","9":"instock","10":"sale","11":"taxable","12":"shipping-taxable","13":"purchasable","14":"product-type-simple"},"yoast_head":"<!-- This site is optimized with the Yoast SEO plugin v27.4 - https:\/\/yoast.com\/product\/yoast-seo-wordpress\/ -->\n<title>Term\u00f3metro Infrarrojo de Mano | Darrera<\/title>\n<meta name=\"robots\" content=\"index, follow, max-snippet:-1, max-image-preview:large, max-video-preview:-1\" \/>\n<link rel=\"canonical\" href=\"https:\/\/www.darrera.com\/es\/producto\/yba-t10-termometro-infrarrojo-mano\/\" \/>\n<meta property=\"og:locale\" content=\"es_ES\" \/>\n<meta property=\"og:type\" content=\"article\" \/>\n<meta property=\"og:title\" content=\"Term\u00f3metro Infrarrojo de Mano | Darrera\" \/>\n<meta property=\"og:description\" content=\"Mide de forma instant\u00e1nea la temperatura corporal con alta precisi\u00f3n y fiabilidad. El instrumento funciona desde una distancia de 3 a 5 cm y muestra la temperatura en una pantalla LCD integrada con retroiluminaci\u00f3n verde, naranja y roja para alertar visualmente en caso de fiebre leve o alta.\" \/>\n<meta property=\"og:url\" content=\"https:\/\/www.darrera.com\/es\/producto\/yba-t10-termometro-infrarrojo-mano\/\" \/>\n<meta property=\"og:site_name\" content=\"Darrera\" \/>\n<meta property=\"article:publisher\" content=\"http:\/\/facebook.com\/darrerameteo\" \/>\n<meta property=\"article:modified_time\" content=\"2020-09-04T10:27:57+00:00\" \/>\n<meta property=\"og:image\" content=\"https:\/\/www.darrera.com\/wp-content\/uploads\/2020\/04\/yba-t10-termometro-infrarrojo-mano.jpg\" \/>\n\t<meta property=\"og:image:width\" content=\"950\" \/>\n\t<meta property=\"og:image:height\" content=\"950\" \/>\n\t<meta property=\"og:image:type\" content=\"image\/jpeg\" \/>\n<meta name=\"twitter:card\" content=\"summary_large_image\" \/>\n<meta name=\"twitter:site\" content=\"@darrera_meteo\" \/>\n<meta name=\"twitter:label1\" content=\"Tiempo de lectura\" \/>\n\t<meta name=\"twitter:data1\" content=\"1 minuto\" \/>\n<script type=\"application\/ld+json\" class=\"yoast-schema-graph\">{\"@context\":\"https:\\\/\\\/schema.org\",\"@graph\":[{\"@type\":\"WebPage\",\"@id\":\"https:\\\/\\\/www.darrera.com\\\/es\\\/producto\\\/yba-t10-termometro-infrarrojo-mano\\\/\",\"url\":\"https:\\\/\\\/www.darrera.com\\\/es\\\/producto\\\/yba-t10-termometro-infrarrojo-mano\\\/\",\"name\":\"Term\u00f3metro Infrarrojo de Mano | Darrera\",\"isPartOf\":{\"@id\":\"https:\\\/\\\/www.darrera.com\\\/es\\\/#website\"},\"primaryImageOfPage\":{\"@id\":\"https:\\\/\\\/www.darrera.com\\\/es\\\/producto\\\/yba-t10-termometro-infrarrojo-mano\\\/#primaryimage\"},\"image\":{\"@id\":\"https:\\\/\\\/www.darrera.com\\\/es\\\/producto\\\/yba-t10-termometro-infrarrojo-mano\\\/#primaryimage\"},\"thumbnailUrl\":\"https:\\\/\\\/www.darrera.com\\\/wp-content\\\/uploads\\\/2020\\\/04\\\/yba-t10-termometro-infrarrojo-mano.jpg\",\"datePublished\":\"2020-04-20T16:45:23+00:00\",\"dateModified\":\"2020-09-04T10:27:57+00:00\",\"breadcrumb\":{\"@id\":\"https:\\\/\\\/www.darrera.com\\\/es\\\/producto\\\/yba-t10-termometro-infrarrojo-mano\\\/#breadcrumb\"},\"inLanguage\":\"es\",\"potentialAction\":[{\"@type\":\"ReadAction\",\"target\":[\"https:\\\/\\\/www.darrera.com\\\/es\\\/producto\\\/yba-t10-termometro-infrarrojo-mano\\\/\"]}]},{\"@type\":\"ImageObject\",\"inLanguage\":\"es\",\"@id\":\"https:\\\/\\\/www.darrera.com\\\/es\\\/producto\\\/yba-t10-termometro-infrarrojo-mano\\\/#primaryimage\",\"url\":\"https:\\\/\\\/www.darrera.com\\\/wp-content\\\/uploads\\\/2020\\\/04\\\/yba-t10-termometro-infrarrojo-mano.jpg\",\"contentUrl\":\"https:\\\/\\\/www.darrera.com\\\/wp-content\\\/uploads\\\/2020\\\/04\\\/yba-t10-termometro-infrarrojo-mano.jpg\",\"width\":950,\"height\":950,\"caption\":\"YBA-T10 - Term\u00f3metro Infrarrojo de Mano\"},{\"@type\":\"BreadcrumbList\",\"@id\":\"https:\\\/\\\/www.darrera.com\\\/es\\\/producto\\\/yba-t10-termometro-infrarrojo-mano\\\/#breadcrumb\",\"itemListElement\":[{\"@type\":\"ListItem\",\"position\":1,\"name\":\"Home\",\"item\":\"https:\\\/\\\/www.darrera.com\\\/es\\\/\"},{\"@type\":\"ListItem\",\"position\":2,\"name\":\"Productos\",\"item\":\"https:\\\/\\\/www.darrera.com\\\/es\\\/productos\\\/\"},{\"@type\":\"ListItem\",\"position\":3,\"name\":\"Term\u00f3metro Infrarrojo de Mano\"}]},{\"@type\":\"WebSite\",\"@id\":\"https:\\\/\\\/www.darrera.com\\\/es\\\/#website\",\"url\":\"https:\\\/\\\/www.darrera.com\\\/es\\\/\",\"name\":\"Darrera\",\"description\":\"Instrumentos, soluciones y servicios meteorol\u00f3gicos\",\"publisher\":{\"@id\":\"https:\\\/\\\/www.darrera.com\\\/es\\\/#organization\"},\"potentialAction\":[{\"@type\":\"SearchAction\",\"target\":{\"@type\":\"EntryPoint\",\"urlTemplate\":\"https:\\\/\\\/www.darrera.com\\\/es\\\/?s={search_term_string}\"},\"query-input\":{\"@type\":\"PropertyValueSpecification\",\"valueRequired\":true,\"valueName\":\"search_term_string\"}}],\"inLanguage\":\"es\"},{\"@type\":\"Organization\",\"@id\":\"https:\\\/\\\/www.darrera.com\\\/es\\\/#organization\",\"name\":\"Darrera\",\"url\":\"https:\\\/\\\/www.darrera.com\\\/es\\\/\",\"logo\":{\"@type\":\"ImageObject\",\"inLanguage\":\"es\",\"@id\":\"https:\\\/\\\/www.darrera.com\\\/es\\\/#\\\/schema\\\/logo\\\/image\\\/\",\"url\":\"https:\\\/\\\/www.darrera.com\\\/wp\\\/wp-content\\\/uploads\\\/logo-darrera.png\",\"contentUrl\":\"https:\\\/\\\/www.darrera.com\\\/wp\\\/wp-content\\\/uploads\\\/logo-darrera.png\",\"width\":500,\"height\":85,\"caption\":\"Darrera\"},\"image\":{\"@id\":\"https:\\\/\\\/www.darrera.com\\\/es\\\/#\\\/schema\\\/logo\\\/image\\\/\"},\"sameAs\":[\"http:\\\/\\\/facebook.com\\\/darrerameteo\",\"https:\\\/\\\/x.com\\\/darrera_meteo\",\"https:\\\/\\\/www.linkedin.com\\\/company\\\/darrera-s-a-\",\"http:\\\/\\\/youtube.com\\\/darreratv\"]}]}<\/script>\n<!-- \/ Yoast SEO plugin. -->","yoast_head_json":{"title":"Term\u00f3metro Infrarrojo de Mano | Darrera","robots":{"index":"index","follow":"follow","max-snippet":"max-snippet:-1","max-image-preview":"max-image-preview:large","max-video-preview":"max-video-preview:-1"},"canonical":"https:\/\/www.darrera.com\/es\/producto\/yba-t10-termometro-infrarrojo-mano\/","og_locale":"es_ES","og_type":"article","og_title":"Term\u00f3metro Infrarrojo de Mano | Darrera","og_description":"Mide de forma instant\u00e1nea la temperatura corporal con alta precisi\u00f3n y fiabilidad. El instrumento funciona desde una distancia de 3 a 5 cm y muestra la temperatura en una pantalla LCD integrada con retroiluminaci\u00f3n verde, naranja y roja para alertar visualmente en caso de fiebre leve o alta.","og_url":"https:\/\/www.darrera.com\/es\/producto\/yba-t10-termometro-infrarrojo-mano\/","og_site_name":"Darrera","article_publisher":"http:\/\/facebook.com\/darrerameteo","article_modified_time":"2020-09-04T10:27:57+00:00","og_image":[{"width":950,"height":950,"url":"https:\/\/www.darrera.com\/wp-content\/uploads\/2020\/04\/yba-t10-termometro-infrarrojo-mano.jpg","type":"image\/jpeg"}],"twitter_card":"summary_large_image","twitter_site":"@darrera_meteo","twitter_misc":{"Tiempo de lectura":"1 minuto"},"schema":{"@context":"https:\/\/schema.org","@graph":[{"@type":"WebPage","@id":"https:\/\/www.darrera.com\/es\/producto\/yba-t10-termometro-infrarrojo-mano\/","url":"https:\/\/www.darrera.com\/es\/producto\/yba-t10-termometro-infrarrojo-mano\/","name":"Term\u00f3metro Infrarrojo de Mano | Darrera","isPartOf":{"@id":"https:\/\/www.darrera.com\/es\/#website"},"primaryImageOfPage":{"@id":"https:\/\/www.darrera.com\/es\/producto\/yba-t10-termometro-infrarrojo-mano\/#primaryimage"},"image":{"@id":"https:\/\/www.darrera.com\/es\/producto\/yba-t10-termometro-infrarrojo-mano\/#primaryimage"},"thumbnailUrl":"https:\/\/www.darrera.com\/wp-content\/uploads\/2020\/04\/yba-t10-termometro-infrarrojo-mano.jpg","datePublished":"2020-04-20T16:45:23+00:00","dateModified":"2020-09-04T10:27:57+00:00","breadcrumb":{"@id":"https:\/\/www.darrera.com\/es\/producto\/yba-t10-termometro-infrarrojo-mano\/#breadcrumb"},"inLanguage":"es","potentialAction":[{"@type":"ReadAction","target":["https:\/\/www.darrera.com\/es\/producto\/yba-t10-termometro-infrarrojo-mano\/"]}]},{"@type":"ImageObject","inLanguage":"es","@id":"https:\/\/www.darrera.com\/es\/producto\/yba-t10-termometro-infrarrojo-mano\/#primaryimage","url":"https:\/\/www.darrera.com\/wp-content\/uploads\/2020\/04\/yba-t10-termometro-infrarrojo-mano.jpg","contentUrl":"https:\/\/www.darrera.com\/wp-content\/uploads\/2020\/04\/yba-t10-termometro-infrarrojo-mano.jpg","width":950,"height":950,"caption":"YBA-T10 - Term\u00f3metro Infrarrojo de Mano"},{"@type":"BreadcrumbList","@id":"https:\/\/www.darrera.com\/es\/producto\/yba-t10-termometro-infrarrojo-mano\/#breadcrumb","itemListElement":[{"@type":"ListItem","position":1,"name":"Home","item":"https:\/\/www.darrera.com\/es\/"},{"@type":"ListItem","position":2,"name":"Productos","item":"https:\/\/www.darrera.com\/es\/productos\/"},{"@type":"ListItem","position":3,"name":"Term\u00f3metro Infrarrojo de Mano"}]},{"@type":"WebSite","@id":"https:\/\/www.darrera.com\/es\/#website","url":"https:\/\/www.darrera.com\/es\/","name":"Darrera","description":"Instrumentos, soluciones y servicios meteorol\u00f3gicos","publisher":{"@id":"https:\/\/www.darrera.com\/es\/#organization"},"potentialAction":[{"@type":"SearchAction","target":{"@type":"EntryPoint","urlTemplate":"https:\/\/www.darrera.com\/es\/?s={search_term_string}"},"query-input":{"@type":"PropertyValueSpecification","valueRequired":true,"valueName":"search_term_string"}}],"inLanguage":"es"},{"@type":"Organization","@id":"https:\/\/www.darrera.com\/es\/#organization","name":"Darrera","url":"https:\/\/www.darrera.com\/es\/","logo":{"@type":"ImageObject","inLanguage":"es","@id":"https:\/\/www.darrera.com\/es\/#\/schema\/logo\/image\/","url":"https:\/\/www.darrera.com\/wp\/wp-content\/uploads\/logo-darrera.png","contentUrl":"https:\/\/www.darrera.com\/wp\/wp-content\/uploads\/logo-darrera.png","width":500,"height":85,"caption":"Darrera"},"image":{"@id":"https:\/\/www.darrera.com\/es\/#\/schema\/logo\/image\/"},"sameAs":["http:\/\/facebook.com\/darrerameteo","https:\/\/x.com\/darrera_meteo","https:\/\/www.linkedin.com\/company\/darrera-s-a-","http:\/\/youtube.com\/darreratv"]}]}},"_links":{"self":[{"href":"https:\/\/www.darrera.com\/es\/wp-json\/wp\/v2\/product\/3811","targetHints":{"allow":["GET"]}}],"collection":[{"href":"https:\/\/www.darrera.com\/es\/wp-json\/wp\/v2\/product"}],"about":[{"href":"https:\/\/www.darrera.com\/es\/wp-json\/wp\/v2\/types\/product"}],"wp:featuredmedia":[{"embeddable":true,"href":"https:\/\/www.darrera.com\/es\/wp-json\/wp\/v2\/media\/3866"}],"wp:attachment":[{"href":"https:\/\/www.darrera.com\/es\/wp-json\/wp\/v2\/media?parent=3811"}],"wp:term":[{"taxonomy":"product_brand","embeddable":true,"href":"https:\/\/www.darrera.com\/es\/wp-json\/wp\/v2\/product_brand?post=3811"},{"taxonomy":"product_cat","embeddable":true,"href":"https:\/\/www.darrera.com\/es\/wp-json\/wp\/v2\/product_cat?post=3811"},{"taxonomy":"product_tag","embeddable":true,"href":"https:\/\/www.darrera.com\/es\/wp-json\/wp\/v2\/product_tag?post=3811"}],"curies":[{"name":"wp","href":"https:\/\/api.w.org\/{rel}","templated":true}]}}