{"id":3929,"date":"2020-07-07T16:15:10","date_gmt":"2020-07-07T14:15:10","guid":{"rendered":"https:\/\/www.darrera.com\/wp\/product\/linet-view\/"},"modified":"2020-08-17T01:27:05","modified_gmt":"2020-08-16T23:27:05","slug":"linet-v-nowcast-linet-view","status":"publish","type":"product","link":"https:\/\/www.darrera.com\/es\/producto\/linet-v-nowcast-linet-view\/","title":{"rendered":"Nowcast LINET View"},"content":{"rendered":"<h3>Los datos m\u00e1s precisos de tormentas el\u00e9ctricas<\/h3>\n<p>El servicio LINET View permite visualizar y analizar las tormentas el\u00e9ctricas actuales e hist\u00f3ricas mediante un navegador web en cualquier dispositivo. El mapa interactivo muestra cada rayo individual, las c\u00e9lulas de tormenta y la predicci\u00f3n a corto plazo (nowcasting), adem\u00e1s de elementos propios del cliente como puntos de inter\u00e9s, redes de transporte de energ\u00eda, centrales el\u00e9ctricas o zonas de alarma definidas por el usuario. La aplicaci\u00f3n es f\u00e1cil de utilizar y proporciona numerosas herramientas para la gesti\u00f3n de los riesgos relacionados con las tormentas el\u00e9ctricas.<\/p>\n<p>Gracias a LINET View es posible supervisar de manera precisa infraestructuras que dependen de la meteorolog\u00eda como son aeropuertos, l\u00edneas el\u00e9ctricas, parques e\u00f3licos, oleoductos, plataformas petrol\u00edferas o instalaciones industriales, dando como resultado evaluaciones detalladas de las situaciones meteorol\u00f3gicas actuales e hist\u00f3ricas.<\/p>\n<h3>Herramienta de seguridad esencial para operarios al aire libre<\/h3>\n<p>LINET View proporciona al usuario no solo una predicci\u00f3n fiable de la hora estimada de llegada (ETA) de la tormenta el\u00e9ctrica, sino que tambi\u00e9n garantiza la protecci\u00f3n de los operarios que trabajan al aire libre, la seguridad de eventos y actividades, la r\u00e1pida ubicaci\u00f3n del sitio de ca\u00edda del rayo en caso de da\u00f1os, as\u00ed como la implementaci\u00f3n inmediata de medidas correctivas.<\/p>\n<h3>Caracter\u00edsticas principales<\/h3>\n<p>Las caracter\u00edsticas principales de LINET View son las siguientes:<\/p>\n<ul>\n<li>Visualizaci\u00f3n y an\u00e1lisis mediante un navegador web en cualquier dispositivo.<\/li>\n<li>Datos en tiempo real e hist\u00f3ricos.<\/li>\n<li>Presentaci\u00f3n sencilla sobre un mapa interactivo.<\/li>\n<li>Visualizaci\u00f3n de cada rayo individual, altitud de emisi\u00f3n, densidad de rayos, c\u00e9lulas de tormenta, predicci\u00f3n a corto plazo, etc.<\/li>\n<li>Estad\u00edsticas de distribuci\u00f3n de rayos, distribuci\u00f3n de amplitud y distribuci\u00f3n de altitud.<\/li>\n<li>Zonas de alarma definidas por el usuario con funci\u00f3n de alerta.<\/li>\n<li>Visualizaci\u00f3n de cualquier estructura geogr\u00e1fica sobre el mapa.<\/li>\n<li>Capa con elementos propios del cliente.<\/li>\n<\/ul>\n","protected":false},"excerpt":{"rendered":"<p>El servicio permite visualizar y analizar las tormentas el\u00e9ctricas actuales e hist\u00f3ricas mediante un navegador web en cualquier dispositivo. La aplicaci\u00f3n es f\u00e1cil de utilizar y proporciona numerosas herramientas para la gesti\u00f3n de los riesgos relacionados con las tormentas el\u00e9ctricas.<\/p>\n","protected":false},"featured_media":3950,"template":"","meta":[],"product_brand":[],"product_cat":[253],"product_tag":[],"class_list":{"0":"post-3929","1":"product","2":"type-product","3":"status-publish","4":"has-post-thumbnail","6":"product_cat-detectores-rayos","8":"first","9":"instock","10":"taxable","11":"shipping-taxable","12":"product-type-simple"},"yoast_head":"<!-- This site is optimized with the Yoast SEO plugin v27.4 - https:\/\/yoast.com\/product\/yoast-seo-wordpress\/ -->\n<title>Nowcast LINET View | Darrera<\/title>\n<meta name=\"robots\" content=\"index, follow, max-snippet:-1, max-image-preview:large, max-video-preview:-1\" \/>\n<link rel=\"canonical\" href=\"https:\/\/www.darrera.com\/en\/producto\/linet-v-nowcast-linet-view\/\" \/>\n<meta property=\"og:locale\" content=\"es_ES\" \/>\n<meta property=\"og:type\" content=\"article\" \/>\n<meta property=\"og:title\" content=\"Nowcast LINET View | Darrera\" \/>\n<meta property=\"og:description\" content=\"El servicio permite visualizar y analizar las tormentas el\u00e9ctricas actuales e hist\u00f3ricas mediante un navegador web en cualquier dispositivo. La aplicaci\u00f3n es f\u00e1cil de utilizar y proporciona numerosas herramientas para la gesti\u00f3n de los riesgos relacionados con las tormentas el\u00e9ctricas.\" \/>\n<meta property=\"og:url\" content=\"https:\/\/www.darrera.com\/en\/producto\/linet-v-nowcast-linet-view\/\" \/>\n<meta property=\"og:site_name\" content=\"Darrera\" \/>\n<meta property=\"article:publisher\" content=\"http:\/\/facebook.com\/darrerameteo\" \/>\n<meta property=\"article:modified_time\" content=\"2020-08-16T23:27:05+00:00\" \/>\n<meta property=\"og:image\" content=\"https:\/\/www.darrera.com\/wp-content\/uploads\/2020\/07\/linet-v-nowcast-linet-view.jpg\" \/>\n\t<meta property=\"og:image:width\" content=\"950\" \/>\n\t<meta property=\"og:image:height\" content=\"950\" \/>\n\t<meta property=\"og:image:type\" content=\"image\/jpeg\" \/>\n<meta name=\"twitter:card\" content=\"summary_large_image\" \/>\n<meta name=\"twitter:site\" content=\"@darrera_meteo\" \/>\n<meta name=\"twitter:label1\" content=\"Tiempo de lectura\" \/>\n\t<meta name=\"twitter:data1\" content=\"2 minutos\" \/>\n<script type=\"application\/ld+json\" class=\"yoast-schema-graph\">{\"@context\":\"https:\\\/\\\/schema.org\",\"@graph\":[{\"@type\":\"WebPage\",\"@id\":\"https:\\\/\\\/www.darrera.com\\\/en\\\/producto\\\/linet-v-nowcast-linet-view\\\/\",\"url\":\"https:\\\/\\\/www.darrera.com\\\/en\\\/producto\\\/linet-v-nowcast-linet-view\\\/\",\"name\":\"Nowcast LINET View | Darrera\",\"isPartOf\":{\"@id\":\"https:\\\/\\\/www.darrera.com\\\/es\\\/#website\"},\"primaryImageOfPage\":{\"@id\":\"https:\\\/\\\/www.darrera.com\\\/en\\\/producto\\\/linet-v-nowcast-linet-view\\\/#primaryimage\"},\"image\":{\"@id\":\"https:\\\/\\\/www.darrera.com\\\/en\\\/producto\\\/linet-v-nowcast-linet-view\\\/#primaryimage\"},\"thumbnailUrl\":\"https:\\\/\\\/www.darrera.com\\\/wp-content\\\/uploads\\\/2020\\\/07\\\/linet-v-nowcast-linet-view.jpg\",\"datePublished\":\"2020-07-07T14:15:10+00:00\",\"dateModified\":\"2020-08-16T23:27:05+00:00\",\"breadcrumb\":{\"@id\":\"https:\\\/\\\/www.darrera.com\\\/en\\\/producto\\\/linet-v-nowcast-linet-view\\\/#breadcrumb\"},\"inLanguage\":\"es\",\"potentialAction\":[{\"@type\":\"ReadAction\",\"target\":[\"https:\\\/\\\/www.darrera.com\\\/en\\\/producto\\\/linet-v-nowcast-linet-view\\\/\"]}]},{\"@type\":\"ImageObject\",\"inLanguage\":\"es\",\"@id\":\"https:\\\/\\\/www.darrera.com\\\/en\\\/producto\\\/linet-v-nowcast-linet-view\\\/#primaryimage\",\"url\":\"https:\\\/\\\/www.darrera.com\\\/wp-content\\\/uploads\\\/2020\\\/07\\\/linet-v-nowcast-linet-view.jpg\",\"contentUrl\":\"https:\\\/\\\/www.darrera.com\\\/wp-content\\\/uploads\\\/2020\\\/07\\\/linet-v-nowcast-linet-view.jpg\",\"width\":950,\"height\":950,\"caption\":\"LINET-V - Nowcast LINET View\"},{\"@type\":\"BreadcrumbList\",\"@id\":\"https:\\\/\\\/www.darrera.com\\\/en\\\/producto\\\/linet-v-nowcast-linet-view\\\/#breadcrumb\",\"itemListElement\":[{\"@type\":\"ListItem\",\"position\":1,\"name\":\"Home\",\"item\":\"https:\\\/\\\/www.darrera.com\\\/es\\\/\"},{\"@type\":\"ListItem\",\"position\":2,\"name\":\"Productos\",\"item\":\"https:\\\/\\\/www.darrera.com\\\/es\\\/productos\\\/\"},{\"@type\":\"ListItem\",\"position\":3,\"name\":\"Nowcast LINET View\"}]},{\"@type\":\"WebSite\",\"@id\":\"https:\\\/\\\/www.darrera.com\\\/es\\\/#website\",\"url\":\"https:\\\/\\\/www.darrera.com\\\/es\\\/\",\"name\":\"Darrera\",\"description\":\"Instrumentos, soluciones y servicios meteorol\u00f3gicos\",\"publisher\":{\"@id\":\"https:\\\/\\\/www.darrera.com\\\/es\\\/#organization\"},\"potentialAction\":[{\"@type\":\"SearchAction\",\"target\":{\"@type\":\"EntryPoint\",\"urlTemplate\":\"https:\\\/\\\/www.darrera.com\\\/es\\\/?s={search_term_string}\"},\"query-input\":{\"@type\":\"PropertyValueSpecification\",\"valueRequired\":true,\"valueName\":\"search_term_string\"}}],\"inLanguage\":\"es\"},{\"@type\":\"Organization\",\"@id\":\"https:\\\/\\\/www.darrera.com\\\/es\\\/#organization\",\"name\":\"Darrera\",\"url\":\"https:\\\/\\\/www.darrera.com\\\/es\\\/\",\"logo\":{\"@type\":\"ImageObject\",\"inLanguage\":\"es\",\"@id\":\"https:\\\/\\\/www.darrera.com\\\/es\\\/#\\\/schema\\\/logo\\\/image\\\/\",\"url\":\"https:\\\/\\\/www.darrera.com\\\/wp\\\/wp-content\\\/uploads\\\/logo-darrera.png\",\"contentUrl\":\"https:\\\/\\\/www.darrera.com\\\/wp\\\/wp-content\\\/uploads\\\/logo-darrera.png\",\"width\":500,\"height\":85,\"caption\":\"Darrera\"},\"image\":{\"@id\":\"https:\\\/\\\/www.darrera.com\\\/es\\\/#\\\/schema\\\/logo\\\/image\\\/\"},\"sameAs\":[\"http:\\\/\\\/facebook.com\\\/darrerameteo\",\"https:\\\/\\\/x.com\\\/darrera_meteo\",\"https:\\\/\\\/www.linkedin.com\\\/company\\\/darrera-s-a-\",\"http:\\\/\\\/youtube.com\\\/darreratv\"]}]}<\/script>\n<!-- \/ Yoast SEO plugin. -->","yoast_head_json":{"title":"Nowcast LINET View | Darrera","robots":{"index":"index","follow":"follow","max-snippet":"max-snippet:-1","max-image-preview":"max-image-preview:large","max-video-preview":"max-video-preview:-1"},"canonical":"https:\/\/www.darrera.com\/en\/producto\/linet-v-nowcast-linet-view\/","og_locale":"es_ES","og_type":"article","og_title":"Nowcast LINET View | Darrera","og_description":"El servicio permite visualizar y analizar las tormentas el\u00e9ctricas actuales e hist\u00f3ricas mediante un navegador web en cualquier dispositivo. La aplicaci\u00f3n es f\u00e1cil de utilizar y proporciona numerosas herramientas para la gesti\u00f3n de los riesgos relacionados con las tormentas el\u00e9ctricas.","og_url":"https:\/\/www.darrera.com\/en\/producto\/linet-v-nowcast-linet-view\/","og_site_name":"Darrera","article_publisher":"http:\/\/facebook.com\/darrerameteo","article_modified_time":"2020-08-16T23:27:05+00:00","og_image":[{"width":950,"height":950,"url":"https:\/\/www.darrera.com\/wp-content\/uploads\/2020\/07\/linet-v-nowcast-linet-view.jpg","type":"image\/jpeg"}],"twitter_card":"summary_large_image","twitter_site":"@darrera_meteo","twitter_misc":{"Tiempo de lectura":"2 minutos"},"schema":{"@context":"https:\/\/schema.org","@graph":[{"@type":"WebPage","@id":"https:\/\/www.darrera.com\/en\/producto\/linet-v-nowcast-linet-view\/","url":"https:\/\/www.darrera.com\/en\/producto\/linet-v-nowcast-linet-view\/","name":"Nowcast LINET View | Darrera","isPartOf":{"@id":"https:\/\/www.darrera.com\/es\/#website"},"primaryImageOfPage":{"@id":"https:\/\/www.darrera.com\/en\/producto\/linet-v-nowcast-linet-view\/#primaryimage"},"image":{"@id":"https:\/\/www.darrera.com\/en\/producto\/linet-v-nowcast-linet-view\/#primaryimage"},"thumbnailUrl":"https:\/\/www.darrera.com\/wp-content\/uploads\/2020\/07\/linet-v-nowcast-linet-view.jpg","datePublished":"2020-07-07T14:15:10+00:00","dateModified":"2020-08-16T23:27:05+00:00","breadcrumb":{"@id":"https:\/\/www.darrera.com\/en\/producto\/linet-v-nowcast-linet-view\/#breadcrumb"},"inLanguage":"es","potentialAction":[{"@type":"ReadAction","target":["https:\/\/www.darrera.com\/en\/producto\/linet-v-nowcast-linet-view\/"]}]},{"@type":"ImageObject","inLanguage":"es","@id":"https:\/\/www.darrera.com\/en\/producto\/linet-v-nowcast-linet-view\/#primaryimage","url":"https:\/\/www.darrera.com\/wp-content\/uploads\/2020\/07\/linet-v-nowcast-linet-view.jpg","contentUrl":"https:\/\/www.darrera.com\/wp-content\/uploads\/2020\/07\/linet-v-nowcast-linet-view.jpg","width":950,"height":950,"caption":"LINET-V - Nowcast LINET View"},{"@type":"BreadcrumbList","@id":"https:\/\/www.darrera.com\/en\/producto\/linet-v-nowcast-linet-view\/#breadcrumb","itemListElement":[{"@type":"ListItem","position":1,"name":"Home","item":"https:\/\/www.darrera.com\/es\/"},{"@type":"ListItem","position":2,"name":"Productos","item":"https:\/\/www.darrera.com\/es\/productos\/"},{"@type":"ListItem","position":3,"name":"Nowcast LINET View"}]},{"@type":"WebSite","@id":"https:\/\/www.darrera.com\/es\/#website","url":"https:\/\/www.darrera.com\/es\/","name":"Darrera","description":"Instrumentos, soluciones y servicios meteorol\u00f3gicos","publisher":{"@id":"https:\/\/www.darrera.com\/es\/#organization"},"potentialAction":[{"@type":"SearchAction","target":{"@type":"EntryPoint","urlTemplate":"https:\/\/www.darrera.com\/es\/?s={search_term_string}"},"query-input":{"@type":"PropertyValueSpecification","valueRequired":true,"valueName":"search_term_string"}}],"inLanguage":"es"},{"@type":"Organization","@id":"https:\/\/www.darrera.com\/es\/#organization","name":"Darrera","url":"https:\/\/www.darrera.com\/es\/","logo":{"@type":"ImageObject","inLanguage":"es","@id":"https:\/\/www.darrera.com\/es\/#\/schema\/logo\/image\/","url":"https:\/\/www.darrera.com\/wp\/wp-content\/uploads\/logo-darrera.png","contentUrl":"https:\/\/www.darrera.com\/wp\/wp-content\/uploads\/logo-darrera.png","width":500,"height":85,"caption":"Darrera"},"image":{"@id":"https:\/\/www.darrera.com\/es\/#\/schema\/logo\/image\/"},"sameAs":["http:\/\/facebook.com\/darrerameteo","https:\/\/x.com\/darrera_meteo","https:\/\/www.linkedin.com\/company\/darrera-s-a-","http:\/\/youtube.com\/darreratv"]}]}},"_links":{"self":[{"href":"https:\/\/www.darrera.com\/es\/wp-json\/wp\/v2\/product\/3929","targetHints":{"allow":["GET"]}}],"collection":[{"href":"https:\/\/www.darrera.com\/es\/wp-json\/wp\/v2\/product"}],"about":[{"href":"https:\/\/www.darrera.com\/es\/wp-json\/wp\/v2\/types\/product"}],"wp:featuredmedia":[{"embeddable":true,"href":"https:\/\/www.darrera.com\/es\/wp-json\/wp\/v2\/media\/3950"}],"wp:attachment":[{"href":"https:\/\/www.darrera.com\/es\/wp-json\/wp\/v2\/media?parent=3929"}],"wp:term":[{"taxonomy":"product_brand","embeddable":true,"href":"https:\/\/www.darrera.com\/es\/wp-json\/wp\/v2\/product_brand?post=3929"},{"taxonomy":"product_cat","embeddable":true,"href":"https:\/\/www.darrera.com\/es\/wp-json\/wp\/v2\/product_cat?post=3929"},{"taxonomy":"product_tag","embeddable":true,"href":"https:\/\/www.darrera.com\/es\/wp-json\/wp\/v2\/product_tag?post=3929"}],"curies":[{"name":"wp","href":"https:\/\/api.w.org\/{rel}","templated":true}]}}