{"id":3971,"date":"2020-08-22T13:51:40","date_gmt":"2020-08-22T11:51:40","guid":{"rendered":"https:\/\/www.darrera.com\/wp\/?post_type=product&#038;p=3971"},"modified":"2023-07-21T19:14:38","modified_gmt":"2023-07-21T17:14:38","slug":"6415-anemometro-ultrasonico-vantage-pro2","status":"publish","type":"product","link":"https:\/\/www.darrera.com\/es\/producto\/6415-anemometro-ultrasonico-vantage-pro2\/","title":{"rendered":"Anem\u00f3metro Ultras\u00f3nico para Vantage Pro2&#x2122;"},"content":{"rendered":"<h3>Tecnolog\u00eda avanzada<\/h3>\n<p>El 6415 es un anem\u00f3metro ultras\u00f3nico que mide la velocidad y direcci\u00f3n del viento con precisi\u00f3n y fiabilidad gracias a su avanzada tecnolog\u00eda. Est\u00e1 especialmente dise\u00f1ado para reemplazar directamente al anem\u00f3metro est\u00e1ndar de cazoletas de Vantage Pro2&#x2122; sin necesidad de utilizar ning\u00fan otro componente o transmisor.<\/p>\n<p>Para determinar la velocidad y direcci\u00f3n del viento, el sensor emite pulsos ultras\u00f3nicos y despu\u00e9s mide el tiempo transcurrido entre la emisi\u00f3n y la recepci\u00f3n de dichos pulsos.<\/p>\n<p>Sus buenas prestaciones lo hacen id\u00f3neo para la mayor\u00eda de aplicaciones en carreteras, edificios, pistas de esqu\u00ed, parques tem\u00e1ticos, puertos, etc.<\/p>\n<h3>Dise\u00f1o robusto y resistente a la intemperie<\/h3>\n<p>El sensor presenta un dise\u00f1o robusto para garantizar una alta resistencia a la intemperie, sin partes m\u00f3viles que puedan caerse, romperse o congelarse, lo que minimiza la necesidad de un mantenimiento peri\u00f3dico.<\/p>\n<h3>Especificaciones t\u00e9cnicas<\/h3>\n<h4>Especificaciones del sensor<\/h4>\n<p>Velocidad del viento<\/p>\n<ul>\n<li>Rango: 0 a 40 m\/s<\/li>\n<li>Resoluci\u00f3n: 0,4 m\/s<\/li>\n<li>Precisi\u00f3n: \u00b14%<\/li>\n<\/ul>\n<p>Direcci\u00f3n del viento<\/p>\n<ul>\n<li>Rango: 0\u00ba a 360\u00ba<\/li>\n<li>Resoluci\u00f3n: 1\u00ba<\/li>\n<li>Precisi\u00f3n: \u00b12\u00ba<\/li>\n<\/ul>\n<h4>Especificaciones el\u00e9ctricas<\/h4>\n<p>Velocidad del viento<\/p>\n<ul>\n<li>Se\u00f1al de salida: interruptor reed<\/li>\n<\/ul>\n<p>Direcci\u00f3n del viento<\/p>\n<ul>\n<li>Se\u00f1al de salida: potenci\u00f3metro<\/li>\n<\/ul>\n<h4>Especificaciones mec\u00e1nicas<\/h4>\n<ul>\n<li>Temperatura de funcionamiento: -15\u00baC a 55\u00baC<\/li>\n<li>Material: pl\u00e1stico ABS resistente a los rayos UV<\/li>\n<li>Dimensiones: \u2205 60 x 380 mm<\/li>\n<li>Peso: 0,2 Kg<\/li>\n<\/ul>\n","protected":false},"excerpt":{"rendered":"<p>Mide la velocidad y direcci\u00f3n del viento con precisi\u00f3n y fiabilidad. Est\u00e1 especialmente dise\u00f1ado para reemplazar directamente al anem\u00f3metro est\u00e1ndar de cazoletas de Vantage Pro2&#x2122;.<\/p>\n","protected":false},"featured_media":3977,"template":"","meta":[],"product_brand":[],"product_cat":[178],"product_tag":[],"class_list":{"0":"post-3971","1":"product","2":"type-product","3":"status-publish","4":"has-post-thumbnail","6":"product_cat-sensores-davis-instruments","8":"first","9":"instock","10":"taxable","11":"shipping-taxable","12":"purchasable","13":"product-type-simple"},"yoast_head":"<!-- This site is optimized with the Yoast SEO plugin v27.5 - https:\/\/yoast.com\/product\/yoast-seo-wordpress\/ -->\n<title>Anem\u00f3metro Ultras\u00f3nico para Vantage Pro2&#x2122; | Darrera<\/title>\n<meta name=\"robots\" content=\"index, follow, max-snippet:-1, max-image-preview:large, max-video-preview:-1\" \/>\n<link rel=\"canonical\" href=\"https:\/\/www.darrera.com\/en\/producto\/6415-ultrasonic-anemometer-vantage-pro2\/\" \/>\n<meta property=\"og:locale\" content=\"es_ES\" \/>\n<meta property=\"og:type\" content=\"article\" \/>\n<meta property=\"og:title\" content=\"Anem\u00f3metro Ultras\u00f3nico para Vantage Pro2&#x2122; | Darrera\" \/>\n<meta property=\"og:description\" content=\"Mide la velocidad y direcci\u00f3n del viento con precisi\u00f3n y fiabilidad. Est\u00e1 especialmente dise\u00f1ado para reemplazar directamente al anem\u00f3metro est\u00e1ndar de cazoletas de Vantage Pro2&#x2122;.\" \/>\n<meta property=\"og:url\" content=\"https:\/\/www.darrera.com\/en\/producto\/6415-ultrasonic-anemometer-vantage-pro2\/\" \/>\n<meta property=\"og:site_name\" content=\"Darrera\" \/>\n<meta property=\"article:publisher\" content=\"http:\/\/facebook.com\/darrerameteo\" \/>\n<meta property=\"article:modified_time\" content=\"2023-07-21T17:14:38+00:00\" \/>\n<meta property=\"og:image\" content=\"https:\/\/www.darrera.com\/wp-content\/uploads\/2020\/08\/6415-anemometro-ultrasonico-vantage-pro2.jpg\" \/>\n\t<meta property=\"og:image:width\" content=\"950\" \/>\n\t<meta property=\"og:image:height\" content=\"950\" \/>\n\t<meta property=\"og:image:type\" content=\"image\/jpeg\" \/>\n<meta name=\"twitter:card\" content=\"summary_large_image\" \/>\n<meta name=\"twitter:site\" content=\"@darrera_meteo\" \/>\n<meta name=\"twitter:label1\" content=\"Tiempo de lectura\" \/>\n\t<meta name=\"twitter:data1\" content=\"1 minuto\" \/>\n<script type=\"application\/ld+json\" class=\"yoast-schema-graph\">{\"@context\":\"https:\\\/\\\/schema.org\",\"@graph\":[{\"@type\":\"WebPage\",\"@id\":\"https:\\\/\\\/www.darrera.com\\\/en\\\/producto\\\/6415-ultrasonic-anemometer-vantage-pro2\\\/\",\"url\":\"https:\\\/\\\/www.darrera.com\\\/en\\\/producto\\\/6415-ultrasonic-anemometer-vantage-pro2\\\/\",\"name\":\"Anem\u00f3metro Ultras\u00f3nico para Vantage Pro2&#x2122; | Darrera\",\"isPartOf\":{\"@id\":\"https:\\\/\\\/www.darrera.com\\\/es\\\/#website\"},\"primaryImageOfPage\":{\"@id\":\"https:\\\/\\\/www.darrera.com\\\/en\\\/producto\\\/6415-ultrasonic-anemometer-vantage-pro2\\\/#primaryimage\"},\"image\":{\"@id\":\"https:\\\/\\\/www.darrera.com\\\/en\\\/producto\\\/6415-ultrasonic-anemometer-vantage-pro2\\\/#primaryimage\"},\"thumbnailUrl\":\"https:\\\/\\\/www.darrera.com\\\/wp-content\\\/uploads\\\/2020\\\/08\\\/6415-anemometro-ultrasonico-vantage-pro2.jpg\",\"datePublished\":\"2020-08-22T11:51:40+00:00\",\"dateModified\":\"2023-07-21T17:14:38+00:00\",\"breadcrumb\":{\"@id\":\"https:\\\/\\\/www.darrera.com\\\/en\\\/producto\\\/6415-ultrasonic-anemometer-vantage-pro2\\\/#breadcrumb\"},\"inLanguage\":\"es\",\"potentialAction\":[{\"@type\":\"ReadAction\",\"target\":[\"https:\\\/\\\/www.darrera.com\\\/en\\\/producto\\\/6415-ultrasonic-anemometer-vantage-pro2\\\/\"]}]},{\"@type\":\"ImageObject\",\"inLanguage\":\"es\",\"@id\":\"https:\\\/\\\/www.darrera.com\\\/en\\\/producto\\\/6415-ultrasonic-anemometer-vantage-pro2\\\/#primaryimage\",\"url\":\"https:\\\/\\\/www.darrera.com\\\/wp-content\\\/uploads\\\/2020\\\/08\\\/6415-anemometro-ultrasonico-vantage-pro2.jpg\",\"contentUrl\":\"https:\\\/\\\/www.darrera.com\\\/wp-content\\\/uploads\\\/2020\\\/08\\\/6415-anemometro-ultrasonico-vantage-pro2.jpg\",\"width\":950,\"height\":950,\"caption\":\"6415 - Anem\u00f3metro Ultras\u00f3nico para Vantage Pro2\u2122\"},{\"@type\":\"BreadcrumbList\",\"@id\":\"https:\\\/\\\/www.darrera.com\\\/en\\\/producto\\\/6415-ultrasonic-anemometer-vantage-pro2\\\/#breadcrumb\",\"itemListElement\":[{\"@type\":\"ListItem\",\"position\":1,\"name\":\"Home\",\"item\":\"https:\\\/\\\/www.darrera.com\\\/es\\\/\"},{\"@type\":\"ListItem\",\"position\":2,\"name\":\"Productos\",\"item\":\"https:\\\/\\\/www.darrera.com\\\/es\\\/productos\\\/\"},{\"@type\":\"ListItem\",\"position\":3,\"name\":\"Anem\u00f3metro Ultras\u00f3nico para Vantage Pro2&#x2122;\"}]},{\"@type\":\"WebSite\",\"@id\":\"https:\\\/\\\/www.darrera.com\\\/es\\\/#website\",\"url\":\"https:\\\/\\\/www.darrera.com\\\/es\\\/\",\"name\":\"Darrera\",\"description\":\"Instrumentos, soluciones y servicios meteorol\u00f3gicos\",\"publisher\":{\"@id\":\"https:\\\/\\\/www.darrera.com\\\/es\\\/#organization\"},\"potentialAction\":[{\"@type\":\"SearchAction\",\"target\":{\"@type\":\"EntryPoint\",\"urlTemplate\":\"https:\\\/\\\/www.darrera.com\\\/es\\\/?s={search_term_string}\"},\"query-input\":{\"@type\":\"PropertyValueSpecification\",\"valueRequired\":true,\"valueName\":\"search_term_string\"}}],\"inLanguage\":\"es\"},{\"@type\":\"Organization\",\"@id\":\"https:\\\/\\\/www.darrera.com\\\/es\\\/#organization\",\"name\":\"Darrera\",\"url\":\"https:\\\/\\\/www.darrera.com\\\/es\\\/\",\"logo\":{\"@type\":\"ImageObject\",\"inLanguage\":\"es\",\"@id\":\"https:\\\/\\\/www.darrera.com\\\/es\\\/#\\\/schema\\\/logo\\\/image\\\/\",\"url\":\"https:\\\/\\\/www.darrera.com\\\/wp\\\/wp-content\\\/uploads\\\/logo-darrera.png\",\"contentUrl\":\"https:\\\/\\\/www.darrera.com\\\/wp\\\/wp-content\\\/uploads\\\/logo-darrera.png\",\"width\":500,\"height\":85,\"caption\":\"Darrera\"},\"image\":{\"@id\":\"https:\\\/\\\/www.darrera.com\\\/es\\\/#\\\/schema\\\/logo\\\/image\\\/\"},\"sameAs\":[\"http:\\\/\\\/facebook.com\\\/darrerameteo\",\"https:\\\/\\\/x.com\\\/darrera_meteo\",\"https:\\\/\\\/www.linkedin.com\\\/company\\\/darrera-s-a-\",\"http:\\\/\\\/youtube.com\\\/darreratv\"]}]}<\/script>\n<!-- \/ Yoast SEO plugin. -->","yoast_head_json":{"title":"Anem\u00f3metro Ultras\u00f3nico para Vantage Pro2&#x2122; | Darrera","robots":{"index":"index","follow":"follow","max-snippet":"max-snippet:-1","max-image-preview":"max-image-preview:large","max-video-preview":"max-video-preview:-1"},"canonical":"https:\/\/www.darrera.com\/en\/producto\/6415-ultrasonic-anemometer-vantage-pro2\/","og_locale":"es_ES","og_type":"article","og_title":"Anem\u00f3metro Ultras\u00f3nico para Vantage Pro2&#x2122; | Darrera","og_description":"Mide la velocidad y direcci\u00f3n del viento con precisi\u00f3n y fiabilidad. Est\u00e1 especialmente dise\u00f1ado para reemplazar directamente al anem\u00f3metro est\u00e1ndar de cazoletas de Vantage Pro2&#x2122;.","og_url":"https:\/\/www.darrera.com\/en\/producto\/6415-ultrasonic-anemometer-vantage-pro2\/","og_site_name":"Darrera","article_publisher":"http:\/\/facebook.com\/darrerameteo","article_modified_time":"2023-07-21T17:14:38+00:00","og_image":[{"width":950,"height":950,"url":"https:\/\/www.darrera.com\/wp-content\/uploads\/2020\/08\/6415-anemometro-ultrasonico-vantage-pro2.jpg","type":"image\/jpeg"}],"twitter_card":"summary_large_image","twitter_site":"@darrera_meteo","twitter_misc":{"Tiempo de lectura":"1 minuto"},"schema":{"@context":"https:\/\/schema.org","@graph":[{"@type":"WebPage","@id":"https:\/\/www.darrera.com\/en\/producto\/6415-ultrasonic-anemometer-vantage-pro2\/","url":"https:\/\/www.darrera.com\/en\/producto\/6415-ultrasonic-anemometer-vantage-pro2\/","name":"Anem\u00f3metro Ultras\u00f3nico para Vantage Pro2&#x2122; | Darrera","isPartOf":{"@id":"https:\/\/www.darrera.com\/es\/#website"},"primaryImageOfPage":{"@id":"https:\/\/www.darrera.com\/en\/producto\/6415-ultrasonic-anemometer-vantage-pro2\/#primaryimage"},"image":{"@id":"https:\/\/www.darrera.com\/en\/producto\/6415-ultrasonic-anemometer-vantage-pro2\/#primaryimage"},"thumbnailUrl":"https:\/\/www.darrera.com\/wp-content\/uploads\/2020\/08\/6415-anemometro-ultrasonico-vantage-pro2.jpg","datePublished":"2020-08-22T11:51:40+00:00","dateModified":"2023-07-21T17:14:38+00:00","breadcrumb":{"@id":"https:\/\/www.darrera.com\/en\/producto\/6415-ultrasonic-anemometer-vantage-pro2\/#breadcrumb"},"inLanguage":"es","potentialAction":[{"@type":"ReadAction","target":["https:\/\/www.darrera.com\/en\/producto\/6415-ultrasonic-anemometer-vantage-pro2\/"]}]},{"@type":"ImageObject","inLanguage":"es","@id":"https:\/\/www.darrera.com\/en\/producto\/6415-ultrasonic-anemometer-vantage-pro2\/#primaryimage","url":"https:\/\/www.darrera.com\/wp-content\/uploads\/2020\/08\/6415-anemometro-ultrasonico-vantage-pro2.jpg","contentUrl":"https:\/\/www.darrera.com\/wp-content\/uploads\/2020\/08\/6415-anemometro-ultrasonico-vantage-pro2.jpg","width":950,"height":950,"caption":"6415 - Anem\u00f3metro Ultras\u00f3nico para Vantage Pro2\u2122"},{"@type":"BreadcrumbList","@id":"https:\/\/www.darrera.com\/en\/producto\/6415-ultrasonic-anemometer-vantage-pro2\/#breadcrumb","itemListElement":[{"@type":"ListItem","position":1,"name":"Home","item":"https:\/\/www.darrera.com\/es\/"},{"@type":"ListItem","position":2,"name":"Productos","item":"https:\/\/www.darrera.com\/es\/productos\/"},{"@type":"ListItem","position":3,"name":"Anem\u00f3metro Ultras\u00f3nico para Vantage Pro2&#x2122;"}]},{"@type":"WebSite","@id":"https:\/\/www.darrera.com\/es\/#website","url":"https:\/\/www.darrera.com\/es\/","name":"Darrera","description":"Instrumentos, soluciones y servicios meteorol\u00f3gicos","publisher":{"@id":"https:\/\/www.darrera.com\/es\/#organization"},"potentialAction":[{"@type":"SearchAction","target":{"@type":"EntryPoint","urlTemplate":"https:\/\/www.darrera.com\/es\/?s={search_term_string}"},"query-input":{"@type":"PropertyValueSpecification","valueRequired":true,"valueName":"search_term_string"}}],"inLanguage":"es"},{"@type":"Organization","@id":"https:\/\/www.darrera.com\/es\/#organization","name":"Darrera","url":"https:\/\/www.darrera.com\/es\/","logo":{"@type":"ImageObject","inLanguage":"es","@id":"https:\/\/www.darrera.com\/es\/#\/schema\/logo\/image\/","url":"https:\/\/www.darrera.com\/wp\/wp-content\/uploads\/logo-darrera.png","contentUrl":"https:\/\/www.darrera.com\/wp\/wp-content\/uploads\/logo-darrera.png","width":500,"height":85,"caption":"Darrera"},"image":{"@id":"https:\/\/www.darrera.com\/es\/#\/schema\/logo\/image\/"},"sameAs":["http:\/\/facebook.com\/darrerameteo","https:\/\/x.com\/darrera_meteo","https:\/\/www.linkedin.com\/company\/darrera-s-a-","http:\/\/youtube.com\/darreratv"]}]}},"_links":{"self":[{"href":"https:\/\/www.darrera.com\/es\/wp-json\/wp\/v2\/product\/3971","targetHints":{"allow":["GET"]}}],"collection":[{"href":"https:\/\/www.darrera.com\/es\/wp-json\/wp\/v2\/product"}],"about":[{"href":"https:\/\/www.darrera.com\/es\/wp-json\/wp\/v2\/types\/product"}],"wp:featuredmedia":[{"embeddable":true,"href":"https:\/\/www.darrera.com\/es\/wp-json\/wp\/v2\/media\/3977"}],"wp:attachment":[{"href":"https:\/\/www.darrera.com\/es\/wp-json\/wp\/v2\/media?parent=3971"}],"wp:term":[{"taxonomy":"product_brand","embeddable":true,"href":"https:\/\/www.darrera.com\/es\/wp-json\/wp\/v2\/product_brand?post=3971"},{"taxonomy":"product_cat","embeddable":true,"href":"https:\/\/www.darrera.com\/es\/wp-json\/wp\/v2\/product_cat?post=3971"},{"taxonomy":"product_tag","embeddable":true,"href":"https:\/\/www.darrera.com\/es\/wp-json\/wp\/v2\/product_tag?post=3971"}],"curies":[{"name":"wp","href":"https:\/\/api.w.org\/{rel}","templated":true}]}}