{"id":3980,"date":"2020-08-28T11:34:27","date_gmt":"2020-08-28T09:34:27","guid":{"rendered":"https:\/\/www.darrera.com\/wp\/product\/7210-airlink\/"},"modified":"2022-02-03T19:38:45","modified_gmt":"2022-02-03T18:38:45","slug":"7210-airlink","status":"publish","type":"product","link":"https:\/\/www.darrera.com\/es\/producto\/7210-airlink\/","title":{"rendered":"AirLink"},"content":{"rendered":"<h3>Sensor compacto de calidad del aire<\/h3>\n<p>AirLink es un sensor de calidad del aire que mide la concentraci\u00f3n de part\u00edculas PM1, PM2.5 y PM10 con gran precisi\u00f3n y fiabilidad tanto en interiores como en exteriores. Tambi\u00e9n calcula el \u00cdndice de Calidad del Aire (AQI) y mide variables meteorol\u00f3gicas adicionales incluyendo temperatura, humedad, punto de roc\u00edo, \u00edndice de calor y bulbo h\u00famedo.<\/p>\n<p>El sensor env\u00eda los datos a <a title=\"WeatherLink.com\" href=\"http:\/\/www.weatherlink.com\" target=\"blank\" rel=\"noopener noreferrer\">WeatherLink.com<\/a> de forma aut\u00f3noma a trav\u00e9s de Wi-Fi para su monitorizaci\u00f3n y gesti\u00f3n en remoto desde un ordenador, tableta o smartphone, y puede utilizarse tanto como una unidad independiente como emparejado con una estaci\u00f3n meteorol\u00f3gica Davis.<\/p>\n<p>Incluye la torniller\u00eda de montaje y una carcasa protectora para su instalaci\u00f3n en exteriores.<\/p>\n","protected":false},"excerpt":{"rendered":"<p>Es un sensor de calidad del aire que mide la concentraci\u00f3n de part\u00edculas PM1, PM2.5 y PM10 con gran precisi\u00f3n y fiabilidad tanto en interiores como en exteriores. El sensor env\u00eda los datos de forma aut\u00f3noma a trav\u00e9s de Wi-Fi para su monitorizaci\u00f3n y gesti\u00f3n en remoto.<\/p>\n","protected":false},"featured_media":3988,"template":"","meta":[],"product_brand":[],"product_cat":[178],"product_tag":[],"class_list":{"0":"post-3980","1":"product","2":"type-product","3":"status-publish","4":"has-post-thumbnail","6":"product_cat-sensores-davis-instruments","8":"first","9":"instock","10":"taxable","11":"shipping-taxable","12":"purchasable","13":"product-type-simple"},"yoast_head":"<!-- This site is optimized with the Yoast SEO plugin v27.5 - https:\/\/yoast.com\/product\/yoast-seo-wordpress\/ -->\n<title>AirLink | Darrera<\/title>\n<meta name=\"robots\" content=\"index, follow, max-snippet:-1, max-image-preview:large, max-video-preview:-1\" \/>\n<link rel=\"canonical\" href=\"https:\/\/www.darrera.com\/es\/producto\/7210-airlink\/\" \/>\n<meta property=\"og:locale\" content=\"es_ES\" \/>\n<meta property=\"og:type\" content=\"article\" \/>\n<meta property=\"og:title\" content=\"AirLink | Darrera\" \/>\n<meta property=\"og:description\" content=\"Es un sensor de calidad del aire que mide la concentraci\u00f3n de part\u00edculas PM1, PM2.5 y PM10 con gran precisi\u00f3n y fiabilidad tanto en interiores como en exteriores. El sensor env\u00eda los datos de forma aut\u00f3noma a trav\u00e9s de Wi-Fi para su monitorizaci\u00f3n y gesti\u00f3n en remoto.\" \/>\n<meta property=\"og:url\" content=\"https:\/\/www.darrera.com\/es\/producto\/7210-airlink\/\" \/>\n<meta property=\"og:site_name\" content=\"Darrera\" \/>\n<meta property=\"article:publisher\" content=\"http:\/\/facebook.com\/darrerameteo\" \/>\n<meta property=\"article:modified_time\" content=\"2022-02-03T18:38:45+00:00\" \/>\n<meta property=\"og:image\" content=\"https:\/\/www.darrera.com\/wp-content\/uploads\/2020\/08\/7210-airlink.jpg\" \/>\n\t<meta property=\"og:image:width\" content=\"950\" \/>\n\t<meta property=\"og:image:height\" content=\"950\" \/>\n\t<meta property=\"og:image:type\" content=\"image\/jpeg\" \/>\n<meta name=\"twitter:card\" content=\"summary_large_image\" \/>\n<meta name=\"twitter:site\" content=\"@darrera_meteo\" \/>\n<meta name=\"twitter:label1\" content=\"Tiempo de lectura\" \/>\n\t<meta name=\"twitter:data1\" content=\"1 minuto\" \/>\n<script type=\"application\/ld+json\" class=\"yoast-schema-graph\">{\"@context\":\"https:\\\/\\\/schema.org\",\"@graph\":[{\"@type\":\"WebPage\",\"@id\":\"https:\\\/\\\/www.darrera.com\\\/es\\\/producto\\\/7210-airlink\\\/\",\"url\":\"https:\\\/\\\/www.darrera.com\\\/es\\\/producto\\\/7210-airlink\\\/\",\"name\":\"AirLink | Darrera\",\"isPartOf\":{\"@id\":\"https:\\\/\\\/www.darrera.com\\\/es\\\/#website\"},\"primaryImageOfPage\":{\"@id\":\"https:\\\/\\\/www.darrera.com\\\/es\\\/producto\\\/7210-airlink\\\/#primaryimage\"},\"image\":{\"@id\":\"https:\\\/\\\/www.darrera.com\\\/es\\\/producto\\\/7210-airlink\\\/#primaryimage\"},\"thumbnailUrl\":\"https:\\\/\\\/www.darrera.com\\\/wp-content\\\/uploads\\\/2020\\\/08\\\/7210-airlink.jpg\",\"datePublished\":\"2020-08-28T09:34:27+00:00\",\"dateModified\":\"2022-02-03T18:38:45+00:00\",\"breadcrumb\":{\"@id\":\"https:\\\/\\\/www.darrera.com\\\/es\\\/producto\\\/7210-airlink\\\/#breadcrumb\"},\"inLanguage\":\"es\",\"potentialAction\":[{\"@type\":\"ReadAction\",\"target\":[\"https:\\\/\\\/www.darrera.com\\\/es\\\/producto\\\/7210-airlink\\\/\"]}]},{\"@type\":\"ImageObject\",\"inLanguage\":\"es\",\"@id\":\"https:\\\/\\\/www.darrera.com\\\/es\\\/producto\\\/7210-airlink\\\/#primaryimage\",\"url\":\"https:\\\/\\\/www.darrera.com\\\/wp-content\\\/uploads\\\/2020\\\/08\\\/7210-airlink.jpg\",\"contentUrl\":\"https:\\\/\\\/www.darrera.com\\\/wp-content\\\/uploads\\\/2020\\\/08\\\/7210-airlink.jpg\",\"width\":950,\"height\":950,\"caption\":\"7210 - AirLink\"},{\"@type\":\"BreadcrumbList\",\"@id\":\"https:\\\/\\\/www.darrera.com\\\/es\\\/producto\\\/7210-airlink\\\/#breadcrumb\",\"itemListElement\":[{\"@type\":\"ListItem\",\"position\":1,\"name\":\"Home\",\"item\":\"https:\\\/\\\/www.darrera.com\\\/es\\\/\"},{\"@type\":\"ListItem\",\"position\":2,\"name\":\"Productos\",\"item\":\"https:\\\/\\\/www.darrera.com\\\/es\\\/productos\\\/\"},{\"@type\":\"ListItem\",\"position\":3,\"name\":\"AirLink\"}]},{\"@type\":\"WebSite\",\"@id\":\"https:\\\/\\\/www.darrera.com\\\/es\\\/#website\",\"url\":\"https:\\\/\\\/www.darrera.com\\\/es\\\/\",\"name\":\"Darrera\",\"description\":\"Instrumentos, soluciones y servicios meteorol\u00f3gicos\",\"publisher\":{\"@id\":\"https:\\\/\\\/www.darrera.com\\\/es\\\/#organization\"},\"potentialAction\":[{\"@type\":\"SearchAction\",\"target\":{\"@type\":\"EntryPoint\",\"urlTemplate\":\"https:\\\/\\\/www.darrera.com\\\/es\\\/?s={search_term_string}\"},\"query-input\":{\"@type\":\"PropertyValueSpecification\",\"valueRequired\":true,\"valueName\":\"search_term_string\"}}],\"inLanguage\":\"es\"},{\"@type\":\"Organization\",\"@id\":\"https:\\\/\\\/www.darrera.com\\\/es\\\/#organization\",\"name\":\"Darrera\",\"url\":\"https:\\\/\\\/www.darrera.com\\\/es\\\/\",\"logo\":{\"@type\":\"ImageObject\",\"inLanguage\":\"es\",\"@id\":\"https:\\\/\\\/www.darrera.com\\\/es\\\/#\\\/schema\\\/logo\\\/image\\\/\",\"url\":\"https:\\\/\\\/www.darrera.com\\\/wp\\\/wp-content\\\/uploads\\\/logo-darrera.png\",\"contentUrl\":\"https:\\\/\\\/www.darrera.com\\\/wp\\\/wp-content\\\/uploads\\\/logo-darrera.png\",\"width\":500,\"height\":85,\"caption\":\"Darrera\"},\"image\":{\"@id\":\"https:\\\/\\\/www.darrera.com\\\/es\\\/#\\\/schema\\\/logo\\\/image\\\/\"},\"sameAs\":[\"http:\\\/\\\/facebook.com\\\/darrerameteo\",\"https:\\\/\\\/x.com\\\/darrera_meteo\",\"https:\\\/\\\/www.linkedin.com\\\/company\\\/darrera-s-a-\",\"http:\\\/\\\/youtube.com\\\/darreratv\"]}]}<\/script>\n<!-- \/ Yoast SEO plugin. -->","yoast_head_json":{"title":"AirLink | Darrera","robots":{"index":"index","follow":"follow","max-snippet":"max-snippet:-1","max-image-preview":"max-image-preview:large","max-video-preview":"max-video-preview:-1"},"canonical":"https:\/\/www.darrera.com\/es\/producto\/7210-airlink\/","og_locale":"es_ES","og_type":"article","og_title":"AirLink | Darrera","og_description":"Es un sensor de calidad del aire que mide la concentraci\u00f3n de part\u00edculas PM1, PM2.5 y PM10 con gran precisi\u00f3n y fiabilidad tanto en interiores como en exteriores. El sensor env\u00eda los datos de forma aut\u00f3noma a trav\u00e9s de Wi-Fi para su monitorizaci\u00f3n y gesti\u00f3n en remoto.","og_url":"https:\/\/www.darrera.com\/es\/producto\/7210-airlink\/","og_site_name":"Darrera","article_publisher":"http:\/\/facebook.com\/darrerameteo","article_modified_time":"2022-02-03T18:38:45+00:00","og_image":[{"width":950,"height":950,"url":"https:\/\/www.darrera.com\/wp-content\/uploads\/2020\/08\/7210-airlink.jpg","type":"image\/jpeg"}],"twitter_card":"summary_large_image","twitter_site":"@darrera_meteo","twitter_misc":{"Tiempo de lectura":"1 minuto"},"schema":{"@context":"https:\/\/schema.org","@graph":[{"@type":"WebPage","@id":"https:\/\/www.darrera.com\/es\/producto\/7210-airlink\/","url":"https:\/\/www.darrera.com\/es\/producto\/7210-airlink\/","name":"AirLink | Darrera","isPartOf":{"@id":"https:\/\/www.darrera.com\/es\/#website"},"primaryImageOfPage":{"@id":"https:\/\/www.darrera.com\/es\/producto\/7210-airlink\/#primaryimage"},"image":{"@id":"https:\/\/www.darrera.com\/es\/producto\/7210-airlink\/#primaryimage"},"thumbnailUrl":"https:\/\/www.darrera.com\/wp-content\/uploads\/2020\/08\/7210-airlink.jpg","datePublished":"2020-08-28T09:34:27+00:00","dateModified":"2022-02-03T18:38:45+00:00","breadcrumb":{"@id":"https:\/\/www.darrera.com\/es\/producto\/7210-airlink\/#breadcrumb"},"inLanguage":"es","potentialAction":[{"@type":"ReadAction","target":["https:\/\/www.darrera.com\/es\/producto\/7210-airlink\/"]}]},{"@type":"ImageObject","inLanguage":"es","@id":"https:\/\/www.darrera.com\/es\/producto\/7210-airlink\/#primaryimage","url":"https:\/\/www.darrera.com\/wp-content\/uploads\/2020\/08\/7210-airlink.jpg","contentUrl":"https:\/\/www.darrera.com\/wp-content\/uploads\/2020\/08\/7210-airlink.jpg","width":950,"height":950,"caption":"7210 - AirLink"},{"@type":"BreadcrumbList","@id":"https:\/\/www.darrera.com\/es\/producto\/7210-airlink\/#breadcrumb","itemListElement":[{"@type":"ListItem","position":1,"name":"Home","item":"https:\/\/www.darrera.com\/es\/"},{"@type":"ListItem","position":2,"name":"Productos","item":"https:\/\/www.darrera.com\/es\/productos\/"},{"@type":"ListItem","position":3,"name":"AirLink"}]},{"@type":"WebSite","@id":"https:\/\/www.darrera.com\/es\/#website","url":"https:\/\/www.darrera.com\/es\/","name":"Darrera","description":"Instrumentos, soluciones y servicios meteorol\u00f3gicos","publisher":{"@id":"https:\/\/www.darrera.com\/es\/#organization"},"potentialAction":[{"@type":"SearchAction","target":{"@type":"EntryPoint","urlTemplate":"https:\/\/www.darrera.com\/es\/?s={search_term_string}"},"query-input":{"@type":"PropertyValueSpecification","valueRequired":true,"valueName":"search_term_string"}}],"inLanguage":"es"},{"@type":"Organization","@id":"https:\/\/www.darrera.com\/es\/#organization","name":"Darrera","url":"https:\/\/www.darrera.com\/es\/","logo":{"@type":"ImageObject","inLanguage":"es","@id":"https:\/\/www.darrera.com\/es\/#\/schema\/logo\/image\/","url":"https:\/\/www.darrera.com\/wp\/wp-content\/uploads\/logo-darrera.png","contentUrl":"https:\/\/www.darrera.com\/wp\/wp-content\/uploads\/logo-darrera.png","width":500,"height":85,"caption":"Darrera"},"image":{"@id":"https:\/\/www.darrera.com\/es\/#\/schema\/logo\/image\/"},"sameAs":["http:\/\/facebook.com\/darrerameteo","https:\/\/x.com\/darrera_meteo","https:\/\/www.linkedin.com\/company\/darrera-s-a-","http:\/\/youtube.com\/darreratv"]}]}},"_links":{"self":[{"href":"https:\/\/www.darrera.com\/es\/wp-json\/wp\/v2\/product\/3980","targetHints":{"allow":["GET"]}}],"collection":[{"href":"https:\/\/www.darrera.com\/es\/wp-json\/wp\/v2\/product"}],"about":[{"href":"https:\/\/www.darrera.com\/es\/wp-json\/wp\/v2\/types\/product"}],"wp:featuredmedia":[{"embeddable":true,"href":"https:\/\/www.darrera.com\/es\/wp-json\/wp\/v2\/media\/3988"}],"wp:attachment":[{"href":"https:\/\/www.darrera.com\/es\/wp-json\/wp\/v2\/media?parent=3980"}],"wp:term":[{"taxonomy":"product_brand","embeddable":true,"href":"https:\/\/www.darrera.com\/es\/wp-json\/wp\/v2\/product_brand?post=3980"},{"taxonomy":"product_cat","embeddable":true,"href":"https:\/\/www.darrera.com\/es\/wp-json\/wp\/v2\/product_cat?post=3980"},{"taxonomy":"product_tag","embeddable":true,"href":"https:\/\/www.darrera.com\/es\/wp-json\/wp\/v2\/product_tag?post=3980"}],"curies":[{"name":"wp","href":"https:\/\/api.w.org\/{rel}","templated":true}]}}