{"id":4149,"date":"2020-11-25T13:42:38","date_gmt":"2020-11-25T12:42:38","guid":{"rendered":"https:\/\/www.darrera.com\/wp\/?post_type=product&#038;p=4149"},"modified":"2026-03-24T14:32:15","modified_gmt":"2026-03-24T13:32:15","slug":"cx403-intemp-temperature","status":"publish","type":"product","link":"https:\/\/www.darrera.com\/es\/producto\/cx403-intemp-temperature\/","title":{"rendered":"InTemp\u00ae Temperature"},"content":{"rendered":"<h3>Para aplicaciones de cadena de fr\u00edo<\/h3>\n<p>InTemp\u00ae registra la temperatura en refrigeradores, congeladores y otros entornos de temperatura controlada para aplicaciones de cadena de fr\u00edo, y env\u00eda los datos por Bluetooth\u00ae y en tiempo real a la app gratuita InTemp\u00ae para dispositivos iOS y Android.<\/p>\n<p>Est\u00e1 especialmente dise\u00f1ado para monitorizar la temperatura en laboratorios, hospitales, farmacias, almacenes de suministros m\u00e9dicos y veh\u00edculos de transporte de vacunas, entre otros.<\/p>\n<h3>Compacto y f\u00e1cil de utilizar<\/h3>\n<p>El datalogger presenta un dise\u00f1o compacto y es extremadamente f\u00e1cil de utilizar, configurar e instalar.<\/p>\n<h3>Especificaciones t\u00e9cnicas<\/h3>\n<h4>Especificaciones del datalogger<\/h4>\n<ul>\n<li>Capacidad: 84.650 registros<\/li>\n<\/ul>\n<h4>Especificaciones del sensor<\/h4>\n<ul>\n<li>Rango: -30\u00baC a 70\u00baC<\/li>\n<li>Resoluci\u00f3n: 0,02\u00baC<\/li>\n<li>Precisi\u00f3n: \u00b11\u00baC<\/li>\n<\/ul>\n<h4>Especificaciones el\u00e9ctricas<\/h4>\n<ul>\n<li>Voltaje de alimentaci\u00f3n: 3 VDC<\/li>\n<li>Tipo de pila: 2 x AAA<\/li>\n<li>Duraci\u00f3n de la pila: 1 a\u00f1o (aprox.)<\/li>\n<li>Se\u00f1al de salida: Bluetooth\u00ae<\/li>\n<\/ul>\n<h4>Especificaciones mec\u00e1nicas<\/h4>\n<ul>\n<li>Temperatura de funcionamiento: -30\u00baC a 70\u00baC<\/li>\n<li>Material: pl\u00e1stico de alta resistencia<\/li>\n<li>Dimensiones: 9,4 x 4,5 x 2,6 cm<\/li>\n<li>Peso: 90,2 g<\/li>\n<\/ul>\n","protected":false},"excerpt":{"rendered":"<p>Registra la temperatura en refrigeradores, congeladores y otros entornos de temperatura controlada para aplicaciones de cadena de fr\u00edo, y env\u00eda los datos por Bluetooth\u00ae y en tiempo real a la app gratuita InTemp\u00ae para dispositivos iOS y Android.<\/p>\n","protected":false},"featured_media":4151,"template":"","meta":[],"product_brand":[],"product_cat":[331],"product_tag":[],"class_list":{"0":"post-4149","1":"product","2":"type-product","3":"status-publish","4":"has-post-thumbnail","6":"product_cat-registradores-cadena-frio-onset-computer","8":"first","9":"instock","10":"taxable","11":"shipping-taxable","12":"purchasable","13":"product-type-simple"},"yoast_head":"<!-- This site is optimized with the Yoast SEO plugin v27.4 - https:\/\/yoast.com\/product\/yoast-seo-wordpress\/ -->\n<title>InTemp\u00ae Temperature | Darrera<\/title>\n<meta name=\"robots\" content=\"index, follow, max-snippet:-1, max-image-preview:large, max-video-preview:-1\" \/>\n<link rel=\"canonical\" href=\"https:\/\/www.darrera.com\/es\/producto\/cx403-intemp-temperature\/\" \/>\n<meta property=\"og:locale\" content=\"es_ES\" \/>\n<meta property=\"og:type\" content=\"article\" \/>\n<meta property=\"og:title\" content=\"InTemp\u00ae Temperature | Darrera\" \/>\n<meta property=\"og:description\" content=\"Registra la temperatura en refrigeradores, congeladores y otros entornos de temperatura controlada para aplicaciones de cadena de fr\u00edo, y env\u00eda los datos por Bluetooth\u00ae y en tiempo real a la app gratuita InTemp\u00ae para dispositivos iOS y Android.\" \/>\n<meta property=\"og:url\" content=\"https:\/\/www.darrera.com\/es\/producto\/cx403-intemp-temperature\/\" \/>\n<meta property=\"og:site_name\" content=\"Darrera\" \/>\n<meta property=\"article:publisher\" content=\"http:\/\/facebook.com\/darrerameteo\" \/>\n<meta property=\"article:modified_time\" content=\"2026-03-24T13:32:15+00:00\" \/>\n<meta property=\"og:image\" content=\"https:\/\/www.darrera.com\/wp-content\/uploads\/2020\/11\/cx403-intemp-temperature.jpg\" \/>\n\t<meta property=\"og:image:width\" content=\"950\" \/>\n\t<meta property=\"og:image:height\" content=\"950\" \/>\n\t<meta property=\"og:image:type\" content=\"image\/jpeg\" \/>\n<meta name=\"twitter:card\" content=\"summary_large_image\" \/>\n<meta name=\"twitter:site\" content=\"@darrera_meteo\" \/>\n<meta name=\"twitter:label1\" content=\"Tiempo de lectura\" \/>\n\t<meta name=\"twitter:data1\" content=\"1 minuto\" \/>\n<script type=\"application\/ld+json\" class=\"yoast-schema-graph\">{\"@context\":\"https:\\\/\\\/schema.org\",\"@graph\":[{\"@type\":\"WebPage\",\"@id\":\"https:\\\/\\\/www.darrera.com\\\/es\\\/producto\\\/cx403-intemp-temperature\\\/\",\"url\":\"https:\\\/\\\/www.darrera.com\\\/es\\\/producto\\\/cx403-intemp-temperature\\\/\",\"name\":\"InTemp\u00ae Temperature | Darrera\",\"isPartOf\":{\"@id\":\"https:\\\/\\\/www.darrera.com\\\/es\\\/#website\"},\"primaryImageOfPage\":{\"@id\":\"https:\\\/\\\/www.darrera.com\\\/es\\\/producto\\\/cx403-intemp-temperature\\\/#primaryimage\"},\"image\":{\"@id\":\"https:\\\/\\\/www.darrera.com\\\/es\\\/producto\\\/cx403-intemp-temperature\\\/#primaryimage\"},\"thumbnailUrl\":\"https:\\\/\\\/www.darrera.com\\\/wp-content\\\/uploads\\\/2020\\\/11\\\/cx403-intemp-temperature.jpg\",\"datePublished\":\"2020-11-25T12:42:38+00:00\",\"dateModified\":\"2026-03-24T13:32:15+00:00\",\"breadcrumb\":{\"@id\":\"https:\\\/\\\/www.darrera.com\\\/es\\\/producto\\\/cx403-intemp-temperature\\\/#breadcrumb\"},\"inLanguage\":\"es\",\"potentialAction\":[{\"@type\":\"ReadAction\",\"target\":[\"https:\\\/\\\/www.darrera.com\\\/es\\\/producto\\\/cx403-intemp-temperature\\\/\"]}]},{\"@type\":\"ImageObject\",\"inLanguage\":\"es\",\"@id\":\"https:\\\/\\\/www.darrera.com\\\/es\\\/producto\\\/cx403-intemp-temperature\\\/#primaryimage\",\"url\":\"https:\\\/\\\/www.darrera.com\\\/wp-content\\\/uploads\\\/2020\\\/11\\\/cx403-intemp-temperature.jpg\",\"contentUrl\":\"https:\\\/\\\/www.darrera.com\\\/wp-content\\\/uploads\\\/2020\\\/11\\\/cx403-intemp-temperature.jpg\",\"width\":950,\"height\":950,\"caption\":\"CX403 - InTemp\u00ae Temperature\"},{\"@type\":\"BreadcrumbList\",\"@id\":\"https:\\\/\\\/www.darrera.com\\\/es\\\/producto\\\/cx403-intemp-temperature\\\/#breadcrumb\",\"itemListElement\":[{\"@type\":\"ListItem\",\"position\":1,\"name\":\"Home\",\"item\":\"https:\\\/\\\/www.darrera.com\\\/es\\\/\"},{\"@type\":\"ListItem\",\"position\":2,\"name\":\"Productos\",\"item\":\"https:\\\/\\\/www.darrera.com\\\/es\\\/productos\\\/\"},{\"@type\":\"ListItem\",\"position\":3,\"name\":\"InTemp\u00ae Temperature\"}]},{\"@type\":\"WebSite\",\"@id\":\"https:\\\/\\\/www.darrera.com\\\/es\\\/#website\",\"url\":\"https:\\\/\\\/www.darrera.com\\\/es\\\/\",\"name\":\"Darrera\",\"description\":\"Instrumentos, soluciones y servicios meteorol\u00f3gicos\",\"publisher\":{\"@id\":\"https:\\\/\\\/www.darrera.com\\\/es\\\/#organization\"},\"potentialAction\":[{\"@type\":\"SearchAction\",\"target\":{\"@type\":\"EntryPoint\",\"urlTemplate\":\"https:\\\/\\\/www.darrera.com\\\/es\\\/?s={search_term_string}\"},\"query-input\":{\"@type\":\"PropertyValueSpecification\",\"valueRequired\":true,\"valueName\":\"search_term_string\"}}],\"inLanguage\":\"es\"},{\"@type\":\"Organization\",\"@id\":\"https:\\\/\\\/www.darrera.com\\\/es\\\/#organization\",\"name\":\"Darrera\",\"url\":\"https:\\\/\\\/www.darrera.com\\\/es\\\/\",\"logo\":{\"@type\":\"ImageObject\",\"inLanguage\":\"es\",\"@id\":\"https:\\\/\\\/www.darrera.com\\\/es\\\/#\\\/schema\\\/logo\\\/image\\\/\",\"url\":\"https:\\\/\\\/www.darrera.com\\\/wp\\\/wp-content\\\/uploads\\\/logo-darrera.png\",\"contentUrl\":\"https:\\\/\\\/www.darrera.com\\\/wp\\\/wp-content\\\/uploads\\\/logo-darrera.png\",\"width\":500,\"height\":85,\"caption\":\"Darrera\"},\"image\":{\"@id\":\"https:\\\/\\\/www.darrera.com\\\/es\\\/#\\\/schema\\\/logo\\\/image\\\/\"},\"sameAs\":[\"http:\\\/\\\/facebook.com\\\/darrerameteo\",\"https:\\\/\\\/x.com\\\/darrera_meteo\",\"https:\\\/\\\/www.linkedin.com\\\/company\\\/darrera-s-a-\",\"http:\\\/\\\/youtube.com\\\/darreratv\"]}]}<\/script>\n<!-- \/ Yoast SEO plugin. -->","yoast_head_json":{"title":"InTemp\u00ae Temperature | Darrera","robots":{"index":"index","follow":"follow","max-snippet":"max-snippet:-1","max-image-preview":"max-image-preview:large","max-video-preview":"max-video-preview:-1"},"canonical":"https:\/\/www.darrera.com\/es\/producto\/cx403-intemp-temperature\/","og_locale":"es_ES","og_type":"article","og_title":"InTemp\u00ae Temperature | Darrera","og_description":"Registra la temperatura en refrigeradores, congeladores y otros entornos de temperatura controlada para aplicaciones de cadena de fr\u00edo, y env\u00eda los datos por Bluetooth\u00ae y en tiempo real a la app gratuita InTemp\u00ae para dispositivos iOS y Android.","og_url":"https:\/\/www.darrera.com\/es\/producto\/cx403-intemp-temperature\/","og_site_name":"Darrera","article_publisher":"http:\/\/facebook.com\/darrerameteo","article_modified_time":"2026-03-24T13:32:15+00:00","og_image":[{"width":950,"height":950,"url":"https:\/\/www.darrera.com\/wp-content\/uploads\/2020\/11\/cx403-intemp-temperature.jpg","type":"image\/jpeg"}],"twitter_card":"summary_large_image","twitter_site":"@darrera_meteo","twitter_misc":{"Tiempo de lectura":"1 minuto"},"schema":{"@context":"https:\/\/schema.org","@graph":[{"@type":"WebPage","@id":"https:\/\/www.darrera.com\/es\/producto\/cx403-intemp-temperature\/","url":"https:\/\/www.darrera.com\/es\/producto\/cx403-intemp-temperature\/","name":"InTemp\u00ae Temperature | Darrera","isPartOf":{"@id":"https:\/\/www.darrera.com\/es\/#website"},"primaryImageOfPage":{"@id":"https:\/\/www.darrera.com\/es\/producto\/cx403-intemp-temperature\/#primaryimage"},"image":{"@id":"https:\/\/www.darrera.com\/es\/producto\/cx403-intemp-temperature\/#primaryimage"},"thumbnailUrl":"https:\/\/www.darrera.com\/wp-content\/uploads\/2020\/11\/cx403-intemp-temperature.jpg","datePublished":"2020-11-25T12:42:38+00:00","dateModified":"2026-03-24T13:32:15+00:00","breadcrumb":{"@id":"https:\/\/www.darrera.com\/es\/producto\/cx403-intemp-temperature\/#breadcrumb"},"inLanguage":"es","potentialAction":[{"@type":"ReadAction","target":["https:\/\/www.darrera.com\/es\/producto\/cx403-intemp-temperature\/"]}]},{"@type":"ImageObject","inLanguage":"es","@id":"https:\/\/www.darrera.com\/es\/producto\/cx403-intemp-temperature\/#primaryimage","url":"https:\/\/www.darrera.com\/wp-content\/uploads\/2020\/11\/cx403-intemp-temperature.jpg","contentUrl":"https:\/\/www.darrera.com\/wp-content\/uploads\/2020\/11\/cx403-intemp-temperature.jpg","width":950,"height":950,"caption":"CX403 - InTemp\u00ae Temperature"},{"@type":"BreadcrumbList","@id":"https:\/\/www.darrera.com\/es\/producto\/cx403-intemp-temperature\/#breadcrumb","itemListElement":[{"@type":"ListItem","position":1,"name":"Home","item":"https:\/\/www.darrera.com\/es\/"},{"@type":"ListItem","position":2,"name":"Productos","item":"https:\/\/www.darrera.com\/es\/productos\/"},{"@type":"ListItem","position":3,"name":"InTemp\u00ae Temperature"}]},{"@type":"WebSite","@id":"https:\/\/www.darrera.com\/es\/#website","url":"https:\/\/www.darrera.com\/es\/","name":"Darrera","description":"Instrumentos, soluciones y servicios meteorol\u00f3gicos","publisher":{"@id":"https:\/\/www.darrera.com\/es\/#organization"},"potentialAction":[{"@type":"SearchAction","target":{"@type":"EntryPoint","urlTemplate":"https:\/\/www.darrera.com\/es\/?s={search_term_string}"},"query-input":{"@type":"PropertyValueSpecification","valueRequired":true,"valueName":"search_term_string"}}],"inLanguage":"es"},{"@type":"Organization","@id":"https:\/\/www.darrera.com\/es\/#organization","name":"Darrera","url":"https:\/\/www.darrera.com\/es\/","logo":{"@type":"ImageObject","inLanguage":"es","@id":"https:\/\/www.darrera.com\/es\/#\/schema\/logo\/image\/","url":"https:\/\/www.darrera.com\/wp\/wp-content\/uploads\/logo-darrera.png","contentUrl":"https:\/\/www.darrera.com\/wp\/wp-content\/uploads\/logo-darrera.png","width":500,"height":85,"caption":"Darrera"},"image":{"@id":"https:\/\/www.darrera.com\/es\/#\/schema\/logo\/image\/"},"sameAs":["http:\/\/facebook.com\/darrerameteo","https:\/\/x.com\/darrera_meteo","https:\/\/www.linkedin.com\/company\/darrera-s-a-","http:\/\/youtube.com\/darreratv"]}]}},"_links":{"self":[{"href":"https:\/\/www.darrera.com\/es\/wp-json\/wp\/v2\/product\/4149","targetHints":{"allow":["GET"]}}],"collection":[{"href":"https:\/\/www.darrera.com\/es\/wp-json\/wp\/v2\/product"}],"about":[{"href":"https:\/\/www.darrera.com\/es\/wp-json\/wp\/v2\/types\/product"}],"wp:featuredmedia":[{"embeddable":true,"href":"https:\/\/www.darrera.com\/es\/wp-json\/wp\/v2\/media\/4151"}],"wp:attachment":[{"href":"https:\/\/www.darrera.com\/es\/wp-json\/wp\/v2\/media?parent=4149"}],"wp:term":[{"taxonomy":"product_brand","embeddable":true,"href":"https:\/\/www.darrera.com\/es\/wp-json\/wp\/v2\/product_brand?post=4149"},{"taxonomy":"product_cat","embeddable":true,"href":"https:\/\/www.darrera.com\/es\/wp-json\/wp\/v2\/product_cat?post=4149"},{"taxonomy":"product_tag","embeddable":true,"href":"https:\/\/www.darrera.com\/es\/wp-json\/wp\/v2\/product_tag?post=4149"}],"curies":[{"name":"wp","href":"https:\/\/api.w.org\/{rel}","templated":true}]}}