{"id":4161,"date":"2020-11-26T19:14:01","date_gmt":"2020-11-26T18:14:01","guid":{"rendered":"https:\/\/www.darrera.com\/wp\/product\/ap-700-sonda-multiparametrica-calidad-agua\/"},"modified":"2023-12-29T19:46:17","modified_gmt":"2023-12-29T18:46:17","slug":"ap-700-sonda-multiparametrica-calidad-agua","status":"publish","type":"product","link":"https:\/\/www.darrera.com\/es\/producto\/ap-700-sonda-multiparametrica-calidad-agua\/","title":{"rendered":"Sonda Multiparam\u00e9trica de Calidad del Agua"},"content":{"rendered":"<h3>Sonda multiparam\u00e9trica vers\u00e1til<\/h3>\n<p>Aquaprobe AP-700 es una sonda multiparam\u00e9trica de calidad del agua dise\u00f1ada para ofrecer una excelente precisi\u00f3n y fiabilidad en cualquier aplicaci\u00f3n profesional. Incluye un cable de 3 metros de longitud para su conexi\u00f3n a un GPS Aquameter, el cual permite monitorizar en vivo y registrar las mediciones para su posterior descarga a un ordenador a trav\u00e9s de USB. Tambi\u00e9n se puede conectar a un Aqualogger para el registro peri\u00f3dico de datos en instalaciones temporales desatendidas.<\/p>\n<h4>Mediciones incluidas<\/h4>\n<ul>\n<li>pH<\/li>\n<li>ORP (redox)<\/li>\n<li>Conductividad<\/li>\n<li>TDS<\/li>\n<li>SSG<\/li>\n<li>Resistividad<\/li>\n<li>Salinidad<\/li>\n<li>Ox\u00edgeno disuelto<\/li>\n<li>Temperatura<\/li>\n<\/ul>\n<h4>Mediciones adicionales<\/h4>\n<ul>\n<li>Profundidad<\/li>\n<\/ul>\n<h3>Dise\u00f1o compacto y robusto<\/h3>\n<p>La sonda presenta un dise\u00f1o compacto y robusto y est\u00e1 fabricada en aluminio de grado marino para garantizar una alta resistencia en el agua. Se puede utilizar para aplicaciones en agua dulce, salada y residual.<\/p>\n<h3>Especificaciones t\u00e9cnicas<\/h3>\n<h4>Especificaciones mec\u00e1nicas<\/h4>\n<ul>\n<li>Temperatura de funcionamiento: -5\u00baC a 70\u00baC<\/li>\n<li>Material: aluminio<\/li>\n<li>Dimensiones: \u2205 42 x 290 mm<\/li>\n<li>Peso: 700 g<\/li>\n<\/ul>\n","protected":false},"excerpt":{"rendered":"<p>Est\u00e1 dise\u00f1ada para ofrecer una excelente precisi\u00f3n y fiabilidad en cualquier aplicaci\u00f3n profesional. Presenta un dise\u00f1o compacto y robusto y est\u00e1 fabricada en aluminio de grado marino para garantizar una alta resistencia en el agua.<\/p>\n","protected":false},"featured_media":5048,"template":"","meta":[],"product_brand":[],"product_cat":[321],"product_tag":[],"class_list":{"0":"post-4161","1":"product","2":"type-product","3":"status-publish","4":"has-post-thumbnail","6":"product_cat-medidores-calidad-agua","8":"first","9":"instock","10":"taxable","11":"shipping-taxable","12":"product-type-simple"},"yoast_head":"<!-- This site is optimized with the Yoast SEO plugin v27.3 - https:\/\/yoast.com\/product\/yoast-seo-wordpress\/ -->\n<title>Sonda Multiparam\u00e9trica de Calidad del Agua | Darrera<\/title>\n<meta name=\"robots\" content=\"index, follow, max-snippet:-1, max-image-preview:large, max-video-preview:-1\" \/>\n<link rel=\"canonical\" href=\"https:\/\/www.darrera.com\/en\/producto\/ap-700-multi-parameter-water-quality-probe\/\" \/>\n<meta property=\"og:locale\" content=\"es_ES\" \/>\n<meta property=\"og:type\" content=\"article\" \/>\n<meta property=\"og:title\" content=\"Sonda Multiparam\u00e9trica de Calidad del Agua | Darrera\" \/>\n<meta property=\"og:description\" content=\"Est\u00e1 dise\u00f1ada para ofrecer una excelente precisi\u00f3n y fiabilidad en cualquier aplicaci\u00f3n profesional. Presenta un dise\u00f1o compacto y robusto y est\u00e1 fabricada en aluminio de grado marino para garantizar una alta resistencia en el agua.\" \/>\n<meta property=\"og:url\" content=\"https:\/\/www.darrera.com\/en\/producto\/ap-700-multi-parameter-water-quality-probe\/\" \/>\n<meta property=\"og:site_name\" content=\"Darrera\" \/>\n<meta property=\"article:publisher\" content=\"http:\/\/facebook.com\/darrerameteo\" \/>\n<meta property=\"article:modified_time\" content=\"2023-12-29T18:46:17+00:00\" \/>\n<meta property=\"og:image\" content=\"https:\/\/www.darrera.com\/wp-content\/uploads\/2020\/11\/ap-700-sonda-multiparametrica-calidad-agua.jpg\" \/>\n\t<meta property=\"og:image:width\" content=\"950\" \/>\n\t<meta property=\"og:image:height\" content=\"950\" \/>\n\t<meta property=\"og:image:type\" content=\"image\/jpeg\" \/>\n<meta name=\"twitter:card\" content=\"summary_large_image\" \/>\n<meta name=\"twitter:site\" content=\"@darrera_meteo\" \/>\n<meta name=\"twitter:label1\" content=\"Tiempo de lectura\" \/>\n\t<meta name=\"twitter:data1\" content=\"1 minuto\" \/>\n<script type=\"application\/ld+json\" class=\"yoast-schema-graph\">{\"@context\":\"https:\\\/\\\/schema.org\",\"@graph\":[{\"@type\":\"WebPage\",\"@id\":\"https:\\\/\\\/www.darrera.com\\\/en\\\/producto\\\/ap-700-multi-parameter-water-quality-probe\\\/\",\"url\":\"https:\\\/\\\/www.darrera.com\\\/en\\\/producto\\\/ap-700-multi-parameter-water-quality-probe\\\/\",\"name\":\"Sonda Multiparam\u00e9trica de Calidad del Agua | Darrera\",\"isPartOf\":{\"@id\":\"https:\\\/\\\/www.darrera.com\\\/es\\\/#website\"},\"primaryImageOfPage\":{\"@id\":\"https:\\\/\\\/www.darrera.com\\\/en\\\/producto\\\/ap-700-multi-parameter-water-quality-probe\\\/#primaryimage\"},\"image\":{\"@id\":\"https:\\\/\\\/www.darrera.com\\\/en\\\/producto\\\/ap-700-multi-parameter-water-quality-probe\\\/#primaryimage\"},\"thumbnailUrl\":\"https:\\\/\\\/www.darrera.com\\\/wp-content\\\/uploads\\\/2020\\\/11\\\/ap-700-sonda-multiparametrica-calidad-agua.jpg\",\"datePublished\":\"2020-11-26T18:14:01+00:00\",\"dateModified\":\"2023-12-29T18:46:17+00:00\",\"breadcrumb\":{\"@id\":\"https:\\\/\\\/www.darrera.com\\\/en\\\/producto\\\/ap-700-multi-parameter-water-quality-probe\\\/#breadcrumb\"},\"inLanguage\":\"es\",\"potentialAction\":[{\"@type\":\"ReadAction\",\"target\":[\"https:\\\/\\\/www.darrera.com\\\/en\\\/producto\\\/ap-700-multi-parameter-water-quality-probe\\\/\"]}]},{\"@type\":\"ImageObject\",\"inLanguage\":\"es\",\"@id\":\"https:\\\/\\\/www.darrera.com\\\/en\\\/producto\\\/ap-700-multi-parameter-water-quality-probe\\\/#primaryimage\",\"url\":\"https:\\\/\\\/www.darrera.com\\\/wp-content\\\/uploads\\\/2020\\\/11\\\/ap-700-sonda-multiparametrica-calidad-agua.jpg\",\"contentUrl\":\"https:\\\/\\\/www.darrera.com\\\/wp-content\\\/uploads\\\/2020\\\/11\\\/ap-700-sonda-multiparametrica-calidad-agua.jpg\",\"width\":950,\"height\":950,\"caption\":\"AP-700 - Sonda Multiparam\u00e9trica de Calidad del Agua\"},{\"@type\":\"BreadcrumbList\",\"@id\":\"https:\\\/\\\/www.darrera.com\\\/en\\\/producto\\\/ap-700-multi-parameter-water-quality-probe\\\/#breadcrumb\",\"itemListElement\":[{\"@type\":\"ListItem\",\"position\":1,\"name\":\"Home\",\"item\":\"https:\\\/\\\/www.darrera.com\\\/es\\\/\"},{\"@type\":\"ListItem\",\"position\":2,\"name\":\"Productos\",\"item\":\"https:\\\/\\\/www.darrera.com\\\/es\\\/productos\\\/\"},{\"@type\":\"ListItem\",\"position\":3,\"name\":\"Sonda Multiparam\u00e9trica de Calidad del Agua\"}]},{\"@type\":\"WebSite\",\"@id\":\"https:\\\/\\\/www.darrera.com\\\/es\\\/#website\",\"url\":\"https:\\\/\\\/www.darrera.com\\\/es\\\/\",\"name\":\"Darrera\",\"description\":\"Instrumentos, soluciones y servicios meteorol\u00f3gicos\",\"publisher\":{\"@id\":\"https:\\\/\\\/www.darrera.com\\\/es\\\/#organization\"},\"potentialAction\":[{\"@type\":\"SearchAction\",\"target\":{\"@type\":\"EntryPoint\",\"urlTemplate\":\"https:\\\/\\\/www.darrera.com\\\/es\\\/?s={search_term_string}\"},\"query-input\":{\"@type\":\"PropertyValueSpecification\",\"valueRequired\":true,\"valueName\":\"search_term_string\"}}],\"inLanguage\":\"es\"},{\"@type\":\"Organization\",\"@id\":\"https:\\\/\\\/www.darrera.com\\\/es\\\/#organization\",\"name\":\"Darrera\",\"url\":\"https:\\\/\\\/www.darrera.com\\\/es\\\/\",\"logo\":{\"@type\":\"ImageObject\",\"inLanguage\":\"es\",\"@id\":\"https:\\\/\\\/www.darrera.com\\\/es\\\/#\\\/schema\\\/logo\\\/image\\\/\",\"url\":\"https:\\\/\\\/www.darrera.com\\\/wp\\\/wp-content\\\/uploads\\\/logo-darrera.png\",\"contentUrl\":\"https:\\\/\\\/www.darrera.com\\\/wp\\\/wp-content\\\/uploads\\\/logo-darrera.png\",\"width\":500,\"height\":85,\"caption\":\"Darrera\"},\"image\":{\"@id\":\"https:\\\/\\\/www.darrera.com\\\/es\\\/#\\\/schema\\\/logo\\\/image\\\/\"},\"sameAs\":[\"http:\\\/\\\/facebook.com\\\/darrerameteo\",\"https:\\\/\\\/x.com\\\/darrera_meteo\",\"https:\\\/\\\/www.linkedin.com\\\/company\\\/darrera-s-a-\",\"http:\\\/\\\/youtube.com\\\/darreratv\"]}]}<\/script>\n<!-- \/ Yoast SEO plugin. -->","yoast_head_json":{"title":"Sonda Multiparam\u00e9trica de Calidad del Agua | Darrera","robots":{"index":"index","follow":"follow","max-snippet":"max-snippet:-1","max-image-preview":"max-image-preview:large","max-video-preview":"max-video-preview:-1"},"canonical":"https:\/\/www.darrera.com\/en\/producto\/ap-700-multi-parameter-water-quality-probe\/","og_locale":"es_ES","og_type":"article","og_title":"Sonda Multiparam\u00e9trica de Calidad del Agua | Darrera","og_description":"Est\u00e1 dise\u00f1ada para ofrecer una excelente precisi\u00f3n y fiabilidad en cualquier aplicaci\u00f3n profesional. Presenta un dise\u00f1o compacto y robusto y est\u00e1 fabricada en aluminio de grado marino para garantizar una alta resistencia en el agua.","og_url":"https:\/\/www.darrera.com\/en\/producto\/ap-700-multi-parameter-water-quality-probe\/","og_site_name":"Darrera","article_publisher":"http:\/\/facebook.com\/darrerameteo","article_modified_time":"2023-12-29T18:46:17+00:00","og_image":[{"width":950,"height":950,"url":"https:\/\/www.darrera.com\/wp-content\/uploads\/2020\/11\/ap-700-sonda-multiparametrica-calidad-agua.jpg","type":"image\/jpeg"}],"twitter_card":"summary_large_image","twitter_site":"@darrera_meteo","twitter_misc":{"Tiempo de lectura":"1 minuto"},"schema":{"@context":"https:\/\/schema.org","@graph":[{"@type":"WebPage","@id":"https:\/\/www.darrera.com\/en\/producto\/ap-700-multi-parameter-water-quality-probe\/","url":"https:\/\/www.darrera.com\/en\/producto\/ap-700-multi-parameter-water-quality-probe\/","name":"Sonda Multiparam\u00e9trica de Calidad del Agua | Darrera","isPartOf":{"@id":"https:\/\/www.darrera.com\/es\/#website"},"primaryImageOfPage":{"@id":"https:\/\/www.darrera.com\/en\/producto\/ap-700-multi-parameter-water-quality-probe\/#primaryimage"},"image":{"@id":"https:\/\/www.darrera.com\/en\/producto\/ap-700-multi-parameter-water-quality-probe\/#primaryimage"},"thumbnailUrl":"https:\/\/www.darrera.com\/wp-content\/uploads\/2020\/11\/ap-700-sonda-multiparametrica-calidad-agua.jpg","datePublished":"2020-11-26T18:14:01+00:00","dateModified":"2023-12-29T18:46:17+00:00","breadcrumb":{"@id":"https:\/\/www.darrera.com\/en\/producto\/ap-700-multi-parameter-water-quality-probe\/#breadcrumb"},"inLanguage":"es","potentialAction":[{"@type":"ReadAction","target":["https:\/\/www.darrera.com\/en\/producto\/ap-700-multi-parameter-water-quality-probe\/"]}]},{"@type":"ImageObject","inLanguage":"es","@id":"https:\/\/www.darrera.com\/en\/producto\/ap-700-multi-parameter-water-quality-probe\/#primaryimage","url":"https:\/\/www.darrera.com\/wp-content\/uploads\/2020\/11\/ap-700-sonda-multiparametrica-calidad-agua.jpg","contentUrl":"https:\/\/www.darrera.com\/wp-content\/uploads\/2020\/11\/ap-700-sonda-multiparametrica-calidad-agua.jpg","width":950,"height":950,"caption":"AP-700 - Sonda Multiparam\u00e9trica de Calidad del Agua"},{"@type":"BreadcrumbList","@id":"https:\/\/www.darrera.com\/en\/producto\/ap-700-multi-parameter-water-quality-probe\/#breadcrumb","itemListElement":[{"@type":"ListItem","position":1,"name":"Home","item":"https:\/\/www.darrera.com\/es\/"},{"@type":"ListItem","position":2,"name":"Productos","item":"https:\/\/www.darrera.com\/es\/productos\/"},{"@type":"ListItem","position":3,"name":"Sonda Multiparam\u00e9trica de Calidad del Agua"}]},{"@type":"WebSite","@id":"https:\/\/www.darrera.com\/es\/#website","url":"https:\/\/www.darrera.com\/es\/","name":"Darrera","description":"Instrumentos, soluciones y servicios meteorol\u00f3gicos","publisher":{"@id":"https:\/\/www.darrera.com\/es\/#organization"},"potentialAction":[{"@type":"SearchAction","target":{"@type":"EntryPoint","urlTemplate":"https:\/\/www.darrera.com\/es\/?s={search_term_string}"},"query-input":{"@type":"PropertyValueSpecification","valueRequired":true,"valueName":"search_term_string"}}],"inLanguage":"es"},{"@type":"Organization","@id":"https:\/\/www.darrera.com\/es\/#organization","name":"Darrera","url":"https:\/\/www.darrera.com\/es\/","logo":{"@type":"ImageObject","inLanguage":"es","@id":"https:\/\/www.darrera.com\/es\/#\/schema\/logo\/image\/","url":"https:\/\/www.darrera.com\/wp\/wp-content\/uploads\/logo-darrera.png","contentUrl":"https:\/\/www.darrera.com\/wp\/wp-content\/uploads\/logo-darrera.png","width":500,"height":85,"caption":"Darrera"},"image":{"@id":"https:\/\/www.darrera.com\/es\/#\/schema\/logo\/image\/"},"sameAs":["http:\/\/facebook.com\/darrerameteo","https:\/\/x.com\/darrera_meteo","https:\/\/www.linkedin.com\/company\/darrera-s-a-","http:\/\/youtube.com\/darreratv"]}]}},"_links":{"self":[{"href":"https:\/\/www.darrera.com\/es\/wp-json\/wp\/v2\/product\/4161","targetHints":{"allow":["GET"]}}],"collection":[{"href":"https:\/\/www.darrera.com\/es\/wp-json\/wp\/v2\/product"}],"about":[{"href":"https:\/\/www.darrera.com\/es\/wp-json\/wp\/v2\/types\/product"}],"wp:featuredmedia":[{"embeddable":true,"href":"https:\/\/www.darrera.com\/es\/wp-json\/wp\/v2\/media\/5048"}],"wp:attachment":[{"href":"https:\/\/www.darrera.com\/es\/wp-json\/wp\/v2\/media?parent=4161"}],"wp:term":[{"taxonomy":"product_brand","embeddable":true,"href":"https:\/\/www.darrera.com\/es\/wp-json\/wp\/v2\/product_brand?post=4161"},{"taxonomy":"product_cat","embeddable":true,"href":"https:\/\/www.darrera.com\/es\/wp-json\/wp\/v2\/product_cat?post=4161"},{"taxonomy":"product_tag","embeddable":true,"href":"https:\/\/www.darrera.com\/es\/wp-json\/wp\/v2\/product_tag?post=4161"}],"curies":[{"name":"wp","href":"https:\/\/api.w.org\/{rel}","templated":true}]}}