{"id":4515,"date":"2021-07-08T19:42:33","date_gmt":"2021-07-08T17:42:33","guid":{"rendered":"https:\/\/www.darrera.com\/wp\/product\/lr35w-nodo-lorawan-exterior\/"},"modified":"2021-10-20T17:09:48","modified_gmt":"2021-10-20T15:09:48","slug":"lr35w-nodo-lorawan-exterior","status":"publish","type":"product","link":"https:\/\/www.darrera.com\/es\/producto\/lr35w-nodo-lorawan-exterior\/","title":{"rendered":"Nodo LoRaWAN\u00ae para Exterior"},"content":{"rendered":"<h3>Dise\u00f1ado para aplicaciones LoRaWAN\u00ae en exteriores<\/h3>\n<p>Nodo IoT dise\u00f1ado para todo tipo de aplicaciones LoRaWAN\u00ae en exteriores. Est\u00e1 disponible con entradas anal\u00f3gicas, digitales, RS-485 o SDI-12, en funci\u00f3n de las necesidades.<\/p>\n<p>El nodo dispone de una funci\u00f3n de registro de datos para almacenar las mediciones en una memoria interna. Una pantalla LCD opcional muestra distintos par\u00e1metros del sistema, como los canales activos, la configuraci\u00f3n de la memoria, la carga de la bater\u00eda, etc.<\/p>\n<h3>Robusto y resistente a la intemperie<\/h3>\n<p>Presenta un dise\u00f1o robusto y es capaz de resistir factores ambientales severos, incluyendo humedad, polvo, viento, lluvia y nieve. Puede instalarse sobre un m\u00e1stil o soporte de pared. Su reducido consumo garantiza varios a\u00f1os de funcionamiento antes de tener que reemplazar las bater\u00edas.<\/p>\n<h3>Especificaciones t\u00e9cnicas<\/h3>\n<h4>Especificaciones del datalogger<\/h4>\n<ul>\n<li>Capacidad: 14.000 a 68.000 registros<\/li>\n<\/ul>\n<h4>Especificaciones el\u00e9ctricas<\/h4>\n<ul>\n<li>Voltaje de alimentaci\u00f3n: 7 a 30 VDC<\/li>\n<li>Consumo: 10 mA (m\u00e1x.)<\/li>\n<li>Se\u00f1al de entrada: anal\u00f3gicas, digitales, RS-485 o SDI-12<\/li>\n<\/ul>\n<h4>Especificaciones mec\u00e1nicas<\/h4>\n<ul>\n<li>Temperatura de funcionamiento: -20\u00baC a 70\u00baC<\/li>\n<li>Material: pl\u00e1stico de alta resistencia<\/li>\n<li>Dimensiones: 80 x 200 x 55 mm<\/li>\n<li>Peso: 250 g<\/li>\n<\/ul>\n","protected":false},"excerpt":{"rendered":"<p>Nodo IoT dise\u00f1ado para todo tipo de aplicaciones LoRaWAN\u00ae en exteriores. Est\u00e1 disponible con entradas anal\u00f3gicas, digitales, RS-485 o SDI-12.<\/p>\n","protected":false},"featured_media":4514,"template":"","meta":[],"product_brand":[],"product_cat":[287],"product_tag":[],"class_list":{"0":"post-4515","1":"product","2":"type-product","3":"status-publish","4":"has-post-thumbnail","6":"product_cat-sistemas-comunicacion","8":"first","9":"instock","10":"taxable","11":"shipping-taxable","12":"product-type-simple"},"yoast_head":"<!-- This site is optimized with the Yoast SEO plugin v27.4 - https:\/\/yoast.com\/product\/yoast-seo-wordpress\/ -->\n<title>Nodo LoRaWAN\u00ae para Exterior | Darrera<\/title>\n<meta name=\"robots\" content=\"index, follow, max-snippet:-1, max-image-preview:large, max-video-preview:-1\" \/>\n<link rel=\"canonical\" href=\"https:\/\/www.darrera.com\/en\/producto\/lr35w-outdoor-lorawan-node\/\" \/>\n<meta property=\"og:locale\" content=\"es_ES\" \/>\n<meta property=\"og:type\" content=\"article\" \/>\n<meta property=\"og:title\" content=\"Nodo LoRaWAN\u00ae para Exterior | Darrera\" \/>\n<meta property=\"og:description\" content=\"Nodo IoT dise\u00f1ado para todo tipo de aplicaciones LoRaWAN\u00ae en exteriores. Est\u00e1 disponible con entradas anal\u00f3gicas, digitales, RS-485 o SDI-12.\" \/>\n<meta property=\"og:url\" content=\"https:\/\/www.darrera.com\/en\/producto\/lr35w-outdoor-lorawan-node\/\" \/>\n<meta property=\"og:site_name\" content=\"Darrera\" \/>\n<meta property=\"article:publisher\" content=\"http:\/\/facebook.com\/darrerameteo\" \/>\n<meta property=\"article:modified_time\" content=\"2021-10-20T15:09:48+00:00\" \/>\n<meta property=\"og:image\" content=\"https:\/\/www.darrera.com\/wp-content\/uploads\/2021\/07\/lr35w-nodo-lorawan-exterior.jpg\" \/>\n\t<meta property=\"og:image:width\" content=\"950\" \/>\n\t<meta property=\"og:image:height\" content=\"950\" \/>\n\t<meta property=\"og:image:type\" content=\"image\/jpeg\" \/>\n<meta name=\"twitter:card\" content=\"summary_large_image\" \/>\n<meta name=\"twitter:site\" content=\"@darrera_meteo\" \/>\n<meta name=\"twitter:label1\" content=\"Tiempo de lectura\" \/>\n\t<meta name=\"twitter:data1\" content=\"1 minuto\" \/>\n<script type=\"application\/ld+json\" class=\"yoast-schema-graph\">{\"@context\":\"https:\\\/\\\/schema.org\",\"@graph\":[{\"@type\":\"WebPage\",\"@id\":\"https:\\\/\\\/www.darrera.com\\\/en\\\/producto\\\/lr35w-outdoor-lorawan-node\\\/\",\"url\":\"https:\\\/\\\/www.darrera.com\\\/en\\\/producto\\\/lr35w-outdoor-lorawan-node\\\/\",\"name\":\"Nodo LoRaWAN\u00ae para Exterior | Darrera\",\"isPartOf\":{\"@id\":\"https:\\\/\\\/www.darrera.com\\\/es\\\/#website\"},\"primaryImageOfPage\":{\"@id\":\"https:\\\/\\\/www.darrera.com\\\/en\\\/producto\\\/lr35w-outdoor-lorawan-node\\\/#primaryimage\"},\"image\":{\"@id\":\"https:\\\/\\\/www.darrera.com\\\/en\\\/producto\\\/lr35w-outdoor-lorawan-node\\\/#primaryimage\"},\"thumbnailUrl\":\"https:\\\/\\\/www.darrera.com\\\/wp-content\\\/uploads\\\/2021\\\/07\\\/lr35w-nodo-lorawan-exterior.jpg\",\"datePublished\":\"2021-07-08T17:42:33+00:00\",\"dateModified\":\"2021-10-20T15:09:48+00:00\",\"breadcrumb\":{\"@id\":\"https:\\\/\\\/www.darrera.com\\\/en\\\/producto\\\/lr35w-outdoor-lorawan-node\\\/#breadcrumb\"},\"inLanguage\":\"es\",\"potentialAction\":[{\"@type\":\"ReadAction\",\"target\":[\"https:\\\/\\\/www.darrera.com\\\/en\\\/producto\\\/lr35w-outdoor-lorawan-node\\\/\"]}]},{\"@type\":\"ImageObject\",\"inLanguage\":\"es\",\"@id\":\"https:\\\/\\\/www.darrera.com\\\/en\\\/producto\\\/lr35w-outdoor-lorawan-node\\\/#primaryimage\",\"url\":\"https:\\\/\\\/www.darrera.com\\\/wp-content\\\/uploads\\\/2021\\\/07\\\/lr35w-nodo-lorawan-exterior.jpg\",\"contentUrl\":\"https:\\\/\\\/www.darrera.com\\\/wp-content\\\/uploads\\\/2021\\\/07\\\/lr35w-nodo-lorawan-exterior.jpg\",\"width\":950,\"height\":950,\"caption\":\"LR35W - Nodo LoRaWAN\u00ae para Exterior\"},{\"@type\":\"BreadcrumbList\",\"@id\":\"https:\\\/\\\/www.darrera.com\\\/en\\\/producto\\\/lr35w-outdoor-lorawan-node\\\/#breadcrumb\",\"itemListElement\":[{\"@type\":\"ListItem\",\"position\":1,\"name\":\"Home\",\"item\":\"https:\\\/\\\/www.darrera.com\\\/es\\\/\"},{\"@type\":\"ListItem\",\"position\":2,\"name\":\"Productos\",\"item\":\"https:\\\/\\\/www.darrera.com\\\/es\\\/productos\\\/\"},{\"@type\":\"ListItem\",\"position\":3,\"name\":\"Nodo LoRaWAN\u00ae para Exterior\"}]},{\"@type\":\"WebSite\",\"@id\":\"https:\\\/\\\/www.darrera.com\\\/es\\\/#website\",\"url\":\"https:\\\/\\\/www.darrera.com\\\/es\\\/\",\"name\":\"Darrera\",\"description\":\"Instrumentos, soluciones y servicios meteorol\u00f3gicos\",\"publisher\":{\"@id\":\"https:\\\/\\\/www.darrera.com\\\/es\\\/#organization\"},\"potentialAction\":[{\"@type\":\"SearchAction\",\"target\":{\"@type\":\"EntryPoint\",\"urlTemplate\":\"https:\\\/\\\/www.darrera.com\\\/es\\\/?s={search_term_string}\"},\"query-input\":{\"@type\":\"PropertyValueSpecification\",\"valueRequired\":true,\"valueName\":\"search_term_string\"}}],\"inLanguage\":\"es\"},{\"@type\":\"Organization\",\"@id\":\"https:\\\/\\\/www.darrera.com\\\/es\\\/#organization\",\"name\":\"Darrera\",\"url\":\"https:\\\/\\\/www.darrera.com\\\/es\\\/\",\"logo\":{\"@type\":\"ImageObject\",\"inLanguage\":\"es\",\"@id\":\"https:\\\/\\\/www.darrera.com\\\/es\\\/#\\\/schema\\\/logo\\\/image\\\/\",\"url\":\"https:\\\/\\\/www.darrera.com\\\/wp\\\/wp-content\\\/uploads\\\/logo-darrera.png\",\"contentUrl\":\"https:\\\/\\\/www.darrera.com\\\/wp\\\/wp-content\\\/uploads\\\/logo-darrera.png\",\"width\":500,\"height\":85,\"caption\":\"Darrera\"},\"image\":{\"@id\":\"https:\\\/\\\/www.darrera.com\\\/es\\\/#\\\/schema\\\/logo\\\/image\\\/\"},\"sameAs\":[\"http:\\\/\\\/facebook.com\\\/darrerameteo\",\"https:\\\/\\\/x.com\\\/darrera_meteo\",\"https:\\\/\\\/www.linkedin.com\\\/company\\\/darrera-s-a-\",\"http:\\\/\\\/youtube.com\\\/darreratv\"]}]}<\/script>\n<!-- \/ Yoast SEO plugin. -->","yoast_head_json":{"title":"Nodo LoRaWAN\u00ae para Exterior | Darrera","robots":{"index":"index","follow":"follow","max-snippet":"max-snippet:-1","max-image-preview":"max-image-preview:large","max-video-preview":"max-video-preview:-1"},"canonical":"https:\/\/www.darrera.com\/en\/producto\/lr35w-outdoor-lorawan-node\/","og_locale":"es_ES","og_type":"article","og_title":"Nodo LoRaWAN\u00ae para Exterior | Darrera","og_description":"Nodo IoT dise\u00f1ado para todo tipo de aplicaciones LoRaWAN\u00ae en exteriores. Est\u00e1 disponible con entradas anal\u00f3gicas, digitales, RS-485 o SDI-12.","og_url":"https:\/\/www.darrera.com\/en\/producto\/lr35w-outdoor-lorawan-node\/","og_site_name":"Darrera","article_publisher":"http:\/\/facebook.com\/darrerameteo","article_modified_time":"2021-10-20T15:09:48+00:00","og_image":[{"width":950,"height":950,"url":"https:\/\/www.darrera.com\/wp-content\/uploads\/2021\/07\/lr35w-nodo-lorawan-exterior.jpg","type":"image\/jpeg"}],"twitter_card":"summary_large_image","twitter_site":"@darrera_meteo","twitter_misc":{"Tiempo de lectura":"1 minuto"},"schema":{"@context":"https:\/\/schema.org","@graph":[{"@type":"WebPage","@id":"https:\/\/www.darrera.com\/en\/producto\/lr35w-outdoor-lorawan-node\/","url":"https:\/\/www.darrera.com\/en\/producto\/lr35w-outdoor-lorawan-node\/","name":"Nodo LoRaWAN\u00ae para Exterior | Darrera","isPartOf":{"@id":"https:\/\/www.darrera.com\/es\/#website"},"primaryImageOfPage":{"@id":"https:\/\/www.darrera.com\/en\/producto\/lr35w-outdoor-lorawan-node\/#primaryimage"},"image":{"@id":"https:\/\/www.darrera.com\/en\/producto\/lr35w-outdoor-lorawan-node\/#primaryimage"},"thumbnailUrl":"https:\/\/www.darrera.com\/wp-content\/uploads\/2021\/07\/lr35w-nodo-lorawan-exterior.jpg","datePublished":"2021-07-08T17:42:33+00:00","dateModified":"2021-10-20T15:09:48+00:00","breadcrumb":{"@id":"https:\/\/www.darrera.com\/en\/producto\/lr35w-outdoor-lorawan-node\/#breadcrumb"},"inLanguage":"es","potentialAction":[{"@type":"ReadAction","target":["https:\/\/www.darrera.com\/en\/producto\/lr35w-outdoor-lorawan-node\/"]}]},{"@type":"ImageObject","inLanguage":"es","@id":"https:\/\/www.darrera.com\/en\/producto\/lr35w-outdoor-lorawan-node\/#primaryimage","url":"https:\/\/www.darrera.com\/wp-content\/uploads\/2021\/07\/lr35w-nodo-lorawan-exterior.jpg","contentUrl":"https:\/\/www.darrera.com\/wp-content\/uploads\/2021\/07\/lr35w-nodo-lorawan-exterior.jpg","width":950,"height":950,"caption":"LR35W - Nodo LoRaWAN\u00ae para Exterior"},{"@type":"BreadcrumbList","@id":"https:\/\/www.darrera.com\/en\/producto\/lr35w-outdoor-lorawan-node\/#breadcrumb","itemListElement":[{"@type":"ListItem","position":1,"name":"Home","item":"https:\/\/www.darrera.com\/es\/"},{"@type":"ListItem","position":2,"name":"Productos","item":"https:\/\/www.darrera.com\/es\/productos\/"},{"@type":"ListItem","position":3,"name":"Nodo LoRaWAN\u00ae para Exterior"}]},{"@type":"WebSite","@id":"https:\/\/www.darrera.com\/es\/#website","url":"https:\/\/www.darrera.com\/es\/","name":"Darrera","description":"Instrumentos, soluciones y servicios meteorol\u00f3gicos","publisher":{"@id":"https:\/\/www.darrera.com\/es\/#organization"},"potentialAction":[{"@type":"SearchAction","target":{"@type":"EntryPoint","urlTemplate":"https:\/\/www.darrera.com\/es\/?s={search_term_string}"},"query-input":{"@type":"PropertyValueSpecification","valueRequired":true,"valueName":"search_term_string"}}],"inLanguage":"es"},{"@type":"Organization","@id":"https:\/\/www.darrera.com\/es\/#organization","name":"Darrera","url":"https:\/\/www.darrera.com\/es\/","logo":{"@type":"ImageObject","inLanguage":"es","@id":"https:\/\/www.darrera.com\/es\/#\/schema\/logo\/image\/","url":"https:\/\/www.darrera.com\/wp\/wp-content\/uploads\/logo-darrera.png","contentUrl":"https:\/\/www.darrera.com\/wp\/wp-content\/uploads\/logo-darrera.png","width":500,"height":85,"caption":"Darrera"},"image":{"@id":"https:\/\/www.darrera.com\/es\/#\/schema\/logo\/image\/"},"sameAs":["http:\/\/facebook.com\/darrerameteo","https:\/\/x.com\/darrera_meteo","https:\/\/www.linkedin.com\/company\/darrera-s-a-","http:\/\/youtube.com\/darreratv"]}]}},"_links":{"self":[{"href":"https:\/\/www.darrera.com\/es\/wp-json\/wp\/v2\/product\/4515","targetHints":{"allow":["GET"]}}],"collection":[{"href":"https:\/\/www.darrera.com\/es\/wp-json\/wp\/v2\/product"}],"about":[{"href":"https:\/\/www.darrera.com\/es\/wp-json\/wp\/v2\/types\/product"}],"wp:featuredmedia":[{"embeddable":true,"href":"https:\/\/www.darrera.com\/es\/wp-json\/wp\/v2\/media\/4514"}],"wp:attachment":[{"href":"https:\/\/www.darrera.com\/es\/wp-json\/wp\/v2\/media?parent=4515"}],"wp:term":[{"taxonomy":"product_brand","embeddable":true,"href":"https:\/\/www.darrera.com\/es\/wp-json\/wp\/v2\/product_brand?post=4515"},{"taxonomy":"product_cat","embeddable":true,"href":"https:\/\/www.darrera.com\/es\/wp-json\/wp\/v2\/product_cat?post=4515"},{"taxonomy":"product_tag","embeddable":true,"href":"https:\/\/www.darrera.com\/es\/wp-json\/wp\/v2\/product_tag?post=4515"}],"curies":[{"name":"wp","href":"https:\/\/api.w.org\/{rel}","templated":true}]}}