{"id":4599,"date":"2021-10-29T00:27:42","date_gmt":"2021-10-28T22:27:42","guid":{"rendered":"https:\/\/www.darrera.com\/wp\/product\/lx-80-sensor-radar-nivel-agua\/"},"modified":"2024-06-30T01:12:59","modified_gmt":"2024-06-29T23:12:59","slug":"lx-80-sensor-radar-nivel-agua","status":"publish","type":"product","link":"https:\/\/www.darrera.com\/es\/producto\/lx-80-sensor-radar-nivel-agua\/","title":{"rendered":"Sensor Radar de Nivel de Agua"},"content":{"rendered":"<h3>Mediciones de alta precisi\u00f3n<\/h3>\n<p>El sensor utiliza tecnolog\u00eda radar de microondas para proporcionar mediciones precisas y fiables del nivel de agua bajo cualquier condici\u00f3n meteorol\u00f3gica. Esta tecnolog\u00eda no se ve afectada por cambios de temperatura, viento o lluvia, as\u00ed como tampoco por condiciones de niebla o roc\u00edo, a diferencia de los sensores que emplean tecnolog\u00eda ultras\u00f3nica.<\/p>\n<p>El sensor puede configurarse para llevar a cabo un filtrado y promediado digital de las mediciones seg\u00fan las necesidades espec\u00edficas del usuario. Se puede conectar a cualquier datalogger convencional para llevar a cabo el almacenamiento de los datos y su posterior descarga y visualizaci\u00f3n en un ordenador. Su reducido consumo permite utilizarlo en instalaciones alimentadas mediante paneles solares.<\/p>\n<h3>Compacto, robusto y vers\u00e1til<\/h3>\n<p>El instrumento presenta un dise\u00f1o compacto y sin partes m\u00f3viles, y est\u00e1 fabricado \u00edntegramente en aluminio anodizado para garantizar una alta resistencia en entornos marinos. Asimismo, no requiere pr\u00e1cticamente mantenimiento al no estar directamente expuesto al agua como ocurre con los sensores sumergidos.<\/p>\n<p>Es id\u00f3neo para todo tipo de aplicaciones hidrol\u00f3gicas y de alerta temprana en r\u00edos, lagos, embalses, presas, puertos, etc.<\/p>\n<h3>Especificaciones t\u00e9cnicas<\/h3>\n<h4>Especificaciones del sensor<\/h4>\n<ul>\n<li>Rango: 0,2 a 8\/15\/30 m<\/li>\n<li>Resoluci\u00f3n: 0,5 mm<\/li>\n<li>Precisi\u00f3n: \u00b12 mm<\/li>\n<\/ul>\n<h4>Especificaciones el\u00e9ctricas<\/h4>\n<ul>\n<li>Voltaje de alimentaci\u00f3n: 9 a 27 VDC<\/li>\n<li>Consumo: 470 mA (m\u00e1x.)<\/li>\n<li>Se\u00f1al de salida: 4 a 20 mA, RS-232, RS-485 y SDI-12<\/li>\n<\/ul>\n<h4>Especificaciones mec\u00e1nicas<\/h4>\n<ul>\n<li>Temperatura de funcionamiento: -40\u00baC a 85\u00baC<\/li>\n<li>Material: aluminio anodizado<\/li>\n<li>Dimensiones: \u2205 65 x 78 mm<\/li>\n<li>Peso: 480 g<\/li>\n<\/ul>\n","protected":false},"excerpt":{"rendered":"<p>Utiliza tecnolog\u00eda radar de microondas para proporcionar mediciones precisas y fiables del nivel de agua bajo cualquier condici\u00f3n meteorol\u00f3gica. Es id\u00f3neo para todo tipo de aplicaciones hidrol\u00f3gicas y de alerta temprana en r\u00edos, lagos, embalses, presas, puertos, etc.<\/p>\n","protected":false},"featured_media":4673,"template":"","meta":[],"product_brand":[],"product_cat":[195],"product_tag":[],"class_list":{"0":"post-4599","1":"product","2":"type-product","3":"status-publish","4":"has-post-thumbnail","6":"product_cat-sensores-nivel-agua","8":"first","9":"instock","10":"taxable","11":"shipping-taxable","12":"product-type-simple"},"yoast_head":"<!-- This site is optimized with the Yoast SEO plugin v27.4 - https:\/\/yoast.com\/product\/yoast-seo-wordpress\/ -->\n<title>Sensor Radar de Nivel de Agua | Darrera<\/title>\n<meta name=\"robots\" content=\"index, follow, max-snippet:-1, max-image-preview:large, max-video-preview:-1\" \/>\n<link rel=\"canonical\" href=\"https:\/\/www.darrera.com\/en\/producto\/lx-80-radar-water-level-sensor\/\" \/>\n<meta property=\"og:locale\" content=\"es_ES\" \/>\n<meta property=\"og:type\" content=\"article\" \/>\n<meta property=\"og:title\" content=\"Sensor Radar de Nivel de Agua | Darrera\" \/>\n<meta property=\"og:description\" content=\"Utiliza tecnolog\u00eda radar de microondas para proporcionar mediciones precisas y fiables del nivel de agua bajo cualquier condici\u00f3n meteorol\u00f3gica. Es id\u00f3neo para todo tipo de aplicaciones hidrol\u00f3gicas y de alerta temprana en r\u00edos, lagos, embalses, presas, puertos, etc.\" \/>\n<meta property=\"og:url\" content=\"https:\/\/www.darrera.com\/en\/producto\/lx-80-radar-water-level-sensor\/\" \/>\n<meta property=\"og:site_name\" content=\"Darrera\" \/>\n<meta property=\"article:publisher\" content=\"http:\/\/facebook.com\/darrerameteo\" \/>\n<meta property=\"article:modified_time\" content=\"2024-06-29T23:12:59+00:00\" \/>\n<meta property=\"og:image\" content=\"https:\/\/www.darrera.com\/wp-content\/uploads\/2021\/10\/lx-80-sensor-radar-nivel-agua.jpg\" \/>\n\t<meta property=\"og:image:width\" content=\"950\" \/>\n\t<meta property=\"og:image:height\" content=\"950\" \/>\n\t<meta property=\"og:image:type\" content=\"image\/jpeg\" \/>\n<meta name=\"twitter:card\" content=\"summary_large_image\" \/>\n<meta name=\"twitter:site\" content=\"@darrera_meteo\" \/>\n<meta name=\"twitter:label1\" content=\"Tiempo de lectura\" \/>\n\t<meta name=\"twitter:data1\" content=\"1 minuto\" \/>\n<script type=\"application\/ld+json\" class=\"yoast-schema-graph\">{\"@context\":\"https:\\\/\\\/schema.org\",\"@graph\":[{\"@type\":\"WebPage\",\"@id\":\"https:\\\/\\\/www.darrera.com\\\/en\\\/producto\\\/lx-80-radar-water-level-sensor\\\/\",\"url\":\"https:\\\/\\\/www.darrera.com\\\/en\\\/producto\\\/lx-80-radar-water-level-sensor\\\/\",\"name\":\"Sensor Radar de Nivel de Agua | Darrera\",\"isPartOf\":{\"@id\":\"https:\\\/\\\/www.darrera.com\\\/es\\\/#website\"},\"primaryImageOfPage\":{\"@id\":\"https:\\\/\\\/www.darrera.com\\\/en\\\/producto\\\/lx-80-radar-water-level-sensor\\\/#primaryimage\"},\"image\":{\"@id\":\"https:\\\/\\\/www.darrera.com\\\/en\\\/producto\\\/lx-80-radar-water-level-sensor\\\/#primaryimage\"},\"thumbnailUrl\":\"https:\\\/\\\/www.darrera.com\\\/wp-content\\\/uploads\\\/2021\\\/10\\\/lx-80-sensor-radar-nivel-agua.jpg\",\"datePublished\":\"2021-10-28T22:27:42+00:00\",\"dateModified\":\"2024-06-29T23:12:59+00:00\",\"breadcrumb\":{\"@id\":\"https:\\\/\\\/www.darrera.com\\\/en\\\/producto\\\/lx-80-radar-water-level-sensor\\\/#breadcrumb\"},\"inLanguage\":\"es\",\"potentialAction\":[{\"@type\":\"ReadAction\",\"target\":[\"https:\\\/\\\/www.darrera.com\\\/en\\\/producto\\\/lx-80-radar-water-level-sensor\\\/\"]}]},{\"@type\":\"ImageObject\",\"inLanguage\":\"es\",\"@id\":\"https:\\\/\\\/www.darrera.com\\\/en\\\/producto\\\/lx-80-radar-water-level-sensor\\\/#primaryimage\",\"url\":\"https:\\\/\\\/www.darrera.com\\\/wp-content\\\/uploads\\\/2021\\\/10\\\/lx-80-sensor-radar-nivel-agua.jpg\",\"contentUrl\":\"https:\\\/\\\/www.darrera.com\\\/wp-content\\\/uploads\\\/2021\\\/10\\\/lx-80-sensor-radar-nivel-agua.jpg\",\"width\":950,\"height\":950,\"caption\":\"LX-80 - Sensor Radar de Nivel de Agua\"},{\"@type\":\"BreadcrumbList\",\"@id\":\"https:\\\/\\\/www.darrera.com\\\/en\\\/producto\\\/lx-80-radar-water-level-sensor\\\/#breadcrumb\",\"itemListElement\":[{\"@type\":\"ListItem\",\"position\":1,\"name\":\"Home\",\"item\":\"https:\\\/\\\/www.darrera.com\\\/es\\\/\"},{\"@type\":\"ListItem\",\"position\":2,\"name\":\"Productos\",\"item\":\"https:\\\/\\\/www.darrera.com\\\/es\\\/productos\\\/\"},{\"@type\":\"ListItem\",\"position\":3,\"name\":\"Sensor Radar de Nivel de Agua\"}]},{\"@type\":\"WebSite\",\"@id\":\"https:\\\/\\\/www.darrera.com\\\/es\\\/#website\",\"url\":\"https:\\\/\\\/www.darrera.com\\\/es\\\/\",\"name\":\"Darrera\",\"description\":\"Instrumentos, soluciones y servicios meteorol\u00f3gicos\",\"publisher\":{\"@id\":\"https:\\\/\\\/www.darrera.com\\\/es\\\/#organization\"},\"potentialAction\":[{\"@type\":\"SearchAction\",\"target\":{\"@type\":\"EntryPoint\",\"urlTemplate\":\"https:\\\/\\\/www.darrera.com\\\/es\\\/?s={search_term_string}\"},\"query-input\":{\"@type\":\"PropertyValueSpecification\",\"valueRequired\":true,\"valueName\":\"search_term_string\"}}],\"inLanguage\":\"es\"},{\"@type\":\"Organization\",\"@id\":\"https:\\\/\\\/www.darrera.com\\\/es\\\/#organization\",\"name\":\"Darrera\",\"url\":\"https:\\\/\\\/www.darrera.com\\\/es\\\/\",\"logo\":{\"@type\":\"ImageObject\",\"inLanguage\":\"es\",\"@id\":\"https:\\\/\\\/www.darrera.com\\\/es\\\/#\\\/schema\\\/logo\\\/image\\\/\",\"url\":\"https:\\\/\\\/www.darrera.com\\\/wp\\\/wp-content\\\/uploads\\\/logo-darrera.png\",\"contentUrl\":\"https:\\\/\\\/www.darrera.com\\\/wp\\\/wp-content\\\/uploads\\\/logo-darrera.png\",\"width\":500,\"height\":85,\"caption\":\"Darrera\"},\"image\":{\"@id\":\"https:\\\/\\\/www.darrera.com\\\/es\\\/#\\\/schema\\\/logo\\\/image\\\/\"},\"sameAs\":[\"http:\\\/\\\/facebook.com\\\/darrerameteo\",\"https:\\\/\\\/x.com\\\/darrera_meteo\",\"https:\\\/\\\/www.linkedin.com\\\/company\\\/darrera-s-a-\",\"http:\\\/\\\/youtube.com\\\/darreratv\"]}]}<\/script>\n<!-- \/ Yoast SEO plugin. -->","yoast_head_json":{"title":"Sensor Radar de Nivel de Agua | Darrera","robots":{"index":"index","follow":"follow","max-snippet":"max-snippet:-1","max-image-preview":"max-image-preview:large","max-video-preview":"max-video-preview:-1"},"canonical":"https:\/\/www.darrera.com\/en\/producto\/lx-80-radar-water-level-sensor\/","og_locale":"es_ES","og_type":"article","og_title":"Sensor Radar de Nivel de Agua | Darrera","og_description":"Utiliza tecnolog\u00eda radar de microondas para proporcionar mediciones precisas y fiables del nivel de agua bajo cualquier condici\u00f3n meteorol\u00f3gica. Es id\u00f3neo para todo tipo de aplicaciones hidrol\u00f3gicas y de alerta temprana en r\u00edos, lagos, embalses, presas, puertos, etc.","og_url":"https:\/\/www.darrera.com\/en\/producto\/lx-80-radar-water-level-sensor\/","og_site_name":"Darrera","article_publisher":"http:\/\/facebook.com\/darrerameteo","article_modified_time":"2024-06-29T23:12:59+00:00","og_image":[{"width":950,"height":950,"url":"https:\/\/www.darrera.com\/wp-content\/uploads\/2021\/10\/lx-80-sensor-radar-nivel-agua.jpg","type":"image\/jpeg"}],"twitter_card":"summary_large_image","twitter_site":"@darrera_meteo","twitter_misc":{"Tiempo de lectura":"1 minuto"},"schema":{"@context":"https:\/\/schema.org","@graph":[{"@type":"WebPage","@id":"https:\/\/www.darrera.com\/en\/producto\/lx-80-radar-water-level-sensor\/","url":"https:\/\/www.darrera.com\/en\/producto\/lx-80-radar-water-level-sensor\/","name":"Sensor Radar de Nivel de Agua | Darrera","isPartOf":{"@id":"https:\/\/www.darrera.com\/es\/#website"},"primaryImageOfPage":{"@id":"https:\/\/www.darrera.com\/en\/producto\/lx-80-radar-water-level-sensor\/#primaryimage"},"image":{"@id":"https:\/\/www.darrera.com\/en\/producto\/lx-80-radar-water-level-sensor\/#primaryimage"},"thumbnailUrl":"https:\/\/www.darrera.com\/wp-content\/uploads\/2021\/10\/lx-80-sensor-radar-nivel-agua.jpg","datePublished":"2021-10-28T22:27:42+00:00","dateModified":"2024-06-29T23:12:59+00:00","breadcrumb":{"@id":"https:\/\/www.darrera.com\/en\/producto\/lx-80-radar-water-level-sensor\/#breadcrumb"},"inLanguage":"es","potentialAction":[{"@type":"ReadAction","target":["https:\/\/www.darrera.com\/en\/producto\/lx-80-radar-water-level-sensor\/"]}]},{"@type":"ImageObject","inLanguage":"es","@id":"https:\/\/www.darrera.com\/en\/producto\/lx-80-radar-water-level-sensor\/#primaryimage","url":"https:\/\/www.darrera.com\/wp-content\/uploads\/2021\/10\/lx-80-sensor-radar-nivel-agua.jpg","contentUrl":"https:\/\/www.darrera.com\/wp-content\/uploads\/2021\/10\/lx-80-sensor-radar-nivel-agua.jpg","width":950,"height":950,"caption":"LX-80 - Sensor Radar de Nivel de Agua"},{"@type":"BreadcrumbList","@id":"https:\/\/www.darrera.com\/en\/producto\/lx-80-radar-water-level-sensor\/#breadcrumb","itemListElement":[{"@type":"ListItem","position":1,"name":"Home","item":"https:\/\/www.darrera.com\/es\/"},{"@type":"ListItem","position":2,"name":"Productos","item":"https:\/\/www.darrera.com\/es\/productos\/"},{"@type":"ListItem","position":3,"name":"Sensor Radar de Nivel de Agua"}]},{"@type":"WebSite","@id":"https:\/\/www.darrera.com\/es\/#website","url":"https:\/\/www.darrera.com\/es\/","name":"Darrera","description":"Instrumentos, soluciones y servicios meteorol\u00f3gicos","publisher":{"@id":"https:\/\/www.darrera.com\/es\/#organization"},"potentialAction":[{"@type":"SearchAction","target":{"@type":"EntryPoint","urlTemplate":"https:\/\/www.darrera.com\/es\/?s={search_term_string}"},"query-input":{"@type":"PropertyValueSpecification","valueRequired":true,"valueName":"search_term_string"}}],"inLanguage":"es"},{"@type":"Organization","@id":"https:\/\/www.darrera.com\/es\/#organization","name":"Darrera","url":"https:\/\/www.darrera.com\/es\/","logo":{"@type":"ImageObject","inLanguage":"es","@id":"https:\/\/www.darrera.com\/es\/#\/schema\/logo\/image\/","url":"https:\/\/www.darrera.com\/wp\/wp-content\/uploads\/logo-darrera.png","contentUrl":"https:\/\/www.darrera.com\/wp\/wp-content\/uploads\/logo-darrera.png","width":500,"height":85,"caption":"Darrera"},"image":{"@id":"https:\/\/www.darrera.com\/es\/#\/schema\/logo\/image\/"},"sameAs":["http:\/\/facebook.com\/darrerameteo","https:\/\/x.com\/darrera_meteo","https:\/\/www.linkedin.com\/company\/darrera-s-a-","http:\/\/youtube.com\/darreratv"]}]}},"_links":{"self":[{"href":"https:\/\/www.darrera.com\/es\/wp-json\/wp\/v2\/product\/4599","targetHints":{"allow":["GET"]}}],"collection":[{"href":"https:\/\/www.darrera.com\/es\/wp-json\/wp\/v2\/product"}],"about":[{"href":"https:\/\/www.darrera.com\/es\/wp-json\/wp\/v2\/types\/product"}],"wp:featuredmedia":[{"embeddable":true,"href":"https:\/\/www.darrera.com\/es\/wp-json\/wp\/v2\/media\/4673"}],"wp:attachment":[{"href":"https:\/\/www.darrera.com\/es\/wp-json\/wp\/v2\/media?parent=4599"}],"wp:term":[{"taxonomy":"product_brand","embeddable":true,"href":"https:\/\/www.darrera.com\/es\/wp-json\/wp\/v2\/product_brand?post=4599"},{"taxonomy":"product_cat","embeddable":true,"href":"https:\/\/www.darrera.com\/es\/wp-json\/wp\/v2\/product_cat?post=4599"},{"taxonomy":"product_tag","embeddable":true,"href":"https:\/\/www.darrera.com\/es\/wp-json\/wp\/v2\/product_tag?post=4599"}],"curies":[{"name":"wp","href":"https:\/\/api.w.org\/{rel}","templated":true}]}}