{"id":4731,"date":"2021-12-31T17:12:21","date_gmt":"2021-12-31T16:12:21","guid":{"rendered":"https:\/\/www.darrera.com\/wp\/?post_type=product&#038;p=4731"},"modified":"2022-02-25T10:19:25","modified_gmt":"2022-02-25T09:19:25","slug":"hws1000-pro-estacion-meteorologica-mano-gnss","status":"publish","type":"product","link":"https:\/\/www.darrera.com\/es\/producto\/hws1000-pro-estacion-meteorologica-mano-gnss\/","title":{"rendered":"Estaci\u00f3n Meteorol\u00f3gica de Mano con GNSS"},"content":{"rendered":"<h3>Dise\u00f1ada para aplicaciones profesionales<\/h3>\n<p>La estaci\u00f3n meteorol\u00f3gica de mano est\u00e1 dise\u00f1ada para profesionales que requieren medir las condiciones meteorol\u00f3gicas en campo con la m\u00e1xima precisi\u00f3n y fiabilidad. Mide simult\u00e1neamente la velocidad y direcci\u00f3n del viento (con una veleta opcional), temperatura, humedad relativa, presi\u00f3n atmosf\u00e9rica, intensidad de luz y radiaci\u00f3n UV. Asimismo, calcula distintos par\u00e1metros derivados como temperatura de sensaci\u00f3n y punto de roc\u00edo. Esta versi\u00f3n tambi\u00e9n dispone de term\u00f3metro infrarrojo y receptor GNSS.<\/p>\n<h3>Memoria interna de gran capacidad<\/h3>\n<p>El instrumento presenta un dise\u00f1o compacto y cuenta con pantalla LCD a color de 2,6 pulgadas y memoria interna con capacidad de hasta 65.535 registros. La descarga de los datos registrados puede realizarse a trav\u00e9s de Bluetooth\u00ae, USB y Wi-Fi (opcional).<\/p>\n<p>La estaci\u00f3n se alimenta mediante una bater\u00eda recargable que dura hasta 400 horas con el dispositivo en reposo y 24 horas en funcionamiento continuo. La recarga de la bater\u00eda se realiza utilizando el cable USB incluido.<\/p>\n<h3>Kit opcional de accesorios<\/h3>\n<p>El kit opcional de accesorios incluye veleta, tr\u00edpode y malet\u00edn de transporte.<\/p>\n<h3>Especificaciones t\u00e9cnicas<\/h3>\n<h4>Especificaciones del sensor<\/h4>\n<p>Velocidad del viento<\/p>\n<ul>\n<li>Rango: 0 a 40 m\/s<\/li>\n<li>Resoluci\u00f3n: 0,1 m\/s<\/li>\n<li>Precisi\u00f3n: \u00b10,5 m\/s<\/li>\n<\/ul>\n<p>Direcci\u00f3n del viento<\/p>\n<ul>\n<li>Rango: 0\u00ba a 360\u00ba<\/li>\n<li>Resoluci\u00f3n: 1\u00ba<\/li>\n<li>Precisi\u00f3n: \u00b14\u00ba<\/li>\n<\/ul>\n<p>Temperatura<\/p>\n<ul>\n<li>Rango: -30\u00baC a 70\u00baC<\/li>\n<li>Resoluci\u00f3n: 0,1\u00baC<\/li>\n<li>Precisi\u00f3n: \u00b10,3\u00baC<\/li>\n<\/ul>\n<p>Temperatura por infrarrojos<\/p>\n<ul>\n<li>Rango: -70\u00baC a 380\u00baC<\/li>\n<li>Resoluci\u00f3n: 0,1\u00baC<\/li>\n<li>Precisi\u00f3n: \u00b10,5\u00baC<\/li>\n<\/ul>\n<p>Humedad relativa<\/p>\n<ul>\n<li>Rango: 0 a 100% RH<\/li>\n<li>Resoluci\u00f3n: 0,1% RH<\/li>\n<li>Precisi\u00f3n: \u00b13% RH<\/li>\n<\/ul>\n<p>Presi\u00f3n atmosf\u00e9rica<\/p>\n<ul>\n<li>Rango: 300 a 1.100 hPa<\/li>\n<li>Resoluci\u00f3n: 0,1 hPa<\/li>\n<li>Precisi\u00f3n: \u00b10,5 hPa<\/li>\n<\/ul>\n<p>Intensidad de luz<\/p>\n<ul>\n<li>Rango: 0 a 128.000 lux<\/li>\n<li>Resoluci\u00f3n: 1 lux<\/li>\n<\/ul>\n<p>Radiaci\u00f3n UV<\/p>\n<ul>\n<li>Respuesta espectral: 280 a 400 nm<\/li>\n<li>Rango: 0 a 11 \u00edndice UV<\/li>\n<\/ul>\n<h4>Especificaciones el\u00e9ctricas<\/h4>\n<ul>\n<li>Voltaje de alimentaci\u00f3n: 5 VDC<\/li>\n<li>Se\u00f1al de salida: Bluetooth\u00ae, USB y Wi-Fi (opcional)<\/li>\n<\/ul>\n<h4>Especificaciones mec\u00e1nicas<\/h4>\n<ul>\n<li>Temperatura de funcionamiento: -40\u00baC a 80\u00baC<\/li>\n<li>Material: pl\u00e1stico de alta resistencia<\/li>\n<li>Dimensiones: 58 x 144 x 36 mm<\/li>\n<li>Peso: 168 g<\/li>\n<\/ul>\n","protected":false},"excerpt":{"rendered":"<p>Est\u00e1 dise\u00f1ada para profesionales que requieren medir las condiciones meteorol\u00f3gicas en campo con la m\u00e1xima precisi\u00f3n y fiabilidad. Cuenta con pantalla LCD a color de 2,6 pulgadas y memoria interna de gran capacidad. Se alimenta mediante una bater\u00eda recargable.<\/p>\n","protected":false},"featured_media":4778,"template":"","meta":[],"product_brand":[],"product_cat":[269],"product_tag":[],"class_list":{"0":"post-4731","1":"product","2":"type-product","3":"status-publish","4":"has-post-thumbnail","6":"product_cat-estaciones-meteorologicas-portatiles","8":"first","9":"instock","10":"taxable","11":"shipping-taxable","12":"product-type-simple"},"yoast_head":"<!-- This site is optimized with the Yoast SEO plugin v27.4 - https:\/\/yoast.com\/product\/yoast-seo-wordpress\/ -->\n<title>Estaci\u00f3n Meteorol\u00f3gica de Mano con GNSS | Darrera<\/title>\n<meta name=\"robots\" content=\"index, follow, max-snippet:-1, max-image-preview:large, max-video-preview:-1\" \/>\n<link rel=\"canonical\" href=\"https:\/\/www.darrera.com\/en\/producto\/hws1000-pro-handheld-weather-station-gnss\/\" \/>\n<meta property=\"og:locale\" content=\"es_ES\" \/>\n<meta property=\"og:type\" content=\"article\" \/>\n<meta property=\"og:title\" content=\"Estaci\u00f3n Meteorol\u00f3gica de Mano con GNSS | Darrera\" \/>\n<meta property=\"og:description\" content=\"Est\u00e1 dise\u00f1ada para profesionales que requieren medir las condiciones meteorol\u00f3gicas en campo con la m\u00e1xima precisi\u00f3n y fiabilidad. Cuenta con pantalla LCD a color de 2,6 pulgadas y memoria interna de gran capacidad. Se alimenta mediante una bater\u00eda recargable.\" \/>\n<meta property=\"og:url\" content=\"https:\/\/www.darrera.com\/en\/producto\/hws1000-pro-handheld-weather-station-gnss\/\" \/>\n<meta property=\"og:site_name\" content=\"Darrera\" \/>\n<meta property=\"article:publisher\" content=\"http:\/\/facebook.com\/darrerameteo\" \/>\n<meta property=\"article:modified_time\" content=\"2022-02-25T09:19:25+00:00\" \/>\n<meta property=\"og:image\" content=\"https:\/\/www.darrera.com\/wp-content\/uploads\/2021\/12\/hws1000-pro-estacion-meteorologica-mano-gnss.jpg\" \/>\n\t<meta property=\"og:image:width\" content=\"950\" \/>\n\t<meta property=\"og:image:height\" content=\"950\" \/>\n\t<meta property=\"og:image:type\" content=\"image\/jpeg\" \/>\n<meta name=\"twitter:card\" content=\"summary_large_image\" \/>\n<meta name=\"twitter:site\" content=\"@darrera_meteo\" \/>\n<meta name=\"twitter:label1\" content=\"Tiempo de lectura\" \/>\n\t<meta name=\"twitter:data1\" content=\"2 minutos\" \/>\n<script type=\"application\/ld+json\" class=\"yoast-schema-graph\">{\"@context\":\"https:\\\/\\\/schema.org\",\"@graph\":[{\"@type\":\"WebPage\",\"@id\":\"https:\\\/\\\/www.darrera.com\\\/en\\\/producto\\\/hws1000-pro-handheld-weather-station-gnss\\\/\",\"url\":\"https:\\\/\\\/www.darrera.com\\\/en\\\/producto\\\/hws1000-pro-handheld-weather-station-gnss\\\/\",\"name\":\"Estaci\u00f3n Meteorol\u00f3gica de Mano con GNSS | Darrera\",\"isPartOf\":{\"@id\":\"https:\\\/\\\/www.darrera.com\\\/es\\\/#website\"},\"primaryImageOfPage\":{\"@id\":\"https:\\\/\\\/www.darrera.com\\\/en\\\/producto\\\/hws1000-pro-handheld-weather-station-gnss\\\/#primaryimage\"},\"image\":{\"@id\":\"https:\\\/\\\/www.darrera.com\\\/en\\\/producto\\\/hws1000-pro-handheld-weather-station-gnss\\\/#primaryimage\"},\"thumbnailUrl\":\"https:\\\/\\\/www.darrera.com\\\/wp-content\\\/uploads\\\/2021\\\/12\\\/hws1000-pro-estacion-meteorologica-mano-gnss.jpg\",\"datePublished\":\"2021-12-31T16:12:21+00:00\",\"dateModified\":\"2022-02-25T09:19:25+00:00\",\"breadcrumb\":{\"@id\":\"https:\\\/\\\/www.darrera.com\\\/en\\\/producto\\\/hws1000-pro-handheld-weather-station-gnss\\\/#breadcrumb\"},\"inLanguage\":\"es\",\"potentialAction\":[{\"@type\":\"ReadAction\",\"target\":[\"https:\\\/\\\/www.darrera.com\\\/en\\\/producto\\\/hws1000-pro-handheld-weather-station-gnss\\\/\"]}]},{\"@type\":\"ImageObject\",\"inLanguage\":\"es\",\"@id\":\"https:\\\/\\\/www.darrera.com\\\/en\\\/producto\\\/hws1000-pro-handheld-weather-station-gnss\\\/#primaryimage\",\"url\":\"https:\\\/\\\/www.darrera.com\\\/wp-content\\\/uploads\\\/2021\\\/12\\\/hws1000-pro-estacion-meteorologica-mano-gnss.jpg\",\"contentUrl\":\"https:\\\/\\\/www.darrera.com\\\/wp-content\\\/uploads\\\/2021\\\/12\\\/hws1000-pro-estacion-meteorologica-mano-gnss.jpg\",\"width\":950,\"height\":950,\"caption\":\"HWS1000-PRO - Estaci\u00f3n Meteorol\u00f3gica de Mano con GNSS\"},{\"@type\":\"BreadcrumbList\",\"@id\":\"https:\\\/\\\/www.darrera.com\\\/en\\\/producto\\\/hws1000-pro-handheld-weather-station-gnss\\\/#breadcrumb\",\"itemListElement\":[{\"@type\":\"ListItem\",\"position\":1,\"name\":\"Home\",\"item\":\"https:\\\/\\\/www.darrera.com\\\/es\\\/\"},{\"@type\":\"ListItem\",\"position\":2,\"name\":\"Productos\",\"item\":\"https:\\\/\\\/www.darrera.com\\\/es\\\/productos\\\/\"},{\"@type\":\"ListItem\",\"position\":3,\"name\":\"Estaci\u00f3n Meteorol\u00f3gica de Mano con GNSS\"}]},{\"@type\":\"WebSite\",\"@id\":\"https:\\\/\\\/www.darrera.com\\\/es\\\/#website\",\"url\":\"https:\\\/\\\/www.darrera.com\\\/es\\\/\",\"name\":\"Darrera\",\"description\":\"Instrumentos, soluciones y servicios meteorol\u00f3gicos\",\"publisher\":{\"@id\":\"https:\\\/\\\/www.darrera.com\\\/es\\\/#organization\"},\"potentialAction\":[{\"@type\":\"SearchAction\",\"target\":{\"@type\":\"EntryPoint\",\"urlTemplate\":\"https:\\\/\\\/www.darrera.com\\\/es\\\/?s={search_term_string}\"},\"query-input\":{\"@type\":\"PropertyValueSpecification\",\"valueRequired\":true,\"valueName\":\"search_term_string\"}}],\"inLanguage\":\"es\"},{\"@type\":\"Organization\",\"@id\":\"https:\\\/\\\/www.darrera.com\\\/es\\\/#organization\",\"name\":\"Darrera\",\"url\":\"https:\\\/\\\/www.darrera.com\\\/es\\\/\",\"logo\":{\"@type\":\"ImageObject\",\"inLanguage\":\"es\",\"@id\":\"https:\\\/\\\/www.darrera.com\\\/es\\\/#\\\/schema\\\/logo\\\/image\\\/\",\"url\":\"https:\\\/\\\/www.darrera.com\\\/wp\\\/wp-content\\\/uploads\\\/logo-darrera.png\",\"contentUrl\":\"https:\\\/\\\/www.darrera.com\\\/wp\\\/wp-content\\\/uploads\\\/logo-darrera.png\",\"width\":500,\"height\":85,\"caption\":\"Darrera\"},\"image\":{\"@id\":\"https:\\\/\\\/www.darrera.com\\\/es\\\/#\\\/schema\\\/logo\\\/image\\\/\"},\"sameAs\":[\"http:\\\/\\\/facebook.com\\\/darrerameteo\",\"https:\\\/\\\/x.com\\\/darrera_meteo\",\"https:\\\/\\\/www.linkedin.com\\\/company\\\/darrera-s-a-\",\"http:\\\/\\\/youtube.com\\\/darreratv\"]}]}<\/script>\n<!-- \/ Yoast SEO plugin. -->","yoast_head_json":{"title":"Estaci\u00f3n Meteorol\u00f3gica de Mano con GNSS | Darrera","robots":{"index":"index","follow":"follow","max-snippet":"max-snippet:-1","max-image-preview":"max-image-preview:large","max-video-preview":"max-video-preview:-1"},"canonical":"https:\/\/www.darrera.com\/en\/producto\/hws1000-pro-handheld-weather-station-gnss\/","og_locale":"es_ES","og_type":"article","og_title":"Estaci\u00f3n Meteorol\u00f3gica de Mano con GNSS | Darrera","og_description":"Est\u00e1 dise\u00f1ada para profesionales que requieren medir las condiciones meteorol\u00f3gicas en campo con la m\u00e1xima precisi\u00f3n y fiabilidad. Cuenta con pantalla LCD a color de 2,6 pulgadas y memoria interna de gran capacidad. Se alimenta mediante una bater\u00eda recargable.","og_url":"https:\/\/www.darrera.com\/en\/producto\/hws1000-pro-handheld-weather-station-gnss\/","og_site_name":"Darrera","article_publisher":"http:\/\/facebook.com\/darrerameteo","article_modified_time":"2022-02-25T09:19:25+00:00","og_image":[{"width":950,"height":950,"url":"https:\/\/www.darrera.com\/wp-content\/uploads\/2021\/12\/hws1000-pro-estacion-meteorologica-mano-gnss.jpg","type":"image\/jpeg"}],"twitter_card":"summary_large_image","twitter_site":"@darrera_meteo","twitter_misc":{"Tiempo de lectura":"2 minutos"},"schema":{"@context":"https:\/\/schema.org","@graph":[{"@type":"WebPage","@id":"https:\/\/www.darrera.com\/en\/producto\/hws1000-pro-handheld-weather-station-gnss\/","url":"https:\/\/www.darrera.com\/en\/producto\/hws1000-pro-handheld-weather-station-gnss\/","name":"Estaci\u00f3n Meteorol\u00f3gica de Mano con GNSS | Darrera","isPartOf":{"@id":"https:\/\/www.darrera.com\/es\/#website"},"primaryImageOfPage":{"@id":"https:\/\/www.darrera.com\/en\/producto\/hws1000-pro-handheld-weather-station-gnss\/#primaryimage"},"image":{"@id":"https:\/\/www.darrera.com\/en\/producto\/hws1000-pro-handheld-weather-station-gnss\/#primaryimage"},"thumbnailUrl":"https:\/\/www.darrera.com\/wp-content\/uploads\/2021\/12\/hws1000-pro-estacion-meteorologica-mano-gnss.jpg","datePublished":"2021-12-31T16:12:21+00:00","dateModified":"2022-02-25T09:19:25+00:00","breadcrumb":{"@id":"https:\/\/www.darrera.com\/en\/producto\/hws1000-pro-handheld-weather-station-gnss\/#breadcrumb"},"inLanguage":"es","potentialAction":[{"@type":"ReadAction","target":["https:\/\/www.darrera.com\/en\/producto\/hws1000-pro-handheld-weather-station-gnss\/"]}]},{"@type":"ImageObject","inLanguage":"es","@id":"https:\/\/www.darrera.com\/en\/producto\/hws1000-pro-handheld-weather-station-gnss\/#primaryimage","url":"https:\/\/www.darrera.com\/wp-content\/uploads\/2021\/12\/hws1000-pro-estacion-meteorologica-mano-gnss.jpg","contentUrl":"https:\/\/www.darrera.com\/wp-content\/uploads\/2021\/12\/hws1000-pro-estacion-meteorologica-mano-gnss.jpg","width":950,"height":950,"caption":"HWS1000-PRO - Estaci\u00f3n Meteorol\u00f3gica de Mano con GNSS"},{"@type":"BreadcrumbList","@id":"https:\/\/www.darrera.com\/en\/producto\/hws1000-pro-handheld-weather-station-gnss\/#breadcrumb","itemListElement":[{"@type":"ListItem","position":1,"name":"Home","item":"https:\/\/www.darrera.com\/es\/"},{"@type":"ListItem","position":2,"name":"Productos","item":"https:\/\/www.darrera.com\/es\/productos\/"},{"@type":"ListItem","position":3,"name":"Estaci\u00f3n Meteorol\u00f3gica de Mano con GNSS"}]},{"@type":"WebSite","@id":"https:\/\/www.darrera.com\/es\/#website","url":"https:\/\/www.darrera.com\/es\/","name":"Darrera","description":"Instrumentos, soluciones y servicios meteorol\u00f3gicos","publisher":{"@id":"https:\/\/www.darrera.com\/es\/#organization"},"potentialAction":[{"@type":"SearchAction","target":{"@type":"EntryPoint","urlTemplate":"https:\/\/www.darrera.com\/es\/?s={search_term_string}"},"query-input":{"@type":"PropertyValueSpecification","valueRequired":true,"valueName":"search_term_string"}}],"inLanguage":"es"},{"@type":"Organization","@id":"https:\/\/www.darrera.com\/es\/#organization","name":"Darrera","url":"https:\/\/www.darrera.com\/es\/","logo":{"@type":"ImageObject","inLanguage":"es","@id":"https:\/\/www.darrera.com\/es\/#\/schema\/logo\/image\/","url":"https:\/\/www.darrera.com\/wp\/wp-content\/uploads\/logo-darrera.png","contentUrl":"https:\/\/www.darrera.com\/wp\/wp-content\/uploads\/logo-darrera.png","width":500,"height":85,"caption":"Darrera"},"image":{"@id":"https:\/\/www.darrera.com\/es\/#\/schema\/logo\/image\/"},"sameAs":["http:\/\/facebook.com\/darrerameteo","https:\/\/x.com\/darrera_meteo","https:\/\/www.linkedin.com\/company\/darrera-s-a-","http:\/\/youtube.com\/darreratv"]}]}},"_links":{"self":[{"href":"https:\/\/www.darrera.com\/es\/wp-json\/wp\/v2\/product\/4731","targetHints":{"allow":["GET"]}}],"collection":[{"href":"https:\/\/www.darrera.com\/es\/wp-json\/wp\/v2\/product"}],"about":[{"href":"https:\/\/www.darrera.com\/es\/wp-json\/wp\/v2\/types\/product"}],"wp:featuredmedia":[{"embeddable":true,"href":"https:\/\/www.darrera.com\/es\/wp-json\/wp\/v2\/media\/4778"}],"wp:attachment":[{"href":"https:\/\/www.darrera.com\/es\/wp-json\/wp\/v2\/media?parent=4731"}],"wp:term":[{"taxonomy":"product_brand","embeddable":true,"href":"https:\/\/www.darrera.com\/es\/wp-json\/wp\/v2\/product_brand?post=4731"},{"taxonomy":"product_cat","embeddable":true,"href":"https:\/\/www.darrera.com\/es\/wp-json\/wp\/v2\/product_cat?post=4731"},{"taxonomy":"product_tag","embeddable":true,"href":"https:\/\/www.darrera.com\/es\/wp-json\/wp\/v2\/product_tag?post=4731"}],"curies":[{"name":"wp","href":"https:\/\/api.w.org\/{rel}","templated":true}]}}