{"id":4833,"date":"2022-02-09T16:31:10","date_gmt":"2022-02-09T15:31:10","guid":{"rendered":"https:\/\/www.darrera.com\/wp\/?post_type=product&#038;p=4833"},"modified":"2022-02-10T09:19:36","modified_gmt":"2022-02-10T08:19:36","slug":"6803-gateway-4g-enviromonitor","status":"publish","type":"product","link":"https:\/\/www.darrera.com\/es\/producto\/6803-gateway-4g-enviromonitor\/","title":{"rendered":"Gateway 4G para EnviroMonitor\u00ae"},"content":{"rendered":"<h3>La soluci\u00f3n definitiva para la monitorizaci\u00f3n remota de cultivos<\/h3>\n<p>EnviroMonitor\u00ae es la soluci\u00f3n definitiva para la monitorizaci\u00f3n remota de cultivos, independientemente de su extensi\u00f3n.<\/p>\n<p>El gateway se compone de un datalogger y un m\u00f3dem 4G protegidos por un caj\u00f3n estanco resistente a la intemperie, y se alimenta mediante un panel solar y una bater\u00eda de respaldo para una total autonom\u00eda. Incluye, adem\u00e1s, un sensor interno de presi\u00f3n atmosf\u00e9rica.<\/p>\n<p>EnviroMonitor\u00ae puede recibir los datos de una red de nodos inal\u00e1mbricos, cada uno de los cuales permite la conexi\u00f3n de hasta 4 sensores de agricultura para medir la temperatura, humedad y salinidad del suelo, humectaci\u00f3n de hoja, nivel de agua, etc. Es posible integrar hasta 32 nodos que se comunican entre s\u00ed v\u00eda Bluetooth\u00ae para cubrir grandes extensiones de cultivo. Adicionalmente, EnviroMonitor\u00ae tambi\u00e9n puede recibir datos de un ISS de Vantage Pro2&#x2122; cableada o inal\u00e1mbrica.<\/p>\n<h3>Acceso desde un ordenador, tablet o smartphone<\/h3>\n<p>El m\u00f3dem 4G integrado en el gateway para EnviroMonitor\u00ae env\u00eda los datos meteorol\u00f3gicos autom\u00e1ticamente al servidor <a title=\"WeatherLink.com\" href=\"http:\/\/www.weatherlink.com\" target=\"_blank\" rel=\"noopener noreferrer\">WeatherLink.com<\/a>, desde donde pueden ser monitorizados de forma inmediata a trav\u00e9s de un ordenador, tablet o smartphone. Tambi\u00e9n es posible configurar el env\u00edo de alertas por email en tiempo real para determinadas condiciones meteorol\u00f3gicas, como vientos fuertes, temperaturas de congelaci\u00f3n, lluvias intensas con posibilidad de inundaciones, etc.<\/p>\n<h3>Planes de datos<\/h3>\n<p>EnviroMonitor\u00ae requiere la suscripci\u00f3n a uno de los planes de datos anuales disponibles, a escoger seg\u00fan el intervalo de env\u00edo de datos deseado: cada 5, 15 o 60 minutos.<\/p>\n<p>El paquete incluye un gateway para EnviroMonitor\u00ae, una cuenta de usuario en la red WeatherLink Network y la torniller\u00eda de montaje para la fijaci\u00f3n del equipo.<\/p>\n<h3>Especificaciones t\u00e9cnicas<\/h3>\n<h4>Especificaciones mec\u00e1nicas<\/h4>\n<ul>\n<li>Temperatura de funcionamiento: -40\u00baC a 60\u00baC<\/li>\n<li>Material: pl\u00e1stico de alta resistencia<\/li>\n<li>Dimensiones: 349 x 254 x 105 mm<\/li>\n<li>Peso: 3,9 Kg<\/li>\n<\/ul>\n","protected":false},"excerpt":{"rendered":"<p>Env\u00eda los datos de una red de nodos inal\u00e1mbricos a Internet v\u00eda 4G. Se alimenta mediante un panel solar y una bater\u00eda de respaldo para una total autonom\u00eda. Incluye un sensor interno de presi\u00f3n atmosf\u00e9rica.<\/p>\n","protected":false},"featured_media":4835,"template":"","meta":[],"product_brand":[],"product_cat":[172],"product_tag":[],"class_list":{"0":"post-4833","1":"product","2":"type-product","3":"status-publish","4":"has-post-thumbnail","6":"product_cat-sistemas-comunicacion-davis-instruments","8":"first","9":"instock","10":"taxable","11":"shipping-taxable","12":"purchasable","13":"product-type-simple"},"yoast_head":"<!-- This site is optimized with the Yoast SEO plugin v27.5 - https:\/\/yoast.com\/product\/yoast-seo-wordpress\/ -->\n<title>Gateway 4G para EnviroMonitor\u00ae | Darrera<\/title>\n<meta name=\"robots\" content=\"index, follow, max-snippet:-1, max-image-preview:large, max-video-preview:-1\" \/>\n<link rel=\"canonical\" href=\"https:\/\/www.darrera.com\/es\/producto\/6803-gateway-4g-enviromonitor\/\" \/>\n<meta property=\"og:locale\" content=\"es_ES\" \/>\n<meta property=\"og:type\" content=\"article\" \/>\n<meta property=\"og:title\" content=\"Gateway 4G para EnviroMonitor\u00ae | Darrera\" \/>\n<meta property=\"og:description\" content=\"Env\u00eda los datos de una red de nodos inal\u00e1mbricos a Internet v\u00eda 4G. Se alimenta mediante un panel solar y una bater\u00eda de respaldo para una total autonom\u00eda. Incluye un sensor interno de presi\u00f3n atmosf\u00e9rica.\" \/>\n<meta property=\"og:url\" content=\"https:\/\/www.darrera.com\/es\/producto\/6803-gateway-4g-enviromonitor\/\" \/>\n<meta property=\"og:site_name\" content=\"Darrera\" \/>\n<meta property=\"article:publisher\" content=\"http:\/\/facebook.com\/darrerameteo\" \/>\n<meta property=\"article:modified_time\" content=\"2022-02-10T08:19:36+00:00\" \/>\n<meta property=\"og:image\" content=\"https:\/\/www.darrera.com\/wp-content\/uploads\/2022\/02\/6803-gateway-4g-enviromonitor.jpg\" \/>\n\t<meta property=\"og:image:width\" content=\"950\" \/>\n\t<meta property=\"og:image:height\" content=\"950\" \/>\n\t<meta property=\"og:image:type\" content=\"image\/jpeg\" \/>\n<meta name=\"twitter:card\" content=\"summary_large_image\" \/>\n<meta name=\"twitter:site\" content=\"@darrera_meteo\" \/>\n<meta name=\"twitter:label1\" content=\"Tiempo de lectura\" \/>\n\t<meta name=\"twitter:data1\" content=\"2 minutos\" \/>\n<script type=\"application\/ld+json\" class=\"yoast-schema-graph\">{\"@context\":\"https:\\\/\\\/schema.org\",\"@graph\":[{\"@type\":\"WebPage\",\"@id\":\"https:\\\/\\\/www.darrera.com\\\/es\\\/producto\\\/6803-gateway-4g-enviromonitor\\\/\",\"url\":\"https:\\\/\\\/www.darrera.com\\\/es\\\/producto\\\/6803-gateway-4g-enviromonitor\\\/\",\"name\":\"Gateway 4G para EnviroMonitor\u00ae | Darrera\",\"isPartOf\":{\"@id\":\"https:\\\/\\\/www.darrera.com\\\/es\\\/#website\"},\"primaryImageOfPage\":{\"@id\":\"https:\\\/\\\/www.darrera.com\\\/es\\\/producto\\\/6803-gateway-4g-enviromonitor\\\/#primaryimage\"},\"image\":{\"@id\":\"https:\\\/\\\/www.darrera.com\\\/es\\\/producto\\\/6803-gateway-4g-enviromonitor\\\/#primaryimage\"},\"thumbnailUrl\":\"https:\\\/\\\/www.darrera.com\\\/wp-content\\\/uploads\\\/2022\\\/02\\\/6803-gateway-4g-enviromonitor.jpg\",\"datePublished\":\"2022-02-09T15:31:10+00:00\",\"dateModified\":\"2022-02-10T08:19:36+00:00\",\"breadcrumb\":{\"@id\":\"https:\\\/\\\/www.darrera.com\\\/es\\\/producto\\\/6803-gateway-4g-enviromonitor\\\/#breadcrumb\"},\"inLanguage\":\"es\",\"potentialAction\":[{\"@type\":\"ReadAction\",\"target\":[\"https:\\\/\\\/www.darrera.com\\\/es\\\/producto\\\/6803-gateway-4g-enviromonitor\\\/\"]}]},{\"@type\":\"ImageObject\",\"inLanguage\":\"es\",\"@id\":\"https:\\\/\\\/www.darrera.com\\\/es\\\/producto\\\/6803-gateway-4g-enviromonitor\\\/#primaryimage\",\"url\":\"https:\\\/\\\/www.darrera.com\\\/wp-content\\\/uploads\\\/2022\\\/02\\\/6803-gateway-4g-enviromonitor.jpg\",\"contentUrl\":\"https:\\\/\\\/www.darrera.com\\\/wp-content\\\/uploads\\\/2022\\\/02\\\/6803-gateway-4g-enviromonitor.jpg\",\"width\":950,\"height\":950,\"caption\":\"6803 - Gateway 4G para EnviroMonitor\u00ae\"},{\"@type\":\"BreadcrumbList\",\"@id\":\"https:\\\/\\\/www.darrera.com\\\/es\\\/producto\\\/6803-gateway-4g-enviromonitor\\\/#breadcrumb\",\"itemListElement\":[{\"@type\":\"ListItem\",\"position\":1,\"name\":\"Home\",\"item\":\"https:\\\/\\\/www.darrera.com\\\/es\\\/\"},{\"@type\":\"ListItem\",\"position\":2,\"name\":\"Productos\",\"item\":\"https:\\\/\\\/www.darrera.com\\\/es\\\/productos\\\/\"},{\"@type\":\"ListItem\",\"position\":3,\"name\":\"Gateway 4G para EnviroMonitor\u00ae\"}]},{\"@type\":\"WebSite\",\"@id\":\"https:\\\/\\\/www.darrera.com\\\/es\\\/#website\",\"url\":\"https:\\\/\\\/www.darrera.com\\\/es\\\/\",\"name\":\"Darrera\",\"description\":\"Instrumentos, soluciones y servicios meteorol\u00f3gicos\",\"publisher\":{\"@id\":\"https:\\\/\\\/www.darrera.com\\\/es\\\/#organization\"},\"potentialAction\":[{\"@type\":\"SearchAction\",\"target\":{\"@type\":\"EntryPoint\",\"urlTemplate\":\"https:\\\/\\\/www.darrera.com\\\/es\\\/?s={search_term_string}\"},\"query-input\":{\"@type\":\"PropertyValueSpecification\",\"valueRequired\":true,\"valueName\":\"search_term_string\"}}],\"inLanguage\":\"es\"},{\"@type\":\"Organization\",\"@id\":\"https:\\\/\\\/www.darrera.com\\\/es\\\/#organization\",\"name\":\"Darrera\",\"url\":\"https:\\\/\\\/www.darrera.com\\\/es\\\/\",\"logo\":{\"@type\":\"ImageObject\",\"inLanguage\":\"es\",\"@id\":\"https:\\\/\\\/www.darrera.com\\\/es\\\/#\\\/schema\\\/logo\\\/image\\\/\",\"url\":\"https:\\\/\\\/www.darrera.com\\\/wp\\\/wp-content\\\/uploads\\\/logo-darrera.png\",\"contentUrl\":\"https:\\\/\\\/www.darrera.com\\\/wp\\\/wp-content\\\/uploads\\\/logo-darrera.png\",\"width\":500,\"height\":85,\"caption\":\"Darrera\"},\"image\":{\"@id\":\"https:\\\/\\\/www.darrera.com\\\/es\\\/#\\\/schema\\\/logo\\\/image\\\/\"},\"sameAs\":[\"http:\\\/\\\/facebook.com\\\/darrerameteo\",\"https:\\\/\\\/x.com\\\/darrera_meteo\",\"https:\\\/\\\/www.linkedin.com\\\/company\\\/darrera-s-a-\",\"http:\\\/\\\/youtube.com\\\/darreratv\"]}]}<\/script>\n<!-- \/ Yoast SEO plugin. -->","yoast_head_json":{"title":"Gateway 4G para EnviroMonitor\u00ae | Darrera","robots":{"index":"index","follow":"follow","max-snippet":"max-snippet:-1","max-image-preview":"max-image-preview:large","max-video-preview":"max-video-preview:-1"},"canonical":"https:\/\/www.darrera.com\/es\/producto\/6803-gateway-4g-enviromonitor\/","og_locale":"es_ES","og_type":"article","og_title":"Gateway 4G para EnviroMonitor\u00ae | Darrera","og_description":"Env\u00eda los datos de una red de nodos inal\u00e1mbricos a Internet v\u00eda 4G. Se alimenta mediante un panel solar y una bater\u00eda de respaldo para una total autonom\u00eda. Incluye un sensor interno de presi\u00f3n atmosf\u00e9rica.","og_url":"https:\/\/www.darrera.com\/es\/producto\/6803-gateway-4g-enviromonitor\/","og_site_name":"Darrera","article_publisher":"http:\/\/facebook.com\/darrerameteo","article_modified_time":"2022-02-10T08:19:36+00:00","og_image":[{"width":950,"height":950,"url":"https:\/\/www.darrera.com\/wp-content\/uploads\/2022\/02\/6803-gateway-4g-enviromonitor.jpg","type":"image\/jpeg"}],"twitter_card":"summary_large_image","twitter_site":"@darrera_meteo","twitter_misc":{"Tiempo de lectura":"2 minutos"},"schema":{"@context":"https:\/\/schema.org","@graph":[{"@type":"WebPage","@id":"https:\/\/www.darrera.com\/es\/producto\/6803-gateway-4g-enviromonitor\/","url":"https:\/\/www.darrera.com\/es\/producto\/6803-gateway-4g-enviromonitor\/","name":"Gateway 4G para EnviroMonitor\u00ae | Darrera","isPartOf":{"@id":"https:\/\/www.darrera.com\/es\/#website"},"primaryImageOfPage":{"@id":"https:\/\/www.darrera.com\/es\/producto\/6803-gateway-4g-enviromonitor\/#primaryimage"},"image":{"@id":"https:\/\/www.darrera.com\/es\/producto\/6803-gateway-4g-enviromonitor\/#primaryimage"},"thumbnailUrl":"https:\/\/www.darrera.com\/wp-content\/uploads\/2022\/02\/6803-gateway-4g-enviromonitor.jpg","datePublished":"2022-02-09T15:31:10+00:00","dateModified":"2022-02-10T08:19:36+00:00","breadcrumb":{"@id":"https:\/\/www.darrera.com\/es\/producto\/6803-gateway-4g-enviromonitor\/#breadcrumb"},"inLanguage":"es","potentialAction":[{"@type":"ReadAction","target":["https:\/\/www.darrera.com\/es\/producto\/6803-gateway-4g-enviromonitor\/"]}]},{"@type":"ImageObject","inLanguage":"es","@id":"https:\/\/www.darrera.com\/es\/producto\/6803-gateway-4g-enviromonitor\/#primaryimage","url":"https:\/\/www.darrera.com\/wp-content\/uploads\/2022\/02\/6803-gateway-4g-enviromonitor.jpg","contentUrl":"https:\/\/www.darrera.com\/wp-content\/uploads\/2022\/02\/6803-gateway-4g-enviromonitor.jpg","width":950,"height":950,"caption":"6803 - Gateway 4G para EnviroMonitor\u00ae"},{"@type":"BreadcrumbList","@id":"https:\/\/www.darrera.com\/es\/producto\/6803-gateway-4g-enviromonitor\/#breadcrumb","itemListElement":[{"@type":"ListItem","position":1,"name":"Home","item":"https:\/\/www.darrera.com\/es\/"},{"@type":"ListItem","position":2,"name":"Productos","item":"https:\/\/www.darrera.com\/es\/productos\/"},{"@type":"ListItem","position":3,"name":"Gateway 4G para EnviroMonitor\u00ae"}]},{"@type":"WebSite","@id":"https:\/\/www.darrera.com\/es\/#website","url":"https:\/\/www.darrera.com\/es\/","name":"Darrera","description":"Instrumentos, soluciones y servicios meteorol\u00f3gicos","publisher":{"@id":"https:\/\/www.darrera.com\/es\/#organization"},"potentialAction":[{"@type":"SearchAction","target":{"@type":"EntryPoint","urlTemplate":"https:\/\/www.darrera.com\/es\/?s={search_term_string}"},"query-input":{"@type":"PropertyValueSpecification","valueRequired":true,"valueName":"search_term_string"}}],"inLanguage":"es"},{"@type":"Organization","@id":"https:\/\/www.darrera.com\/es\/#organization","name":"Darrera","url":"https:\/\/www.darrera.com\/es\/","logo":{"@type":"ImageObject","inLanguage":"es","@id":"https:\/\/www.darrera.com\/es\/#\/schema\/logo\/image\/","url":"https:\/\/www.darrera.com\/wp\/wp-content\/uploads\/logo-darrera.png","contentUrl":"https:\/\/www.darrera.com\/wp\/wp-content\/uploads\/logo-darrera.png","width":500,"height":85,"caption":"Darrera"},"image":{"@id":"https:\/\/www.darrera.com\/es\/#\/schema\/logo\/image\/"},"sameAs":["http:\/\/facebook.com\/darrerameteo","https:\/\/x.com\/darrera_meteo","https:\/\/www.linkedin.com\/company\/darrera-s-a-","http:\/\/youtube.com\/darreratv"]}]}},"_links":{"self":[{"href":"https:\/\/www.darrera.com\/es\/wp-json\/wp\/v2\/product\/4833","targetHints":{"allow":["GET"]}}],"collection":[{"href":"https:\/\/www.darrera.com\/es\/wp-json\/wp\/v2\/product"}],"about":[{"href":"https:\/\/www.darrera.com\/es\/wp-json\/wp\/v2\/types\/product"}],"wp:featuredmedia":[{"embeddable":true,"href":"https:\/\/www.darrera.com\/es\/wp-json\/wp\/v2\/media\/4835"}],"wp:attachment":[{"href":"https:\/\/www.darrera.com\/es\/wp-json\/wp\/v2\/media?parent=4833"}],"wp:term":[{"taxonomy":"product_brand","embeddable":true,"href":"https:\/\/www.darrera.com\/es\/wp-json\/wp\/v2\/product_brand?post=4833"},{"taxonomy":"product_cat","embeddable":true,"href":"https:\/\/www.darrera.com\/es\/wp-json\/wp\/v2\/product_cat?post=4833"},{"taxonomy":"product_tag","embeddable":true,"href":"https:\/\/www.darrera.com\/es\/wp-json\/wp\/v2\/product_tag?post=4833"}],"curies":[{"name":"wp","href":"https:\/\/api.w.org\/{rel}","templated":true}]}}