{"id":5356,"date":"2023-03-01T13:52:34","date_gmt":"2023-03-01T12:52:34","guid":{"rendered":"https:\/\/www.darrera.com\/wp\/?post_type=product&#038;p=5356"},"modified":"2023-12-12T18:38:20","modified_gmt":"2023-12-12T17:38:20","slug":"3r-wtk01-torre-meteorologica","status":"publish","type":"product","link":"https:\/\/www.darrera.com\/es\/producto\/3r-wtk01-torre-meteorologica\/","title":{"rendered":"Torre Meteorol\u00f3gica"},"content":{"rendered":"<h3>Robusta y altamente vers\u00e1til<\/h3>\n<p>La torre meteorol\u00f3gica presenta un dise\u00f1o robusto y est\u00e1 fabricada \u00edntegramente en acero galvanizado para garantizar una alta resistencia a la intemperie. Puede suministrarse pintada lisa o a franjas, en color blanco, rojo aeron\u00e1utico, verde militar, etc. La torre est\u00e1 disponible con una altura total desde 2,5 a 10 metros y puede ser equipada con una amplia variedad de accesorios de montaje para la instalaci\u00f3n de la mayor\u00eda de sensores meteorol\u00f3gicos. Incluye una base de montaje basculante y 3 tornillos de anclaje.<\/p>\n","protected":false},"excerpt":{"rendered":"<p>Presenta un dise\u00f1o robusto y est\u00e1 fabricada \u00edntegramente en acero galvanizado para garantizar una alta resistencia a la intemperie. Est\u00e1 disponible con una altura total desde 2,5 a 10 metros.<\/p>\n","protected":false},"featured_media":5358,"template":"","meta":[],"product_brand":[],"product_cat":[224],"product_tag":[],"class_list":{"0":"post-5356","1":"product","2":"type-product","3":"status-publish","4":"has-post-thumbnail","6":"product_cat-torres-meteorologicas","8":"first","9":"instock","10":"taxable","11":"shipping-taxable","12":"product-type-simple"},"yoast_head":"<!-- This site is optimized with the Yoast SEO plugin v26.9 - https:\/\/yoast.com\/product\/yoast-seo-wordpress\/ -->\n<title>Torre Meteorol\u00f3gica | Darrera<\/title>\n<meta name=\"robots\" content=\"index, follow, max-snippet:-1, max-image-preview:large, max-video-preview:-1\" \/>\n<link rel=\"canonical\" href=\"https:\/\/www.darrera.com\/es\/producto\/3r-wtk01-torre-meteorologica\/\" \/>\n<meta property=\"og:locale\" content=\"es_ES\" \/>\n<meta property=\"og:type\" content=\"article\" \/>\n<meta property=\"og:title\" content=\"Torre Meteorol\u00f3gica | Darrera\" \/>\n<meta property=\"og:description\" content=\"Presenta un dise\u00f1o robusto y est\u00e1 fabricada \u00edntegramente en acero galvanizado para garantizar una alta resistencia a la intemperie. Est\u00e1 disponible con una altura total desde 2,5 a 10 metros.\" \/>\n<meta property=\"og:url\" content=\"https:\/\/www.darrera.com\/es\/producto\/3r-wtk01-torre-meteorologica\/\" \/>\n<meta property=\"og:site_name\" content=\"Darrera\" \/>\n<meta property=\"article:publisher\" content=\"http:\/\/facebook.com\/darrerameteo\" \/>\n<meta property=\"article:modified_time\" content=\"2023-12-12T17:38:20+00:00\" \/>\n<meta property=\"og:image\" content=\"https:\/\/www.darrera.com\/wp-content\/uploads\/2023\/03\/3r-wtk01-torre-meteorologica.jpg\" \/>\n\t<meta property=\"og:image:width\" content=\"950\" \/>\n\t<meta property=\"og:image:height\" content=\"950\" \/>\n\t<meta property=\"og:image:type\" content=\"image\/jpeg\" \/>\n<meta name=\"twitter:card\" content=\"summary_large_image\" \/>\n<meta name=\"twitter:site\" content=\"@darrera_meteo\" \/>\n<meta name=\"twitter:label1\" content=\"Tiempo de lectura\" \/>\n\t<meta name=\"twitter:data1\" content=\"1 minuto\" \/>\n<script type=\"application\/ld+json\" class=\"yoast-schema-graph\">{\"@context\":\"https:\/\/schema.org\",\"@graph\":[{\"@type\":\"WebPage\",\"@id\":\"https:\/\/www.darrera.com\/es\/producto\/3r-wtk01-torre-meteorologica\/\",\"url\":\"https:\/\/www.darrera.com\/es\/producto\/3r-wtk01-torre-meteorologica\/\",\"name\":\"Torre Meteorol\u00f3gica | Darrera\",\"isPartOf\":{\"@id\":\"https:\/\/www.darrera.com\/es\/#website\"},\"primaryImageOfPage\":{\"@id\":\"https:\/\/www.darrera.com\/es\/producto\/3r-wtk01-torre-meteorologica\/#primaryimage\"},\"image\":{\"@id\":\"https:\/\/www.darrera.com\/es\/producto\/3r-wtk01-torre-meteorologica\/#primaryimage\"},\"thumbnailUrl\":\"https:\/\/www.darrera.com\/wp-content\/uploads\/2023\/03\/3r-wtk01-torre-meteorologica.jpg\",\"datePublished\":\"2023-03-01T12:52:34+00:00\",\"dateModified\":\"2023-12-12T17:38:20+00:00\",\"breadcrumb\":{\"@id\":\"https:\/\/www.darrera.com\/es\/producto\/3r-wtk01-torre-meteorologica\/#breadcrumb\"},\"inLanguage\":\"es\",\"potentialAction\":[{\"@type\":\"ReadAction\",\"target\":[\"https:\/\/www.darrera.com\/es\/producto\/3r-wtk01-torre-meteorologica\/\"]}]},{\"@type\":\"ImageObject\",\"inLanguage\":\"es\",\"@id\":\"https:\/\/www.darrera.com\/es\/producto\/3r-wtk01-torre-meteorologica\/#primaryimage\",\"url\":\"https:\/\/www.darrera.com\/wp-content\/uploads\/2023\/03\/3r-wtk01-torre-meteorologica.jpg\",\"contentUrl\":\"https:\/\/www.darrera.com\/wp-content\/uploads\/2023\/03\/3r-wtk01-torre-meteorologica.jpg\",\"width\":950,\"height\":950,\"caption\":\"3R WTK01 - Torre Meteorol\u00f3gica\"},{\"@type\":\"BreadcrumbList\",\"@id\":\"https:\/\/www.darrera.com\/es\/producto\/3r-wtk01-torre-meteorologica\/#breadcrumb\",\"itemListElement\":[{\"@type\":\"ListItem\",\"position\":1,\"name\":\"Home\",\"item\":\"https:\/\/www.darrera.com\/es\/\"},{\"@type\":\"ListItem\",\"position\":2,\"name\":\"Productos\",\"item\":\"https:\/\/www.darrera.com\/es\/productos\/\"},{\"@type\":\"ListItem\",\"position\":3,\"name\":\"Torre Meteorol\u00f3gica\"}]},{\"@type\":\"WebSite\",\"@id\":\"https:\/\/www.darrera.com\/es\/#website\",\"url\":\"https:\/\/www.darrera.com\/es\/\",\"name\":\"Darrera\",\"description\":\"Instrumentos, soluciones y servicios meteorol\u00f3gicos\",\"publisher\":{\"@id\":\"https:\/\/www.darrera.com\/es\/#organization\"},\"potentialAction\":[{\"@type\":\"SearchAction\",\"target\":{\"@type\":\"EntryPoint\",\"urlTemplate\":\"https:\/\/www.darrera.com\/es\/?s={search_term_string}\"},\"query-input\":{\"@type\":\"PropertyValueSpecification\",\"valueRequired\":true,\"valueName\":\"search_term_string\"}}],\"inLanguage\":\"es\"},{\"@type\":\"Organization\",\"@id\":\"https:\/\/www.darrera.com\/es\/#organization\",\"name\":\"Darrera\",\"url\":\"https:\/\/www.darrera.com\/es\/\",\"logo\":{\"@type\":\"ImageObject\",\"inLanguage\":\"es\",\"@id\":\"https:\/\/www.darrera.com\/es\/#\/schema\/logo\/image\/\",\"url\":\"https:\/\/www.darrera.com\/wp\/wp-content\/uploads\/logo-darrera.png\",\"contentUrl\":\"https:\/\/www.darrera.com\/wp\/wp-content\/uploads\/logo-darrera.png\",\"width\":500,\"height\":85,\"caption\":\"Darrera\"},\"image\":{\"@id\":\"https:\/\/www.darrera.com\/es\/#\/schema\/logo\/image\/\"},\"sameAs\":[\"http:\/\/facebook.com\/darrerameteo\",\"https:\/\/x.com\/darrera_meteo\",\"https:\/\/www.linkedin.com\/company\/darrera-s-a-\",\"http:\/\/youtube.com\/darreratv\"]}]}<\/script>\n<!-- \/ Yoast SEO plugin. -->","yoast_head_json":{"title":"Torre Meteorol\u00f3gica | Darrera","robots":{"index":"index","follow":"follow","max-snippet":"max-snippet:-1","max-image-preview":"max-image-preview:large","max-video-preview":"max-video-preview:-1"},"canonical":"https:\/\/www.darrera.com\/es\/producto\/3r-wtk01-torre-meteorologica\/","og_locale":"es_ES","og_type":"article","og_title":"Torre Meteorol\u00f3gica | Darrera","og_description":"Presenta un dise\u00f1o robusto y est\u00e1 fabricada \u00edntegramente en acero galvanizado para garantizar una alta resistencia a la intemperie. Est\u00e1 disponible con una altura total desde 2,5 a 10 metros.","og_url":"https:\/\/www.darrera.com\/es\/producto\/3r-wtk01-torre-meteorologica\/","og_site_name":"Darrera","article_publisher":"http:\/\/facebook.com\/darrerameteo","article_modified_time":"2023-12-12T17:38:20+00:00","og_image":[{"width":950,"height":950,"url":"https:\/\/www.darrera.com\/wp-content\/uploads\/2023\/03\/3r-wtk01-torre-meteorologica.jpg","type":"image\/jpeg"}],"twitter_card":"summary_large_image","twitter_site":"@darrera_meteo","twitter_misc":{"Tiempo de lectura":"1 minuto"},"schema":{"@context":"https:\/\/schema.org","@graph":[{"@type":"WebPage","@id":"https:\/\/www.darrera.com\/es\/producto\/3r-wtk01-torre-meteorologica\/","url":"https:\/\/www.darrera.com\/es\/producto\/3r-wtk01-torre-meteorologica\/","name":"Torre Meteorol\u00f3gica | Darrera","isPartOf":{"@id":"https:\/\/www.darrera.com\/es\/#website"},"primaryImageOfPage":{"@id":"https:\/\/www.darrera.com\/es\/producto\/3r-wtk01-torre-meteorologica\/#primaryimage"},"image":{"@id":"https:\/\/www.darrera.com\/es\/producto\/3r-wtk01-torre-meteorologica\/#primaryimage"},"thumbnailUrl":"https:\/\/www.darrera.com\/wp-content\/uploads\/2023\/03\/3r-wtk01-torre-meteorologica.jpg","datePublished":"2023-03-01T12:52:34+00:00","dateModified":"2023-12-12T17:38:20+00:00","breadcrumb":{"@id":"https:\/\/www.darrera.com\/es\/producto\/3r-wtk01-torre-meteorologica\/#breadcrumb"},"inLanguage":"es","potentialAction":[{"@type":"ReadAction","target":["https:\/\/www.darrera.com\/es\/producto\/3r-wtk01-torre-meteorologica\/"]}]},{"@type":"ImageObject","inLanguage":"es","@id":"https:\/\/www.darrera.com\/es\/producto\/3r-wtk01-torre-meteorologica\/#primaryimage","url":"https:\/\/www.darrera.com\/wp-content\/uploads\/2023\/03\/3r-wtk01-torre-meteorologica.jpg","contentUrl":"https:\/\/www.darrera.com\/wp-content\/uploads\/2023\/03\/3r-wtk01-torre-meteorologica.jpg","width":950,"height":950,"caption":"3R WTK01 - Torre Meteorol\u00f3gica"},{"@type":"BreadcrumbList","@id":"https:\/\/www.darrera.com\/es\/producto\/3r-wtk01-torre-meteorologica\/#breadcrumb","itemListElement":[{"@type":"ListItem","position":1,"name":"Home","item":"https:\/\/www.darrera.com\/es\/"},{"@type":"ListItem","position":2,"name":"Productos","item":"https:\/\/www.darrera.com\/es\/productos\/"},{"@type":"ListItem","position":3,"name":"Torre Meteorol\u00f3gica"}]},{"@type":"WebSite","@id":"https:\/\/www.darrera.com\/es\/#website","url":"https:\/\/www.darrera.com\/es\/","name":"Darrera","description":"Instrumentos, soluciones y servicios meteorol\u00f3gicos","publisher":{"@id":"https:\/\/www.darrera.com\/es\/#organization"},"potentialAction":[{"@type":"SearchAction","target":{"@type":"EntryPoint","urlTemplate":"https:\/\/www.darrera.com\/es\/?s={search_term_string}"},"query-input":{"@type":"PropertyValueSpecification","valueRequired":true,"valueName":"search_term_string"}}],"inLanguage":"es"},{"@type":"Organization","@id":"https:\/\/www.darrera.com\/es\/#organization","name":"Darrera","url":"https:\/\/www.darrera.com\/es\/","logo":{"@type":"ImageObject","inLanguage":"es","@id":"https:\/\/www.darrera.com\/es\/#\/schema\/logo\/image\/","url":"https:\/\/www.darrera.com\/wp\/wp-content\/uploads\/logo-darrera.png","contentUrl":"https:\/\/www.darrera.com\/wp\/wp-content\/uploads\/logo-darrera.png","width":500,"height":85,"caption":"Darrera"},"image":{"@id":"https:\/\/www.darrera.com\/es\/#\/schema\/logo\/image\/"},"sameAs":["http:\/\/facebook.com\/darrerameteo","https:\/\/x.com\/darrera_meteo","https:\/\/www.linkedin.com\/company\/darrera-s-a-","http:\/\/youtube.com\/darreratv"]}]}},"_links":{"self":[{"href":"https:\/\/www.darrera.com\/es\/wp-json\/wp\/v2\/product\/5356","targetHints":{"allow":["GET"]}}],"collection":[{"href":"https:\/\/www.darrera.com\/es\/wp-json\/wp\/v2\/product"}],"about":[{"href":"https:\/\/www.darrera.com\/es\/wp-json\/wp\/v2\/types\/product"}],"wp:featuredmedia":[{"embeddable":true,"href":"https:\/\/www.darrera.com\/es\/wp-json\/wp\/v2\/media\/5358"}],"wp:attachment":[{"href":"https:\/\/www.darrera.com\/es\/wp-json\/wp\/v2\/media?parent=5356"}],"wp:term":[{"taxonomy":"product_brand","embeddable":true,"href":"https:\/\/www.darrera.com\/es\/wp-json\/wp\/v2\/product_brand?post=5356"},{"taxonomy":"product_cat","embeddable":true,"href":"https:\/\/www.darrera.com\/es\/wp-json\/wp\/v2\/product_cat?post=5356"},{"taxonomy":"product_tag","embeddable":true,"href":"https:\/\/www.darrera.com\/es\/wp-json\/wp\/v2\/product_tag?post=5356"}],"curies":[{"name":"wp","href":"https:\/\/api.w.org\/{rel}","templated":true}]}}