{"id":5569,"date":"2023-06-12T12:47:57","date_gmt":"2023-06-12T10:47:57","guid":{"rendered":"https:\/\/www.darrera.com\/wp\/?post_type=product&#038;p=5569"},"modified":"2023-12-12T18:38:13","modified_gmt":"2023-12-12T17:38:13","slug":"3r-wscka05-mastil-manga-viento","status":"publish","type":"product","link":"https:\/\/www.darrera.com\/es\/producto\/3r-wscka05-mastil-manga-viento\/","title":{"rendered":"M\u00e1stil para Manga de Viento"},"content":{"rendered":"<h3>Dise\u00f1ado para resistir condiciones severas<\/h3>\n<p>El m\u00e1stil para manga de viento presenta un dise\u00f1o robusto y est\u00e1 fabricado \u00edntegramente en acero inoxidable AISI 304 para garantizar una alta resistencia a la intemperie. Puede suministrarse pintado liso o a franjas, en color blanco, rojo aeron\u00e1utico, verde militar, etc. El m\u00e1stil est\u00e1 disponible con una altura total de 3 o 6 metros. Incluye una base de montaje basculante y 4 tornillos de anclaje.<\/p>\n<h3>Kit de abatimiento opcional<\/h3>\n<p>El kit de abatimiento opcional permite que el m\u00e1stil pueda ser bajado por una sola persona, facilitando la inspecci\u00f3n y sustituci\u00f3n de la manga de viento.<\/p>\n","protected":false},"excerpt":{"rendered":"<p>Presenta un dise\u00f1o robusto y est\u00e1 fabricado \u00edntegramente en acero inoxidable AISI 304 para garantizar una alta resistencia a la intemperie. Est\u00e1 disponible con una altura total de 3 o 6 metros.<\/p>\n","protected":false},"featured_media":5574,"template":"","meta":[],"product_brand":[],"product_cat":[230],"product_tag":[],"class_list":{"0":"post-5569","1":"product","2":"type-product","3":"status-publish","4":"has-post-thumbnail","6":"product_cat-mangas-viento","8":"first","9":"instock","10":"taxable","11":"shipping-taxable","12":"product-type-simple"},"yoast_head":"<!-- This site is optimized with the Yoast SEO plugin v27.4 - https:\/\/yoast.com\/product\/yoast-seo-wordpress\/ -->\n<title>M\u00e1stil para Manga de Viento | Darrera<\/title>\n<meta name=\"robots\" content=\"index, follow, max-snippet:-1, max-image-preview:large, max-video-preview:-1\" \/>\n<link rel=\"canonical\" href=\"https:\/\/www.darrera.com\/es\/producto\/3r-wscka05-mastil-manga-viento\/\" \/>\n<meta property=\"og:locale\" content=\"es_ES\" \/>\n<meta property=\"og:type\" content=\"article\" \/>\n<meta property=\"og:title\" content=\"M\u00e1stil para Manga de Viento | Darrera\" \/>\n<meta property=\"og:description\" content=\"Presenta un dise\u00f1o robusto y est\u00e1 fabricado \u00edntegramente en acero inoxidable AISI 304 para garantizar una alta resistencia a la intemperie. Est\u00e1 disponible con una altura total de 3 o 6 metros.\" \/>\n<meta property=\"og:url\" content=\"https:\/\/www.darrera.com\/es\/producto\/3r-wscka05-mastil-manga-viento\/\" \/>\n<meta property=\"og:site_name\" content=\"Darrera\" \/>\n<meta property=\"article:publisher\" content=\"http:\/\/facebook.com\/darrerameteo\" \/>\n<meta property=\"article:modified_time\" content=\"2023-12-12T17:38:13+00:00\" \/>\n<meta property=\"og:image\" content=\"https:\/\/www.darrera.com\/wp-content\/uploads\/2023\/06\/3r-wscka05-mastil-manga-viento.jpg\" \/>\n\t<meta property=\"og:image:width\" content=\"950\" \/>\n\t<meta property=\"og:image:height\" content=\"950\" \/>\n\t<meta property=\"og:image:type\" content=\"image\/jpeg\" \/>\n<meta name=\"twitter:card\" content=\"summary_large_image\" \/>\n<meta name=\"twitter:site\" content=\"@darrera_meteo\" \/>\n<meta name=\"twitter:label1\" content=\"Tiempo de lectura\" \/>\n\t<meta name=\"twitter:data1\" content=\"1 minuto\" \/>\n<script type=\"application\/ld+json\" class=\"yoast-schema-graph\">{\"@context\":\"https:\\\/\\\/schema.org\",\"@graph\":[{\"@type\":\"WebPage\",\"@id\":\"https:\\\/\\\/www.darrera.com\\\/es\\\/producto\\\/3r-wscka05-mastil-manga-viento\\\/\",\"url\":\"https:\\\/\\\/www.darrera.com\\\/es\\\/producto\\\/3r-wscka05-mastil-manga-viento\\\/\",\"name\":\"M\u00e1stil para Manga de Viento | Darrera\",\"isPartOf\":{\"@id\":\"https:\\\/\\\/www.darrera.com\\\/es\\\/#website\"},\"primaryImageOfPage\":{\"@id\":\"https:\\\/\\\/www.darrera.com\\\/es\\\/producto\\\/3r-wscka05-mastil-manga-viento\\\/#primaryimage\"},\"image\":{\"@id\":\"https:\\\/\\\/www.darrera.com\\\/es\\\/producto\\\/3r-wscka05-mastil-manga-viento\\\/#primaryimage\"},\"thumbnailUrl\":\"https:\\\/\\\/www.darrera.com\\\/wp-content\\\/uploads\\\/2023\\\/06\\\/3r-wscka05-mastil-manga-viento.jpg\",\"datePublished\":\"2023-06-12T10:47:57+00:00\",\"dateModified\":\"2023-12-12T17:38:13+00:00\",\"breadcrumb\":{\"@id\":\"https:\\\/\\\/www.darrera.com\\\/es\\\/producto\\\/3r-wscka05-mastil-manga-viento\\\/#breadcrumb\"},\"inLanguage\":\"es\",\"potentialAction\":[{\"@type\":\"ReadAction\",\"target\":[\"https:\\\/\\\/www.darrera.com\\\/es\\\/producto\\\/3r-wscka05-mastil-manga-viento\\\/\"]}]},{\"@type\":\"ImageObject\",\"inLanguage\":\"es\",\"@id\":\"https:\\\/\\\/www.darrera.com\\\/es\\\/producto\\\/3r-wscka05-mastil-manga-viento\\\/#primaryimage\",\"url\":\"https:\\\/\\\/www.darrera.com\\\/wp-content\\\/uploads\\\/2023\\\/06\\\/3r-wscka05-mastil-manga-viento.jpg\",\"contentUrl\":\"https:\\\/\\\/www.darrera.com\\\/wp-content\\\/uploads\\\/2023\\\/06\\\/3r-wscka05-mastil-manga-viento.jpg\",\"width\":950,\"height\":950,\"caption\":\"3R WSCKA05 - M\u00e1stil para Manga de Viento\"},{\"@type\":\"BreadcrumbList\",\"@id\":\"https:\\\/\\\/www.darrera.com\\\/es\\\/producto\\\/3r-wscka05-mastil-manga-viento\\\/#breadcrumb\",\"itemListElement\":[{\"@type\":\"ListItem\",\"position\":1,\"name\":\"Home\",\"item\":\"https:\\\/\\\/www.darrera.com\\\/es\\\/\"},{\"@type\":\"ListItem\",\"position\":2,\"name\":\"Productos\",\"item\":\"https:\\\/\\\/www.darrera.com\\\/es\\\/productos\\\/\"},{\"@type\":\"ListItem\",\"position\":3,\"name\":\"M\u00e1stil para Manga de Viento\"}]},{\"@type\":\"WebSite\",\"@id\":\"https:\\\/\\\/www.darrera.com\\\/es\\\/#website\",\"url\":\"https:\\\/\\\/www.darrera.com\\\/es\\\/\",\"name\":\"Darrera\",\"description\":\"Instrumentos, soluciones y servicios meteorol\u00f3gicos\",\"publisher\":{\"@id\":\"https:\\\/\\\/www.darrera.com\\\/es\\\/#organization\"},\"potentialAction\":[{\"@type\":\"SearchAction\",\"target\":{\"@type\":\"EntryPoint\",\"urlTemplate\":\"https:\\\/\\\/www.darrera.com\\\/es\\\/?s={search_term_string}\"},\"query-input\":{\"@type\":\"PropertyValueSpecification\",\"valueRequired\":true,\"valueName\":\"search_term_string\"}}],\"inLanguage\":\"es\"},{\"@type\":\"Organization\",\"@id\":\"https:\\\/\\\/www.darrera.com\\\/es\\\/#organization\",\"name\":\"Darrera\",\"url\":\"https:\\\/\\\/www.darrera.com\\\/es\\\/\",\"logo\":{\"@type\":\"ImageObject\",\"inLanguage\":\"es\",\"@id\":\"https:\\\/\\\/www.darrera.com\\\/es\\\/#\\\/schema\\\/logo\\\/image\\\/\",\"url\":\"https:\\\/\\\/www.darrera.com\\\/wp\\\/wp-content\\\/uploads\\\/logo-darrera.png\",\"contentUrl\":\"https:\\\/\\\/www.darrera.com\\\/wp\\\/wp-content\\\/uploads\\\/logo-darrera.png\",\"width\":500,\"height\":85,\"caption\":\"Darrera\"},\"image\":{\"@id\":\"https:\\\/\\\/www.darrera.com\\\/es\\\/#\\\/schema\\\/logo\\\/image\\\/\"},\"sameAs\":[\"http:\\\/\\\/facebook.com\\\/darrerameteo\",\"https:\\\/\\\/x.com\\\/darrera_meteo\",\"https:\\\/\\\/www.linkedin.com\\\/company\\\/darrera-s-a-\",\"http:\\\/\\\/youtube.com\\\/darreratv\"]}]}<\/script>\n<!-- \/ Yoast SEO plugin. -->","yoast_head_json":{"title":"M\u00e1stil para Manga de Viento | Darrera","robots":{"index":"index","follow":"follow","max-snippet":"max-snippet:-1","max-image-preview":"max-image-preview:large","max-video-preview":"max-video-preview:-1"},"canonical":"https:\/\/www.darrera.com\/es\/producto\/3r-wscka05-mastil-manga-viento\/","og_locale":"es_ES","og_type":"article","og_title":"M\u00e1stil para Manga de Viento | Darrera","og_description":"Presenta un dise\u00f1o robusto y est\u00e1 fabricado \u00edntegramente en acero inoxidable AISI 304 para garantizar una alta resistencia a la intemperie. Est\u00e1 disponible con una altura total de 3 o 6 metros.","og_url":"https:\/\/www.darrera.com\/es\/producto\/3r-wscka05-mastil-manga-viento\/","og_site_name":"Darrera","article_publisher":"http:\/\/facebook.com\/darrerameteo","article_modified_time":"2023-12-12T17:38:13+00:00","og_image":[{"width":950,"height":950,"url":"https:\/\/www.darrera.com\/wp-content\/uploads\/2023\/06\/3r-wscka05-mastil-manga-viento.jpg","type":"image\/jpeg"}],"twitter_card":"summary_large_image","twitter_site":"@darrera_meteo","twitter_misc":{"Tiempo de lectura":"1 minuto"},"schema":{"@context":"https:\/\/schema.org","@graph":[{"@type":"WebPage","@id":"https:\/\/www.darrera.com\/es\/producto\/3r-wscka05-mastil-manga-viento\/","url":"https:\/\/www.darrera.com\/es\/producto\/3r-wscka05-mastil-manga-viento\/","name":"M\u00e1stil para Manga de Viento | Darrera","isPartOf":{"@id":"https:\/\/www.darrera.com\/es\/#website"},"primaryImageOfPage":{"@id":"https:\/\/www.darrera.com\/es\/producto\/3r-wscka05-mastil-manga-viento\/#primaryimage"},"image":{"@id":"https:\/\/www.darrera.com\/es\/producto\/3r-wscka05-mastil-manga-viento\/#primaryimage"},"thumbnailUrl":"https:\/\/www.darrera.com\/wp-content\/uploads\/2023\/06\/3r-wscka05-mastil-manga-viento.jpg","datePublished":"2023-06-12T10:47:57+00:00","dateModified":"2023-12-12T17:38:13+00:00","breadcrumb":{"@id":"https:\/\/www.darrera.com\/es\/producto\/3r-wscka05-mastil-manga-viento\/#breadcrumb"},"inLanguage":"es","potentialAction":[{"@type":"ReadAction","target":["https:\/\/www.darrera.com\/es\/producto\/3r-wscka05-mastil-manga-viento\/"]}]},{"@type":"ImageObject","inLanguage":"es","@id":"https:\/\/www.darrera.com\/es\/producto\/3r-wscka05-mastil-manga-viento\/#primaryimage","url":"https:\/\/www.darrera.com\/wp-content\/uploads\/2023\/06\/3r-wscka05-mastil-manga-viento.jpg","contentUrl":"https:\/\/www.darrera.com\/wp-content\/uploads\/2023\/06\/3r-wscka05-mastil-manga-viento.jpg","width":950,"height":950,"caption":"3R WSCKA05 - M\u00e1stil para Manga de Viento"},{"@type":"BreadcrumbList","@id":"https:\/\/www.darrera.com\/es\/producto\/3r-wscka05-mastil-manga-viento\/#breadcrumb","itemListElement":[{"@type":"ListItem","position":1,"name":"Home","item":"https:\/\/www.darrera.com\/es\/"},{"@type":"ListItem","position":2,"name":"Productos","item":"https:\/\/www.darrera.com\/es\/productos\/"},{"@type":"ListItem","position":3,"name":"M\u00e1stil para Manga de Viento"}]},{"@type":"WebSite","@id":"https:\/\/www.darrera.com\/es\/#website","url":"https:\/\/www.darrera.com\/es\/","name":"Darrera","description":"Instrumentos, soluciones y servicios meteorol\u00f3gicos","publisher":{"@id":"https:\/\/www.darrera.com\/es\/#organization"},"potentialAction":[{"@type":"SearchAction","target":{"@type":"EntryPoint","urlTemplate":"https:\/\/www.darrera.com\/es\/?s={search_term_string}"},"query-input":{"@type":"PropertyValueSpecification","valueRequired":true,"valueName":"search_term_string"}}],"inLanguage":"es"},{"@type":"Organization","@id":"https:\/\/www.darrera.com\/es\/#organization","name":"Darrera","url":"https:\/\/www.darrera.com\/es\/","logo":{"@type":"ImageObject","inLanguage":"es","@id":"https:\/\/www.darrera.com\/es\/#\/schema\/logo\/image\/","url":"https:\/\/www.darrera.com\/wp\/wp-content\/uploads\/logo-darrera.png","contentUrl":"https:\/\/www.darrera.com\/wp\/wp-content\/uploads\/logo-darrera.png","width":500,"height":85,"caption":"Darrera"},"image":{"@id":"https:\/\/www.darrera.com\/es\/#\/schema\/logo\/image\/"},"sameAs":["http:\/\/facebook.com\/darrerameteo","https:\/\/x.com\/darrera_meteo","https:\/\/www.linkedin.com\/company\/darrera-s-a-","http:\/\/youtube.com\/darreratv"]}]}},"_links":{"self":[{"href":"https:\/\/www.darrera.com\/es\/wp-json\/wp\/v2\/product\/5569","targetHints":{"allow":["GET"]}}],"collection":[{"href":"https:\/\/www.darrera.com\/es\/wp-json\/wp\/v2\/product"}],"about":[{"href":"https:\/\/www.darrera.com\/es\/wp-json\/wp\/v2\/types\/product"}],"wp:featuredmedia":[{"embeddable":true,"href":"https:\/\/www.darrera.com\/es\/wp-json\/wp\/v2\/media\/5574"}],"wp:attachment":[{"href":"https:\/\/www.darrera.com\/es\/wp-json\/wp\/v2\/media?parent=5569"}],"wp:term":[{"taxonomy":"product_brand","embeddable":true,"href":"https:\/\/www.darrera.com\/es\/wp-json\/wp\/v2\/product_brand?post=5569"},{"taxonomy":"product_cat","embeddable":true,"href":"https:\/\/www.darrera.com\/es\/wp-json\/wp\/v2\/product_cat?post=5569"},{"taxonomy":"product_tag","embeddable":true,"href":"https:\/\/www.darrera.com\/es\/wp-json\/wp\/v2\/product_tag?post=5569"}],"curies":[{"name":"wp","href":"https:\/\/api.w.org\/{rel}","templated":true}]}}