{"id":6279,"date":"2025-04-21T21:00:33","date_gmt":"2025-04-21T19:00:33","guid":{"rendered":"https:\/\/www.darrera.com\/product\/mx802-hobo-mx-water-quality\/"},"modified":"2025-08-01T18:06:59","modified_gmt":"2025-08-01T16:06:59","slug":"mx802-hobo-mx-water-quality","status":"publish","type":"product","link":"https:\/\/www.darrera.com\/es\/producto\/mx802-hobo-mx-water-quality\/","title":{"rendered":"HOBO\u00ae MX Water Quality"},"content":{"rendered":"<h3>Datalogger Bluetooth\u00ae altamente vers\u00e1til<\/h3>\n<p>HOBO\u00ae MX802 es un datalogger multiparam\u00e9trico de calidad del agua compatible con sensores intercambiables para medir los par\u00e1metros del agua requeridos en cada aplicaci\u00f3n. Cuenta con conectividad Bluetooth\u00ae para una configuraci\u00f3n sencilla del instrumento y para la descarga de datos a trav\u00e9s de la app HOBOconnect\u00ae para dispositivos iOS y Android.<\/p>\n<p>Este modelo est\u00e1 dise\u00f1ado para permanecer fuera del agua y los sensores se conectan al datalogger mediante un cable disponible en diferentes longitudes, lo que simplifica la descarga de datos sin necesidad de retirar los sensores del agua. Las 4 pilas AA incluidas garantizan una larga duraci\u00f3n antes de tener que ser reemplazadas.<\/p>\n<h3>Especificaciones t\u00e9cnicas<\/h3>\n<h4>Especificaciones del datalogger<\/h4>\n<ul>\n<li>Capacidad: 730.000 registros<\/li>\n<\/ul>\n<h4>Especificaciones del sensor<\/h4>\n<ul>\n<li>Rango: 660 a 1.070 hPa<\/li>\n<li>Resoluci\u00f3n: 0,1 hPa<\/li>\n<li>Precisi\u00f3n: \u00b15 hPa<\/li>\n<\/ul>\n<h4>Especificaciones el\u00e9ctricas<\/h4>\n<ul>\n<li>Voltaje de alimentaci\u00f3n: 6 VDC<\/li>\n<li>Tipo de pila: 4 x AA<\/li>\n<li>Duraci\u00f3n de la pila: 1 a\u00f1o (aprox.)<\/li>\n<li>Se\u00f1al de salida: Bluetooth\u00ae<\/li>\n<\/ul>\n<h4>Especificaciones mec\u00e1nicas<\/h4>\n<ul>\n<li>Temperatura de funcionamiento: -40\u00baC a 50\u00baC<\/li>\n<li>Material: pl\u00e1stico de alta resistencia<\/li>\n<li>Dimensiones: \u2205 41,4 x 203,2 mm<\/li>\n<li>Peso: 226 g<\/li>\n<\/ul>\n","protected":false},"excerpt":{"rendered":"<p>Es un datalogger multiparam\u00e9trico de calidad del agua compatible con sensores intercambiables. Este modelo est\u00e1 dise\u00f1ado para permanecer fuera del agua, lo que simplifica la descarga de datos sin necesidad de retirar los sensores del agua.<\/p>\n","protected":false},"featured_media":6312,"template":"","meta":[],"product_brand":[],"product_cat":[261],"product_tag":[],"class_list":{"0":"post-6279","1":"product","2":"type-product","3":"status-publish","4":"has-post-thumbnail","6":"product_cat-registradores-calidad-agua-onset-computer","8":"first","9":"instock","10":"taxable","11":"shipping-taxable","12":"purchasable","13":"product-type-simple"},"yoast_head":"<!-- This site is optimized with the Yoast SEO plugin v27.4 - https:\/\/yoast.com\/product\/yoast-seo-wordpress\/ -->\n<title>HOBO\u00ae MX Water Quality | Darrera<\/title>\n<meta name=\"robots\" content=\"index, follow, max-snippet:-1, max-image-preview:large, max-video-preview:-1\" \/>\n<link rel=\"canonical\" href=\"https:\/\/www.darrera.com\/en\/producto\/mx802-hobo-mx-water-quality\/\" \/>\n<meta property=\"og:locale\" content=\"es_ES\" \/>\n<meta property=\"og:type\" content=\"article\" \/>\n<meta property=\"og:title\" content=\"HOBO\u00ae MX Water Quality | Darrera\" \/>\n<meta property=\"og:description\" content=\"Es un datalogger multiparam\u00e9trico de calidad del agua compatible con sensores intercambiables. Este modelo est\u00e1 dise\u00f1ado para permanecer fuera del agua, lo que simplifica la descarga de datos sin necesidad de retirar los sensores del agua.\" \/>\n<meta property=\"og:url\" content=\"https:\/\/www.darrera.com\/en\/producto\/mx802-hobo-mx-water-quality\/\" \/>\n<meta property=\"og:site_name\" content=\"Darrera\" \/>\n<meta property=\"article:publisher\" content=\"http:\/\/facebook.com\/darrerameteo\" \/>\n<meta property=\"article:modified_time\" content=\"2025-08-01T16:06:59+00:00\" \/>\n<meta property=\"og:image\" content=\"https:\/\/www.darrera.com\/wp-content\/uploads\/2025\/04\/mx802-hobo-mx-water-quality.jpg\" \/>\n\t<meta property=\"og:image:width\" content=\"950\" \/>\n\t<meta property=\"og:image:height\" content=\"950\" \/>\n\t<meta property=\"og:image:type\" content=\"image\/jpeg\" \/>\n<meta name=\"twitter:card\" content=\"summary_large_image\" \/>\n<meta name=\"twitter:site\" content=\"@darrera_meteo\" \/>\n<meta name=\"twitter:label1\" content=\"Tiempo de lectura\" \/>\n\t<meta name=\"twitter:data1\" content=\"1 minuto\" \/>\n<script type=\"application\/ld+json\" class=\"yoast-schema-graph\">{\"@context\":\"https:\\\/\\\/schema.org\",\"@graph\":[{\"@type\":\"WebPage\",\"@id\":\"https:\\\/\\\/www.darrera.com\\\/en\\\/producto\\\/mx802-hobo-mx-water-quality\\\/\",\"url\":\"https:\\\/\\\/www.darrera.com\\\/en\\\/producto\\\/mx802-hobo-mx-water-quality\\\/\",\"name\":\"HOBO\u00ae MX Water Quality | Darrera\",\"isPartOf\":{\"@id\":\"https:\\\/\\\/www.darrera.com\\\/es\\\/#website\"},\"primaryImageOfPage\":{\"@id\":\"https:\\\/\\\/www.darrera.com\\\/en\\\/producto\\\/mx802-hobo-mx-water-quality\\\/#primaryimage\"},\"image\":{\"@id\":\"https:\\\/\\\/www.darrera.com\\\/en\\\/producto\\\/mx802-hobo-mx-water-quality\\\/#primaryimage\"},\"thumbnailUrl\":\"https:\\\/\\\/www.darrera.com\\\/wp-content\\\/uploads\\\/2025\\\/04\\\/mx802-hobo-mx-water-quality.jpg\",\"datePublished\":\"2025-04-21T19:00:33+00:00\",\"dateModified\":\"2025-08-01T16:06:59+00:00\",\"breadcrumb\":{\"@id\":\"https:\\\/\\\/www.darrera.com\\\/en\\\/producto\\\/mx802-hobo-mx-water-quality\\\/#breadcrumb\"},\"inLanguage\":\"es\",\"potentialAction\":[{\"@type\":\"ReadAction\",\"target\":[\"https:\\\/\\\/www.darrera.com\\\/en\\\/producto\\\/mx802-hobo-mx-water-quality\\\/\"]}]},{\"@type\":\"ImageObject\",\"inLanguage\":\"es\",\"@id\":\"https:\\\/\\\/www.darrera.com\\\/en\\\/producto\\\/mx802-hobo-mx-water-quality\\\/#primaryimage\",\"url\":\"https:\\\/\\\/www.darrera.com\\\/wp-content\\\/uploads\\\/2025\\\/04\\\/mx802-hobo-mx-water-quality.jpg\",\"contentUrl\":\"https:\\\/\\\/www.darrera.com\\\/wp-content\\\/uploads\\\/2025\\\/04\\\/mx802-hobo-mx-water-quality.jpg\",\"width\":950,\"height\":950,\"caption\":\"MX802 - HOBO\u00ae MX Water Quality\"},{\"@type\":\"BreadcrumbList\",\"@id\":\"https:\\\/\\\/www.darrera.com\\\/en\\\/producto\\\/mx802-hobo-mx-water-quality\\\/#breadcrumb\",\"itemListElement\":[{\"@type\":\"ListItem\",\"position\":1,\"name\":\"Home\",\"item\":\"https:\\\/\\\/www.darrera.com\\\/es\\\/\"},{\"@type\":\"ListItem\",\"position\":2,\"name\":\"Productos\",\"item\":\"https:\\\/\\\/www.darrera.com\\\/es\\\/productos\\\/\"},{\"@type\":\"ListItem\",\"position\":3,\"name\":\"HOBO\u00ae MX Water Quality\"}]},{\"@type\":\"WebSite\",\"@id\":\"https:\\\/\\\/www.darrera.com\\\/es\\\/#website\",\"url\":\"https:\\\/\\\/www.darrera.com\\\/es\\\/\",\"name\":\"Darrera\",\"description\":\"Instrumentos, soluciones y servicios meteorol\u00f3gicos\",\"publisher\":{\"@id\":\"https:\\\/\\\/www.darrera.com\\\/es\\\/#organization\"},\"potentialAction\":[{\"@type\":\"SearchAction\",\"target\":{\"@type\":\"EntryPoint\",\"urlTemplate\":\"https:\\\/\\\/www.darrera.com\\\/es\\\/?s={search_term_string}\"},\"query-input\":{\"@type\":\"PropertyValueSpecification\",\"valueRequired\":true,\"valueName\":\"search_term_string\"}}],\"inLanguage\":\"es\"},{\"@type\":\"Organization\",\"@id\":\"https:\\\/\\\/www.darrera.com\\\/es\\\/#organization\",\"name\":\"Darrera\",\"url\":\"https:\\\/\\\/www.darrera.com\\\/es\\\/\",\"logo\":{\"@type\":\"ImageObject\",\"inLanguage\":\"es\",\"@id\":\"https:\\\/\\\/www.darrera.com\\\/es\\\/#\\\/schema\\\/logo\\\/image\\\/\",\"url\":\"https:\\\/\\\/www.darrera.com\\\/wp\\\/wp-content\\\/uploads\\\/logo-darrera.png\",\"contentUrl\":\"https:\\\/\\\/www.darrera.com\\\/wp\\\/wp-content\\\/uploads\\\/logo-darrera.png\",\"width\":500,\"height\":85,\"caption\":\"Darrera\"},\"image\":{\"@id\":\"https:\\\/\\\/www.darrera.com\\\/es\\\/#\\\/schema\\\/logo\\\/image\\\/\"},\"sameAs\":[\"http:\\\/\\\/facebook.com\\\/darrerameteo\",\"https:\\\/\\\/x.com\\\/darrera_meteo\",\"https:\\\/\\\/www.linkedin.com\\\/company\\\/darrera-s-a-\",\"http:\\\/\\\/youtube.com\\\/darreratv\"]}]}<\/script>\n<!-- \/ Yoast SEO plugin. -->","yoast_head_json":{"title":"HOBO\u00ae MX Water Quality | Darrera","robots":{"index":"index","follow":"follow","max-snippet":"max-snippet:-1","max-image-preview":"max-image-preview:large","max-video-preview":"max-video-preview:-1"},"canonical":"https:\/\/www.darrera.com\/en\/producto\/mx802-hobo-mx-water-quality\/","og_locale":"es_ES","og_type":"article","og_title":"HOBO\u00ae MX Water Quality | Darrera","og_description":"Es un datalogger multiparam\u00e9trico de calidad del agua compatible con sensores intercambiables. Este modelo est\u00e1 dise\u00f1ado para permanecer fuera del agua, lo que simplifica la descarga de datos sin necesidad de retirar los sensores del agua.","og_url":"https:\/\/www.darrera.com\/en\/producto\/mx802-hobo-mx-water-quality\/","og_site_name":"Darrera","article_publisher":"http:\/\/facebook.com\/darrerameteo","article_modified_time":"2025-08-01T16:06:59+00:00","og_image":[{"width":950,"height":950,"url":"https:\/\/www.darrera.com\/wp-content\/uploads\/2025\/04\/mx802-hobo-mx-water-quality.jpg","type":"image\/jpeg"}],"twitter_card":"summary_large_image","twitter_site":"@darrera_meteo","twitter_misc":{"Tiempo de lectura":"1 minuto"},"schema":{"@context":"https:\/\/schema.org","@graph":[{"@type":"WebPage","@id":"https:\/\/www.darrera.com\/en\/producto\/mx802-hobo-mx-water-quality\/","url":"https:\/\/www.darrera.com\/en\/producto\/mx802-hobo-mx-water-quality\/","name":"HOBO\u00ae MX Water Quality | Darrera","isPartOf":{"@id":"https:\/\/www.darrera.com\/es\/#website"},"primaryImageOfPage":{"@id":"https:\/\/www.darrera.com\/en\/producto\/mx802-hobo-mx-water-quality\/#primaryimage"},"image":{"@id":"https:\/\/www.darrera.com\/en\/producto\/mx802-hobo-mx-water-quality\/#primaryimage"},"thumbnailUrl":"https:\/\/www.darrera.com\/wp-content\/uploads\/2025\/04\/mx802-hobo-mx-water-quality.jpg","datePublished":"2025-04-21T19:00:33+00:00","dateModified":"2025-08-01T16:06:59+00:00","breadcrumb":{"@id":"https:\/\/www.darrera.com\/en\/producto\/mx802-hobo-mx-water-quality\/#breadcrumb"},"inLanguage":"es","potentialAction":[{"@type":"ReadAction","target":["https:\/\/www.darrera.com\/en\/producto\/mx802-hobo-mx-water-quality\/"]}]},{"@type":"ImageObject","inLanguage":"es","@id":"https:\/\/www.darrera.com\/en\/producto\/mx802-hobo-mx-water-quality\/#primaryimage","url":"https:\/\/www.darrera.com\/wp-content\/uploads\/2025\/04\/mx802-hobo-mx-water-quality.jpg","contentUrl":"https:\/\/www.darrera.com\/wp-content\/uploads\/2025\/04\/mx802-hobo-mx-water-quality.jpg","width":950,"height":950,"caption":"MX802 - HOBO\u00ae MX Water Quality"},{"@type":"BreadcrumbList","@id":"https:\/\/www.darrera.com\/en\/producto\/mx802-hobo-mx-water-quality\/#breadcrumb","itemListElement":[{"@type":"ListItem","position":1,"name":"Home","item":"https:\/\/www.darrera.com\/es\/"},{"@type":"ListItem","position":2,"name":"Productos","item":"https:\/\/www.darrera.com\/es\/productos\/"},{"@type":"ListItem","position":3,"name":"HOBO\u00ae MX Water Quality"}]},{"@type":"WebSite","@id":"https:\/\/www.darrera.com\/es\/#website","url":"https:\/\/www.darrera.com\/es\/","name":"Darrera","description":"Instrumentos, soluciones y servicios meteorol\u00f3gicos","publisher":{"@id":"https:\/\/www.darrera.com\/es\/#organization"},"potentialAction":[{"@type":"SearchAction","target":{"@type":"EntryPoint","urlTemplate":"https:\/\/www.darrera.com\/es\/?s={search_term_string}"},"query-input":{"@type":"PropertyValueSpecification","valueRequired":true,"valueName":"search_term_string"}}],"inLanguage":"es"},{"@type":"Organization","@id":"https:\/\/www.darrera.com\/es\/#organization","name":"Darrera","url":"https:\/\/www.darrera.com\/es\/","logo":{"@type":"ImageObject","inLanguage":"es","@id":"https:\/\/www.darrera.com\/es\/#\/schema\/logo\/image\/","url":"https:\/\/www.darrera.com\/wp\/wp-content\/uploads\/logo-darrera.png","contentUrl":"https:\/\/www.darrera.com\/wp\/wp-content\/uploads\/logo-darrera.png","width":500,"height":85,"caption":"Darrera"},"image":{"@id":"https:\/\/www.darrera.com\/es\/#\/schema\/logo\/image\/"},"sameAs":["http:\/\/facebook.com\/darrerameteo","https:\/\/x.com\/darrera_meteo","https:\/\/www.linkedin.com\/company\/darrera-s-a-","http:\/\/youtube.com\/darreratv"]}]}},"_links":{"self":[{"href":"https:\/\/www.darrera.com\/es\/wp-json\/wp\/v2\/product\/6279","targetHints":{"allow":["GET"]}}],"collection":[{"href":"https:\/\/www.darrera.com\/es\/wp-json\/wp\/v2\/product"}],"about":[{"href":"https:\/\/www.darrera.com\/es\/wp-json\/wp\/v2\/types\/product"}],"wp:featuredmedia":[{"embeddable":true,"href":"https:\/\/www.darrera.com\/es\/wp-json\/wp\/v2\/media\/6312"}],"wp:attachment":[{"href":"https:\/\/www.darrera.com\/es\/wp-json\/wp\/v2\/media?parent=6279"}],"wp:term":[{"taxonomy":"product_brand","embeddable":true,"href":"https:\/\/www.darrera.com\/es\/wp-json\/wp\/v2\/product_brand?post=6279"},{"taxonomy":"product_cat","embeddable":true,"href":"https:\/\/www.darrera.com\/es\/wp-json\/wp\/v2\/product_cat?post=6279"},{"taxonomy":"product_tag","embeddable":true,"href":"https:\/\/www.darrera.com\/es\/wp-json\/wp\/v2\/product_tag?post=6279"}],"curies":[{"name":"wp","href":"https:\/\/api.w.org\/{rel}","templated":true}]}}