{"id":6298,"date":"2025-05-10T00:49:47","date_gmt":"2025-05-09T22:49:47","guid":{"rendered":"https:\/\/www.darrera.com\/product\/lpr10-piranometro-clase-a-respuesta-rapida\/"},"modified":"2025-08-03T22:58:52","modified_gmt":"2025-08-03T20:58:52","slug":"lpr10-piranometro-clase-a-respuesta-rapida","status":"publish","type":"product","link":"https:\/\/www.darrera.com\/es\/producto\/lpr10-piranometro-clase-a-respuesta-rapida\/","title":{"rendered":"Piran\u00f3metro de Clase A de Respuesta R\u00e1pida"},"content":{"rendered":"<h3>Respuesta r\u00e1pida y mediciones precisas para el cumplimiento de la norma IEC 61724-1<\/h3>\n<p>El LPR10 es un piran\u00f3metro de respuesta r\u00e1pida dise\u00f1ado para proporcionar mediciones precisas de la radiaci\u00f3n solar global incluso bajo las condiciones m\u00e1s exigentes. El instrumento cumple los requisitos de la norma IEC 61724-1 para sistemas de monitorizaci\u00f3n fotovoltaica (FV) de Clase A y tambi\u00e9n las directrices establecidas por la Organizaci\u00f3n Meteorol\u00f3gica Mundial (OMM).<\/p>\n<h3>Funciones de diagn\u00f3stico avanzadas<\/h3>\n<p>El LPR10 monitoriza de forma continua su temperatura, humedad y presi\u00f3n internas para garantizar unas condiciones de funcionamiento \u00f3ptimas y anticipar necesidades de mantenimiento. Adem\u00e1s, incluye un calefactor interno para prevenir la formaci\u00f3n de roc\u00edo y escarcha sobre la c\u00fapula de vidrio. El instrumento dispone de un puerto serie RS-485 con protocolo MODBUS-RTU, facilitando su integraci\u00f3n en estaciones meteorol\u00f3gicas y sistemas de monitorizaci\u00f3n solar.<\/p>\n<h3>Especificaciones t\u00e9cnicas<\/h3>\n<h4>Especificaciones del sensor<\/h4>\n<ul>\n<li>Respuesta espectral: 285 a 2.850 nm<\/li>\n<li>Rango: -200 a 4.000 W\/m2<\/li>\n<li>Resoluci\u00f3n: 0,1 W\/m2<\/li>\n<li>Tiempo de respuesta: 0,3 s (m\u00e1x.)<\/li>\n<li>Offset A: 1 W\/m2 (m\u00e1x.)<\/li>\n<li>Offset B: 1 W\/m2 (m\u00e1x.)<\/li>\n<li>Respuesta coseno: 10 W\/m2 (m\u00e1x.)<\/li>\n<li>Dependencia con la temperatura: 0,5% (m\u00e1x.)<\/li>\n<li>Deriva: 0,5% por a\u00f1o (m\u00e1x.)<\/li>\n<\/ul>\n<h4>Especificaciones el\u00e9ctricas<\/h4>\n<ul>\n<li>Voltaje de alimentaci\u00f3n: 7 a 30 VDC<\/li>\n<li>Consumo: 2 W (m\u00e1x.)<\/li>\n<li>Se\u00f1al de salida: RS-485<\/li>\n<\/ul>\n<h4>Especificaciones mec\u00e1nicas<\/h4>\n<ul>\n<li>Temperatura de funcionamiento: -40\u00baC a 80\u00baC<\/li>\n<li>Material: aluminio anodizado y pl\u00e1stico de alta resistencia<\/li>\n<li>Dimensiones: \u2205 160 x 120 mm<\/li>\n<li>Peso: 650 g<\/li>\n<\/ul>\n","protected":false},"excerpt":{"rendered":"<p>Proporciona mediciones precisas de la radiaci\u00f3n solar global. Cumple los requisitos de la norma IEC 61724-1 para sistemas de monitorizaci\u00f3n fotovoltaica (FV) de Clase A.<\/p>\n","protected":false},"featured_media":6300,"template":"","meta":[],"product_brand":[],"product_cat":[190],"product_tag":[],"class_list":{"0":"post-6298","1":"product","2":"type-product","3":"status-publish","4":"has-post-thumbnail","6":"product_cat-piranometros","8":"first","9":"instock","10":"taxable","11":"shipping-taxable","12":"product-type-simple"},"yoast_head":"<!-- This site is optimized with the Yoast SEO plugin v27.3 - https:\/\/yoast.com\/product\/yoast-seo-wordpress\/ -->\n<title>Piran\u00f3metro de Clase A de Respuesta R\u00e1pida | Darrera<\/title>\n<meta name=\"robots\" content=\"index, follow, max-snippet:-1, max-image-preview:large, max-video-preview:-1\" \/>\n<link rel=\"canonical\" href=\"https:\/\/www.darrera.com\/en\/producto\/lpr10-fast-response-class-a-pyranometer\/\" \/>\n<meta property=\"og:locale\" content=\"es_ES\" \/>\n<meta property=\"og:type\" content=\"article\" \/>\n<meta property=\"og:title\" content=\"Piran\u00f3metro de Clase A de Respuesta R\u00e1pida | Darrera\" \/>\n<meta property=\"og:description\" content=\"Proporciona mediciones precisas de la radiaci\u00f3n solar global. Cumple los requisitos de la norma IEC 61724-1 para sistemas de monitorizaci\u00f3n fotovoltaica (FV) de Clase A.\" \/>\n<meta property=\"og:url\" content=\"https:\/\/www.darrera.com\/en\/producto\/lpr10-fast-response-class-a-pyranometer\/\" \/>\n<meta property=\"og:site_name\" content=\"Darrera\" \/>\n<meta property=\"article:publisher\" content=\"http:\/\/facebook.com\/darrerameteo\" \/>\n<meta property=\"article:modified_time\" content=\"2025-08-03T20:58:52+00:00\" \/>\n<meta property=\"og:image\" content=\"https:\/\/www.darrera.com\/wp-content\/uploads\/2025\/05\/lpr10-piranometro-clase-a-respuesta-rapida.jpg\" \/>\n\t<meta property=\"og:image:width\" content=\"950\" \/>\n\t<meta property=\"og:image:height\" content=\"950\" \/>\n\t<meta property=\"og:image:type\" content=\"image\/jpeg\" \/>\n<meta name=\"twitter:card\" content=\"summary_large_image\" \/>\n<meta name=\"twitter:site\" content=\"@darrera_meteo\" \/>\n<meta name=\"twitter:label1\" content=\"Tiempo de lectura\" \/>\n\t<meta name=\"twitter:data1\" content=\"1 minuto\" \/>\n<script type=\"application\/ld+json\" class=\"yoast-schema-graph\">{\"@context\":\"https:\\\/\\\/schema.org\",\"@graph\":[{\"@type\":\"WebPage\",\"@id\":\"https:\\\/\\\/www.darrera.com\\\/en\\\/producto\\\/lpr10-fast-response-class-a-pyranometer\\\/\",\"url\":\"https:\\\/\\\/www.darrera.com\\\/en\\\/producto\\\/lpr10-fast-response-class-a-pyranometer\\\/\",\"name\":\"Piran\u00f3metro de Clase A de Respuesta R\u00e1pida | Darrera\",\"isPartOf\":{\"@id\":\"https:\\\/\\\/www.darrera.com\\\/es\\\/#website\"},\"primaryImageOfPage\":{\"@id\":\"https:\\\/\\\/www.darrera.com\\\/en\\\/producto\\\/lpr10-fast-response-class-a-pyranometer\\\/#primaryimage\"},\"image\":{\"@id\":\"https:\\\/\\\/www.darrera.com\\\/en\\\/producto\\\/lpr10-fast-response-class-a-pyranometer\\\/#primaryimage\"},\"thumbnailUrl\":\"https:\\\/\\\/www.darrera.com\\\/wp-content\\\/uploads\\\/2025\\\/05\\\/lpr10-piranometro-clase-a-respuesta-rapida.jpg\",\"datePublished\":\"2025-05-09T22:49:47+00:00\",\"dateModified\":\"2025-08-03T20:58:52+00:00\",\"breadcrumb\":{\"@id\":\"https:\\\/\\\/www.darrera.com\\\/en\\\/producto\\\/lpr10-fast-response-class-a-pyranometer\\\/#breadcrumb\"},\"inLanguage\":\"es\",\"potentialAction\":[{\"@type\":\"ReadAction\",\"target\":[\"https:\\\/\\\/www.darrera.com\\\/en\\\/producto\\\/lpr10-fast-response-class-a-pyranometer\\\/\"]}]},{\"@type\":\"ImageObject\",\"inLanguage\":\"es\",\"@id\":\"https:\\\/\\\/www.darrera.com\\\/en\\\/producto\\\/lpr10-fast-response-class-a-pyranometer\\\/#primaryimage\",\"url\":\"https:\\\/\\\/www.darrera.com\\\/wp-content\\\/uploads\\\/2025\\\/05\\\/lpr10-piranometro-clase-a-respuesta-rapida.jpg\",\"contentUrl\":\"https:\\\/\\\/www.darrera.com\\\/wp-content\\\/uploads\\\/2025\\\/05\\\/lpr10-piranometro-clase-a-respuesta-rapida.jpg\",\"width\":950,\"height\":950,\"caption\":\"LPR10 - Piran\u00f3metro de Clase A de Respuesta R\u00e1pida\"},{\"@type\":\"BreadcrumbList\",\"@id\":\"https:\\\/\\\/www.darrera.com\\\/en\\\/producto\\\/lpr10-fast-response-class-a-pyranometer\\\/#breadcrumb\",\"itemListElement\":[{\"@type\":\"ListItem\",\"position\":1,\"name\":\"Home\",\"item\":\"https:\\\/\\\/www.darrera.com\\\/es\\\/\"},{\"@type\":\"ListItem\",\"position\":2,\"name\":\"Productos\",\"item\":\"https:\\\/\\\/www.darrera.com\\\/es\\\/productos\\\/\"},{\"@type\":\"ListItem\",\"position\":3,\"name\":\"Piran\u00f3metro de Clase A de Respuesta R\u00e1pida\"}]},{\"@type\":\"WebSite\",\"@id\":\"https:\\\/\\\/www.darrera.com\\\/es\\\/#website\",\"url\":\"https:\\\/\\\/www.darrera.com\\\/es\\\/\",\"name\":\"Darrera\",\"description\":\"Instrumentos, soluciones y servicios meteorol\u00f3gicos\",\"publisher\":{\"@id\":\"https:\\\/\\\/www.darrera.com\\\/es\\\/#organization\"},\"potentialAction\":[{\"@type\":\"SearchAction\",\"target\":{\"@type\":\"EntryPoint\",\"urlTemplate\":\"https:\\\/\\\/www.darrera.com\\\/es\\\/?s={search_term_string}\"},\"query-input\":{\"@type\":\"PropertyValueSpecification\",\"valueRequired\":true,\"valueName\":\"search_term_string\"}}],\"inLanguage\":\"es\"},{\"@type\":\"Organization\",\"@id\":\"https:\\\/\\\/www.darrera.com\\\/es\\\/#organization\",\"name\":\"Darrera\",\"url\":\"https:\\\/\\\/www.darrera.com\\\/es\\\/\",\"logo\":{\"@type\":\"ImageObject\",\"inLanguage\":\"es\",\"@id\":\"https:\\\/\\\/www.darrera.com\\\/es\\\/#\\\/schema\\\/logo\\\/image\\\/\",\"url\":\"https:\\\/\\\/www.darrera.com\\\/wp\\\/wp-content\\\/uploads\\\/logo-darrera.png\",\"contentUrl\":\"https:\\\/\\\/www.darrera.com\\\/wp\\\/wp-content\\\/uploads\\\/logo-darrera.png\",\"width\":500,\"height\":85,\"caption\":\"Darrera\"},\"image\":{\"@id\":\"https:\\\/\\\/www.darrera.com\\\/es\\\/#\\\/schema\\\/logo\\\/image\\\/\"},\"sameAs\":[\"http:\\\/\\\/facebook.com\\\/darrerameteo\",\"https:\\\/\\\/x.com\\\/darrera_meteo\",\"https:\\\/\\\/www.linkedin.com\\\/company\\\/darrera-s-a-\",\"http:\\\/\\\/youtube.com\\\/darreratv\"]}]}<\/script>\n<!-- \/ Yoast SEO plugin. -->","yoast_head_json":{"title":"Piran\u00f3metro de Clase A de Respuesta R\u00e1pida | Darrera","robots":{"index":"index","follow":"follow","max-snippet":"max-snippet:-1","max-image-preview":"max-image-preview:large","max-video-preview":"max-video-preview:-1"},"canonical":"https:\/\/www.darrera.com\/en\/producto\/lpr10-fast-response-class-a-pyranometer\/","og_locale":"es_ES","og_type":"article","og_title":"Piran\u00f3metro de Clase A de Respuesta R\u00e1pida | Darrera","og_description":"Proporciona mediciones precisas de la radiaci\u00f3n solar global. Cumple los requisitos de la norma IEC 61724-1 para sistemas de monitorizaci\u00f3n fotovoltaica (FV) de Clase A.","og_url":"https:\/\/www.darrera.com\/en\/producto\/lpr10-fast-response-class-a-pyranometer\/","og_site_name":"Darrera","article_publisher":"http:\/\/facebook.com\/darrerameteo","article_modified_time":"2025-08-03T20:58:52+00:00","og_image":[{"width":950,"height":950,"url":"https:\/\/www.darrera.com\/wp-content\/uploads\/2025\/05\/lpr10-piranometro-clase-a-respuesta-rapida.jpg","type":"image\/jpeg"}],"twitter_card":"summary_large_image","twitter_site":"@darrera_meteo","twitter_misc":{"Tiempo de lectura":"1 minuto"},"schema":{"@context":"https:\/\/schema.org","@graph":[{"@type":"WebPage","@id":"https:\/\/www.darrera.com\/en\/producto\/lpr10-fast-response-class-a-pyranometer\/","url":"https:\/\/www.darrera.com\/en\/producto\/lpr10-fast-response-class-a-pyranometer\/","name":"Piran\u00f3metro de Clase A de Respuesta R\u00e1pida | Darrera","isPartOf":{"@id":"https:\/\/www.darrera.com\/es\/#website"},"primaryImageOfPage":{"@id":"https:\/\/www.darrera.com\/en\/producto\/lpr10-fast-response-class-a-pyranometer\/#primaryimage"},"image":{"@id":"https:\/\/www.darrera.com\/en\/producto\/lpr10-fast-response-class-a-pyranometer\/#primaryimage"},"thumbnailUrl":"https:\/\/www.darrera.com\/wp-content\/uploads\/2025\/05\/lpr10-piranometro-clase-a-respuesta-rapida.jpg","datePublished":"2025-05-09T22:49:47+00:00","dateModified":"2025-08-03T20:58:52+00:00","breadcrumb":{"@id":"https:\/\/www.darrera.com\/en\/producto\/lpr10-fast-response-class-a-pyranometer\/#breadcrumb"},"inLanguage":"es","potentialAction":[{"@type":"ReadAction","target":["https:\/\/www.darrera.com\/en\/producto\/lpr10-fast-response-class-a-pyranometer\/"]}]},{"@type":"ImageObject","inLanguage":"es","@id":"https:\/\/www.darrera.com\/en\/producto\/lpr10-fast-response-class-a-pyranometer\/#primaryimage","url":"https:\/\/www.darrera.com\/wp-content\/uploads\/2025\/05\/lpr10-piranometro-clase-a-respuesta-rapida.jpg","contentUrl":"https:\/\/www.darrera.com\/wp-content\/uploads\/2025\/05\/lpr10-piranometro-clase-a-respuesta-rapida.jpg","width":950,"height":950,"caption":"LPR10 - Piran\u00f3metro de Clase A de Respuesta R\u00e1pida"},{"@type":"BreadcrumbList","@id":"https:\/\/www.darrera.com\/en\/producto\/lpr10-fast-response-class-a-pyranometer\/#breadcrumb","itemListElement":[{"@type":"ListItem","position":1,"name":"Home","item":"https:\/\/www.darrera.com\/es\/"},{"@type":"ListItem","position":2,"name":"Productos","item":"https:\/\/www.darrera.com\/es\/productos\/"},{"@type":"ListItem","position":3,"name":"Piran\u00f3metro de Clase A de Respuesta R\u00e1pida"}]},{"@type":"WebSite","@id":"https:\/\/www.darrera.com\/es\/#website","url":"https:\/\/www.darrera.com\/es\/","name":"Darrera","description":"Instrumentos, soluciones y servicios meteorol\u00f3gicos","publisher":{"@id":"https:\/\/www.darrera.com\/es\/#organization"},"potentialAction":[{"@type":"SearchAction","target":{"@type":"EntryPoint","urlTemplate":"https:\/\/www.darrera.com\/es\/?s={search_term_string}"},"query-input":{"@type":"PropertyValueSpecification","valueRequired":true,"valueName":"search_term_string"}}],"inLanguage":"es"},{"@type":"Organization","@id":"https:\/\/www.darrera.com\/es\/#organization","name":"Darrera","url":"https:\/\/www.darrera.com\/es\/","logo":{"@type":"ImageObject","inLanguage":"es","@id":"https:\/\/www.darrera.com\/es\/#\/schema\/logo\/image\/","url":"https:\/\/www.darrera.com\/wp\/wp-content\/uploads\/logo-darrera.png","contentUrl":"https:\/\/www.darrera.com\/wp\/wp-content\/uploads\/logo-darrera.png","width":500,"height":85,"caption":"Darrera"},"image":{"@id":"https:\/\/www.darrera.com\/es\/#\/schema\/logo\/image\/"},"sameAs":["http:\/\/facebook.com\/darrerameteo","https:\/\/x.com\/darrera_meteo","https:\/\/www.linkedin.com\/company\/darrera-s-a-","http:\/\/youtube.com\/darreratv"]}]}},"_links":{"self":[{"href":"https:\/\/www.darrera.com\/es\/wp-json\/wp\/v2\/product\/6298","targetHints":{"allow":["GET"]}}],"collection":[{"href":"https:\/\/www.darrera.com\/es\/wp-json\/wp\/v2\/product"}],"about":[{"href":"https:\/\/www.darrera.com\/es\/wp-json\/wp\/v2\/types\/product"}],"wp:featuredmedia":[{"embeddable":true,"href":"https:\/\/www.darrera.com\/es\/wp-json\/wp\/v2\/media\/6300"}],"wp:attachment":[{"href":"https:\/\/www.darrera.com\/es\/wp-json\/wp\/v2\/media?parent=6298"}],"wp:term":[{"taxonomy":"product_brand","embeddable":true,"href":"https:\/\/www.darrera.com\/es\/wp-json\/wp\/v2\/product_brand?post=6298"},{"taxonomy":"product_cat","embeddable":true,"href":"https:\/\/www.darrera.com\/es\/wp-json\/wp\/v2\/product_cat?post=6298"},{"taxonomy":"product_tag","embeddable":true,"href":"https:\/\/www.darrera.com\/es\/wp-json\/wp\/v2\/product_tag?post=6298"}],"curies":[{"name":"wp","href":"https:\/\/api.w.org\/{rel}","templated":true}]}}