{"id":6303,"date":"2025-05-10T09:43:55","date_gmt":"2025-05-10T07:43:55","guid":{"rendered":"https:\/\/www.darrera.com\/product\/srd100-difusometro\/"},"modified":"2025-08-03T22:57:27","modified_gmt":"2025-08-03T20:57:27","slug":"srd100-difusometro","status":"publish","type":"product","link":"https:\/\/www.darrera.com\/es\/producto\/srd100-difusometro\/","title":{"rendered":"Difus\u00f3metro"},"content":{"rendered":"<h3>Mediciones precisas para el cumplimiento de la norma IEC 61724-1<\/h3>\n<p>El difus\u00f3metro es un instrumento de precisi\u00f3n dise\u00f1ado espec\u00edficamente para medir la radiaci\u00f3n solar difusa. A diferencia de los sistemas tradicionales que requieren accesorios de sombreado externos, el SRD100 incorpora un innovador mecanismo de sombreado interno que bloquea la luz solar directa, permitiendo mediciones precisas incluso bajo las condiciones m\u00e1s exigentes. El instrumento cumple los requisitos de la norma IEC 61724-1 para sistemas de monitorizaci\u00f3n fotovoltaica (FV) de Clase A.<\/p>\n<h3>Dise\u00f1o compacto y robusto con un mantenimiento m\u00ednimo<\/h3>\n<p>El SRD100 presenta un dise\u00f1o compacto y robusto e incluye un calefactor interno para prevenir la formaci\u00f3n de roc\u00edo y escarcha sobre la c\u00fapula de vidrio. Gracias a su compatibilidad con sistemas de adquisici\u00f3n de datos convencionales, el instrumento puede integrarse f\u00e1cilmente en estaciones meteorol\u00f3gicas y sistemas de monitorizaci\u00f3n solar, proporcionando datos fiables con un mantenimiento m\u00ednimo.<\/p>\n<h3>Especificaciones t\u00e9cnicas<\/h3>\n<h4>Especificaciones del sensor<\/h4>\n<ul>\n<li>Respuesta espectral: 410 a 1.070 nm<\/li>\n<li>Rango: -400 a 4.000 W\/m2<\/li>\n<li>Resoluci\u00f3n: 1 W\/m2<\/li>\n<li>Precisi\u00f3n: \u00b110%<\/li>\n<li>Tiempo de respuesta: 2 s (m\u00e1x.)<\/li>\n<li>Dependencia con la temperatura: 0,4% (m\u00e1x.)<\/li>\n<li>Deriva: 1% por a\u00f1o (m\u00e1x.)<\/li>\n<\/ul>\n<h4>Especificaciones el\u00e9ctricas<\/h4>\n<ul>\n<li>Voltaje de alimentaci\u00f3n: 8 a 30 VDC<\/li>\n<li>Consumo: 2 W (m\u00e1x.)<\/li>\n<li>Se\u00f1al de salida: RS-485<\/li>\n<\/ul>\n<h4>Especificaciones mec\u00e1nicas<\/h4>\n<ul>\n<li>Temperatura de funcionamiento: -40\u00baC a 80\u00baC<\/li>\n<li>Material: aluminio anodizado y vidrio \u00f3ptico<\/li>\n<li>Dimensiones: \u2205 68 x 104 mm<\/li>\n<li>Peso: 0,5 Kg<\/li>\n<\/ul>\n","protected":false},"excerpt":{"rendered":"<p>Est\u00e1 dise\u00f1ado espec\u00edficamente para medir la radiaci\u00f3n solar difusa. Cumple los requisitos de la norma IEC 61724-1 para sistemas de monitorizaci\u00f3n fotovoltaica (FV) de Clase A.<\/p>\n","protected":false},"featured_media":6305,"template":"","meta":[],"product_brand":[],"product_cat":[190],"product_tag":[],"class_list":{"0":"post-6303","1":"product","2":"type-product","3":"status-publish","4":"has-post-thumbnail","6":"product_cat-piranometros","8":"first","9":"instock","10":"taxable","11":"shipping-taxable","12":"product-type-simple"},"yoast_head":"<!-- This site is optimized with the Yoast SEO plugin v27.3 - https:\/\/yoast.com\/product\/yoast-seo-wordpress\/ -->\n<title>Difus\u00f3metro | Darrera<\/title>\n<meta name=\"robots\" content=\"index, follow, max-snippet:-1, max-image-preview:large, max-video-preview:-1\" \/>\n<link rel=\"canonical\" href=\"https:\/\/www.darrera.com\/en\/producto\/srd100-diffusometer\/\" \/>\n<meta property=\"og:locale\" content=\"es_ES\" \/>\n<meta property=\"og:type\" content=\"article\" \/>\n<meta property=\"og:title\" content=\"Difus\u00f3metro | Darrera\" \/>\n<meta property=\"og:description\" content=\"Est\u00e1 dise\u00f1ado espec\u00edficamente para medir la radiaci\u00f3n solar difusa. Cumple los requisitos de la norma IEC 61724-1 para sistemas de monitorizaci\u00f3n fotovoltaica (FV) de Clase A.\" \/>\n<meta property=\"og:url\" content=\"https:\/\/www.darrera.com\/en\/producto\/srd100-diffusometer\/\" \/>\n<meta property=\"og:site_name\" content=\"Darrera\" \/>\n<meta property=\"article:publisher\" content=\"http:\/\/facebook.com\/darrerameteo\" \/>\n<meta property=\"article:modified_time\" content=\"2025-08-03T20:57:27+00:00\" \/>\n<meta property=\"og:image\" content=\"https:\/\/www.darrera.com\/wp-content\/uploads\/2025\/05\/srd100-difusometro.jpg\" \/>\n\t<meta property=\"og:image:width\" content=\"950\" \/>\n\t<meta property=\"og:image:height\" content=\"950\" \/>\n\t<meta property=\"og:image:type\" content=\"image\/jpeg\" \/>\n<meta name=\"twitter:card\" content=\"summary_large_image\" \/>\n<meta name=\"twitter:site\" content=\"@darrera_meteo\" \/>\n<meta name=\"twitter:label1\" content=\"Tiempo de lectura\" \/>\n\t<meta name=\"twitter:data1\" content=\"1 minuto\" \/>\n<script type=\"application\/ld+json\" class=\"yoast-schema-graph\">{\"@context\":\"https:\\\/\\\/schema.org\",\"@graph\":[{\"@type\":\"WebPage\",\"@id\":\"https:\\\/\\\/www.darrera.com\\\/en\\\/producto\\\/srd100-diffusometer\\\/\",\"url\":\"https:\\\/\\\/www.darrera.com\\\/en\\\/producto\\\/srd100-diffusometer\\\/\",\"name\":\"Difus\u00f3metro | Darrera\",\"isPartOf\":{\"@id\":\"https:\\\/\\\/www.darrera.com\\\/es\\\/#website\"},\"primaryImageOfPage\":{\"@id\":\"https:\\\/\\\/www.darrera.com\\\/en\\\/producto\\\/srd100-diffusometer\\\/#primaryimage\"},\"image\":{\"@id\":\"https:\\\/\\\/www.darrera.com\\\/en\\\/producto\\\/srd100-diffusometer\\\/#primaryimage\"},\"thumbnailUrl\":\"https:\\\/\\\/www.darrera.com\\\/wp-content\\\/uploads\\\/2025\\\/05\\\/srd100-difusometro.jpg\",\"datePublished\":\"2025-05-10T07:43:55+00:00\",\"dateModified\":\"2025-08-03T20:57:27+00:00\",\"breadcrumb\":{\"@id\":\"https:\\\/\\\/www.darrera.com\\\/en\\\/producto\\\/srd100-diffusometer\\\/#breadcrumb\"},\"inLanguage\":\"es\",\"potentialAction\":[{\"@type\":\"ReadAction\",\"target\":[\"https:\\\/\\\/www.darrera.com\\\/en\\\/producto\\\/srd100-diffusometer\\\/\"]}]},{\"@type\":\"ImageObject\",\"inLanguage\":\"es\",\"@id\":\"https:\\\/\\\/www.darrera.com\\\/en\\\/producto\\\/srd100-diffusometer\\\/#primaryimage\",\"url\":\"https:\\\/\\\/www.darrera.com\\\/wp-content\\\/uploads\\\/2025\\\/05\\\/srd100-difusometro.jpg\",\"contentUrl\":\"https:\\\/\\\/www.darrera.com\\\/wp-content\\\/uploads\\\/2025\\\/05\\\/srd100-difusometro.jpg\",\"width\":950,\"height\":950,\"caption\":\"SRD100 - Difus\u00f3metro\"},{\"@type\":\"BreadcrumbList\",\"@id\":\"https:\\\/\\\/www.darrera.com\\\/en\\\/producto\\\/srd100-diffusometer\\\/#breadcrumb\",\"itemListElement\":[{\"@type\":\"ListItem\",\"position\":1,\"name\":\"Home\",\"item\":\"https:\\\/\\\/www.darrera.com\\\/es\\\/\"},{\"@type\":\"ListItem\",\"position\":2,\"name\":\"Productos\",\"item\":\"https:\\\/\\\/www.darrera.com\\\/es\\\/productos\\\/\"},{\"@type\":\"ListItem\",\"position\":3,\"name\":\"Difus\u00f3metro\"}]},{\"@type\":\"WebSite\",\"@id\":\"https:\\\/\\\/www.darrera.com\\\/es\\\/#website\",\"url\":\"https:\\\/\\\/www.darrera.com\\\/es\\\/\",\"name\":\"Darrera\",\"description\":\"Instrumentos, soluciones y servicios meteorol\u00f3gicos\",\"publisher\":{\"@id\":\"https:\\\/\\\/www.darrera.com\\\/es\\\/#organization\"},\"potentialAction\":[{\"@type\":\"SearchAction\",\"target\":{\"@type\":\"EntryPoint\",\"urlTemplate\":\"https:\\\/\\\/www.darrera.com\\\/es\\\/?s={search_term_string}\"},\"query-input\":{\"@type\":\"PropertyValueSpecification\",\"valueRequired\":true,\"valueName\":\"search_term_string\"}}],\"inLanguage\":\"es\"},{\"@type\":\"Organization\",\"@id\":\"https:\\\/\\\/www.darrera.com\\\/es\\\/#organization\",\"name\":\"Darrera\",\"url\":\"https:\\\/\\\/www.darrera.com\\\/es\\\/\",\"logo\":{\"@type\":\"ImageObject\",\"inLanguage\":\"es\",\"@id\":\"https:\\\/\\\/www.darrera.com\\\/es\\\/#\\\/schema\\\/logo\\\/image\\\/\",\"url\":\"https:\\\/\\\/www.darrera.com\\\/wp\\\/wp-content\\\/uploads\\\/logo-darrera.png\",\"contentUrl\":\"https:\\\/\\\/www.darrera.com\\\/wp\\\/wp-content\\\/uploads\\\/logo-darrera.png\",\"width\":500,\"height\":85,\"caption\":\"Darrera\"},\"image\":{\"@id\":\"https:\\\/\\\/www.darrera.com\\\/es\\\/#\\\/schema\\\/logo\\\/image\\\/\"},\"sameAs\":[\"http:\\\/\\\/facebook.com\\\/darrerameteo\",\"https:\\\/\\\/x.com\\\/darrera_meteo\",\"https:\\\/\\\/www.linkedin.com\\\/company\\\/darrera-s-a-\",\"http:\\\/\\\/youtube.com\\\/darreratv\"]}]}<\/script>\n<!-- \/ Yoast SEO plugin. -->","yoast_head_json":{"title":"Difus\u00f3metro | Darrera","robots":{"index":"index","follow":"follow","max-snippet":"max-snippet:-1","max-image-preview":"max-image-preview:large","max-video-preview":"max-video-preview:-1"},"canonical":"https:\/\/www.darrera.com\/en\/producto\/srd100-diffusometer\/","og_locale":"es_ES","og_type":"article","og_title":"Difus\u00f3metro | Darrera","og_description":"Est\u00e1 dise\u00f1ado espec\u00edficamente para medir la radiaci\u00f3n solar difusa. Cumple los requisitos de la norma IEC 61724-1 para sistemas de monitorizaci\u00f3n fotovoltaica (FV) de Clase A.","og_url":"https:\/\/www.darrera.com\/en\/producto\/srd100-diffusometer\/","og_site_name":"Darrera","article_publisher":"http:\/\/facebook.com\/darrerameteo","article_modified_time":"2025-08-03T20:57:27+00:00","og_image":[{"width":950,"height":950,"url":"https:\/\/www.darrera.com\/wp-content\/uploads\/2025\/05\/srd100-difusometro.jpg","type":"image\/jpeg"}],"twitter_card":"summary_large_image","twitter_site":"@darrera_meteo","twitter_misc":{"Tiempo de lectura":"1 minuto"},"schema":{"@context":"https:\/\/schema.org","@graph":[{"@type":"WebPage","@id":"https:\/\/www.darrera.com\/en\/producto\/srd100-diffusometer\/","url":"https:\/\/www.darrera.com\/en\/producto\/srd100-diffusometer\/","name":"Difus\u00f3metro | Darrera","isPartOf":{"@id":"https:\/\/www.darrera.com\/es\/#website"},"primaryImageOfPage":{"@id":"https:\/\/www.darrera.com\/en\/producto\/srd100-diffusometer\/#primaryimage"},"image":{"@id":"https:\/\/www.darrera.com\/en\/producto\/srd100-diffusometer\/#primaryimage"},"thumbnailUrl":"https:\/\/www.darrera.com\/wp-content\/uploads\/2025\/05\/srd100-difusometro.jpg","datePublished":"2025-05-10T07:43:55+00:00","dateModified":"2025-08-03T20:57:27+00:00","breadcrumb":{"@id":"https:\/\/www.darrera.com\/en\/producto\/srd100-diffusometer\/#breadcrumb"},"inLanguage":"es","potentialAction":[{"@type":"ReadAction","target":["https:\/\/www.darrera.com\/en\/producto\/srd100-diffusometer\/"]}]},{"@type":"ImageObject","inLanguage":"es","@id":"https:\/\/www.darrera.com\/en\/producto\/srd100-diffusometer\/#primaryimage","url":"https:\/\/www.darrera.com\/wp-content\/uploads\/2025\/05\/srd100-difusometro.jpg","contentUrl":"https:\/\/www.darrera.com\/wp-content\/uploads\/2025\/05\/srd100-difusometro.jpg","width":950,"height":950,"caption":"SRD100 - Difus\u00f3metro"},{"@type":"BreadcrumbList","@id":"https:\/\/www.darrera.com\/en\/producto\/srd100-diffusometer\/#breadcrumb","itemListElement":[{"@type":"ListItem","position":1,"name":"Home","item":"https:\/\/www.darrera.com\/es\/"},{"@type":"ListItem","position":2,"name":"Productos","item":"https:\/\/www.darrera.com\/es\/productos\/"},{"@type":"ListItem","position":3,"name":"Difus\u00f3metro"}]},{"@type":"WebSite","@id":"https:\/\/www.darrera.com\/es\/#website","url":"https:\/\/www.darrera.com\/es\/","name":"Darrera","description":"Instrumentos, soluciones y servicios meteorol\u00f3gicos","publisher":{"@id":"https:\/\/www.darrera.com\/es\/#organization"},"potentialAction":[{"@type":"SearchAction","target":{"@type":"EntryPoint","urlTemplate":"https:\/\/www.darrera.com\/es\/?s={search_term_string}"},"query-input":{"@type":"PropertyValueSpecification","valueRequired":true,"valueName":"search_term_string"}}],"inLanguage":"es"},{"@type":"Organization","@id":"https:\/\/www.darrera.com\/es\/#organization","name":"Darrera","url":"https:\/\/www.darrera.com\/es\/","logo":{"@type":"ImageObject","inLanguage":"es","@id":"https:\/\/www.darrera.com\/es\/#\/schema\/logo\/image\/","url":"https:\/\/www.darrera.com\/wp\/wp-content\/uploads\/logo-darrera.png","contentUrl":"https:\/\/www.darrera.com\/wp\/wp-content\/uploads\/logo-darrera.png","width":500,"height":85,"caption":"Darrera"},"image":{"@id":"https:\/\/www.darrera.com\/es\/#\/schema\/logo\/image\/"},"sameAs":["http:\/\/facebook.com\/darrerameteo","https:\/\/x.com\/darrera_meteo","https:\/\/www.linkedin.com\/company\/darrera-s-a-","http:\/\/youtube.com\/darreratv"]}]}},"_links":{"self":[{"href":"https:\/\/www.darrera.com\/es\/wp-json\/wp\/v2\/product\/6303","targetHints":{"allow":["GET"]}}],"collection":[{"href":"https:\/\/www.darrera.com\/es\/wp-json\/wp\/v2\/product"}],"about":[{"href":"https:\/\/www.darrera.com\/es\/wp-json\/wp\/v2\/types\/product"}],"wp:featuredmedia":[{"embeddable":true,"href":"https:\/\/www.darrera.com\/es\/wp-json\/wp\/v2\/media\/6305"}],"wp:attachment":[{"href":"https:\/\/www.darrera.com\/es\/wp-json\/wp\/v2\/media?parent=6303"}],"wp:term":[{"taxonomy":"product_brand","embeddable":true,"href":"https:\/\/www.darrera.com\/es\/wp-json\/wp\/v2\/product_brand?post=6303"},{"taxonomy":"product_cat","embeddable":true,"href":"https:\/\/www.darrera.com\/es\/wp-json\/wp\/v2\/product_cat?post=6303"},{"taxonomy":"product_tag","embeddable":true,"href":"https:\/\/www.darrera.com\/es\/wp-json\/wp\/v2\/product_tag?post=6303"}],"curies":[{"name":"wp","href":"https:\/\/api.w.org\/{rel}","templated":true}]}}