{"id":6396,"date":"2025-08-01T01:00:38","date_gmt":"2025-07-31T23:00:38","guid":{"rendered":"https:\/\/www.darrera.com\/product\/3s-sms-mb-m-sensor-suciedad\/"},"modified":"2025-08-06T14:38:17","modified_gmt":"2025-08-06T12:38:17","slug":"3s-sms-mb-m-sensor-suciedad","status":"publish","type":"product","link":"https:\/\/www.darrera.com\/es\/producto\/3s-sms-mb-m-sensor-suciedad\/","title":{"rendered":"Sensor de Suciedad"},"content":{"rendered":"<h3>Evaluaci\u00f3n precisa de las p\u00e9rdidas por ensuciamiento en sistemas de energ\u00eda solar<\/h3>\n<p>El sensor de suciedad es un componente indispensable para evaluar las p\u00e9rdidas de producci\u00f3n energ\u00e9tica causadas por el polvo, suciedad u otros contaminantes ambientales acumulados en la superficie de los m\u00f3dulos fotovoltaicos (FV). Est\u00e1 formado por dos sensores de irradiancia: uno se mantiene limpio y el otro se expone al ensuciamiento natural bajo las mismas condiciones que los m\u00f3dulos. El sensor calcula el \u00edndice de ensuciamiento en tiempo real, lo que permite optimizar los planes de mantenimiento y mejorar el rendimiento en sistemas de energ\u00eda solar. El instrumento cumple los requisitos de la norma IEC 61724-1 para sistemas de monitorizaci\u00f3n fotovoltaica de Clase A.<\/p>\n<h3>Especificaciones t\u00e9cnicas<\/h3>\n<h4>Especificaciones del sensor<\/h4>\n<ul>\n<li>Rango: 0 a 100%<\/li>\n<li>Resoluci\u00f3n: 0,1%<\/li>\n<li>Precisi\u00f3n: \u00b11%<\/li>\n<\/ul>\n<h4>Especificaciones el\u00e9ctricas<\/h4>\n<ul>\n<li>Voltaje de alimentaci\u00f3n: 12 a 30 VDC<\/li>\n<li>Consumo: 20 mA (m\u00e1x.)<\/li>\n<li>Se\u00f1al de salida: RS-485<\/li>\n<\/ul>\n<h4>Especificaciones mec\u00e1nicas<\/h4>\n<ul>\n<li>Temperatura de funcionamiento: -40\u00baC a 85\u00baC<\/li>\n<li>Material: aluminio<\/li>\n<li>Dimensiones: 245 x 108 x 42 mm<\/li>\n<li>Peso: 0,5 Kg<\/li>\n<\/ul>\n","protected":false},"excerpt":{"rendered":"<p>Calcula el \u00edndice de ensuciamiento para evaluar las p\u00e9rdidas de producci\u00f3n energ\u00e9tica causadas por el polvo, suciedad u otros contaminantes ambientales acumulados en la superficie de los m\u00f3dulos fotovoltaicos (FV). Cumple los requisitos de la norma IEC 61724-1 para sistemas de monitorizaci\u00f3n fotovoltaica de Clase A.<\/p>\n","protected":false},"featured_media":6400,"template":"","meta":[],"product_brand":[],"product_cat":[379],"product_tag":[],"class_list":{"0":"post-6396","1":"product","2":"type-product","3":"status-publish","4":"has-post-thumbnail","6":"product_cat-sensores-irradiancia","8":"first","9":"instock","10":"taxable","11":"shipping-taxable","12":"product-type-simple"},"yoast_head":"<!-- This site is optimized with the Yoast SEO plugin v27.3 - https:\/\/yoast.com\/product\/yoast-seo-wordpress\/ -->\n<title>Sensor de Suciedad | Darrera<\/title>\n<meta name=\"robots\" content=\"index, follow, max-snippet:-1, max-image-preview:large, max-video-preview:-1\" \/>\n<link rel=\"canonical\" href=\"https:\/\/www.darrera.com\/en\/producto\/3s-sms-mb-m-soiling-sensor\/\" \/>\n<meta property=\"og:locale\" content=\"es_ES\" \/>\n<meta property=\"og:type\" content=\"article\" \/>\n<meta property=\"og:title\" content=\"Sensor de Suciedad | Darrera\" \/>\n<meta property=\"og:description\" content=\"Calcula el \u00edndice de ensuciamiento para evaluar las p\u00e9rdidas de producci\u00f3n energ\u00e9tica causadas por el polvo, suciedad u otros contaminantes ambientales acumulados en la superficie de los m\u00f3dulos fotovoltaicos (FV). Cumple los requisitos de la norma IEC 61724-1 para sistemas de monitorizaci\u00f3n fotovoltaica de Clase A.\" \/>\n<meta property=\"og:url\" content=\"https:\/\/www.darrera.com\/en\/producto\/3s-sms-mb-m-soiling-sensor\/\" \/>\n<meta property=\"og:site_name\" content=\"Darrera\" \/>\n<meta property=\"article:publisher\" content=\"http:\/\/facebook.com\/darrerameteo\" \/>\n<meta property=\"article:modified_time\" content=\"2025-08-06T12:38:17+00:00\" \/>\n<meta property=\"og:image\" content=\"https:\/\/www.darrera.com\/wp-content\/uploads\/2025\/08\/3s-sms-mb-m-sensor-suciedad.jpg\" \/>\n\t<meta property=\"og:image:width\" content=\"950\" \/>\n\t<meta property=\"og:image:height\" content=\"950\" \/>\n\t<meta property=\"og:image:type\" content=\"image\/jpeg\" \/>\n<meta name=\"twitter:card\" content=\"summary_large_image\" \/>\n<meta name=\"twitter:site\" content=\"@darrera_meteo\" \/>\n<meta name=\"twitter:label1\" content=\"Tiempo de lectura\" \/>\n\t<meta name=\"twitter:data1\" content=\"1 minuto\" \/>\n<script type=\"application\/ld+json\" class=\"yoast-schema-graph\">{\"@context\":\"https:\\\/\\\/schema.org\",\"@graph\":[{\"@type\":\"WebPage\",\"@id\":\"https:\\\/\\\/www.darrera.com\\\/en\\\/producto\\\/3s-sms-mb-m-soiling-sensor\\\/\",\"url\":\"https:\\\/\\\/www.darrera.com\\\/en\\\/producto\\\/3s-sms-mb-m-soiling-sensor\\\/\",\"name\":\"Sensor de Suciedad | Darrera\",\"isPartOf\":{\"@id\":\"https:\\\/\\\/www.darrera.com\\\/es\\\/#website\"},\"primaryImageOfPage\":{\"@id\":\"https:\\\/\\\/www.darrera.com\\\/en\\\/producto\\\/3s-sms-mb-m-soiling-sensor\\\/#primaryimage\"},\"image\":{\"@id\":\"https:\\\/\\\/www.darrera.com\\\/en\\\/producto\\\/3s-sms-mb-m-soiling-sensor\\\/#primaryimage\"},\"thumbnailUrl\":\"https:\\\/\\\/www.darrera.com\\\/wp-content\\\/uploads\\\/2025\\\/08\\\/3s-sms-mb-m-sensor-suciedad.jpg\",\"datePublished\":\"2025-07-31T23:00:38+00:00\",\"dateModified\":\"2025-08-06T12:38:17+00:00\",\"breadcrumb\":{\"@id\":\"https:\\\/\\\/www.darrera.com\\\/en\\\/producto\\\/3s-sms-mb-m-soiling-sensor\\\/#breadcrumb\"},\"inLanguage\":\"es\",\"potentialAction\":[{\"@type\":\"ReadAction\",\"target\":[\"https:\\\/\\\/www.darrera.com\\\/en\\\/producto\\\/3s-sms-mb-m-soiling-sensor\\\/\"]}]},{\"@type\":\"ImageObject\",\"inLanguage\":\"es\",\"@id\":\"https:\\\/\\\/www.darrera.com\\\/en\\\/producto\\\/3s-sms-mb-m-soiling-sensor\\\/#primaryimage\",\"url\":\"https:\\\/\\\/www.darrera.com\\\/wp-content\\\/uploads\\\/2025\\\/08\\\/3s-sms-mb-m-sensor-suciedad.jpg\",\"contentUrl\":\"https:\\\/\\\/www.darrera.com\\\/wp-content\\\/uploads\\\/2025\\\/08\\\/3s-sms-mb-m-sensor-suciedad.jpg\",\"width\":950,\"height\":950,\"caption\":\"3S-SMS-MB-M - Sensor de Suciedad\"},{\"@type\":\"BreadcrumbList\",\"@id\":\"https:\\\/\\\/www.darrera.com\\\/en\\\/producto\\\/3s-sms-mb-m-soiling-sensor\\\/#breadcrumb\",\"itemListElement\":[{\"@type\":\"ListItem\",\"position\":1,\"name\":\"Home\",\"item\":\"https:\\\/\\\/www.darrera.com\\\/es\\\/\"},{\"@type\":\"ListItem\",\"position\":2,\"name\":\"Productos\",\"item\":\"https:\\\/\\\/www.darrera.com\\\/es\\\/productos\\\/\"},{\"@type\":\"ListItem\",\"position\":3,\"name\":\"Sensor de Suciedad\"}]},{\"@type\":\"WebSite\",\"@id\":\"https:\\\/\\\/www.darrera.com\\\/es\\\/#website\",\"url\":\"https:\\\/\\\/www.darrera.com\\\/es\\\/\",\"name\":\"Darrera\",\"description\":\"Instrumentos, soluciones y servicios meteorol\u00f3gicos\",\"publisher\":{\"@id\":\"https:\\\/\\\/www.darrera.com\\\/es\\\/#organization\"},\"potentialAction\":[{\"@type\":\"SearchAction\",\"target\":{\"@type\":\"EntryPoint\",\"urlTemplate\":\"https:\\\/\\\/www.darrera.com\\\/es\\\/?s={search_term_string}\"},\"query-input\":{\"@type\":\"PropertyValueSpecification\",\"valueRequired\":true,\"valueName\":\"search_term_string\"}}],\"inLanguage\":\"es\"},{\"@type\":\"Organization\",\"@id\":\"https:\\\/\\\/www.darrera.com\\\/es\\\/#organization\",\"name\":\"Darrera\",\"url\":\"https:\\\/\\\/www.darrera.com\\\/es\\\/\",\"logo\":{\"@type\":\"ImageObject\",\"inLanguage\":\"es\",\"@id\":\"https:\\\/\\\/www.darrera.com\\\/es\\\/#\\\/schema\\\/logo\\\/image\\\/\",\"url\":\"https:\\\/\\\/www.darrera.com\\\/wp\\\/wp-content\\\/uploads\\\/logo-darrera.png\",\"contentUrl\":\"https:\\\/\\\/www.darrera.com\\\/wp\\\/wp-content\\\/uploads\\\/logo-darrera.png\",\"width\":500,\"height\":85,\"caption\":\"Darrera\"},\"image\":{\"@id\":\"https:\\\/\\\/www.darrera.com\\\/es\\\/#\\\/schema\\\/logo\\\/image\\\/\"},\"sameAs\":[\"http:\\\/\\\/facebook.com\\\/darrerameteo\",\"https:\\\/\\\/x.com\\\/darrera_meteo\",\"https:\\\/\\\/www.linkedin.com\\\/company\\\/darrera-s-a-\",\"http:\\\/\\\/youtube.com\\\/darreratv\"]}]}<\/script>\n<!-- \/ Yoast SEO plugin. -->","yoast_head_json":{"title":"Sensor de Suciedad | Darrera","robots":{"index":"index","follow":"follow","max-snippet":"max-snippet:-1","max-image-preview":"max-image-preview:large","max-video-preview":"max-video-preview:-1"},"canonical":"https:\/\/www.darrera.com\/en\/producto\/3s-sms-mb-m-soiling-sensor\/","og_locale":"es_ES","og_type":"article","og_title":"Sensor de Suciedad | Darrera","og_description":"Calcula el \u00edndice de ensuciamiento para evaluar las p\u00e9rdidas de producci\u00f3n energ\u00e9tica causadas por el polvo, suciedad u otros contaminantes ambientales acumulados en la superficie de los m\u00f3dulos fotovoltaicos (FV). Cumple los requisitos de la norma IEC 61724-1 para sistemas de monitorizaci\u00f3n fotovoltaica de Clase A.","og_url":"https:\/\/www.darrera.com\/en\/producto\/3s-sms-mb-m-soiling-sensor\/","og_site_name":"Darrera","article_publisher":"http:\/\/facebook.com\/darrerameteo","article_modified_time":"2025-08-06T12:38:17+00:00","og_image":[{"width":950,"height":950,"url":"https:\/\/www.darrera.com\/wp-content\/uploads\/2025\/08\/3s-sms-mb-m-sensor-suciedad.jpg","type":"image\/jpeg"}],"twitter_card":"summary_large_image","twitter_site":"@darrera_meteo","twitter_misc":{"Tiempo de lectura":"1 minuto"},"schema":{"@context":"https:\/\/schema.org","@graph":[{"@type":"WebPage","@id":"https:\/\/www.darrera.com\/en\/producto\/3s-sms-mb-m-soiling-sensor\/","url":"https:\/\/www.darrera.com\/en\/producto\/3s-sms-mb-m-soiling-sensor\/","name":"Sensor de Suciedad | Darrera","isPartOf":{"@id":"https:\/\/www.darrera.com\/es\/#website"},"primaryImageOfPage":{"@id":"https:\/\/www.darrera.com\/en\/producto\/3s-sms-mb-m-soiling-sensor\/#primaryimage"},"image":{"@id":"https:\/\/www.darrera.com\/en\/producto\/3s-sms-mb-m-soiling-sensor\/#primaryimage"},"thumbnailUrl":"https:\/\/www.darrera.com\/wp-content\/uploads\/2025\/08\/3s-sms-mb-m-sensor-suciedad.jpg","datePublished":"2025-07-31T23:00:38+00:00","dateModified":"2025-08-06T12:38:17+00:00","breadcrumb":{"@id":"https:\/\/www.darrera.com\/en\/producto\/3s-sms-mb-m-soiling-sensor\/#breadcrumb"},"inLanguage":"es","potentialAction":[{"@type":"ReadAction","target":["https:\/\/www.darrera.com\/en\/producto\/3s-sms-mb-m-soiling-sensor\/"]}]},{"@type":"ImageObject","inLanguage":"es","@id":"https:\/\/www.darrera.com\/en\/producto\/3s-sms-mb-m-soiling-sensor\/#primaryimage","url":"https:\/\/www.darrera.com\/wp-content\/uploads\/2025\/08\/3s-sms-mb-m-sensor-suciedad.jpg","contentUrl":"https:\/\/www.darrera.com\/wp-content\/uploads\/2025\/08\/3s-sms-mb-m-sensor-suciedad.jpg","width":950,"height":950,"caption":"3S-SMS-MB-M - Sensor de Suciedad"},{"@type":"BreadcrumbList","@id":"https:\/\/www.darrera.com\/en\/producto\/3s-sms-mb-m-soiling-sensor\/#breadcrumb","itemListElement":[{"@type":"ListItem","position":1,"name":"Home","item":"https:\/\/www.darrera.com\/es\/"},{"@type":"ListItem","position":2,"name":"Productos","item":"https:\/\/www.darrera.com\/es\/productos\/"},{"@type":"ListItem","position":3,"name":"Sensor de Suciedad"}]},{"@type":"WebSite","@id":"https:\/\/www.darrera.com\/es\/#website","url":"https:\/\/www.darrera.com\/es\/","name":"Darrera","description":"Instrumentos, soluciones y servicios meteorol\u00f3gicos","publisher":{"@id":"https:\/\/www.darrera.com\/es\/#organization"},"potentialAction":[{"@type":"SearchAction","target":{"@type":"EntryPoint","urlTemplate":"https:\/\/www.darrera.com\/es\/?s={search_term_string}"},"query-input":{"@type":"PropertyValueSpecification","valueRequired":true,"valueName":"search_term_string"}}],"inLanguage":"es"},{"@type":"Organization","@id":"https:\/\/www.darrera.com\/es\/#organization","name":"Darrera","url":"https:\/\/www.darrera.com\/es\/","logo":{"@type":"ImageObject","inLanguage":"es","@id":"https:\/\/www.darrera.com\/es\/#\/schema\/logo\/image\/","url":"https:\/\/www.darrera.com\/wp\/wp-content\/uploads\/logo-darrera.png","contentUrl":"https:\/\/www.darrera.com\/wp\/wp-content\/uploads\/logo-darrera.png","width":500,"height":85,"caption":"Darrera"},"image":{"@id":"https:\/\/www.darrera.com\/es\/#\/schema\/logo\/image\/"},"sameAs":["http:\/\/facebook.com\/darrerameteo","https:\/\/x.com\/darrera_meteo","https:\/\/www.linkedin.com\/company\/darrera-s-a-","http:\/\/youtube.com\/darreratv"]}]}},"_links":{"self":[{"href":"https:\/\/www.darrera.com\/es\/wp-json\/wp\/v2\/product\/6396","targetHints":{"allow":["GET"]}}],"collection":[{"href":"https:\/\/www.darrera.com\/es\/wp-json\/wp\/v2\/product"}],"about":[{"href":"https:\/\/www.darrera.com\/es\/wp-json\/wp\/v2\/types\/product"}],"wp:featuredmedia":[{"embeddable":true,"href":"https:\/\/www.darrera.com\/es\/wp-json\/wp\/v2\/media\/6400"}],"wp:attachment":[{"href":"https:\/\/www.darrera.com\/es\/wp-json\/wp\/v2\/media?parent=6396"}],"wp:term":[{"taxonomy":"product_brand","embeddable":true,"href":"https:\/\/www.darrera.com\/es\/wp-json\/wp\/v2\/product_brand?post=6396"},{"taxonomy":"product_cat","embeddable":true,"href":"https:\/\/www.darrera.com\/es\/wp-json\/wp\/v2\/product_cat?post=6396"},{"taxonomy":"product_tag","embeddable":true,"href":"https:\/\/www.darrera.com\/es\/wp-json\/wp\/v2\/product_tag?post=6396"}],"curies":[{"name":"wp","href":"https:\/\/api.w.org\/{rel}","templated":true}]}}