{"id":6497,"date":"2025-11-16T17:50:19","date_gmt":"2025-11-16T16:50:19","guid":{"rendered":"https:\/\/www.darrera.com\/?post_type=product&#038;p=6497"},"modified":"2025-11-27T17:37:55","modified_gmt":"2025-11-27T16:37:55","slug":"8620-gateway-4g-estacion-meteorologica","status":"publish","type":"product","link":"https:\/\/www.darrera.com\/es\/producto\/8620-gateway-4g-estacion-meteorologica\/","title":{"rendered":"Gateway 4G para Estaci\u00f3n Meteorol\u00f3gica"},"content":{"rendered":"<h3>Dise\u00f1ado para monitorizaci\u00f3n remota en tiempo real<\/h3>\n<p>Gateway 4G de altas prestaciones dise\u00f1ado espec\u00edficamente para aplicaciones de monitorizaci\u00f3n remota en tiempo real. Incluye dos puertos serie para conectar una amplia variedad de dispositivos, como estaciones meteorol\u00f3gicas, sensores aut\u00f3nomos y otros instrumentos de campo.<\/p>\n<h3>Dise\u00f1o industrial robusto y resistente<\/h3>\n<p>Presenta un dise\u00f1o de calidad industrial con componentes de alta durabilidad, lo que lo hace adecuado para las aplicaciones m\u00e1s exigentes. El equipo puede montarse f\u00e1cilmente en un carril DIN para una r\u00e1pida integraci\u00f3n.<\/p>\n<h3>Especificaciones t\u00e9cnicas<\/h3>\n<h4>Especificaciones el\u00e9ctricas<\/h4>\n<ul>\n<li>Voltaje de alimentaci\u00f3n: 7 a 30 VDC<\/li>\n<li>Consumo: 175 mA (m\u00e1x.)<\/li>\n<li>Se\u00f1al de entrada: 1 x digital, RS-232 y RS-485<\/li>\n<li>Se\u00f1al de salida: 1 x digital<\/li>\n<\/ul>\n<h4>Especificaciones mec\u00e1nicas<\/h4>\n<ul>\n<li>Temperatura de funcionamiento: -40\u00baC a 85\u00baC<\/li>\n<li>Material: aluminio<\/li>\n<li>Dimensiones: 30 x 113 x 90 mm<\/li>\n<li>Peso: 195 g<\/li>\n<\/ul>\n","protected":false},"excerpt":{"rendered":"<p>Gateway 4G de altas prestaciones dise\u00f1ado para aplicaciones de monitorizaci\u00f3n remota en tiempo real. Incluye dos puertos serie para conectar una amplia variedad de dispositivos.<\/p>\n","protected":false},"featured_media":6526,"template":"","meta":[],"product_brand":[],"product_cat":[287],"product_tag":[],"class_list":{"0":"post-6497","1":"product","2":"type-product","3":"status-publish","4":"has-post-thumbnail","6":"product_cat-sistemas-comunicacion","8":"first","9":"instock","10":"taxable","11":"shipping-taxable","12":"product-type-simple"},"yoast_head":"<!-- This site is optimized with the Yoast SEO plugin v27.4 - https:\/\/yoast.com\/product\/yoast-seo-wordpress\/ -->\n<title>Gateway 4G para Estaci\u00f3n Meteorol\u00f3gica | Darrera<\/title>\n<meta name=\"robots\" content=\"index, follow, max-snippet:-1, max-image-preview:large, max-video-preview:-1\" \/>\n<link rel=\"canonical\" href=\"https:\/\/www.darrera.com\/es\/producto\/8620-gateway-4g-estacion-meteorologica\/\" \/>\n<meta property=\"og:locale\" content=\"es_ES\" \/>\n<meta property=\"og:type\" content=\"article\" \/>\n<meta property=\"og:title\" content=\"Gateway 4G para Estaci\u00f3n Meteorol\u00f3gica | Darrera\" \/>\n<meta property=\"og:description\" content=\"Gateway 4G de altas prestaciones dise\u00f1ado para aplicaciones de monitorizaci\u00f3n remota en tiempo real. Incluye dos puertos serie para conectar una amplia variedad de dispositivos.\" \/>\n<meta property=\"og:url\" content=\"https:\/\/www.darrera.com\/es\/producto\/8620-gateway-4g-estacion-meteorologica\/\" \/>\n<meta property=\"og:site_name\" content=\"Darrera\" \/>\n<meta property=\"article:publisher\" content=\"http:\/\/facebook.com\/darrerameteo\" \/>\n<meta property=\"article:modified_time\" content=\"2025-11-27T16:37:55+00:00\" \/>\n<meta property=\"og:image\" content=\"https:\/\/www.darrera.com\/wp-content\/uploads\/2025\/11\/8620-gateway-4g-estacion-meteorologica.jpg\" \/>\n\t<meta property=\"og:image:width\" content=\"950\" \/>\n\t<meta property=\"og:image:height\" content=\"950\" \/>\n\t<meta property=\"og:image:type\" content=\"image\/jpeg\" \/>\n<meta name=\"twitter:card\" content=\"summary_large_image\" \/>\n<meta name=\"twitter:site\" content=\"@darrera_meteo\" \/>\n<meta name=\"twitter:label1\" content=\"Tiempo de lectura\" \/>\n\t<meta name=\"twitter:data1\" content=\"1 minuto\" \/>\n<script type=\"application\/ld+json\" class=\"yoast-schema-graph\">{\"@context\":\"https:\\\/\\\/schema.org\",\"@graph\":[{\"@type\":\"WebPage\",\"@id\":\"https:\\\/\\\/www.darrera.com\\\/es\\\/producto\\\/8620-gateway-4g-estacion-meteorologica\\\/\",\"url\":\"https:\\\/\\\/www.darrera.com\\\/es\\\/producto\\\/8620-gateway-4g-estacion-meteorologica\\\/\",\"name\":\"Gateway 4G para Estaci\u00f3n Meteorol\u00f3gica | Darrera\",\"isPartOf\":{\"@id\":\"https:\\\/\\\/www.darrera.com\\\/es\\\/#website\"},\"primaryImageOfPage\":{\"@id\":\"https:\\\/\\\/www.darrera.com\\\/es\\\/producto\\\/8620-gateway-4g-estacion-meteorologica\\\/#primaryimage\"},\"image\":{\"@id\":\"https:\\\/\\\/www.darrera.com\\\/es\\\/producto\\\/8620-gateway-4g-estacion-meteorologica\\\/#primaryimage\"},\"thumbnailUrl\":\"https:\\\/\\\/www.darrera.com\\\/wp-content\\\/uploads\\\/2025\\\/11\\\/8620-gateway-4g-estacion-meteorologica.jpg\",\"datePublished\":\"2025-11-16T16:50:19+00:00\",\"dateModified\":\"2025-11-27T16:37:55+00:00\",\"breadcrumb\":{\"@id\":\"https:\\\/\\\/www.darrera.com\\\/es\\\/producto\\\/8620-gateway-4g-estacion-meteorologica\\\/#breadcrumb\"},\"inLanguage\":\"es\",\"potentialAction\":[{\"@type\":\"ReadAction\",\"target\":[\"https:\\\/\\\/www.darrera.com\\\/es\\\/producto\\\/8620-gateway-4g-estacion-meteorologica\\\/\"]}]},{\"@type\":\"ImageObject\",\"inLanguage\":\"es\",\"@id\":\"https:\\\/\\\/www.darrera.com\\\/es\\\/producto\\\/8620-gateway-4g-estacion-meteorologica\\\/#primaryimage\",\"url\":\"https:\\\/\\\/www.darrera.com\\\/wp-content\\\/uploads\\\/2025\\\/11\\\/8620-gateway-4g-estacion-meteorologica.jpg\",\"contentUrl\":\"https:\\\/\\\/www.darrera.com\\\/wp-content\\\/uploads\\\/2025\\\/11\\\/8620-gateway-4g-estacion-meteorologica.jpg\",\"width\":950,\"height\":950,\"caption\":\"8620 - Gateway 4G para Estaci\u00f3n Meteorol\u00f3gica\"},{\"@type\":\"BreadcrumbList\",\"@id\":\"https:\\\/\\\/www.darrera.com\\\/es\\\/producto\\\/8620-gateway-4g-estacion-meteorologica\\\/#breadcrumb\",\"itemListElement\":[{\"@type\":\"ListItem\",\"position\":1,\"name\":\"Home\",\"item\":\"https:\\\/\\\/www.darrera.com\\\/es\\\/\"},{\"@type\":\"ListItem\",\"position\":2,\"name\":\"Productos\",\"item\":\"https:\\\/\\\/www.darrera.com\\\/es\\\/productos\\\/\"},{\"@type\":\"ListItem\",\"position\":3,\"name\":\"Gateway 4G para Estaci\u00f3n Meteorol\u00f3gica\"}]},{\"@type\":\"WebSite\",\"@id\":\"https:\\\/\\\/www.darrera.com\\\/es\\\/#website\",\"url\":\"https:\\\/\\\/www.darrera.com\\\/es\\\/\",\"name\":\"Darrera\",\"description\":\"Instrumentos, soluciones y servicios meteorol\u00f3gicos\",\"publisher\":{\"@id\":\"https:\\\/\\\/www.darrera.com\\\/es\\\/#organization\"},\"potentialAction\":[{\"@type\":\"SearchAction\",\"target\":{\"@type\":\"EntryPoint\",\"urlTemplate\":\"https:\\\/\\\/www.darrera.com\\\/es\\\/?s={search_term_string}\"},\"query-input\":{\"@type\":\"PropertyValueSpecification\",\"valueRequired\":true,\"valueName\":\"search_term_string\"}}],\"inLanguage\":\"es\"},{\"@type\":\"Organization\",\"@id\":\"https:\\\/\\\/www.darrera.com\\\/es\\\/#organization\",\"name\":\"Darrera\",\"url\":\"https:\\\/\\\/www.darrera.com\\\/es\\\/\",\"logo\":{\"@type\":\"ImageObject\",\"inLanguage\":\"es\",\"@id\":\"https:\\\/\\\/www.darrera.com\\\/es\\\/#\\\/schema\\\/logo\\\/image\\\/\",\"url\":\"https:\\\/\\\/www.darrera.com\\\/wp\\\/wp-content\\\/uploads\\\/logo-darrera.png\",\"contentUrl\":\"https:\\\/\\\/www.darrera.com\\\/wp\\\/wp-content\\\/uploads\\\/logo-darrera.png\",\"width\":500,\"height\":85,\"caption\":\"Darrera\"},\"image\":{\"@id\":\"https:\\\/\\\/www.darrera.com\\\/es\\\/#\\\/schema\\\/logo\\\/image\\\/\"},\"sameAs\":[\"http:\\\/\\\/facebook.com\\\/darrerameteo\",\"https:\\\/\\\/x.com\\\/darrera_meteo\",\"https:\\\/\\\/www.linkedin.com\\\/company\\\/darrera-s-a-\",\"http:\\\/\\\/youtube.com\\\/darreratv\"]}]}<\/script>\n<!-- \/ Yoast SEO plugin. -->","yoast_head_json":{"title":"Gateway 4G para Estaci\u00f3n Meteorol\u00f3gica | Darrera","robots":{"index":"index","follow":"follow","max-snippet":"max-snippet:-1","max-image-preview":"max-image-preview:large","max-video-preview":"max-video-preview:-1"},"canonical":"https:\/\/www.darrera.com\/es\/producto\/8620-gateway-4g-estacion-meteorologica\/","og_locale":"es_ES","og_type":"article","og_title":"Gateway 4G para Estaci\u00f3n Meteorol\u00f3gica | Darrera","og_description":"Gateway 4G de altas prestaciones dise\u00f1ado para aplicaciones de monitorizaci\u00f3n remota en tiempo real. Incluye dos puertos serie para conectar una amplia variedad de dispositivos.","og_url":"https:\/\/www.darrera.com\/es\/producto\/8620-gateway-4g-estacion-meteorologica\/","og_site_name":"Darrera","article_publisher":"http:\/\/facebook.com\/darrerameteo","article_modified_time":"2025-11-27T16:37:55+00:00","og_image":[{"width":950,"height":950,"url":"https:\/\/www.darrera.com\/wp-content\/uploads\/2025\/11\/8620-gateway-4g-estacion-meteorologica.jpg","type":"image\/jpeg"}],"twitter_card":"summary_large_image","twitter_site":"@darrera_meteo","twitter_misc":{"Tiempo de lectura":"1 minuto"},"schema":{"@context":"https:\/\/schema.org","@graph":[{"@type":"WebPage","@id":"https:\/\/www.darrera.com\/es\/producto\/8620-gateway-4g-estacion-meteorologica\/","url":"https:\/\/www.darrera.com\/es\/producto\/8620-gateway-4g-estacion-meteorologica\/","name":"Gateway 4G para Estaci\u00f3n Meteorol\u00f3gica | Darrera","isPartOf":{"@id":"https:\/\/www.darrera.com\/es\/#website"},"primaryImageOfPage":{"@id":"https:\/\/www.darrera.com\/es\/producto\/8620-gateway-4g-estacion-meteorologica\/#primaryimage"},"image":{"@id":"https:\/\/www.darrera.com\/es\/producto\/8620-gateway-4g-estacion-meteorologica\/#primaryimage"},"thumbnailUrl":"https:\/\/www.darrera.com\/wp-content\/uploads\/2025\/11\/8620-gateway-4g-estacion-meteorologica.jpg","datePublished":"2025-11-16T16:50:19+00:00","dateModified":"2025-11-27T16:37:55+00:00","breadcrumb":{"@id":"https:\/\/www.darrera.com\/es\/producto\/8620-gateway-4g-estacion-meteorologica\/#breadcrumb"},"inLanguage":"es","potentialAction":[{"@type":"ReadAction","target":["https:\/\/www.darrera.com\/es\/producto\/8620-gateway-4g-estacion-meteorologica\/"]}]},{"@type":"ImageObject","inLanguage":"es","@id":"https:\/\/www.darrera.com\/es\/producto\/8620-gateway-4g-estacion-meteorologica\/#primaryimage","url":"https:\/\/www.darrera.com\/wp-content\/uploads\/2025\/11\/8620-gateway-4g-estacion-meteorologica.jpg","contentUrl":"https:\/\/www.darrera.com\/wp-content\/uploads\/2025\/11\/8620-gateway-4g-estacion-meteorologica.jpg","width":950,"height":950,"caption":"8620 - Gateway 4G para Estaci\u00f3n Meteorol\u00f3gica"},{"@type":"BreadcrumbList","@id":"https:\/\/www.darrera.com\/es\/producto\/8620-gateway-4g-estacion-meteorologica\/#breadcrumb","itemListElement":[{"@type":"ListItem","position":1,"name":"Home","item":"https:\/\/www.darrera.com\/es\/"},{"@type":"ListItem","position":2,"name":"Productos","item":"https:\/\/www.darrera.com\/es\/productos\/"},{"@type":"ListItem","position":3,"name":"Gateway 4G para Estaci\u00f3n Meteorol\u00f3gica"}]},{"@type":"WebSite","@id":"https:\/\/www.darrera.com\/es\/#website","url":"https:\/\/www.darrera.com\/es\/","name":"Darrera","description":"Instrumentos, soluciones y servicios meteorol\u00f3gicos","publisher":{"@id":"https:\/\/www.darrera.com\/es\/#organization"},"potentialAction":[{"@type":"SearchAction","target":{"@type":"EntryPoint","urlTemplate":"https:\/\/www.darrera.com\/es\/?s={search_term_string}"},"query-input":{"@type":"PropertyValueSpecification","valueRequired":true,"valueName":"search_term_string"}}],"inLanguage":"es"},{"@type":"Organization","@id":"https:\/\/www.darrera.com\/es\/#organization","name":"Darrera","url":"https:\/\/www.darrera.com\/es\/","logo":{"@type":"ImageObject","inLanguage":"es","@id":"https:\/\/www.darrera.com\/es\/#\/schema\/logo\/image\/","url":"https:\/\/www.darrera.com\/wp\/wp-content\/uploads\/logo-darrera.png","contentUrl":"https:\/\/www.darrera.com\/wp\/wp-content\/uploads\/logo-darrera.png","width":500,"height":85,"caption":"Darrera"},"image":{"@id":"https:\/\/www.darrera.com\/es\/#\/schema\/logo\/image\/"},"sameAs":["http:\/\/facebook.com\/darrerameteo","https:\/\/x.com\/darrera_meteo","https:\/\/www.linkedin.com\/company\/darrera-s-a-","http:\/\/youtube.com\/darreratv"]}]}},"_links":{"self":[{"href":"https:\/\/www.darrera.com\/es\/wp-json\/wp\/v2\/product\/6497","targetHints":{"allow":["GET"]}}],"collection":[{"href":"https:\/\/www.darrera.com\/es\/wp-json\/wp\/v2\/product"}],"about":[{"href":"https:\/\/www.darrera.com\/es\/wp-json\/wp\/v2\/types\/product"}],"wp:featuredmedia":[{"embeddable":true,"href":"https:\/\/www.darrera.com\/es\/wp-json\/wp\/v2\/media\/6526"}],"wp:attachment":[{"href":"https:\/\/www.darrera.com\/es\/wp-json\/wp\/v2\/media?parent=6497"}],"wp:term":[{"taxonomy":"product_brand","embeddable":true,"href":"https:\/\/www.darrera.com\/es\/wp-json\/wp\/v2\/product_brand?post=6497"},{"taxonomy":"product_cat","embeddable":true,"href":"https:\/\/www.darrera.com\/es\/wp-json\/wp\/v2\/product_cat?post=6497"},{"taxonomy":"product_tag","embeddable":true,"href":"https:\/\/www.darrera.com\/es\/wp-json\/wp\/v2\/product_tag?post=6497"}],"curies":[{"name":"wp","href":"https:\/\/api.w.org\/{rel}","templated":true}]}}